{"id":388,"date":"2017-10-24T23:24:28","date_gmt":"2017-10-24T21:24:28","guid":{"rendered":"https:\/\/www.hsu-hh.de\/aut\/?page_id=388"},"modified":"2020-04-15T14:49:48","modified_gmt":"2020-04-15T12:49:48","slug":"engineering-unterstuetzung-durch-simulation-virtuelle-inbetriebnahme","status":"publish","type":"page","link":"https:\/\/www.hsu-hh.de\/aut\/forschung\/forschungsthemen\/engineering-unterstuetzung-durch-simulation-virtuelle-inbetriebnahme","title":{"rendered":"Engineering-Unterst\u00fctzung durch Simulation \/ Virtuelle Inbetriebnahme"},"content":{"rendered":"<div class=\"header_info\">\n<p>Aktuelle Anforderungen an das Engineering beinhalten neben steigender Produktivit\u00e4t, sinkender Projektdauer und damit auch h\u00f6herer Rentabilit\u00e4t zus\u00e4tzlich die Integration neuer Entwicklungsmethoden und Werkzeuge. Dies betrifft sowohl die Bereiche Planung, Konzeption und Entwicklung, aber auch die immer mehr an Bedeutung gewinnende Qualit\u00e4tssicherung. Die zunehmende Komplexit\u00e4t von verfahrenstechnischen Anlagen sowie eine damit verbundene stetig wachsende Funktionsintegration in Prozessleitsystemen (PLS) bewirken h\u00f6here Anspr\u00fcche an das Test- und Qualit\u00e4tswesen. Simulation und die daf\u00fcr eingesetzten Werkzeuge bieten in diesem Zusammenhang die M\u00f6glichkeit, die Implementierungs- und Testzyklen von PLS entscheidend zu verk\u00fcrzen.<\/p>\n<p>Um die dabei zu Tage tretenden Entwicklungspotentiale besser nutzen zu k\u00f6nnen, werden innerhalb dieses Forschungsschwerpunktes wissensbasierte Methoden entwickelt, die zur Automatisierung des im Bereich Simulation notwendigen Modellbildungsprozesses beitragen. Die im Vordergrund stehenden Ziele sehen eine optimale Unterst\u00fctzung des PLT-Test-Engineerings vor.<\/p>\n<div>\n<p><img decoding=\"async\" src=\"https:\/\/webbox.hsu-hh.de\/images\/tHmeU1HS4eeekkkk.jpg\" alt=\"Forschungsthematik_Barth\" \/><\/p>\n<p>Bearbeitet durch: <a title=\"Startseite \u00bb Mitarbeiter \u00bb Wiss. Mitarbeiter \u00bb Philipp\u00a0Puntel Schmidt\" href=\"https:\/\/www.hsu-hh.de\/aut\/index_EqDvsJgixwtQfAAh.html\"><abbr title=\"Doktor der Ingenieurwissenschaften\">Dr.-Ing.<\/abbr> Philipp Puntel Schmidt<\/a>, <a title=\"Startseite \u00bb Mitarbeiter \u00bb Doktoranden \u00bb Suthida\u00a0Thongnuch\" href=\"https:\/\/www.hsu-hh.de\/aut\/index_2GRWNFrbjRNiqcS9.html\">Suthida Thongnuch, <abbr title=\"Master of Science\">M.Sc.<\/abbr><\/a>; <a href=\"https:\/\/www.hsu-hh.de\/aut\/team\">Artan Markaj, <abbr title=\"Master of Science\">M.Sc.<\/abbr><\/a><\/p>\n<p>Erg\u00e4nzendes Material: <a title=\"Startseite \u00bb Forschung \u00bb Publikationen \u00bb Publikationen (Gesamt\u00fcbersicht)\" href=\"https:\/\/www.hsu-hh.de\/aut\/index_jAr7IuzQdX2TOFQ1.html\">Ver\u00f6ffentlichungen<\/a><\/p>\n<p><u>Schwerpunkte:<\/u><\/p>\n<ul>\n<li>Gleichungsbasierte objektorientere Modellierung in Modelica<\/li>\n<li>Wissensbasiertes Prozessleittechnik-Engineering<\/li>\n<li>Simulation<\/li>\n<li>&#8222;Automatisierung der Automatisierung&#8220;<\/li>\n<\/ul>\n<\/div>\n<\/div>\n<p>&nbsp;<\/p>\n<div class=\"footer_info\"><img decoding=\"async\" src=\"https:\/\/www.hsu-hh.de\/images\/wbox0028\/Forschung\/aktuelle{3728c0ddcf5026c65bc0b4e995c837d09025c3e7fa253cea254631dfe46bf841}20Projekte\/Verweis{3728c0ddcf5026c65bc0b4e995c837d09025c3e7fa253cea254631dfe46bf841}20auf{3728c0ddcf5026c65bc0b4e995c837d09025c3e7fa253cea254631dfe46bf841}20BMWi-F{3728c0ddcf5026c65bc0b4e995c837d09025c3e7fa253cea254631dfe46bf841}C3{3728c0ddcf5026c65bc0b4e995c837d09025c3e7fa253cea254631dfe46bf841}B6rderung_large.jpg\" alt=\"Kennzeichen F\u00f6rderung durch das Bundesministerium f\u00fcr Wirtschaft und Energie\" \/><\/div>\n","protected":false},"excerpt":{"rendered":"<p>Aktuelle Anforderungen an das Engineering beinhalten neben steigender Produktivit\u00e4t, sinkender Projektdauer und damit auch h\u00f6herer Rentabilit\u00e4t zus\u00e4tzlich die Integration neuer Entwicklungsmethoden und Werkzeuge. Dies betrifft sowohl die Bereiche Planung, Konzeption [&hellip;]<\/p>\n","protected":false},"author":78,"featured_media":0,"parent":164,"menu_order":0,"comment_status":"closed","ping_status":"closed","template":"","meta":{"footnotes":""},"categories":[4],"tags":[],"class_list":["post-388","page","type-page","status-publish","hentry","category-forschung"],"_links":{"self":[{"href":"https:\/\/www.hsu-hh.de\/aut\/wp-json\/wp\/v2\/pages\/388","targetHints":{"allow":["GET"]}}],"collection":[{"href":"https:\/\/www.hsu-hh.de\/aut\/wp-json\/wp\/v2\/pages"}],"about":[{"href":"https:\/\/www.hsu-hh.de\/aut\/wp-json\/wp\/v2\/types\/page"}],"author":[{"embeddable":true,"href":"https:\/\/www.hsu-hh.de\/aut\/wp-json\/wp\/v2\/users\/78"}],"replies":[{"embeddable":true,"href":"https:\/\/www.hsu-hh.de\/aut\/wp-json\/wp\/v2\/comments?post=388"}],"version-history":[{"count":4,"href":"https:\/\/www.hsu-hh.de\/aut\/wp-json\/wp\/v2\/pages\/388\/revisions"}],"predecessor-version":[{"id":1422,"href":"https:\/\/www.hsu-hh.de\/aut\/wp-json\/wp\/v2\/pages\/388\/revisions\/1422"}],"up":[{"embeddable":true,"href":"https:\/\/www.hsu-hh.de\/aut\/wp-json\/wp\/v2\/pages\/164"}],"wp:attachment":[{"href":"https:\/\/www.hsu-hh.de\/aut\/wp-json\/wp\/v2\/media?parent=388"}],"wp:term":[{"taxonomy":"category","embeddable":true,"href":"https:\/\/www.hsu-hh.de\/aut\/wp-json\/wp\/v2\/categories?post=388"},{"taxonomy":"post_tag","embeddable":true,"href":"https:\/\/www.hsu-hh.de\/aut\/wp-json\/wp\/v2\/tags?post=388"}],"curies":[{"name":"wp","href":"https:\/\/api.w.org\/{rel}","templated":true}]}}