{"id":386,"date":"2017-10-24T23:23:47","date_gmt":"2017-10-24T21:23:47","guid":{"rendered":"https:\/\/www.hsu-hh.de\/aut\/?page_id=386"},"modified":"2017-11-21T09:47:43","modified_gmt":"2017-11-21T08:47:43","slug":"automatisierung-komplexer-arbeitsprozesse-der-bauteilbearbeitung-mit-hilfe-von-industrierobotern","status":"publish","type":"page","link":"https:\/\/www.hsu-hh.de\/aut\/forschung\/forschungsthemen\/automatisierung-komplexer-arbeitsprozesse-der-bauteilbearbeitung-mit-hilfe-von-industrierobotern","title":{"rendered":"Automatisierung komplexer Arbeitsprozesse der Bauteilbearbeitung mit Hilfe von Industrierobotern"},"content":{"rendered":"<p>Auch heutzutage lassen sich in der Industrie noch viele Arbeitsprozesse der Bauteilbearbeitung finden, die manuell unter hohem Zeit und Arbeitsaufwand und z.T. auch unter hoher k\u00f6rperlicher Belastung des Facharbeiters durchgef\u00fchrt werden m\u00fcssen. Dies liegt vor allem daran, dass zum einen oft viele verschiedene Bauteilvarianten bearbeitet werden m\u00fcssen, die den Einsatz eines Industrieroboters mittels Teaching stark erschweren, und zum anderen, dass auf die Qualit\u00e4tskontrolle seitens des Facharbeiters nicht verzichtet werden kann.<\/p>\n<p>Die Automatisierung solch komplexer Bearbeitungsprozesse erfordert somit neben der Ber\u00fccksichtigung der Bauteilvielfalt auch die Integration einer ebenfalls automatisiert durchzuf\u00fchrenden Qualit\u00e4tskontrolle in den Bearbeitungsprozess.<\/p>\n<p>Ziel der Forschung ist es, den Einsatz von Industrierobotern unter m\u00f6glichst geringem Aufwand auch f\u00fcr komplexe Bearbeitungsprozesse f\u00fcr variierende Bauteile zu erm\u00f6glichen und gleichzeitig eine Bearbeitung in stets gleich hoher Qualit\u00e4t zu gew\u00e4hrleisten.<\/p>\n<p>Die praktische Umsetzung des Forschungsthemas erfolgt im Rahmen eines dreij\u00e4hrigen Spitzenclusterprojektes \u201eEntschichten von Bauteilen\u201c mit dem in Hamburg ans\u00e4ssigen Projektpartner Lufthansa Technik AG, dem Weltmarktf\u00fchrer auf dem Gebiet der technischen Dienstleistungen f\u00fcr Flugzeuge. Das Luftfahrtcluster Metropolregion Hamburg wurde von der Bundesregierung als eines der ersten Spitzencluster in Deutschland ausgezeichnet. Mit der ganzheitlichen Strategie \u201eNeues Fliegen\u201c konnte sich die zivile Luftfahrtindustrie der Metropolregion Hamburg im September 2008 unter 38 Bewerbern beim branchen\u00fcbergreifenden Spitzencluster-Wettbewerb des Bundesministeriums f\u00fcr Bildung und Forschung (<abbr title=\"Bundesministerium f\u00fcr Bildung und Forschung\">BMBF<\/abbr>) behaupten. Bis Ende 2013 wird das Luftfahrtcluster mehr als 80 Millionen Euro in Schwerpunkt-Forschungsprojekte investieren \u2013 die H\u00e4lfte davon finanziert die Bundesrepublik Deutschland nach dem Prinzip \u201eSt\u00e4rken st\u00e4rken\u201c.<\/p>\n<p>Ziel des Spitzenclusterprojektes &#8222;Entschichten von Bauteilen&#8220;, das dem Leuchtturmprojekt &#8222;Neue Maintenance, Repair and Overhaul (MRO)&#8220; zugeordnet ist, ist die Entwicklung eines Verfahrens zur vollautomatischen Entschichtung von Bauteilen mit unterschiedlichen Geometrien und unterschiedlichen Grundmaterialien mit integrierter Qualit\u00e4tskontrolle.<\/p>\n<p>Bearbeitet durch: <a title=\"Startseite \u00bb Mitarbeiter \u00bb Wiss. Mitarbeiter \u00bb Tobias\u00a0Ernst\" href=\"https:\/\/www.hsu-hh.de\/aut\/index_StRM2Ac69KhR4JlM.html\"><abbr title=\"Diplom\">Dipl.<\/abbr>-I<\/a>ng. Tobias Ernst,\u00a0<a title=\"Startseite \u00bb Mitarbeiter \u00bb Wiss. Mitarbeiter \u00bb Alaettin\u00a0Dogan\" href=\"https:\/\/www.hsu-hh.de\/aut\/index_lGzQJYPC4wEpJcic.html\">Alaettin Dogan, <abbr title=\"Master of Science\">M.Sc.<\/abbr><\/a><\/p>\n<p><img loading=\"lazy\" decoding=\"async\" class=\"\" src=\"https:\/\/webbox.hsu-hh.de\/images\/WZFb314zr5CEskX2.jpg\" alt=\"Bundesministerium f\u00fcr Bildung und Forschung\" width=\"260\" height=\"183\" \/><img loading=\"lazy\" decoding=\"async\" class=\"\" src=\"https:\/\/webbox.hsu-hh.de\/images\/nHMzR0PSfbvlOrav.jpg\" alt=\"LufthansaTechnik\" width=\"522\" height=\"86\" \/><\/p>\n","protected":false},"excerpt":{"rendered":"<p>Auch heutzutage lassen sich in der Industrie noch viele Arbeitsprozesse der Bauteilbearbeitung finden, die manuell unter hohem Zeit und Arbeitsaufwand und z.T. auch unter hoher k\u00f6rperlicher Belastung des Facharbeiters durchgef\u00fchrt [&hellip;]<\/p>\n","protected":false},"author":78,"featured_media":0,"parent":164,"menu_order":0,"comment_status":"closed","ping_status":"closed","template":"","meta":{"footnotes":""},"categories":[4],"tags":[],"class_list":["post-386","page","type-page","status-publish","hentry","category-forschung"],"_links":{"self":[{"href":"https:\/\/www.hsu-hh.de\/aut\/wp-json\/wp\/v2\/pages\/386","targetHints":{"allow":["GET"]}}],"collection":[{"href":"https:\/\/www.hsu-hh.de\/aut\/wp-json\/wp\/v2\/pages"}],"about":[{"href":"https:\/\/www.hsu-hh.de\/aut\/wp-json\/wp\/v2\/types\/page"}],"author":[{"embeddable":true,"href":"https:\/\/www.hsu-hh.de\/aut\/wp-json\/wp\/v2\/users\/78"}],"replies":[{"embeddable":true,"href":"https:\/\/www.hsu-hh.de\/aut\/wp-json\/wp\/v2\/comments?post=386"}],"version-history":[{"count":2,"href":"https:\/\/www.hsu-hh.de\/aut\/wp-json\/wp\/v2\/pages\/386\/revisions"}],"predecessor-version":[{"id":544,"href":"https:\/\/www.hsu-hh.de\/aut\/wp-json\/wp\/v2\/pages\/386\/revisions\/544"}],"up":[{"embeddable":true,"href":"https:\/\/www.hsu-hh.de\/aut\/wp-json\/wp\/v2\/pages\/164"}],"wp:attachment":[{"href":"https:\/\/www.hsu-hh.de\/aut\/wp-json\/wp\/v2\/media?parent=386"}],"wp:term":[{"taxonomy":"category","embeddable":true,"href":"https:\/\/www.hsu-hh.de\/aut\/wp-json\/wp\/v2\/categories?post=386"},{"taxonomy":"post_tag","embeddable":true,"href":"https:\/\/www.hsu-hh.de\/aut\/wp-json\/wp\/v2\/tags?post=386"}],"curies":[{"name":"wp","href":"https:\/\/api.w.org\/{rel}","templated":true}]}}