{"id":384,"date":"2017-10-24T23:22:50","date_gmt":"2017-10-24T21:22:50","guid":{"rendered":"https:\/\/www.hsu-hh.de\/aut\/?page_id=384"},"modified":"2017-10-24T23:26:55","modified_gmt":"2017-10-24T21:26:55","slug":"flexibilisierung-von-maschinen-dfg-projekt-flexa","status":"publish","type":"page","link":"https:\/\/www.hsu-hh.de\/aut\/forschung\/forschungsthemen\/flexibilisierung-von-maschinen-dfg-projekt-flexa","title":{"rendered":"Flexibilisierung von Maschinen (DFG-Projekt FlexA)"},"content":{"rendered":"<div class=\"header_info\">\n<h2><strong>Flexibilisierung von Montage- und Handhabungsautomaten mit Hilfe von Agentensystemen (FlexA)<\/strong><\/h2>\n<p>Heutige Anforderungen an Montage- und Handhabungsautomaten umfassen insbesondere flexible Anpassungen, <abbr title=\"zum Beispiel\">z.B.<\/abbr> an ver\u00e4nderte Produktionsvolumen oder an die Produktion neuer Produkte <abbr title=\"beziehungsweise\">bzw.<\/abbr> Produktvarianten. Hierzu m\u00fcssen die oft als Einzwecksystem ausgelegten Automaten jeweils aufwendig umgebaut werden.Ziel dieses Forschungsvorhabens ist die Entwicklung einer Planungssystematik, die auf Basis der Idee von cyber-physischen Produktionssystemen bestehende Montage- und Handhabungsautomaten flexibilisieren kann. Dieses soll bei der Planung von Umbauten und Erweiterungen bestehender Automaten helfen, auf einfache, transparente und schnelle Art und Weise Flexibilisierungsvorschl\u00e4ge zu generieren, um dann die vorhandenen Systeme durch Umbau zu bef\u00e4higen, auf die neuen Anforderungen k\u00fcnftig einfacher reagieren zu k\u00f6nnen.Dazu sollen zun\u00e4chst drei Montage- und Handhabungsautomaten exemplarisch auf hardware- und softwarebasierte Flexibilisierungsm\u00f6glichkeiten hin untersucht werden. Die so gewonnenen Erkenntnisse werden anschlie\u00dfend systematisiert und bewertet und als Entwurfsmuster f\u00fcr Modifikationen bereitgestellt.Der Prozess zur Spezifikation und \u00dcbermittlung von Flexibilit\u00e4tsanforderungen, zum Abgleich mit der vorhandenen Konfiguration von bestehenden Automaten und insbesondere zur Identifikation m\u00f6glicher Modifikationen wird modelliert, formal beschrieben und auf ein Agentensystem \u00fcbertragen, das die Planung interaktiv mit dem Nutzer durchf\u00fchren soll.Wenn demnach eine neue Produktionsanforderung aufkommt, wird diese dann an das Agentensystem weitergegeben, das bewertet, ob dieser Produktionsauftrag bearbeitbar ist <abbr title=\"beziehungsweise\">bzw.<\/abbr> mit welchem voraussichtlichen Umbauaufwand entsprechend der Mustermodifikationen eine Bearbeitung m\u00f6glich w\u00e4re.Die Ergebnisse werden prototypisch implementiert, anhand von weiteren Automaten evaluiert und verallgemeinert, um zu einer universellen Planungssystematik f\u00fcr die Migration hin zu cyber-physischen Produktionssystemen zu gelangen.<\/p>\n<p>&nbsp;<\/p>\n<p>Bearbeiter: <a title=\"Startseite \u00bb Mitarbeiter \u00bb Wiss. Mitarbeiter \u00bb Xuan Luu\u00a0Hoang\" href=\"https:\/\/www.hsu-hh.de\/aut\/index_oO6RnGEjqp0xhNAK.html\" target=\"_blank\" rel=\"noopener noreferrer\">Herr Xuan-Luu Hoang (<abbr title=\"Master of Science\">M.Sc.<\/abbr>) <img loading=\"lazy\" decoding=\"async\" title=\"Link wird in einem neuen Fenster ge\u00f6ffnet\" src=\"https:\/\/www.hsu-hh.de\/image_bricks\/new_window_icon.gif\" alt=\"Link wird in einem neuen Fenster ge\u00f6ffnet\" width=\"10\" height=\"10\" \/><\/a><\/p>\n<p>&nbsp;<\/p>\n<p>Das Projekt wird gemeinsam mit dem Institut f\u00fcr Automatisierungs- und Softwaretechnik (IAS) der Universit\u00e4t Stuttgart (Prof. Weyrich) bearbeitet.<\/p>\n<\/div>\n","protected":false},"excerpt":{"rendered":"<p>Flexibilisierung von Montage- und Handhabungsautomaten mit Hilfe von Agentensystemen (FlexA) Heutige Anforderungen an Montage- und Handhabungsautomaten umfassen insbesondere flexible Anpassungen, z.B. an ver\u00e4nderte Produktionsvolumen oder an die Produktion neuer Produkte [&hellip;]<\/p>\n","protected":false},"author":78,"featured_media":0,"parent":164,"menu_order":0,"comment_status":"closed","ping_status":"closed","template":"","meta":{"footnotes":""},"categories":[4],"tags":[],"class_list":["post-384","page","type-page","status-publish","hentry","category-forschung"],"_links":{"self":[{"href":"https:\/\/www.hsu-hh.de\/aut\/wp-json\/wp\/v2\/pages\/384","targetHints":{"allow":["GET"]}}],"collection":[{"href":"https:\/\/www.hsu-hh.de\/aut\/wp-json\/wp\/v2\/pages"}],"about":[{"href":"https:\/\/www.hsu-hh.de\/aut\/wp-json\/wp\/v2\/types\/page"}],"author":[{"embeddable":true,"href":"https:\/\/www.hsu-hh.de\/aut\/wp-json\/wp\/v2\/users\/78"}],"replies":[{"embeddable":true,"href":"https:\/\/www.hsu-hh.de\/aut\/wp-json\/wp\/v2\/comments?post=384"}],"version-history":[{"count":1,"href":"https:\/\/www.hsu-hh.de\/aut\/wp-json\/wp\/v2\/pages\/384\/revisions"}],"predecessor-version":[{"id":385,"href":"https:\/\/www.hsu-hh.de\/aut\/wp-json\/wp\/v2\/pages\/384\/revisions\/385"}],"up":[{"embeddable":true,"href":"https:\/\/www.hsu-hh.de\/aut\/wp-json\/wp\/v2\/pages\/164"}],"wp:attachment":[{"href":"https:\/\/www.hsu-hh.de\/aut\/wp-json\/wp\/v2\/media?parent=384"}],"wp:term":[{"taxonomy":"category","embeddable":true,"href":"https:\/\/www.hsu-hh.de\/aut\/wp-json\/wp\/v2\/categories?post=384"},{"taxonomy":"post_tag","embeddable":true,"href":"https:\/\/www.hsu-hh.de\/aut\/wp-json\/wp\/v2\/tags?post=384"}],"curies":[{"name":"wp","href":"https:\/\/api.w.org\/{rel}","templated":true}]}}