{"id":379,"date":"2017-10-24T23:20:37","date_gmt":"2017-10-24T21:20:37","guid":{"rendered":"https:\/\/www.hsu-hh.de\/aut\/?page_id=379"},"modified":"2018-11-19T11:59:17","modified_gmt":"2018-11-19T10:59:17","slug":"forever-young-production-automation-with-active-components-fypa2c","status":"publish","type":"page","link":"https:\/\/www.hsu-hh.de\/aut\/forschung\/forschungsthemen\/forever-young-production-automation-with-active-components-fypa2c","title":{"rendered":"Forever Young Production Automation with Active Components &#8211; FYPA\u00b2C (DFG-Projekt)"},"content":{"rendered":"<p>&nbsp;<\/p>\n<p>&nbsp;<\/p>\n<p>&nbsp;<\/p>\n<p>Software im produktiven Einsatz leidet unter Alterungserscheinungen, die <abbr title=\"zum Beispiel\">z.B.<\/abbr> durch sich ver\u00e4ndernde Nutzungsbedingungen oder ad-hoc \u00c4nderungen entstehen und nicht mit den spezifizierten Anforderungen im Einklang sind.<\/p>\n<p>Das FYPA\u00b2C-Projekt schl\u00e4gt zum \u00dcberwinden dieser Problematik einen Anti-Alterungs-Kreislauf vor, der stetig daf\u00fcr sorgt, dass Spezifikation, Implementation und die aktuelle Verwendung im Einklang gehalten werden.<\/p>\n<p>Die wesentlichen Beitr\u00e4ge bestehen in:<\/p>\n<p>(1) einem kombinierten Metamodell f\u00fcr Produktionsautomatisierungssoftware und \u00fcberpr\u00fcfbare Anforderungen,<\/p>\n<p>(2) automatisiert verbesserter Abdeckung der Anforderungsspezifikationen durch Lernen des aktuellen Systemverhaltens sowie in<\/p>\n<p>(3) der Bereitstellung einer Laufzeitinfrastruktur f\u00fcr die \u00dcberwachung und die simulationsbasierte Validierung der Anforderungen.<\/p>\n<p>Das Metamodell basiert auf &#8222;Aktiven Komponenten&#8220; und erlaubt die Spezifikation der Anwendungslogik, des unterliegenden technischen Prozesses sowie der durch Testf\u00e4lle \u00fcberpr\u00fcfbaren Anforderungen. Auf Basis des Wissens \u00fcber die Systemkomponenten und den Produktionsprozess wird die \u00dcberwachungs- und Lerninfrastruktur kontinuierlich das Systemverhalten analysieren und speichern. Im Falle geplanter Software\u00e4nderungen, k\u00f6nnen diese mithilfe simulationsbasierter Validierung vor dem Einsatz auf ihre Kompatibilit\u00e4t zu den bestehenden und gelernten Anforderungen hin \u00fcberpr\u00fcft werden. Auf diese Weise wird den Softwareentwicklern und Nutzern ein Ansatz und eine Werkzeugpalette zum expliziten Wissens- und Anforderungsmanagement zur Verf\u00fcgung gestellt, die hilft, die Software &#8218;f\u00fcr immer jung&#8216; zu halten.<\/p>\n<h2><strong>Projektpartner:<\/strong><\/h2>\n<p>&#8211; Lehrstuhl f\u00fcr <a href=\"http:\/\/vsis-www.informatik.uni-hamburg.de\/\" rel='nofollow'>Verteilte Systeme und Informationssysteme <\/a> des Fachbereichs Informatik der Universit\u00e4t Hamburg, (Prof. <abbr title=\"Doktor\">Dr.<\/abbr> Winfried Lamersdorf)<\/p>\n<p>Die Homepage des DFG-Schwerpunktprogramms (Design For Future &#8211; Managed Software Evolution, SPP 1593), in dem das Projekt bearbeitet wird, finden Sie <a href=\"http:\/\/www.dfg-spp1593.de\/\" rel='nofollow'>hier <\/a>.<\/p>\n<p>Die Darstellung in der DFG-Projektdatenbank GEPRIS finden Sie <a href=\"http:\/\/gepris.dfg.de\/gepris\/OCTOPUS\/;jsessionid=0754FA7073B6BC939DF9C61499C53200?module=gepris&amp;task=showDetail&amp;context=projekt&amp;id=221630013\" rel='nofollow'>hier <\/a>.<\/p>\n","protected":false},"excerpt":{"rendered":"<p>&nbsp; &nbsp; &nbsp; Software im produktiven Einsatz leidet unter Alterungserscheinungen, die z.B. durch sich ver\u00e4ndernde Nutzungsbedingungen oder ad-hoc \u00c4nderungen entstehen und nicht mit den spezifizierten Anforderungen im Einklang sind. Das [&hellip;]<\/p>\n","protected":false},"author":78,"featured_media":0,"parent":164,"menu_order":0,"comment_status":"closed","ping_status":"closed","template":"","meta":{"footnotes":""},"categories":[4],"tags":[],"class_list":["post-379","page","type-page","status-publish","hentry","category-forschung"],"_links":{"self":[{"href":"https:\/\/www.hsu-hh.de\/aut\/wp-json\/wp\/v2\/pages\/379","targetHints":{"allow":["GET"]}}],"collection":[{"href":"https:\/\/www.hsu-hh.de\/aut\/wp-json\/wp\/v2\/pages"}],"about":[{"href":"https:\/\/www.hsu-hh.de\/aut\/wp-json\/wp\/v2\/types\/page"}],"author":[{"embeddable":true,"href":"https:\/\/www.hsu-hh.de\/aut\/wp-json\/wp\/v2\/users\/78"}],"replies":[{"embeddable":true,"href":"https:\/\/www.hsu-hh.de\/aut\/wp-json\/wp\/v2\/comments?post=379"}],"version-history":[{"count":3,"href":"https:\/\/www.hsu-hh.de\/aut\/wp-json\/wp\/v2\/pages\/379\/revisions"}],"predecessor-version":[{"id":1058,"href":"https:\/\/www.hsu-hh.de\/aut\/wp-json\/wp\/v2\/pages\/379\/revisions\/1058"}],"up":[{"embeddable":true,"href":"https:\/\/www.hsu-hh.de\/aut\/wp-json\/wp\/v2\/pages\/164"}],"wp:attachment":[{"href":"https:\/\/www.hsu-hh.de\/aut\/wp-json\/wp\/v2\/media?parent=379"}],"wp:term":[{"taxonomy":"category","embeddable":true,"href":"https:\/\/www.hsu-hh.de\/aut\/wp-json\/wp\/v2\/categories?post=379"},{"taxonomy":"post_tag","embeddable":true,"href":"https:\/\/www.hsu-hh.de\/aut\/wp-json\/wp\/v2\/tags?post=379"}],"curies":[{"name":"wp","href":"https:\/\/api.w.org\/{rel}","templated":true}]}}