{"id":377,"date":"2017-10-24T23:19:29","date_gmt":"2017-10-24T21:19:29","guid":{"rendered":"https:\/\/www.hsu-hh.de\/aut\/?page_id=377"},"modified":"2017-11-21T09:51:04","modified_gmt":"2017-11-21T08:51:04","slug":"einordnung-der-beispiele-der-industrie-4-0-landkarte-in-die-anwendungsszenarien-eibila","status":"publish","type":"page","link":"https:\/\/www.hsu-hh.de\/aut\/forschung\/forschungsthemen\/einordnung-der-beispiele-der-industrie-4-0-landkarte-in-die-anwendungsszenarien-eibila","title":{"rendered":"Einordnung der Beispiele der Industrie-4.0-Landkarte in die Anwendungsszenarien (EiBILA)"},"content":{"rendered":"<div class=\"header_info\">\n<h2>Ausgangssituation:<\/h2>\n<\/div>\n<p>\u201eIndustrie 4.0 ist ein vielschichtiges, komplexes Thema und muss die Perspektiven unterschiedlicher Interessengruppen ber\u00fccksichtigen. Eine wichtige Zielgruppe sind hier die Anwender oder Nutzer von Industrie 4.0. Bei dieser Zielgruppe besteht insbesondere die Herausforderung, den Nutzen von Industrie 4.0 transparent zu machen.\u201c<a title=\"\" href=\"https:\/\/www.hsu-hh.de\/aut\/index_NjPLpmJk8copgczc.html#_ftn1\" name=\"_ftnref1\">[1]<\/a><\/p>\n<p>Mit Fokussierung auf die praktische Umsetzung wurde in zwei separat strukturierten Schritten Szenarien <abbr title=\"beziehungsweise\">bzw.<\/abbr> Beispiele zur Beschreibung und Strukturierung eines Problembereiches und eines L\u00f6sungsbereiches erstellt.<\/p>\n<p>In der AG 2 der Plattform Industrie 4.0 wurden in den letzten Jahren 9 Anwendungsszenarien zur Beschreibung des Problembereiches entwickelt. Parallel hierzu wurden 251 Anwendungsbeispiele f\u00fcr Industrie 4.0 in Form einer Industrie-4.0-Landkarte gesammelt, um den L\u00f6sungsraum zu umrei\u00dfen. Die Ergebnisse dieser beiden Schritte wurden in den Bereichen alleinstehend betrachtet.<\/p>\n<p>Bisher gibt es keine Untersuchung, in welcher Zusammenhang die Anwendungsbeispiele der Industrie-4.0-Landkarte mit den Anwendungsszenarien stehen.<\/p>\n<h2>Ziele:<\/h2>\n<div class=\"header_info\">\n<p>Im Projekt EiBILA sind die Industrie 4.0-Anwendungsbeispiele den Anwendungsszenarien zuzuordnen und eine Methodik f\u00fcr die Einordnung weiterer Anwendungsbeispiele zu erarbeiten. Vorgesehenes methodisches Ergebnis der Studie ist ein Ordnungsschema, welches geeignet ist, heutige Eintr\u00e4ge und k\u00fcnftige Vorschl\u00e4ge f\u00fcr die Landkarte, also potentielle Anwendungsbeispiele f\u00fcr Industrie 4.0, zu klassifizieren, und eine Methodik f\u00fcr diese Klassifizierung. Das Ordnungsschema setzt die Charakteristika der Anwendungsszenarien in Beziehung mit den Einordnungskriterien der Landkarte.<\/p>\n<p><img loading=\"lazy\" decoding=\"async\" class=\"\" src=\"https:\/\/webbox.hsu-hh.de\/images\/wbox0028\/Forschung\/aktuelle%20Projekte\/EiBILA.JPG\" alt=\"Abbildung EiBILA\" width=\"357\" height=\"274\" \/><\/p>\n<p>Bearbeitet durch <a title=\"Startseite \u00bb Mitarbeiter \u00bb Wiss. Mitarbeiter \u00bb Marcus\u00a0Lewin\" href=\"https:\/\/www.hsu-hh.de\/aut\/index_4EDLw1ZrMreRZkfO.html\"><abbr title=\"Master of Science\">M.Sc.<\/abbr> Marcus Lewin<\/a>, <a title=\"Startseite \u00bb Mitarbeiter \u00bb Wiss. Mitarbeiter \u00bb Timo\u00a0Busert\" href=\"https:\/\/www.hsu-hh.de\/aut\/index_OcwUfo7HjeN2HguB.html\"><abbr title=\"Master of Science\">M.Sc.<\/abbr> Timo Busert<\/a><\/p>\n<p>\u201eEiBILA\u201c ist ein Verbundprojekt des Instituts f\u00fcr Automatisierungstechnik der HSU mit: <a href=\"http:\/\/www.iml.fraunhofer.de\/\" rel='nofollow'>Fraunhofer IML <img loading=\"lazy\" decoding=\"async\" title=\"Externer Link: Fraunhofer IML (http:\/\/www.iml.fraunhofer.de\/)\" src=\"https:\/\/www.hsu-hh.de\/image_bricks\/external.gif\" alt=\"Externer Link: Fraunhofer IML (http:\/\/www.iml.fraunhofer.de\/)\" width=\"11\" height=\"10\" \/><\/a>(Prof. ten Hompel), <a href=\"https:\/\/www.hni.uni-paderborn.de\/spe\/\" rel='nofollow'>Universit\u00e4t Paderborn <img loading=\"lazy\" decoding=\"async\" title=\"Externer Link: Universit\u00e4t Paderborn (https:\/\/www.hni.uni-paderborn.de\/spe\/)\" src=\"https:\/\/www.hsu-hh.de\/image_bricks\/external.gif\" alt=\"Externer Link: Universit\u00e4t Paderborn (https:\/\/www.hni.uni-paderborn.de\/spe\/)\" width=\"11\" height=\"10\" \/><\/a> (Prof. Gausemeier)<\/p>\n<div>\n<p>Das Projekt wird im Auftrag der<a href=\"http:\/\/www.acatech.de\/\" rel='nofollow'> acatech \u2013 Akademie der Technikwissenschaften \u2013 <img loading=\"lazy\" decoding=\"async\" title=\"Externer Link: acatech \u2013 Akademie der Technikwissenschaften \u2013 (http:\/\/www.acatech.de\/)\" src=\"https:\/\/www.hsu-hh.de\/image_bricks\/external.gif\" alt=\"Externer Link: acatech \u2013 Akademie der Technikwissenschaften \u2013 (http:\/\/www.acatech.de\/)\" width=\"11\" height=\"10\" \/><\/a> durchgef\u00fchrt, gef\u00f6rdert durch Mittel des <a href=\"https:\/\/www.bmbf.de\/\" rel='nofollow'>Bundesministeriums f\u00fcr Bildung und Forschung <img loading=\"lazy\" decoding=\"async\" title=\"Externer Link: Bundesministeriums f\u00fcr Bildung und Forschung (https:\/\/www.bmbf.de\/)\" src=\"https:\/\/www.hsu-hh.de\/image_bricks\/external.gif\" alt=\"Externer Link: Bundesministeriums f\u00fcr Bildung und Forschung (https:\/\/www.bmbf.de\/)\" width=\"11\" height=\"10\" \/><\/a>.\u201c<\/p>\n<p>&nbsp;<\/p>\n<hr \/>\n<div>\n<p><a title=\"\" href=\"https:\/\/www.hsu-hh.de\/aut\/index_NjPLpmJk8copgczc.html#_ftnref1\" name=\"_ftn1\">[1]<\/a> Bundesministerium f\u00fcr Wirtschaft und Energie, Plattform Industrie 4.0 2016 \u2013 Fortschreibung der Anwendungsszenarien der Plattform Industrie 4.0<\/p>\n<\/div>\n<\/div>\n<\/div>\n","protected":false},"excerpt":{"rendered":"<p>Ausgangssituation: \u201eIndustrie 4.0 ist ein vielschichtiges, komplexes Thema und muss die Perspektiven unterschiedlicher Interessengruppen ber\u00fccksichtigen. Eine wichtige Zielgruppe sind hier die Anwender oder Nutzer von Industrie 4.0. Bei dieser Zielgruppe [&hellip;]<\/p>\n","protected":false},"author":78,"featured_media":0,"parent":164,"menu_order":0,"comment_status":"closed","ping_status":"closed","template":"","meta":{"footnotes":""},"categories":[4],"tags":[],"class_list":["post-377","page","type-page","status-publish","hentry","category-forschung"],"_links":{"self":[{"href":"https:\/\/www.hsu-hh.de\/aut\/wp-json\/wp\/v2\/pages\/377","targetHints":{"allow":["GET"]}}],"collection":[{"href":"https:\/\/www.hsu-hh.de\/aut\/wp-json\/wp\/v2\/pages"}],"about":[{"href":"https:\/\/www.hsu-hh.de\/aut\/wp-json\/wp\/v2\/types\/page"}],"author":[{"embeddable":true,"href":"https:\/\/www.hsu-hh.de\/aut\/wp-json\/wp\/v2\/users\/78"}],"replies":[{"embeddable":true,"href":"https:\/\/www.hsu-hh.de\/aut\/wp-json\/wp\/v2\/comments?post=377"}],"version-history":[{"count":5,"href":"https:\/\/www.hsu-hh.de\/aut\/wp-json\/wp\/v2\/pages\/377\/revisions"}],"predecessor-version":[{"id":550,"href":"https:\/\/www.hsu-hh.de\/aut\/wp-json\/wp\/v2\/pages\/377\/revisions\/550"}],"up":[{"embeddable":true,"href":"https:\/\/www.hsu-hh.de\/aut\/wp-json\/wp\/v2\/pages\/164"}],"wp:attachment":[{"href":"https:\/\/www.hsu-hh.de\/aut\/wp-json\/wp\/v2\/media?parent=377"}],"wp:term":[{"taxonomy":"category","embeddable":true,"href":"https:\/\/www.hsu-hh.de\/aut\/wp-json\/wp\/v2\/categories?post=377"},{"taxonomy":"post_tag","embeddable":true,"href":"https:\/\/www.hsu-hh.de\/aut\/wp-json\/wp\/v2\/tags?post=377"}],"curies":[{"name":"wp","href":"https:\/\/api.w.org\/{rel}","templated":true}]}}