{"id":373,"date":"2017-10-24T23:15:50","date_gmt":"2017-10-24T21:15:50","guid":{"rendered":"https:\/\/www.hsu-hh.de\/aut\/?page_id=373"},"modified":"2021-11-04T11:37:12","modified_gmt":"2021-11-04T10:37:12","slug":"automatisierung-modularer-anlagen-in-der-prozessindustrie","status":"publish","type":"page","link":"https:\/\/www.hsu-hh.de\/aut\/forschung\/forschungsthemen\/automatisierung-modularer-anlagen-in-der-prozessindustrie","title":{"rendered":"Automatisierung modularer Anlagen in der Prozessindustrie"},"content":{"rendered":"<p>Unternehmen der Prozessindustrie sehen sich Herausforderungen bez\u00fcglich k\u00fcrzerer Produktlebenszyklen und volatiler Abs\u00e4tze ausgesetzt. Im Kontext von Industrie 4.0 wird der Ruf nach spezifischeren und individuelleren Produkten sowie sinkenden Losgr\u00f6\u00dfen vernehmbar. Die Folge dieser ver\u00e4nderten Bedingungen sind die Notwendigkeit der Verk\u00fcrzung der time-to-market und eine wirtschaftliche Produktion unterschiedlicher Absatzmengen mit einer einhergehenden Wandlungsf\u00e4higkeit von Anlagen der Prozessindustrie.\u00a0<\/p>\n<p>Modularisierung ist ein Bef\u00e4higer von Wandlungsf\u00e4higkeit. Vorteile ergeben sich unter anderem bei der Erh\u00f6hung von Kapazit\u00e4ten durch Numbering-Up anstelle von Scale-Up sowie Flexibilit\u00e4t durch Rekonfigurierbar- und Erweiterungsf\u00e4higkeit von modularen Anlagen.\u00a0<\/p>\n<p>Innerhalb des Engineering von Anlagen und der Entwicklung von mechatronischen System sind verschiedene Gewerke beteiligt. Die Modularisierung in den Bereichen der Mechanik, Elektrik und Verfahrenstechnik ist bereits m\u00f6glich. F\u00fcr die Nutzung der sich ergebenden Vorteile ist eine Automatisierung notwendig, die diese Modularit\u00e4t und Flexibilit\u00e4t unterst\u00fctzt. Durch die Trennung der Modulentwicklung von dem Engineering der Anlagen wird der projektabh\u00e4ngige Engineeringaufwand f\u00fcr das Engineering der jeweiligen Anlage gesenkt.\u00a0<\/p>\n<p>Die aktuelle Forschung an der Professur f\u00fcr Automatisierungstechnik besch\u00e4ftigt sich in Zusammenarbeit mit den Industriepartnern (u.a. ABB, WAGO, BASF, Bayer) sowohl mit der Automatisierung von Modulen (PEA &#8211; Process Equipment Assembly) als auch mit der \u00fcbergeordneten Prozessf\u00fchrungsebene (POL &#8211; Process Orchestration Layer). Zudem engagiert sich das Institut f\u00fcr Automatisierungstechnik in vielf\u00e4ltigen Arbeitskreisen der NAMUR (u.a. AK 4.19), des ZVEI (u.a. AK 2.4.1) sowie des VDI (u.a. GMA FA 5.16) zur Standardisierung der modularen Automatisierung.\u00a0<\/p>\n<p>Die Entwicklung einer Schnittstelle zwischen den Modulen und der POL in Form eines\u00a0Module Type Package (MTP), die Anforderungen an Module und die POL im Kontext der modularen Automation und die Steuerung modularer Anlagen werden untersucht. Hierzu geh\u00f6ren: Eine Methodik zum sicheren Umschalten von Modulzust\u00e4nden, Methoden zur Orchestrierung der Prozess-Dienste auf Basis einer Service-orientierten Architektur und Methoden zur effizienten Kommunikation, sowohl zwischen unterschiedlichen Modulen als auch zwischen Modulen und POL. Zudem werden neue Ans\u00e4tze zur Reduzierung des Engineeringaufwands entwickelt und implementiert.<\/p>\n<p><a href=\"https:\/\/www.hsu-hh.de\/aut\/wp-content\/uploads\/sites\/670\/2021\/02\/mtp.jpg\"><img loading=\"lazy\" decoding=\"async\" class=\"alignleft wp-image-1716 size-full\" src=\"https:\/\/www.hsu-hh.de\/aut\/wp-content\/uploads\/sites\/670\/2021\/02\/mtp.jpg\" alt=\"MTP\" width=\"248\" height=\"239\" data-credit=\"IfA\" \/><\/a><\/p>\n<p>Das Thema wird derzeit bearbeitet durch Herrn <a href=\"https:\/\/www.hsu-hh.de\/aut\/team\/markaj\">M.Sc. Artan Markaj<\/a>, Frau <a href=\"https:\/\/www.hsu-hh.de\/aut\/team\/blumenstein\">M.Sc. Michelle Blumenstein<\/a><\/p>\n<p>Bis zu ihrem Wechsel in die Industrie wurde dieses Thema an der Professur ma\u00dfgeblich durch Herrn Dr.-Ing. Thomas Holm (<a href=\"https:\/\/www.wago.com\/de\/\" rel='nofollow'>WAGO Kontakttechnik<\/a>) und M.Sc. Henry Bloch (<a href=\"https:\/\/semodia.com\" rel='nofollow'>Semodia<\/a>) bearbeitet. Das Startup Semodia wurde von ehemaligen wissenschaftlichen Mitarbeitern (u.a. Henry Bloch) der beiden Universit\u00e4ten Technische Universit\u00e4t Dresden und Helmut-Schmidt-Universit\u00e4t Hamburg ausgegr\u00fcndet.<\/p>\n\n\n<p><\/p>\n","protected":false},"excerpt":{"rendered":"<p>Unternehmen der Prozessindustrie sehen sich Herausforderungen bez\u00fcglich k\u00fcrzerer Produktlebenszyklen und volatiler Abs\u00e4tze ausgesetzt. Im Kontext von Industrie 4.0 wird der Ruf nach spezifischeren und individuelleren Produkten sowie sinkenden Losgr\u00f6\u00dfen vernehmbar. [&hellip;]<\/p>\n","protected":false},"author":78,"featured_media":0,"parent":164,"menu_order":0,"comment_status":"closed","ping_status":"closed","template":"","meta":{"footnotes":""},"categories":[4],"tags":[],"class_list":["post-373","page","type-page","status-publish","hentry","category-forschung"],"_links":{"self":[{"href":"https:\/\/www.hsu-hh.de\/aut\/wp-json\/wp\/v2\/pages\/373","targetHints":{"allow":["GET"]}}],"collection":[{"href":"https:\/\/www.hsu-hh.de\/aut\/wp-json\/wp\/v2\/pages"}],"about":[{"href":"https:\/\/www.hsu-hh.de\/aut\/wp-json\/wp\/v2\/types\/page"}],"author":[{"embeddable":true,"href":"https:\/\/www.hsu-hh.de\/aut\/wp-json\/wp\/v2\/users\/78"}],"replies":[{"embeddable":true,"href":"https:\/\/www.hsu-hh.de\/aut\/wp-json\/wp\/v2\/comments?post=373"}],"version-history":[{"count":6,"href":"https:\/\/www.hsu-hh.de\/aut\/wp-json\/wp\/v2\/pages\/373\/revisions"}],"predecessor-version":[{"id":2642,"href":"https:\/\/www.hsu-hh.de\/aut\/wp-json\/wp\/v2\/pages\/373\/revisions\/2642"}],"up":[{"embeddable":true,"href":"https:\/\/www.hsu-hh.de\/aut\/wp-json\/wp\/v2\/pages\/164"}],"wp:attachment":[{"href":"https:\/\/www.hsu-hh.de\/aut\/wp-json\/wp\/v2\/media?parent=373"}],"wp:term":[{"taxonomy":"category","embeddable":true,"href":"https:\/\/www.hsu-hh.de\/aut\/wp-json\/wp\/v2\/categories?post=373"},{"taxonomy":"post_tag","embeddable":true,"href":"https:\/\/www.hsu-hh.de\/aut\/wp-json\/wp\/v2\/tags?post=373"}],"curies":[{"name":"wp","href":"https:\/\/api.w.org\/{rel}","templated":true}]}}