{"id":367,"date":"2017-10-24T22:51:59","date_gmt":"2017-10-24T20:51:59","guid":{"rendered":"https:\/\/www.hsu-hh.de\/aut\/?page_id=367"},"modified":"2020-04-15T14:45:19","modified_gmt":"2020-04-15T12:45:19","slug":"crest-modellbasierte-entwicklung-kollaborativer-eingebetteter-systeme","status":"publish","type":"page","link":"https:\/\/www.hsu-hh.de\/aut\/forschung\/forschungsthemen\/crest-modellbasierte-entwicklung-kollaborativer-eingebetteter-systeme","title":{"rendered":"CrESt: Modellbasierte Entwicklung kollaborativer eingebetteter Systeme"},"content":{"rendered":"<div class=\"header_info\">\n<p><img decoding=\"async\" src=\"https:\/\/webbox.hsu-hh.de\/images\/wbox0028\/Forschung\/aktuelle%20Projekte\/Crest_350x158.png\" alt=\"Collaborative Embedded Systems CrESt\" \/><\/p>\n<p>Mit dem \u00dcbergang von klassischen eingebetteten Systemen zu vernetzten, kollaborierenden eingebetteten Systemen entsteht eine gro\u00dfe Bandbreite neuer Anwendungsm\u00f6glichkeiten f\u00fcr die deutsche Industrie. Eingebettete Systeme unterst\u00fctzen den Menschen heutzutage in vielf\u00e4ltiger Hinsicht und sind mittlerweile ein fester Bestandteil des t\u00e4glichen Lebens. Durch den schnellen Fortschritt in den digitalen Technologien und insbesondere durch softwareseitige Innovationen werden dabei auf der Basis verbesserter, g\u00fcnstiger und damit massenhaft verf\u00fcgbarer Sensorik und Netzwerk-Bandbreite immer neue Funktionalit\u00e4ten und Anwendungen erm\u00f6glicht.<\/p>\n<p>Das zum 1. Februar 2017 begonnene <abbr title=\"Bundesministerium f\u00fcr Bildung und Forschung\">BMBF<\/abbr>-Verbundprojekt \u201eCrESt \u2013 Collaborative Embedded Systems\u201c hat zum Ziel, ein umfassendes Rahmenwerk f\u00fcr die Entwicklung kollaborierender eingebetteter Systeme zu schaffen, das die neuartigen Herausforderungen in der Entwicklung kollaborierender eingebetteter Systeme in dynamischen Systemverb\u00fcnden adressiert und damit der deutschen Industrie einen entscheidenden Wettbewerbsvorteil in diesen zukunftstr\u00e4chtigen und bedeutenden Anwendungsfeldern verschafft. Die <abbr title=\"Helmut-Schmidt-Universit\u00e4t\">HSU<\/abbr> kooperiert in diesem Projekt mit acht universit\u00e4ren Instituten, zwei Fraunhofer-Instituten und zehn Industrie-Unternehmen.<\/p>\n<p>Herausforderungen, die bei der Entwicklung kollaborierender eingebetteter Systeme auftreten, beziehen sich auf Themenkomplexe wie \u201eoffener Kontext\u201c, \u201eflexible Architekturen\u201c und \u201eVernetzung von eingebetteten Systemen\u201c. F\u00fcr diese Herausforderungen sind geeignete modellbasierte Methoden und Beschreibungsmittel zu entwickeln. Die Entwicklung kollaborierender eingebetteter Systeme geht mit wichtigen Sicherheitsfragestellungen (Safety &amp; Security) einher, die f\u00fcr einen breiten industriellen Einsatz durch einschl\u00e4gige Entwicklungsans\u00e4tze umfassend adressiert werden m\u00fcssen.<\/p>\n<p>Die Anwendungsszenarien anhand derer die Forschungsergebnisse des Projektes evaluiert werden, erstrecken sich von der wandelbaren Fabrik, \u00fcber die verteilte Energieerzeugung bis hin zu kooperierenden Transportrobotern und Fahrzeugen. Beispielsweise soll die wandelbare Fabrik der Zukunft als kollaborierendes System aus weitgehend unabh\u00e4ngig voneinander agierenden Produktionszellen betrachtet und gesteuert werden. K\u00fcnftige Energienetze werden nicht mehr von zentralen Kraftwerken, sondern von einer Vielzahl verteilter regenerativer Erzeuger gepr\u00e4gt.<\/p>\n<p>Detaillierte Informationen, auch \u00fcber die Projektpartner, sind auf der Projekthompeage zu finden: <a href=\"https:\/\/crest.in.tum.de\/\" rel='nofollow'>https:\/\/crest.in.tum.de\/ <\/a><\/p>\n<p>Wir arbeiten in diesem Projekt folgenden Teilprojekten mit:<\/p>\n<p><a href=\"https:\/\/crest.in.tum.de\/EC4.html\" rel='nofollow'>EC4: Dynamischer Kontext <\/a><\/p>\n<p><a href=\"https:\/\/crest.in.tum.de\/EC5.html\" rel='nofollow'>EC5: Unsicherer Kontext <\/a><\/p>\n<p><a href=\"https:\/\/crest.in.tum.de\/SQ1.html\" rel='nofollow'>SQ1: Funktion <\/a><\/p>\n<p><a href=\"https:\/\/crest.in.tum.de\/SQ3.html\" rel='nofollow'>SQ3: Variabilit\u00e4t <\/a><\/p>\n<\/div>\n<h2>Downloads:<\/h2>\n<div class=\"col-xs-12 downloads-item\">\n<div class=\"row border-line\">\n<div class=\"thumbnail-area\"><img decoding=\"async\" class=\"download-image\" src=\"\/wp-content\/themes\/hsu\/img\/dummy\/downloads_dummy.png\" alt=\"\" \/><\/div>\n<div class=\"text-area\"><span class=\"download-text\">Ontological Requirements Template<\/span><\/div>\n<div class=\"download-area\"><a class=\"download-link\" href=\"https:\/\/www.hsu-hh.de\/aut\/wp-content\/uploads\/sites\/670\/2017\/11\/OntologicalRequirementsTemplate.xlsx\"><span class=\"donwload-icon\"><img decoding=\"async\" class=\"download-icon\" src=\"\/wp-content\/themes\/hsu\/img\/icons\/download_icon.png\" alt=\"download icon\" \/><\/span><span class=\"download-size\">83 KB<\/span><\/a><\/div>\n<\/div>\n<\/div>\n<div class=\"header_info\">\n<p>Das Projekt wird seitens der Professur f\u00fcr Automatisierungstechnik bearbeitet durch:<\/p>\n<ul>\n<li><a title=\"Startseite \u00bb Mitarbeiter \u00bb Wiss. Mitarbeiter \u00bb Birte\u00a0Caesar\" href=\"https:\/\/www.hsu-hh.de\/aut\/index_S00P3fs3SDyGEAvM.html\">Birte Caesar, <abbr title=\"Master of Science\">M.Sc.<\/abbr><\/a><\/li>\n<li><a title=\"Startseite \u00bb Mitarbeiter \u00bb Wiss. Mitarbeiter \u00bb Constantin\u00a0Hildebrandt\" href=\"https:\/\/www.hsu-hh.de\/aut\/index_GDEWnd0SZZbx33mN.html\">Constantin Hildebrandt, <abbr title=\"Master of Science\">M.Sc.<\/abbr><\/a><\/li>\n<li><a title=\"Startseite \u00bb Mitarbeiter \u00bb Wiss. Mitarbeiter \u00bb Alexander\u00a0Ludewig\" href=\"https:\/\/www.hsu-hh.de\/aut\/index_0v9CP7CIn6RRQjHp.html\">Alexander Hayward, <abbr title=\"Master of Science\">M.Sc.<\/abbr><\/a><\/li>\n<li><a title=\"Startseite \u00bb Mitarbeiter \u00bb Wiss. Mitarbeiter \u00bb Sebastian\u00a0T\u00f6rsleff\" href=\"https:\/\/www.hsu-hh.de\/aut\/index_QDFej3wWhyp5fPSG.html\">Sebastian T\u00f6rsleff, <abbr title=\"Master of Science\">M.Sc.<\/abbr><\/a><\/li>\n<\/ul>\n<p><img loading=\"lazy\" decoding=\"async\" class=\"\" src=\"https:\/\/webbox.hsu-hh.de\/images\/wbox0028\/Forschung\/aktuelle%20Projekte\/BMBF.png\" alt=\"Hinweis F\u00f6rderung vom Bundesministerium f\u00fcr Bildung und Forschung\" width=\"192\" height=\"134\" \/><\/p>\n<\/div>\n","protected":false},"excerpt":{"rendered":"<p>Mit dem \u00dcbergang von klassischen eingebetteten Systemen zu vernetzten, kollaborierenden eingebetteten Systemen entsteht eine gro\u00dfe Bandbreite neuer Anwendungsm\u00f6glichkeiten f\u00fcr die deutsche Industrie. Eingebettete Systeme unterst\u00fctzen den Menschen heutzutage in vielf\u00e4ltiger [&hellip;]<\/p>\n","protected":false},"author":78,"featured_media":0,"parent":164,"menu_order":0,"comment_status":"closed","ping_status":"closed","template":"","meta":{"footnotes":""},"categories":[4],"tags":[],"class_list":["post-367","page","type-page","status-publish","hentry","category-forschung"],"_links":{"self":[{"href":"https:\/\/www.hsu-hh.de\/aut\/wp-json\/wp\/v2\/pages\/367","targetHints":{"allow":["GET"]}}],"collection":[{"href":"https:\/\/www.hsu-hh.de\/aut\/wp-json\/wp\/v2\/pages"}],"about":[{"href":"https:\/\/www.hsu-hh.de\/aut\/wp-json\/wp\/v2\/types\/page"}],"author":[{"embeddable":true,"href":"https:\/\/www.hsu-hh.de\/aut\/wp-json\/wp\/v2\/users\/78"}],"replies":[{"embeddable":true,"href":"https:\/\/www.hsu-hh.de\/aut\/wp-json\/wp\/v2\/comments?post=367"}],"version-history":[{"count":4,"href":"https:\/\/www.hsu-hh.de\/aut\/wp-json\/wp\/v2\/pages\/367\/revisions"}],"predecessor-version":[{"id":1418,"href":"https:\/\/www.hsu-hh.de\/aut\/wp-json\/wp\/v2\/pages\/367\/revisions\/1418"}],"up":[{"embeddable":true,"href":"https:\/\/www.hsu-hh.de\/aut\/wp-json\/wp\/v2\/pages\/164"}],"wp:attachment":[{"href":"https:\/\/www.hsu-hh.de\/aut\/wp-json\/wp\/v2\/media?parent=367"}],"wp:term":[{"taxonomy":"category","embeddable":true,"href":"https:\/\/www.hsu-hh.de\/aut\/wp-json\/wp\/v2\/categories?post=367"},{"taxonomy":"post_tag","embeddable":true,"href":"https:\/\/www.hsu-hh.de\/aut\/wp-json\/wp\/v2\/tags?post=367"}],"curies":[{"name":"wp","href":"https:\/\/api.w.org\/{rel}","templated":true}]}}