{"id":365,"date":"2017-10-24T22:50:03","date_gmt":"2017-10-24T20:50:03","guid":{"rendered":"https:\/\/www.hsu-hh.de\/aut\/?page_id=365"},"modified":"2024-11-25T22:47:56","modified_gmt":"2024-11-25T21:47:56","slug":"semantische-allianz-fuer-industrie-4-0","status":"publish","type":"page","link":"https:\/\/www.hsu-hh.de\/aut\/forschung\/forschungsthemen\/semantische-allianz-fuer-industrie-4-0","title":{"rendered":"Semantische Allianz f\u00fcr Industrie 4.0"},"content":{"rendered":"<div id=\"contentblock\">\n<p><a name=\"content\" rel='nofollow'><\/a>Der Abschlussbericht zum Projekt SemAnz4.0 kann hier heruntergeladen werden:<br \/>\n<a href=\"http:\/\/edoc.sub.uni-hamburg.de\/hsu\/volltexte\/2018\/3193\/\" rel='nofollow'>http:\/\/edoc.sub.uni-hamburg.de\/hsu\/volltexte\/2018\/3193\/<\/a><\/p>\n<div class=\"header_info\">\n<p><img loading=\"lazy\" decoding=\"async\" class=\"aligncenter\" src=\"https:\/\/webbox.hsu-hh.de\/images\/wbox0028\/Forschung\/aktuelle%20Projekte\/logo-semanz-40-sub-u-rgb.png\" alt=\"logo-semanz-40\" width=\"624\" height=\"250\" \/><\/p>\n<\/div>\n<\/div>\n<p>In \u201eSemAnz40\u201c wird gezeigt, wie mit von der <a href=\"http:\/\/www.din.de\/blob\/95954\/42935f7a165f16e341967b8a9f91c026\/aktualisierte-roadmap-i40-data.pdf\" rel='nofollow'>DKE-Normungsroadmap\u00a0Industrie 4.0 <\/a><em>\u00a0<\/em>empfohlenen deutschen Standards Anwendungsf\u00e4lle von Industrie 4.0 realisiert werden k\u00f6nnen. \u201eSemAnz40\u2018\u201c liefert so eine semantische Basis f\u00fcr die privatwirtschaftliche Entwicklung von Produkten und Prozessen f\u00fcr Industrie 4.0.<\/p>\n<p>Ziel dieses Projekts ist die nachhaltige Etablierung deutscher Standards und Normen im Kontext von Industrie 4.0 und damit die Schaffung einer verl\u00e4sslichen Basis f\u00fcr Investitionen der Wirtschaft (sowohl gro\u00dfer Unternehmen als auch KMUs) in Produkte und Prozesse.<\/p>\n<p>Dazu soll in diesem Projekt herausgearbeitet werden, wie in Deutschland erarbeitete Standards zur Beschreibung mit Merkmalen (insbesondere\u00a0eCl@ss\u00a0(IEC 61987)) und zur Strukturierung von Informationen (insbesondere AutomationML (IEC 62714)) in Kombination mit weiteren Normen und Standards eine geeignete semantische Basis f\u00fcr den Informationsaustausch in den Anwendungsf\u00e4llen von Industrie 4.0 bilden k\u00f6nnen. Die Normen und Standards <abbr title=\"beziehungsweise\">bzw.<\/abbr> die sie unterst\u00fctzenden Organisationen bilden damit perspektivisch eine \u201eSemantische Allianz f\u00fcr Industrie 4.0\u201c \u2013 daher das Projektakronym \u201eSemAnz40\u201c.<\/p>\n<div style=\"width: 1920px;\" class=\"wp-video\"><video class=\"wp-video-shortcode\" id=\"video-365-1\" width=\"1920\" height=\"1080\" poster=\"https:\/\/www.hsu-hh.de\/aut\/wp-content\/uploads\/sites\/670\/2017\/12\/Semanz40_Video.jpg\" preload=\"metadata\" controls=\"controls\"><source type=\"video\/mp4\" src=\"https:\/\/www.hsu-hh.de\/aut\/wp-content\/uploads\/sites\/670\/2017\/12\/Semanz-40-Final_1080p.mp4?_=1\" \/><a href=\"https:\/\/www.hsu-hh.de\/aut\/wp-content\/uploads\/sites\/670\/2017\/12\/Semanz-40-Final_1080p.mp4\">https:\/\/www.hsu-hh.de\/aut\/wp-content\/uploads\/sites\/670\/2017\/12\/Semanz-40-Final_1080p.mp4<\/a><\/video><\/div>\n<p>\u201eSemAnz40\u201c ist ein Verbundprojekt im Rahmen der F\u00f6rderrichtlinie \u201eTransfer von Forschungs- und Entwicklungsergebnissen durch Normung und Standardisierung (TNS)\u201c. Es wird gef\u00f6rdert vom Bundesministerium f\u00fcr Wirtschaft und Technologie aufgrund eines Beschlusses des Deutschen Bundestags. Partner im Verbundprojekt sind:<\/p>\n<ul>\n<li>\u00a0<a href=\"http:\/\/www.ifat.ovgu.de\/Lehrst{3728c0ddcf5026c65bc0b4e995c837d09025c3e7fa253cea254631dfe46bf841}C3{3728c0ddcf5026c65bc0b4e995c837d09025c3e7fa253cea254631dfe46bf841}BChle+und+Fachgebiete\/Integrierte+Automation\/Lehrstuhlleiter.html\" rel='nofollow'>Otto-von-Guericke-Universit\u00e4t Magdeburg, Lehrstuhl Integrierte Automation <\/a><\/li>\n<li><a href=\"http:\/\/www.roesberg.com\/de\/start.html\" rel='nofollow'>R\u00f6sberg\u00a0Engineering\u00a0<\/a><\/li>\n<li><a href=\"http:\/\/www.eclass.eu\/\" rel='nofollow'>eCl@ss\u00a0e.V.\u00a0<\/a><\/li>\n<li><a href=\"http:\/\/www.hsu-hh.de\/aut\">Helmut-Schmidt-Universit\u00e4t, Institut f\u00fcr Automatisierungstechnik<\/a><\/li>\n<\/ul>\n<p>Projekttr\u00e4ger der Projekte der F\u00f6rderrichtlinie ist das <a href=\"http:\/\/www.dlr.de\/pt\" rel='nofollow'>DLR <\/a>.<\/p>\n<p>Projekthomepage:\u00a0<a href=\"http:\/\/www.semanz40.de\/\" target=\"_blank\" rel=\"noopener noreferrer\">www.semanz40.de <\/a><\/p>\n<p>Seitens der <abbr title=\"Helmut Schmidt Universit\u00e4t\">HSU<\/abbr> wird das Projekt bearbeitet durch Herrn <a title=\"Startseite \u00bb Mitarbeiter \u00bb Wiss. Mitarbeiter \u00bb Andr\u00e9\u00a0Scholz\" href=\"https:\/\/www.hsu-hh.de\/aut\/index_yJDb13rigkem0q0Y.html\"><abbr title=\"Diplom\">Dipl.<\/abbr>&#8211;<abbr title=\"Ingenieur\">Ing.<\/abbr> Andr\u00e9 Scholz<\/a>\u00a0und Herrn <a title=\"Startseite \u00bb Mitarbeiter \u00bb Wiss. Mitarbeiter \u00bb Constantin\u00a0Hildebrandt\" href=\"https:\/\/www.hsu-hh.de\/aut\/index_GDEWnd0SZZbx33mN.html\">Constantin Hildebrandt, <abbr title=\"Master of Science\">M.Sc.<\/abbr><\/a>.<\/p>\n<h2>Was ist SemAnz40?<\/h2>\n<p>SemAnz40 ist ein vom Bundesministerium f\u00fcr Wirtschaft und Energie (BMWi) im Bereich Transfer von FuE-Ergebnissen durch Normung und Standardisierung gef\u00f6rdertes Verbundvorhaben. SemAnz40 zeigt auf, wie mit in der DKE-Normungs-Roadmap Industrie 4.0 empfohlenen deutschen und internationalen Standards Anwendungsf\u00e4lle von Industrie 4.0 mit eindeutiger Datensemantik realisiert werden k\u00f6nnen. SemAnz40 liefert so eine semantische Basis f\u00fcr die privatwirtschaftliche Entwicklung von Produkten und Prozessen f\u00fcr Industrie 4.0.<\/p>\n<div id=\"contentblock\">\n<div class=\"header_info\">\n<p>Wichtige Organisationen und Normungsbeitr\u00e4ge:<\/p>\n<p><img decoding=\"async\" title=\"Wichtige%20Organisationen%20und%20Normungsbeitr%C3%A4ge\" src=\"https:\/\/webbox.hsu-hh.de\/images\/wbox0028\/Forschung\/aktuelle%20Projekte\/Wichtige%20Organisationen%20und%20Normungsbeitr%C3%A4ge.jpg\" \/><\/p>\n<\/div>\n<\/div>\n<h2>Der Bezug von SemAnz40 zur Plattform Industrie 4.0<\/h2>\n<p>Die Arbeiten von SemAnz40 setzen direkt auf Aktivit\u00e4ten der Plattform Industrie 4.0 auf:<\/p>\n<ul>\n<li>Referenz-Architektur-Modell Industrie 4.0 (RAMI 4.0 \u2013 DIN SPEC 91345) von ZVEI SG2 \u201eModelle und Standards\u201c und Plattform Industrie 4.0 AG1<\/li>\n<li>Semantik und Interaktion f\u00fcr I4.0-Komponenten (GMA 7.20\/Unterarbeitsgruppe \u201eOntologie\u201c der AG1)<\/li>\n<li>Fortschreibung der Forschungs-Roadmap (AG2 der Plattform)<\/li>\n<li>Fortschreibung der Anwendungsszenarien f\u00fcr die Wertsch\u00f6pfungsketten (AG2 der Plattform)<\/li>\n<\/ul>\n<p>Das von SemAnz40 entwickelte Systemmodell kann dazu genutzt werden, die Festlegungen zur Gestaltung der I4.0-Komponenten mit den Szenarien der Wertsch\u00f6pfungsketten zu verbinden.<\/p>\n<h2>Warum SemAnz40?<\/h2>\n<p>F\u00fcr Systeme, die auf eine Kollaboration <abbr title=\"beziehungsweise\">bzw.<\/abbr> Kooperation mit anderen Systemen angewiesen sind, muss die Semantik der ausgetauschten Informationen modelliert werden. Das betrifft Maschinen, die Produktionsauftr\u00e4ge selbstst\u00e4ndig untereinander (um)verteilen oder Sensordaten, die aus r\u00e4umlich verteilten Messungen zusammengef\u00fchrt werden.<\/p>\n<p>Die Semantik wird umso wichtiger, wenn z. B. die Messung von Qualit\u00e4ts-Abweichungen eines Bauteils aus der Produktion online in Konstruktions- und Simulations-Werkzeuge zur\u00fcckgespielt, dort durchgerechnet und \u2013 basierend darauf \u2013 die weiteren Produktionsschritte f\u00fcr dieses Bauteil angepasst werden sollen. Die beteiligten Partner m\u00fcssen also \u201edieselbe Sprache sprechen\u201c.<\/p>\n<blockquote><p><strong>\u201eDieselbe Sprache\u201c bedeutet: alle Beteiligten verwenden <\/strong><strong>bei der Beschreibung dessen, was und wie sie etwas<\/strong> <strong>anfordern oder umsetzen, Begriffe und \u201eSatzstrukturen\u201c <\/strong><strong>aus einem gemeinsamen Vokabular.<\/strong><\/p><\/blockquote>\n<p>Es reicht nicht aus, \u00fcber Schnittstellen <abbr title=\"beziehungsweise\">bzw.<\/abbr> gemeinsame Kommunikationsprotokolle Kommunikationsverbindungen aufzubauen. Die k\u00fcnftige Dienste-Orientierung erfordert auch ein gemeinsames Verst\u00e4ndnis der auszutauschenden Inhalte.<\/p>\n<p>Daher m\u00fcssen Maschinen, Werkzeuge, Produkte, Angebote, Anfragen und Auftr\u00e4ge einerseits formal und maschinenverarbeitbar beschrieben werden. Andererseits m\u00fcssen diese Beschreibungen beim designierten Partner bekannt sein und auch von ihm verstanden werden. Das hei\u00dft: Alle Beteiligten m\u00fcssen die Bedeutung des \u00dcbermittelten gleicherma\u00dfen interpretieren.<\/p>\n<h3>Genau hier setzt SemAnz40 an:<\/h3>\n<p>SemAnz40 zeigt auf, wie durch bereits existierende, aktuelle und etablierte Standards zur<\/p>\n<ul>\n<li>Beschreibung mit Merkmalen (insbesondere eCl@ss und IEC 61987) und zur<\/li>\n<li>Strukturierung von Informationen [insbesondere AutomationML (IEC 62714)] sowie als<\/li>\n<li>Schnittstellenspezifikation [insbesondere OPC UA (IEC 62541)]<\/li>\n<\/ul>\n<p>eine geeignete semantische Basis f\u00fcr den Informationsaustausch in den Anwendungsf\u00e4llen von Industrie 4.0 gebildet werden kann.<\/p>\n<h2>SemAnz40-Empfehlungen<\/h2>\n<div class=\"header_info\">\n<ul>\n<li>In allen Phasen der Planung und des operativen Betriebswerden Ger\u00e4te- <abbr title=\"beziehungsweise\">bzw.<\/abbr> Komponenten-Eigenschaften und-Parameter als Merkmale verwendet.<\/li>\n<li>eCl@ss-Merkmale werden (wo immer m\u00f6glich) eingesetzt.<\/li>\n<li>Das SEMANZ40-Systemmodell (Struktur-, Funktions- und Verhaltensmodell, mit Beziehung zur Formalisierten Prozessbeschreibung VDI\/VDE 3682) spezialisiert das AutomationML-Basismodell.<\/li>\n<li>Merkmale werden nach einer definierten Regel (als Attribute) in AutomationML eingeordnet.<\/li>\n<li>Alle Zwischenergebnisse s\u00e4mtlicher Lebenszyklusphasen k\u00f6nnen in AutomationML abgelegt werden.<\/li>\n<li>Ger\u00e4teparameter k\u00f6nnen w\u00e4hrend des operativen Betriebs ausgelesen werden (<abbr title=\"zum Beispiel\">z.B.<\/abbr> PROFIBUS PA, HART, \u2026.) und als Werte der entsprechenden Datenelemente (meist synonym als Merkmale bezeichnet) in AutomationML eingebracht werden.<\/li>\n<li>AutomationML &#8211; ProDOK NG-Export und Ger\u00e4teparameter in AutomationML k\u00f6nnen zusammengef\u00fchrt werden, um Vergleiche zwischen der Anlage \u201cas planned\u201d und \u201cas built\u201d vorzunehmen.<\/li>\n<li>eCl@ss-Merkmale, die bei der Planung und im operativen Betrieb gleich verwendet werden, sind durch eindeutige IDs zuordenbar.<\/li>\n<\/ul>\n<p>Konzept des SemAnz40-Informationsmodells:<\/p>\n<h2><img decoding=\"async\" title=\"Konzept%20des%20SemAnz40-Informationsmodells\" src=\"https:\/\/webbox.hsu-hh.de\/images\/wbox0028\/Forschung\/aktuelle%20Projekte\/Konzept%20des%20SemAnz40-Informationsmodells.jpg\" \/><br \/>\nDownloads<\/h2>\n<\/div>\n<div class=\"col-xs-12 downloads-item\">\n<div class=\"row border-line\">\n<div class=\"thumbnail-area\"><img decoding=\"async\" class=\"download-image\" src=\"\/wp-content\/themes\/hsu\/img\/dummy\/downloads_dummy.png\" alt=\"\" \/><\/div>\n<div class=\"text-area\"><span class=\"download-text\">Flyer SemAnz40<\/span><\/div>\n<div class=\"download-area\"><a class=\"download-link\" href=\"https:\/\/www.hsu-hh.de\/aut\/wp-content\/uploads\/sites\/670\/2017\/12\/Flyer_SemAnz40_Downloadversion_neu.pdf\"><span class=\"download-name\">pdf laden<\/span><span class=\"donwload-icon\"><img decoding=\"async\" class=\"download-icon\" src=\"\/wp-content\/themes\/hsu\/img\/icons\/download_icon.png\" alt=\"download icon\" \/><\/span><span class=\"download-size\">3 MB<\/span><\/a><\/div>\n<\/div>\n<\/div>\n<div class=\"col-xs-12 downloads-item\">\n<div class=\"row border-line\">\n<div class=\"thumbnail-area\"><img decoding=\"async\" class=\"download-image\" src=\"\/wp-content\/themes\/hsu\/img\/dummy\/downloads_dummy.png\" alt=\"\" \/><\/div>\n<div class=\"text-area\"><span class=\"download-text\">Brosch\u00fcre SemAnz40<\/span><\/div>\n<div class=\"download-area\"><a class=\"download-link\" href=\"https:\/\/www.hsu-hh.de\/aut\/wp-content\/uploads\/sites\/670\/2017\/12\/Brosch\u00fcre_Semanz40.pdf\"><span class=\"download-name\">pdf laden<\/span><span class=\"donwload-icon\"><img decoding=\"async\" class=\"download-icon\" src=\"\/wp-content\/themes\/hsu\/img\/icons\/download_icon.png\" alt=\"download icon\" \/><\/span><span class=\"download-size\">3 MB<\/span><\/a><\/div>\n<\/div>\n<\/div>\n<div class=\"col-xs-12 downloads-item\">\n<div class=\"row border-line\">\n<div class=\"thumbnail-area\"><img decoding=\"async\" class=\"download-image\" src=\"\/wp-content\/themes\/hsu\/img\/dummy\/downloads_dummy.png\" alt=\"\" \/><\/div>\n<div class=\"text-area\"><span class=\"download-text\">Beitrag Automation 2017 &#8211; Semantische Inhalte f\u00fcr Industrie 4.0<\/span><\/div>\n<div class=\"download-area\"><a class=\"download-link\" href=\"https:\/\/www.hsu-hh.de\/aut\/wp-content\/uploads\/sites\/670\/2017\/11\/Automation2017_Hildebrandt_Semantische-Allianz-4.0-Semantische-Inhalte-f\u00fcr-Industrie-4.0.pdf\"><span class=\"download-name\">pdf laden<\/span><span class=\"donwload-icon\"><img decoding=\"async\" class=\"download-icon\" src=\"\/wp-content\/themes\/hsu\/img\/icons\/download_icon.png\" alt=\"download icon\" \/><\/span><span class=\"download-size\">442 KB<\/span><\/a><\/div>\n<\/div>\n<\/div>\n<div class=\"col-xs-12 downloads-item\">\n<div class=\"row border-line\">\n<div class=\"thumbnail-area\"><img decoding=\"async\" class=\"download-image\" src=\"\/wp-content\/themes\/hsu\/img\/dummy\/downloads_dummy.png\" alt=\"\" \/><\/div>\n<div class=\"text-area\"><span class=\"download-text\">Dokumentation SemAnz40-AML<\/span><\/div>\n<div class=\"download-area\"><a class=\"download-link\" href=\"https:\/\/www.hsu-hh.de\/aut\/wp-content\/uploads\/sites\/670\/2017\/11\/Doku-zu-SemAnz40-AML.pdf\"><span class=\"download-name\">pdf laden<\/span><span class=\"donwload-icon\"><img decoding=\"async\" class=\"download-icon\" src=\"\/wp-content\/themes\/hsu\/img\/icons\/download_icon.png\" alt=\"download icon\" \/><\/span><span class=\"download-size\">1 MB<\/span><\/a><\/div>\n<\/div>\n<\/div>\n<div class=\"col-xs-12 downloads-item\">\n<div class=\"row border-line\">\n<div class=\"thumbnail-area\"><img decoding=\"async\" class=\"download-image\" src=\"\/wp-content\/themes\/hsu\/img\/dummy\/downloads_dummy.png\" alt=\"\" \/><\/div>\n<div class=\"text-area\"><span class=\"download-text\">SemAnz40 AML <\/span><\/div>\n<div class=\"download-area\"><a class=\"download-link\" href=\"https:\/\/www.hsu-hh.de\/aut\/wp-content\/uploads\/sites\/670\/2017\/12\/SemAnz40.zip\"><span class=\"download-name\">zip laden<\/span><span class=\"donwload-icon\"><img decoding=\"async\" class=\"download-icon\" src=\"\/wp-content\/themes\/hsu\/img\/icons\/download_icon.png\" alt=\"download icon\" \/><\/span><span class=\"download-size\">12 KB<\/span><\/a><\/div>\n<\/div>\n<\/div>\n","protected":false},"excerpt":{"rendered":"<p>Der Abschlussbericht zum Projekt SemAnz4.0 kann hier heruntergeladen werden: http:\/\/edoc.sub.uni-hamburg.de\/hsu\/volltexte\/2018\/3193\/ In \u201eSemAnz40\u201c wird gezeigt, wie mit von der DKE-Normungsroadmap\u00a0Industrie 4.0 \u00a0empfohlenen deutschen Standards Anwendungsf\u00e4lle von Industrie 4.0 realisiert werden k\u00f6nnen. [&hellip;]<\/p>\n","protected":false},"author":78,"featured_media":0,"parent":164,"menu_order":0,"comment_status":"closed","ping_status":"closed","template":"","meta":{"footnotes":""},"categories":[4],"tags":[],"class_list":["post-365","page","type-page","status-publish","hentry","category-forschung"],"_links":{"self":[{"href":"https:\/\/www.hsu-hh.de\/aut\/wp-json\/wp\/v2\/pages\/365","targetHints":{"allow":["GET"]}}],"collection":[{"href":"https:\/\/www.hsu-hh.de\/aut\/wp-json\/wp\/v2\/pages"}],"about":[{"href":"https:\/\/www.hsu-hh.de\/aut\/wp-json\/wp\/v2\/types\/page"}],"author":[{"embeddable":true,"href":"https:\/\/www.hsu-hh.de\/aut\/wp-json\/wp\/v2\/users\/78"}],"replies":[{"embeddable":true,"href":"https:\/\/www.hsu-hh.de\/aut\/wp-json\/wp\/v2\/comments?post=365"}],"version-history":[{"count":15,"href":"https:\/\/www.hsu-hh.de\/aut\/wp-json\/wp\/v2\/pages\/365\/revisions"}],"predecessor-version":[{"id":4255,"href":"https:\/\/www.hsu-hh.de\/aut\/wp-json\/wp\/v2\/pages\/365\/revisions\/4255"}],"up":[{"embeddable":true,"href":"https:\/\/www.hsu-hh.de\/aut\/wp-json\/wp\/v2\/pages\/164"}],"wp:attachment":[{"href":"https:\/\/www.hsu-hh.de\/aut\/wp-json\/wp\/v2\/media?parent=365"}],"wp:term":[{"taxonomy":"category","embeddable":true,"href":"https:\/\/www.hsu-hh.de\/aut\/wp-json\/wp\/v2\/categories?post=365"},{"taxonomy":"post_tag","embeddable":true,"href":"https:\/\/www.hsu-hh.de\/aut\/wp-json\/wp\/v2\/tags?post=365"}],"curies":[{"name":"wp","href":"https:\/\/api.w.org\/{rel}","templated":true}]}}