{"id":3500,"date":"2023-02-09T12:31:31","date_gmt":"2023-02-09T11:31:31","guid":{"rendered":"https:\/\/www.hsu-hh.de\/aut\/?page_id=3500"},"modified":"2023-02-09T13:05:39","modified_gmt":"2023-02-09T12:05:39","slug":"assistenzsystem-aus-verbindung-von-engineering-dokumenten-und-anlagenlivedaten-zur-szenario-und-flusswegeanalyse-avedas","status":"publish","type":"page","link":"https:\/\/www.hsu-hh.de\/aut\/assistenzsystem-aus-verbindung-von-engineering-dokumenten-und-anlagenlivedaten-zur-szenario-und-flusswegeanalyse-avedas","title":{"rendered":"Assistenzsystem aus Verbindung von Engineering-Dokumenten und Anlagenlivedaten zur Szenario- und Flusswegeanalyse (AVEDAS)"},"content":{"rendered":"\n<p>Die Prozessindustrie steht vor der Herausforderung, zunehmend k\u00fcrzer werdende Produktlebenszyklen mit Anlagen zu bew\u00e4ltigen, die f\u00fcr lange Zeithorizonte erstellt wurden und denen h\u00e4ufig die Flexibilit\u00e4t zur Umr\u00fcstung auf neue Produkte fehlt. Einer mangelnden Flexibilit\u00e4t von Anlagen l\u00e4sst sich durch die Einf\u00fchrung eines Digitalen Zwillings entgegenwirken, indem Eingriffe in die Anlage, wie beispielsweise Umr\u00fcstungen, virtuell erprobt werden k\u00f6nnen. Zum Zeitpunkt des realen Eingriffs ist das Anlagenverhalten dadurch bereits bekannt. Es k\u00f6nnen Zeiten und Kosten von Umbauma\u00dfnahmen reduziert werden, wodurch diese f\u00fcr den Anlagenbetreiber ressourcenschonender und attraktiver werden.<\/p>\n\n\n\n<p>Den Vorteilen des Digitalen Zwillings bei seinem Einsatz in der Industrie stehen die Herausforderungen seiner Erstellung und Instandhaltung entgegen. Die technische Dokumentation von Anlagen liegt, insbesondere im Fall von Brownfield-Anlagen, zumeist verteilt und fragmentiert vor, wodurch die Erstellung eines Digitalen Zwillings erschwert wird. Durch eine h\u00e4ufig unvollst\u00e4ndige Dokumentation von \u00c4nderungen im Lebenszyklus von Brownfield-Anlagen ist der Anlagenzustand dem Betreiber formal h\u00e4ufig nicht bekannt. Der erstellte Digitale Zwilling w\u00e4re in diesem Fall zu ungenau, um qualifizierte Aussagen und Vorhersagen treffen zu k\u00f6nnen, die eine Umr\u00fcstung erleichtern k\u00f6nnten.<\/p>\n\n\n\n<p>Daher forscht die Helmut-Schmidt-Universit\u00e4t \/ Universit\u00e4t der Bundeswehr Hamburg im Rahmen des Projekts AVEDAS gemeinsam mit der mid Documentation <abbr title=\"Gesellschaft mit beschr\u00e4nkter Haftung\">GmbH<\/abbr> an einem Assistenzsystem mit integriertem Digitalen Zwilling, welcher selbstst\u00e4ndig Unterschiede zwischen Simulationsdaten und Anlagenmesswerten erkennt und seine Modelle entsprechend adaptiert.<\/p>\n\n\n\n<p>Das zu erstellende Assistenzsystem b\u00fcndelt die verteilten Anlageninformationen und \u00fcbernimmt Anlagenmesswerte. Es unterst\u00fctzt den Betreiber bei Aufgaben der Anlagenwartung und Produktionsoptimierung. Bei der Analyse verschiedener Szenarien hilft das Assistenzsystem die komplexen Prozesse der Anlage transparent zu machen und es unterst\u00fctzt den Betreiber bei dem Erkennen mangelnder Dokumentation im Falle von Anlagen\u00e4nderungen. Das Institut f\u00fcr Automatisierungstechnik erforscht dabei die Erstellung eines Digitalen Zwillings, welcher durch eine automatisierte Generierung und Instandhaltung der verwendeten Modelle gekennzeichnet ist.<\/p>\n\n\n\n<p>Seitens der Helmut-Schmidt-Universit\u00e4t \/ Universit\u00e4t der Bundeswehr Hamburg wird das Projekt durch Herrn <a href=\"https:\/\/www.hsu-hh.de\/aut\/team\/ramonat\">Malte Ramonat<\/a> bearbeitet.<\/p>\n\n\n\n<figure class=\"wp-block-image size-large is-resized\"><img loading=\"lazy\" decoding=\"async\" src=\"https:\/\/www.hsu-hh.de\/aut\/wp-content\/uploads\/sites\/670\/2021\/12\/BMWi_Fz_2017_Office_Farbe_de-8-995x1024.png\" data-credit=\"Bundesministerium f\u00fcr Wirtschaft und Klimaschutz\" alt=\"Gef\u00f6rdert durch das Bundesministerium f\u00fcr Wirtschaft und Klimaschutz\" class=\"wp-image-2774\" width=\"170\" height=\"175\" srcset=\"https:\/\/www.hsu-hh.de\/aut\/wp-content\/uploads\/sites\/670\/2021\/12\/BMWi_Fz_2017_Office_Farbe_de-8-995x1024.png 995w, https:\/\/www.hsu-hh.de\/aut\/wp-content\/uploads\/sites\/670\/2021\/12\/BMWi_Fz_2017_Office_Farbe_de-8-291x300.png 291w, https:\/\/www.hsu-hh.de\/aut\/wp-content\/uploads\/sites\/670\/2021\/12\/BMWi_Fz_2017_Office_Farbe_de-8-768x791.png 768w, https:\/\/www.hsu-hh.de\/aut\/wp-content\/uploads\/sites\/670\/2021\/12\/BMWi_Fz_2017_Office_Farbe_de-8-1100x1132.png 1100w, https:\/\/www.hsu-hh.de\/aut\/wp-content\/uploads\/sites\/670\/2021\/12\/BMWi_Fz_2017_Office_Farbe_de-8.png 1360w\" sizes=\"auto, (max-width: 170px) 100vw, 170px\" \/><\/figure>\n","protected":false},"excerpt":{"rendered":"<p>Die Prozessindustrie steht vor der Herausforderung, zunehmend k\u00fcrzer werdende Produktlebenszyklen mit Anlagen zu bew\u00e4ltigen, die f\u00fcr lange Zeithorizonte erstellt wurden und denen h\u00e4ufig die Flexibilit\u00e4t zur Umr\u00fcstung auf neue Produkte [&hellip;]<\/p>\n","protected":false},"author":66,"featured_media":0,"parent":0,"menu_order":0,"comment_status":"closed","ping_status":"closed","template":"","meta":{"footnotes":""},"categories":[4],"tags":[],"class_list":["post-3500","page","type-page","status-publish","hentry","category-forschung"],"_links":{"self":[{"href":"https:\/\/www.hsu-hh.de\/aut\/wp-json\/wp\/v2\/pages\/3500","targetHints":{"allow":["GET"]}}],"collection":[{"href":"https:\/\/www.hsu-hh.de\/aut\/wp-json\/wp\/v2\/pages"}],"about":[{"href":"https:\/\/www.hsu-hh.de\/aut\/wp-json\/wp\/v2\/types\/page"}],"author":[{"embeddable":true,"href":"https:\/\/www.hsu-hh.de\/aut\/wp-json\/wp\/v2\/users\/66"}],"replies":[{"embeddable":true,"href":"https:\/\/www.hsu-hh.de\/aut\/wp-json\/wp\/v2\/comments?post=3500"}],"version-history":[{"count":2,"href":"https:\/\/www.hsu-hh.de\/aut\/wp-json\/wp\/v2\/pages\/3500\/revisions"}],"predecessor-version":[{"id":3505,"href":"https:\/\/www.hsu-hh.de\/aut\/wp-json\/wp\/v2\/pages\/3500\/revisions\/3505"}],"wp:attachment":[{"href":"https:\/\/www.hsu-hh.de\/aut\/wp-json\/wp\/v2\/media?parent=3500"}],"wp:term":[{"taxonomy":"category","embeddable":true,"href":"https:\/\/www.hsu-hh.de\/aut\/wp-json\/wp\/v2\/categories?post=3500"},{"taxonomy":"post_tag","embeddable":true,"href":"https:\/\/www.hsu-hh.de\/aut\/wp-json\/wp\/v2\/tags?post=3500"}],"curies":[{"name":"wp","href":"https:\/\/api.w.org\/{rel}","templated":true}]}}