{"id":3450,"date":"2023-01-20T12:02:59","date_gmt":"2023-01-20T11:02:59","guid":{"rendered":"https:\/\/www.hsu-hh.de\/aut\/?page_id=3450"},"modified":"2026-02-13T16:13:24","modified_gmt":"2026-02-13T15:13:24","slug":"critical-components-for-distributed-and-secure-grid-operation-disego","status":"publish","type":"page","link":"https:\/\/www.hsu-hh.de\/aut\/critical-components-for-distributed-and-secure-grid-operation-disego","title":{"rendered":"Critical Components for Distributed and Secure Grid Operation (DISEGO)"},"content":{"rendered":"\n<p>Die Elektrifizierung der Sektoren W\u00e4rme und Mobilit\u00e4t stellen erhebliche Herausforderungen f\u00fcr den Stromnetzbetrieb dar. Bestehende Verteilnetze sind nicht auf die erwarteten Lastzuw\u00e4chse ausgelegt. Um kostenintensiven Netzausbau zu vermeiden, wird ein verst\u00e4rkter Einsatz intelligenter, Software-basierter L\u00f6sungen erforderlich. In diesem Vorhaben wird, aufbauend auf den bisherigen Arbeiten der Konsortialpartner, der n\u00e4chste Entwicklungsschritt unternommen. Das Konsortium fokussiert sich auf vier eng verzahnte Komponenten:<\/p>\n\n\n\n<ol class=\"wp-block-list\">\n<li>minimalinvasive Netzzustands\u00fcberwachung auf Basis von Smart-Meter-Daten und dezentralen Messpunkten,<\/li>\n\n\n\n<li>kontinuierliche Verbesserung der Systemmodelle durch KI-basierte Verfahren zur Minimierung der Abweichung zwischen realem und modelliertem Verhalten,<\/li>\n\n\n\n<li>manipulationssichere, drahtlose Kommunikationsanbindung dezentraler Energieanlagen mittels Weitbereichsfunk,<\/li>\n\n\n\n<li>Integration dieser Komponenten in eine interoperable Energie-Internet-of-Things (eIoT)-Plattform zur Aggregation von Netz- und Anlagendaten sowie zur netzdienlichen Steuerung.<\/li>\n<\/ol>\n\n\n\n<p>Die Erprobung der entwickelten Ans\u00e4tze erfolgt mehrstufig: Zun\u00e4chst werden Laborversuche und Simulationen an der Technischen Universit\u00e4t Hamburg durchgef\u00fchrt, wobei insbesondere State Estimation und digitale Anwendungen im Fokus stehen. In der zweiten Stufe erfolgt ein Feldtest auf dem Innovationscampus von Stromnetz Hamburg zur Erprobung der Kommunikation zwischen realer Hardware und realen Marktrollen. Abschlie\u00dfend wird die gesamte Wirkkette der eIoT-Plattform im Netzgebiet der Stadtwerke Norderstedt unter Einbindung realer Kunden validiert.<\/p>\n\n\n\n<p>Zur nachhaltigen Nutzung der Projektergebnisse werden Arbeiten zur Skalierbarkeit der entwickelten L\u00f6sungen, Standardisierung und regulatorische Empfehlungen durchgef\u00fchrt. Zudem werden innovative Konzepte zur netzdienlichen Steuerung gem\u00e4\u00df \u00a714a EnWG weiterentwickelt und im realen Betrieb erprobt.<\/p>\n\n\n\n<p>Das Projekt wird durch das Bundesministerium f\u00fcr Wirtschaft und Klimaschutz (BMWK) gef\u00f6rdert und l\u00e4uft vom 01.11.2022 bis zum 31.10.2025.<\/p>\n\n\n\n<p>Die Projektleitung liegt bei der Professur f\u00fcr Automatisierungstechnik. Ansprechpartner sind <abbr title=\"Doktor\">Dr.<\/abbr>&#8211;<abbr title=\"Ingenieur\">Ing.<\/abbr> Lukas Wagner und Nane Zimmermann.<\/p>\n\n\n\n<p><strong>Projektpartner<\/strong><\/p>\n\n\n\n<ul class=\"wp-block-list\">\n<li>Hochschule f\u00fcr Angewandte Wissenschaften Hamburg<\/li>\n\n\n\n<li>Universit\u00e4t Duisburg-Essen<\/li>\n\n\n\n<li>Technische Universit\u00e4t Hamburg<\/li>\n\n\n\n<li>PSI Software SE<\/li>\n\n\n\n<li>Hamburger Energienetze <abbr title=\"Gesellschaft mit beschr\u00e4nkter Haftung\">GmbH<\/abbr><\/li>\n\n\n\n<li>Stadtwerke Norderstedt<\/li>\n<\/ul>\n\n\n\n<figure class=\"wp-block-image size-large is-resized\"><img loading=\"lazy\" decoding=\"async\" width=\"995\" height=\"1024\" src=\"https:\/\/www.hsu-hh.de\/aut\/wp-content\/uploads\/sites\/670\/2021\/12\/BMWi_Fz_2017_Office_Farbe_de-8-995x1024.png\" data-credit=\"Bundesministerium f\u00fcr Wirtschaft und Klimaschutz\" alt=\"Gef\u00f6rdert durch das Bundesministerium f\u00fcr Wirtschaft und Klimaschutz\" class=\"wp-image-2774\" style=\"width:171px;height:176px\" srcset=\"https:\/\/www.hsu-hh.de\/aut\/wp-content\/uploads\/sites\/670\/2021\/12\/BMWi_Fz_2017_Office_Farbe_de-8-995x1024.png 995w, https:\/\/www.hsu-hh.de\/aut\/wp-content\/uploads\/sites\/670\/2021\/12\/BMWi_Fz_2017_Office_Farbe_de-8-291x300.png 291w, https:\/\/www.hsu-hh.de\/aut\/wp-content\/uploads\/sites\/670\/2021\/12\/BMWi_Fz_2017_Office_Farbe_de-8-768x791.png 768w, https:\/\/www.hsu-hh.de\/aut\/wp-content\/uploads\/sites\/670\/2021\/12\/BMWi_Fz_2017_Office_Farbe_de-8-1100x1132.png 1100w, https:\/\/www.hsu-hh.de\/aut\/wp-content\/uploads\/sites\/670\/2021\/12\/BMWi_Fz_2017_Office_Farbe_de-8.png 1360w\" sizes=\"auto, (max-width: 995px) 100vw, 995px\" \/><\/figure>\n","protected":false},"excerpt":{"rendered":"<p>Die Elektrifizierung der Sektoren W\u00e4rme und Mobilit\u00e4t stellen erhebliche Herausforderungen f\u00fcr den Stromnetzbetrieb dar. Bestehende Verteilnetze sind nicht auf die erwarteten Lastzuw\u00e4chse ausgelegt. Um kostenintensiven Netzausbau zu vermeiden, wird ein [&hellip;]<\/p>\n","protected":false},"author":66,"featured_media":0,"parent":0,"menu_order":0,"comment_status":"closed","ping_status":"closed","template":"","meta":{"footnotes":""},"categories":[4],"tags":[],"class_list":["post-3450","page","type-page","status-publish","hentry","category-forschung"],"_links":{"self":[{"href":"https:\/\/www.hsu-hh.de\/aut\/wp-json\/wp\/v2\/pages\/3450","targetHints":{"allow":["GET"]}}],"collection":[{"href":"https:\/\/www.hsu-hh.de\/aut\/wp-json\/wp\/v2\/pages"}],"about":[{"href":"https:\/\/www.hsu-hh.de\/aut\/wp-json\/wp\/v2\/types\/page"}],"author":[{"embeddable":true,"href":"https:\/\/www.hsu-hh.de\/aut\/wp-json\/wp\/v2\/users\/66"}],"replies":[{"embeddable":true,"href":"https:\/\/www.hsu-hh.de\/aut\/wp-json\/wp\/v2\/comments?post=3450"}],"version-history":[{"count":5,"href":"https:\/\/www.hsu-hh.de\/aut\/wp-json\/wp\/v2\/pages\/3450\/revisions"}],"predecessor-version":[{"id":4726,"href":"https:\/\/www.hsu-hh.de\/aut\/wp-json\/wp\/v2\/pages\/3450\/revisions\/4726"}],"wp:attachment":[{"href":"https:\/\/www.hsu-hh.de\/aut\/wp-json\/wp\/v2\/media?parent=3450"}],"wp:term":[{"taxonomy":"category","embeddable":true,"href":"https:\/\/www.hsu-hh.de\/aut\/wp-json\/wp\/v2\/categories?post=3450"},{"taxonomy":"post_tag","embeddable":true,"href":"https:\/\/www.hsu-hh.de\/aut\/wp-json\/wp\/v2\/tags?post=3450"}],"curies":[{"name":"wp","href":"https:\/\/api.w.org\/{rel}","templated":true}]}}