{"id":2971,"date":"2022-03-04T11:01:49","date_gmt":"2022-03-04T10:01:49","guid":{"rendered":"https:\/\/www.hsu-hh.de\/aut\/?page_id=2971"},"modified":"2026-03-27T11:24:41","modified_gmt":"2026-03-27T10:24:41","slug":"losungen-und-handlungsempfehlungen-fur-die-nationale-umsetzung-der-u-space-verordnung-luv","status":"publish","type":"page","link":"https:\/\/www.hsu-hh.de\/aut\/losungen-und-handlungsempfehlungen-fur-die-nationale-umsetzung-der-u-space-verordnung-luv","title":{"rendered":"L\u00f6sungen und Handlungsempfehlungen f\u00fcr die nationale Umsetzung der U-Space-Verordnung &#8211; LUV"},"content":{"rendered":"\n<figure class=\"wp-block-image size-large is-resized\"><img loading=\"lazy\" decoding=\"async\" width=\"1024\" height=\"578\" src=\"https:\/\/www.hsu-hh.de\/aut\/wp-content\/uploads\/sites\/670\/2022\/03\/LUV-1024x578.jpg\" data-credit=\"\" alt=\"\" class=\"wp-image-2972\" style=\"width:689px;height:389px\" srcset=\"https:\/\/www.hsu-hh.de\/aut\/wp-content\/uploads\/sites\/670\/2022\/03\/LUV-1024x578.jpg 1024w, https:\/\/www.hsu-hh.de\/aut\/wp-content\/uploads\/sites\/670\/2022\/03\/LUV-300x169.jpg 300w, https:\/\/www.hsu-hh.de\/aut\/wp-content\/uploads\/sites\/670\/2022\/03\/LUV-768x434.jpg 768w, https:\/\/www.hsu-hh.de\/aut\/wp-content\/uploads\/sites\/670\/2022\/03\/LUV-1100x621.jpg 1100w, https:\/\/www.hsu-hh.de\/aut\/wp-content\/uploads\/sites\/670\/2022\/03\/LUV.jpg 1390w\" sizes=\"auto, (max-width: 1024px) 100vw, 1024px\" \/><\/figure>\n\n\n\n<p>Ziel von&nbsp;LUV&nbsp;ist die Erarbeitung von Handlungsempfehlungen f\u00fcr die nationale Umsetzung der U-Space-Verordnung (DVO (EU) 2021\/664) unter Ber\u00fccksichtigung von technischen, rechtlichen und organisatorischen Zusammenh\u00e4ngen. Zu diesem Zweck sollen Eckpunkte f\u00fcr erforderliche Anpassungen im deutschen Luftrecht entwickelt und weiterf\u00fchrende Handlungsempfehlungen <abbr title=\"unter anderem\">u.a.<\/abbr> f\u00fcr die Ausgestaltung von Rollen, Verantwortlichkeiten und Anforderungen an die technische Ausstattung von Luftverkehrsteilnehmern gegeben werden.<\/p>\n\n\n\n<p>Zur Erreichung der Projektziele wird zun\u00e4chst ein U-Space-Betriebskonzept entwickelt, welches vorsieht, dass ein U-Space-Luftraum von einem S-CISP und mindestens zwei USSPs betrieben wird. Auf Basis des entwickelten U-Space-Betriebskonzepts werden Prozessmodelle f\u00fcr die technische und operative Grundlage zur Implementierung von U-Space-Luftr\u00e4umen erarbeitet, in denen die einzelnen Akteure, deren Verantwortlichkeiten sowie Informationsfl\u00fcsse in den jeweiligen Prozessschritten dargestellt werden. Zur Ermittlung von Regelungsinstrumenten f\u00fcr einen kompetitiven und sicheren U-Space-Betrieb werden theoretische Verkehrsszenarien und Grundlagen eines praxisorientierten Drohnenbetriebs mit Hinblick auf das beschriebene U-Space-Betriebskonzept entwickelt. Dies umfasst zus\u00e4tzlich die Identifikation und Analyse von Regelungsl\u00fccken aus der U-Space-Verordnung sowie die Entwicklung geeigneter Pricing-Konzepte f\u00fcr USSPs und Kostenerstattungsmechanismen f\u00fcr den S-CISP. Dar\u00fcber hinaus soll ein Verfahrensvorschlag gem. Art. 18 lit. f) erarbeitet werden, welcher die administrative Beteiligung von anderen, insbesondere lokalen Beh\u00f6rden und Stellen am Ausweisungs- und Gestaltungsprozess eines U-Space-Luftraums erm\u00f6glicht und durch Beteiligungsverfahren die Akzeptanz im urbanen Luftraum f\u00f6rdert.<\/p>\n\n\n\n<p>Die im Rahmen des Projekts entwickelten Konzepte werden durch Simulationsstudien und eine Auswertung anhand kritischer Betriebskennzahlen eines U-Space-Betriebs validiert. Anhand der Erkenntnisse aus dem entwickelten U-Space-Betriebskonzept und der weiteren Prozesse werden Handlungsempfehlungen f\u00fcr die nationale Umsetzung der U-Space-Verordnung erarbeitet, welche auf die elementaren Bausteine eines U-Space-Betriebs abzielen. Dies umfasst insbesondere die Kommunikationsstrukturen und Wirtschaftlichkeitsaspekte einzelner Akteure sowie deren Verantwortlichkeiten, die U-Space-Dienste und -Verfahren, das Konfliktmanagement sowie die Betrachtung unterschiedlicher Phasen eines U-Space-Betriebs und deren Anforderungen.<\/p>\n\n\n\n<p>Das Projekt wird durch das Bundesministerium f\u00fcr digitales und Verkehr (BMDV) gef\u00f6rdert und l\u00e4uft vom 01.01.2022 bis zum 31.03.2023.<\/p>\n\n\n\n<p>Die Projektleitung liegt bei der Professur f\u00fcr Automatisierungstechnik. Ansprechpartner ist <a href=\"mailto:tobias.grebner@hsu-hh.de\" rel='nofollow'>Tobias Grebner<\/a>.<\/p>\n\n\n\n<p><a href=\"http:\/\/www.luv-projekt.de\" rel='nofollow'>Hier<\/a> geht es zur offiziellen Website des Projekts.<br><\/p>\n\n\n\n<p><strong>Beteiligte Professuren im Hause<\/strong><\/p>\n\n\n\n<p><a href=\"https:\/\/www.hsu-hh.de\/aut\/\">Professur f\u00fcr Automatisierungstechnik<\/a> mit dem wissenschaftlichen Mitarbeitern <a href=\"mailto:tobias.grebner@hsu-hh.de\" rel='nofollow'>Tobias\u00a0Grebner<\/a>\u00a0und Luca von R\u00f6nn<\/p>\n\n\n\n<p><a href=\"https:\/\/www.hsu-hh.de\/verwaltungsrecht\/\">Professur f\u00fcr \u00d6ffentliches Recht, insbesondere \u00f6ffentliches Wirtschafts- und&nbsp;Umweltrecht<\/a> mit dem Mitarbeiter <a href=\"mailto:christian.worpenberg@hsu-hh.de\" rel='nofollow'>Christian Worpenberg<\/a> [kommissarische Leitung]<\/p>\n\n\n\n<p><br><strong>Externe Projektpartner<\/strong><\/p>\n\n\n\n<p>Beh\u00f6rde&nbsp;f\u00fcr&nbsp;Wirtschaft und Innovation&nbsp;der Freien und Hansestadt Hamburg<\/p>\n\n\n\n<p>DFS Deutsche Flugsicherung <abbr title=\"Gesellschaft mit beschr\u00e4nkter Haftung\">GmbH<\/abbr><\/p>\n\n\n\n<p>Droniq <abbr title=\"Gesellschaft mit beschr\u00e4nkter Haftung\">GmbH<\/abbr><\/p>\n\n\n\n<p>HHLA Sky&nbsp;<abbr title=\"Gesellschaft mit beschr\u00e4nkter Haftung\">GmbH<\/abbr><\/p>\n\n\n\n<p>HafenCity Universit\u00e4t Hamburg<\/p>\n\n\n\n<p>Technische Universit\u00e4t Hamburg<br><\/p>\n\n\n\n<p>Gef\u00f6rdert durch:<\/p>\n\n\n\n<figure class=\"wp-block-image size-full is-resized\"><img loading=\"lazy\" decoding=\"async\" width=\"696\" height=\"432\" src=\"https:\/\/www.hsu-hh.de\/aut\/wp-content\/uploads\/sites\/670\/2022\/03\/Unbenannt.png\" data-credit=\"\" alt=\"\" class=\"wp-image-2973\" style=\"width:305px;height:189px\" srcset=\"https:\/\/www.hsu-hh.de\/aut\/wp-content\/uploads\/sites\/670\/2022\/03\/Unbenannt.png 696w, https:\/\/www.hsu-hh.de\/aut\/wp-content\/uploads\/sites\/670\/2022\/03\/Unbenannt-300x186.png 300w\" sizes=\"auto, (max-width: 696px) 100vw, 696px\" \/><\/figure>\n\n\n\n<p>aufgrund eines Beschlusses des Deutschen Bundestags<\/p>\n","protected":false},"excerpt":{"rendered":"<p>Ziel von&nbsp;LUV&nbsp;ist die Erarbeitung von Handlungsempfehlungen f\u00fcr die nationale Umsetzung der U-Space-Verordnung (DVO (EU) 2021\/664) unter Ber\u00fccksichtigung von technischen, rechtlichen und organisatorischen Zusammenh\u00e4ngen. Zu diesem Zweck sollen Eckpunkte f\u00fcr erforderliche [&hellip;]<\/p>\n","protected":false},"author":66,"featured_media":0,"parent":0,"menu_order":0,"comment_status":"closed","ping_status":"closed","template":"","meta":{"footnotes":""},"categories":[4],"tags":[],"class_list":["post-2971","page","type-page","status-publish","hentry","category-forschung"],"_links":{"self":[{"href":"https:\/\/www.hsu-hh.de\/aut\/wp-json\/wp\/v2\/pages\/2971","targetHints":{"allow":["GET"]}}],"collection":[{"href":"https:\/\/www.hsu-hh.de\/aut\/wp-json\/wp\/v2\/pages"}],"about":[{"href":"https:\/\/www.hsu-hh.de\/aut\/wp-json\/wp\/v2\/types\/page"}],"author":[{"embeddable":true,"href":"https:\/\/www.hsu-hh.de\/aut\/wp-json\/wp\/v2\/users\/66"}],"replies":[{"embeddable":true,"href":"https:\/\/www.hsu-hh.de\/aut\/wp-json\/wp\/v2\/comments?post=2971"}],"version-history":[{"count":3,"href":"https:\/\/www.hsu-hh.de\/aut\/wp-json\/wp\/v2\/pages\/2971\/revisions"}],"predecessor-version":[{"id":4766,"href":"https:\/\/www.hsu-hh.de\/aut\/wp-json\/wp\/v2\/pages\/2971\/revisions\/4766"}],"wp:attachment":[{"href":"https:\/\/www.hsu-hh.de\/aut\/wp-json\/wp\/v2\/media?parent=2971"}],"wp:term":[{"taxonomy":"category","embeddable":true,"href":"https:\/\/www.hsu-hh.de\/aut\/wp-json\/wp\/v2\/categories?post=2971"},{"taxonomy":"post_tag","embeddable":true,"href":"https:\/\/www.hsu-hh.de\/aut\/wp-json\/wp\/v2\/tags?post=2971"}],"curies":[{"name":"wp","href":"https:\/\/api.w.org\/{rel}","templated":true}]}}