{"id":2859,"date":"2022-01-23T18:34:10","date_gmt":"2022-01-23T17:34:10","guid":{"rendered":"https:\/\/www.hsu-hh.de\/aut\/?page_id=2859"},"modified":"2025-10-02T11:14:37","modified_gmt":"2025-10-02T09:14:37","slug":"vieira","status":"publish","type":"page","link":"https:\/\/www.hsu-hh.de\/aut\/team\/vieira","title":{"rendered":"Miguel Vieira da Silva, M.Sc."},"content":{"rendered":"\n<h2 class=\"wp-block-heading\">Forschungsgruppenleiter Semantische Modellierung und Generative KI<\/h2>\n\n\n\n<hr class=\"wp-block-separator has-css-opacity\" \/>\n\n\n\n<div class=\"wp-block-columns is-layout-flex wp-container-core-columns-is-layout-9d6595d7 wp-block-columns-is-layout-flex\">\n<div class=\"wp-block-column is-layout-flow wp-block-column-is-layout-flow\" style=\"flex-basis:66.66%\">\n<p><strong>E-Mail: <\/strong><a href=\"mailto:miguel.vieira@hsu-hh.de\" rel='nofollow'>miguel.vieira<\/a><a href=\"mailto:maximilian.weigand@hsu-hh.de\" rel='nofollow'>@hsu-hh.de<\/a><\/p>\n\n\n\n<p><strong>Fax:<\/strong> +49 40 6541-2004<\/p>\n\n\n\n<p><strong>Postanschrift: <\/strong><\/p>\n\n\n\n<p>Helmut-Schmidt-Universit\u00e4t<br>Fakult\u00e4t f\u00fcr Maschinenbau<br>Professur f\u00fcr Automatisierungstechnik<br>Postfach 70 08 22<br>22008 Hamburg<\/p>\n\n\n\n<p><strong>Besucheranschrift:<\/strong><\/p>\n\n\n\n<p>Helmut-Schmidt-Universit\u00e4t<br>Geb\u00e4ude H1<br>Holstenhofweg 85<br>22043 Hamburg<\/p>\n<\/div>\n\n\n\n<div class=\"wp-block-column is-layout-flow wp-block-column-is-layout-flow\" style=\"flex-basis:33.33%\">\n<p><\/p>\n<\/div>\n<\/div>\n\n\n\n<hr class=\"wp-block-separator has-css-opacity\" \/>\n\n\n\n<h2 class=\"wp-block-heading\">Projekte:<\/h2>\n\n\n\n<p><a href=\"https:\/\/www.hsu-hh.de\/forschung\/fakultaeten-uebergreifend\/uas-at-hsu\/riva\">RIVA &#8211; Rechtskonforme <abbr title=\"Informationstechnologie\">IT<\/abbr>-Konzepte und -L\u00f6sungen f\u00fcr Verb\u00fcnde autonomer Land-, Wasser- und Luftfahrzeuge<\/a><\/p>\n","protected":false},"excerpt":{"rendered":"<p>Forschungsgruppenleiter Semantische Modellierung und Generative KI E-Mail: miguel.vieira@hsu-hh.de Fax: +49 40 6541-2004 Postanschrift: Helmut-Schmidt-Universit\u00e4tFakult\u00e4t f\u00fcr MaschinenbauProfessur f\u00fcr AutomatisierungstechnikPostfach 70 08 2222008 Hamburg Besucheranschrift: Helmut-Schmidt-Universit\u00e4tGeb\u00e4ude H1Holstenhofweg 8522043 Hamburg Projekte: RIVA &#8211; [&hellip;]<\/p>\n","protected":false},"author":2905,"featured_media":0,"parent":1188,"menu_order":0,"comment_status":"closed","ping_status":"closed","template":"","meta":{"footnotes":""},"categories":[8],"tags":[],"class_list":["post-2859","page","type-page","status-publish","hentry","category-team"],"_links":{"self":[{"href":"https:\/\/www.hsu-hh.de\/aut\/wp-json\/wp\/v2\/pages\/2859","targetHints":{"allow":["GET"]}}],"collection":[{"href":"https:\/\/www.hsu-hh.de\/aut\/wp-json\/wp\/v2\/pages"}],"about":[{"href":"https:\/\/www.hsu-hh.de\/aut\/wp-json\/wp\/v2\/types\/page"}],"author":[{"embeddable":true,"href":"https:\/\/www.hsu-hh.de\/aut\/wp-json\/wp\/v2\/users\/2905"}],"replies":[{"embeddable":true,"href":"https:\/\/www.hsu-hh.de\/aut\/wp-json\/wp\/v2\/comments?post=2859"}],"version-history":[{"count":3,"href":"https:\/\/www.hsu-hh.de\/aut\/wp-json\/wp\/v2\/pages\/2859\/revisions"}],"predecessor-version":[{"id":4596,"href":"https:\/\/www.hsu-hh.de\/aut\/wp-json\/wp\/v2\/pages\/2859\/revisions\/4596"}],"up":[{"embeddable":true,"href":"https:\/\/www.hsu-hh.de\/aut\/wp-json\/wp\/v2\/pages\/1188"}],"wp:attachment":[{"href":"https:\/\/www.hsu-hh.de\/aut\/wp-json\/wp\/v2\/media?parent=2859"}],"wp:term":[{"taxonomy":"category","embeddable":true,"href":"https:\/\/www.hsu-hh.de\/aut\/wp-json\/wp\/v2\/categories?post=2859"},{"taxonomy":"post_tag","embeddable":true,"href":"https:\/\/www.hsu-hh.de\/aut\/wp-json\/wp\/v2\/tags?post=2859"}],"curies":[{"name":"wp","href":"https:\/\/api.w.org\/{rel}","templated":true}]}}