{"id":2741,"date":"2021-12-06T16:20:03","date_gmt":"2021-12-06T15:20:03","guid":{"rendered":"https:\/\/www.hsu-hh.de\/aut\/?page_id=2741"},"modified":"2026-02-13T15:47:56","modified_gmt":"2026-02-13T14:47:56","slug":"modellierung-automatisierung-integration-und-optimierung-von-modular-aufgebauten-elektrolyse-anlagen-emodule","status":"publish","type":"page","link":"https:\/\/www.hsu-hh.de\/aut\/modellierung-automatisierung-integration-und-optimierung-von-modular-aufgebauten-elektrolyse-anlagen-emodule","title":{"rendered":"Modellierung, Automatisierung, Integration und Optimierung von modular aufgebauten Elektrolyse-Anlagen (eModule)"},"content":{"rendered":"\n<p>Durch die volatile Stromerzeugung regenerativer Energiequellen entsteht ein Bedarf Stromangebot und -nachfrage zeitlich zu entkoppeln. Neue Speichertechnologien kommen eine entscheidende Rolle zu, um die Versorgungssicherheit zu gew\u00e4hrleisten. Eine M\u00f6glichkeit Strom aus regenerativen Energiequellen zu speichern, bietet die Wasserelektrolyse. Zu Zeiten mit \u00fcbersch\u00fcssigem Stromangebot wird der speicherf\u00e4hige und vielseitig einsetzbare Energietr\u00e4ger Wasserstoff erzeugt. Das Potenzial von Wasserstoff als Energietr\u00e4ger ist seit Jahrzehnten bekannt und wird in letzten Jahren aktiv diskutiert, aber hohe Kapitalkosten bei dem Aufbau der Wasserstoffherstellungsanlage und die Ungewissheit \u00fcber zuk\u00fcnftige Kosten- und Leistungsverbesserungen sind Hindernisse f\u00fcr Investitionen in die Wasserelektrolyse. Bessere Skalierungs- und damit eng verbundene Integrationsans\u00e4tze versprechen eine wesentliche Kostensenkung f\u00fcr gr\u00fcnen Wasserstoff sowie dem Anlagenbetreiber mehr Flexibilit\u00e4t.<\/p>\n\n\n\n<div class=\"wp-block-media-text alignwide is-stacked-on-mobile\" style=\"grid-template-columns:25% auto\"><figure class=\"wp-block-media-text__media\"><img loading=\"lazy\" decoding=\"async\" width=\"372\" height=\"250\" src=\"https:\/\/www.hsu-hh.de\/aut\/wp-content\/uploads\/sites\/670\/2021\/12\/H2Giga.png\" data-credit=\"\" alt=\"\" class=\"wp-image-2742 size-full\" srcset=\"https:\/\/www.hsu-hh.de\/aut\/wp-content\/uploads\/sites\/670\/2021\/12\/H2Giga.png 372w, https:\/\/www.hsu-hh.de\/aut\/wp-content\/uploads\/sites\/670\/2021\/12\/H2Giga-300x202.png 300w\" sizes=\"auto, (max-width: 372px) 100vw, 372px\" \/><\/figure><div class=\"wp-block-media-text__content\">\n<p><a href=\"https:\/\/www.wasserstoff-leitprojekte.de\/leitprojekte\/h2giga\" data-type=\"URL\" data-id=\"https:\/\/www.wasserstoff-leitprojekte.de\/leitprojekte\/h2giga\" rel='nofollow'>H2Giga<\/a> ist eines der zur Umsetzung der Nationalen Wasserstoffstrategie gestarteten Wasserstoff-Leitprojekte des <abbr title=\"Bundesministerium f\u00fcr Bildung und Forschung\">BMBF<\/abbr>. Ziel ist es, Elektrolyseure in Serienfertigung zu bringen und einen effizienten Betrieb zu erm\u00f6glichen. Mit der Modellierung, Automatisierung, Integration und Optimierung von Elektrolyse-Modulen besch\u00e4ftigt sich das Teilprojekt \u201eeModule\u201c.<\/p>\n<\/div><\/div>\n\n\n\n<p>Gemeinsam mit den Projektpartnern werden im Rahmen des Teilprojekts <strong>eModule<\/strong> hersteller- und prozessunabh\u00e4ngige und soweit m\u00f6glich technologieunabh\u00e4ngige Standardintegrationsprofile f\u00fcr Wasserelektrolyseure entwickeln, in der verschiedene Betriebs- und Nutzungsszenarien von Elektrolyseuren in einer Referenzanlage abgebildet werden k\u00f6nnen. Es soll ermittelt werden, wie sich die einzelnen Elektrolyseurkomponenten sowie der Elektrolyseur als Ganzes unter volatilen Bedingungen auf Netz- und Abnehmerseite verhalten und welchen spezifischen Anforderungen sie unterliegen.<\/p>\n\n\n\n<p>Das Institut f\u00fcr Automatisierungstechnik der Helmut-Schmidt-Universit\u00e4t Hamburg hat im Teilprojekt eModule seinen Fokus auf die Konzeptionierung und prototypische Realisierung eines Leitsystems zur Steuerung der Elektrolyseur-Module. Es soll die M\u00f6glichkeit geschaffen werden, eine heterogene, <abbr title=\"gegebenenfalls\">ggf.<\/abbr> auch aus Elektrolyseur-Modulen verschiedener Hersteller zusammengestellte Anlage unter typischen Lastsituationen (statisch) und Betriebsszenarien (dynamisch) zu testen, sowohl simulativ als auch in hybriden Modul-Konstellationen. Auf Basis einer herstellerneutralen Spezifikation der Dienste (Services) der Elektrolyseur-Module k\u00f6nnen damit die einzelnen Module gezielt gesteuert werden, um die Ziele des \u00fcbergeordneten Elektrizit\u00e4ts- und\/oder Wasserstoff-Logistik-Netzes zu realisieren. Dabei werden der aktuelle Zustand und die Historie jedes einzelnen Moduls sowie die Situation der mit ihm verbundenen Wasserstoffverbraucher und des elektrischen Netzes ber\u00fccksichtigt. Dies soll ein dezentrales Lastmanagement und eine sinnvolle Energieverteilung und Wasserstoff-Logistik erm\u00f6glichen, sowie die schnelle Integration von Elektrolyseur-Modulen verschiedener Hersteller und ein die Elektrolyseure schonender Betrieb gew\u00e4hrleisten.<\/p>\n\n\n\n<p><strong>Projektlaufzeit<\/strong>: 05\/2021 \u2013 12\/2025<\/p>\n\n\n\n<p><strong>Projektpartner<\/strong>:<\/p>\n\n\n\n<ul class=\"wp-block-list\">\n<li><a href=\"https:\/\/www.dlr.de\/tt\/\" data-type=\"URL\" data-id=\"https:\/\/www.dlr.de\/tt\/\" rel='nofollow'>Deutsches Zentrum f\u00fcr Luft- und Raumfahrt<\/a> (DLR), Institut f\u00fcr Technische Thermodynamik<\/li>\n\n\n\n<li><a href=\"https:\/\/semodia.com\/\" data-type=\"URL\" data-id=\"https:\/\/semodia.com\/\" rel='nofollow'>Semodia <abbr title=\"Gesellschaft mit beschr\u00e4nkter Haftung\">GmbH<\/abbr><\/a> (Semodia)<\/li>\n\n\n\n<li><a href=\"https:\/\/tu-dresden.de\/ing\/forschung\/bereichs-labs\/P2O-Lab\" data-type=\"URL\" data-id=\"https:\/\/tu-dresden.de\/ing\/forschung\/bereichs-labs\/P2O-Lab\" rel='nofollow'>Technische Universit\u00e4t Dresden Process-To-Order Lab<\/a> (TUD-P2O)<\/li>\n\n\n\n<li><a href=\"https:\/\/tu-dresden.de\/ing\/elektrotechnik\/ifa\/plt?set_language=de\" data-type=\"URL\" data-id=\"https:\/\/tu-dresden.de\/ing\/elektrotechnik\/ifa\/plt?set_language=de\" rel='nofollow'>Technische Universit\u00e4t Dresden, Professur f\u00fcr Prozessleittechnik und Arbeitsgruppe f\u00fcr Systemverfahrenstechnik<\/a> (TUD-PLT\/SVT)<\/li>\n\n\n\n<li><a href=\"https:\/\/p2x4a.vdma.org\/\" data-type=\"URL\" data-id=\"https:\/\/p2x4a.vdma.org\/\" rel='nofollow'>VDMA Power-to-X for Applications<\/a><\/li>\n\n\n\n<li>ABB AG (assoziiert)<\/li>\n\n\n\n<li>Siemens AG (assoziiert)<\/li>\n<\/ul>\n\n\n\n<p><strong>Bearbeitet durch<\/strong>: <a href=\"https:\/\/www.hsu-hh.de\/aut\/team\/henkel\"><abbr title=\"Master of Science\">M.Sc.<\/abbr> Vincent Henkel<\/a>,\u00a0<a href=\"https:\/\/www.hsu-hh.de\/aut\/team\/galys\" data-type=\"page\" data-id=\"4119\"><abbr title=\"Master of Science\">M.Sc.<\/abbr> Joshua\u00a0Galys<\/a><\/p>\n\n\n\n<p>Dieses Projekt wird gef\u00f6rdert vom:<\/p>\n\n\n\n<figure class=\"wp-block-image size-full is-resized\"><img loading=\"lazy\" decoding=\"async\" width=\"800\" height=\"495\" src=\"https:\/\/www.hsu-hh.de\/aut\/wp-content\/uploads\/sites\/670\/2021\/12\/BMBF.png\" data-credit=\"\" alt=\"\" class=\"wp-image-2746\" style=\"width:148px;height:91px\" srcset=\"https:\/\/www.hsu-hh.de\/aut\/wp-content\/uploads\/sites\/670\/2021\/12\/BMBF.png 800w, https:\/\/www.hsu-hh.de\/aut\/wp-content\/uploads\/sites\/670\/2021\/12\/BMBF-300x186.png 300w, https:\/\/www.hsu-hh.de\/aut\/wp-content\/uploads\/sites\/670\/2021\/12\/BMBF-768x475.png 768w\" sizes=\"auto, (max-width: 800px) 100vw, 800px\" \/><\/figure>\n\n\n\n<p>An den drei vom Bundesministerium f\u00fcr Bildung und Forschung gestarteten Leitprojekten zur Umsetzung der Nationalen Wasserstoffstrategie sind etwa 130 Institutionen aus Wirtschaft und Wissenschaft beteiligt, das F\u00f6rdervolumen liegt bei rund 500 Millionen Euro.<\/p>\n","protected":false},"excerpt":{"rendered":"<p>Durch die volatile Stromerzeugung regenerativer Energiequellen entsteht ein Bedarf Stromangebot und -nachfrage zeitlich zu entkoppeln. Neue Speichertechnologien kommen eine entscheidende Rolle zu, um die Versorgungssicherheit zu gew\u00e4hrleisten. Eine M\u00f6glichkeit Strom [&hellip;]<\/p>\n","protected":false},"author":66,"featured_media":0,"parent":0,"menu_order":0,"comment_status":"closed","ping_status":"closed","template":"","meta":{"footnotes":""},"categories":[4],"tags":[],"class_list":["post-2741","page","type-page","status-publish","hentry","category-forschung"],"_links":{"self":[{"href":"https:\/\/www.hsu-hh.de\/aut\/wp-json\/wp\/v2\/pages\/2741","targetHints":{"allow":["GET"]}}],"collection":[{"href":"https:\/\/www.hsu-hh.de\/aut\/wp-json\/wp\/v2\/pages"}],"about":[{"href":"https:\/\/www.hsu-hh.de\/aut\/wp-json\/wp\/v2\/types\/page"}],"author":[{"embeddable":true,"href":"https:\/\/www.hsu-hh.de\/aut\/wp-json\/wp\/v2\/users\/66"}],"replies":[{"embeddable":true,"href":"https:\/\/www.hsu-hh.de\/aut\/wp-json\/wp\/v2\/comments?post=2741"}],"version-history":[{"count":4,"href":"https:\/\/www.hsu-hh.de\/aut\/wp-json\/wp\/v2\/pages\/2741\/revisions"}],"predecessor-version":[{"id":4710,"href":"https:\/\/www.hsu-hh.de\/aut\/wp-json\/wp\/v2\/pages\/2741\/revisions\/4710"}],"wp:attachment":[{"href":"https:\/\/www.hsu-hh.de\/aut\/wp-json\/wp\/v2\/media?parent=2741"}],"wp:term":[{"taxonomy":"category","embeddable":true,"href":"https:\/\/www.hsu-hh.de\/aut\/wp-json\/wp\/v2\/categories?post=2741"},{"taxonomy":"post_tag","embeddable":true,"href":"https:\/\/www.hsu-hh.de\/aut\/wp-json\/wp\/v2\/tags?post=2741"}],"curies":[{"name":"wp","href":"https:\/\/api.w.org\/{rel}","templated":true}]}}