{"id":2730,"date":"2021-11-30T17:04:51","date_gmt":"2021-11-30T16:04:51","guid":{"rendered":"https:\/\/www.hsu-hh.de\/aut\/?page_id=2730"},"modified":"2026-02-13T16:34:26","modified_gmt":"2026-02-13T15:34:26","slug":"wagner","status":"publish","type":"page","link":"https:\/\/www.hsu-hh.de\/aut\/team\/wagner","title":{"rendered":"Dr.-Ing. Lukas Peter Wagner"},"content":{"rendered":"\n<h2 class=\"wp-block-heading\">Forschungsgruppenleiter Energie<\/h2>\n\n\n\n<hr class=\"wp-block-separator has-css-opacity\" \/>\n\n\n\n<div class=\"wp-block-columns is-layout-flex wp-container-core-columns-is-layout-9d6595d7 wp-block-columns-is-layout-flex\">\n<div class=\"wp-block-column is-layout-flow wp-block-column-is-layout-flow\" style=\"flex-basis:66.66%\">\n<p><strong>E-Mail:<\/strong> <a href=\"mailto:lukas.wagner@hsu-hh.de\" data-type=\"mailto\" data-id=\"mailto:lukas.wagner@hsu-hh.de\" rel='nofollow'>lukas.wagner@hsu-hh.de<\/a><\/p>\n\n\n\n<p><strong>Telefon:<\/strong> +49 40 6541-2096<\/p>\n\n\n\n<p><strong>Fax:<\/strong> +49 40 6541-2004<\/p>\n\n\n\n<p><strong>Raum:<\/strong> H1\/1202<\/p>\n\n\n\n<p><strong>Postanschrift: <\/strong><\/p>\n\n\n\n<p>Helmut-Schmidt-Universit\u00e4t<br>Fakult\u00e4t f\u00fcr Maschinenbau<br>Professur f\u00fcr Automatisierungstechnik<br>Postfach 70 08 22<br>22008 Hamburg<\/p>\n\n\n\n<p><strong>Besucheranschrift:<\/strong><\/p>\n\n\n\n<p>Helmut-Schmidt-Universit\u00e4t<br>Geb\u00e4ude H1<br>Holstenhofweg 85<br>22043 Hamburg<\/p>\n\n\n\n<hr class=\"wp-block-separator has-css-opacity\" \/>\n\n\n\n<p>Linkedin: <a href=\"http:\/\/www.linkedin.com\/in\/lukas-wagner-luwa\" rel='nofollow'>www.linkedin.com\/in\/lukas-wagner-luwa<\/a><\/p>\n\n\n\n<p>Researchgate: <a href=\"https:\/\/www.researchgate.net\/profile\/Lukas-Wagner-23\" rel='nofollow'>https:\/\/www.researchgate.net\/profile\/Lukas-Wagner-23<\/a><\/p>\n<\/div>\n\n\n\n<div class=\"wp-block-column is-layout-flow wp-block-column-is-layout-flow\" style=\"flex-basis:33.33%\">\n<figure class=\"wp-block-image size-large\"><img loading=\"lazy\" decoding=\"async\" width=\"682\" height=\"1024\" src=\"https:\/\/www.hsu-hh.de\/aut\/wp-content\/uploads\/sites\/670\/2025\/01\/wagner-1-682x1024.jpg\" data-credit=\"wagner\" alt=\"wagner\" class=\"wp-image-4319\" srcset=\"https:\/\/www.hsu-hh.de\/aut\/wp-content\/uploads\/sites\/670\/2025\/01\/wagner-1-682x1024.jpg 682w, https:\/\/www.hsu-hh.de\/aut\/wp-content\/uploads\/sites\/670\/2025\/01\/wagner-1-200x300.jpg 200w, https:\/\/www.hsu-hh.de\/aut\/wp-content\/uploads\/sites\/670\/2025\/01\/wagner-1-768x1152.jpg 768w, https:\/\/www.hsu-hh.de\/aut\/wp-content\/uploads\/sites\/670\/2025\/01\/wagner-1.jpg 787w\" sizes=\"auto, (max-width: 682px) 100vw, 682px\" \/><figcaption class=\"wp-element-caption\">wagner<\/figcaption><\/figure>\n<\/div>\n<\/div>\n\n\n\n<hr class=\"wp-block-separator has-css-opacity\" \/>\n\n\n\n<h2 class=\"wp-block-heading\">Projekte:<\/h2>\n\n\n\n<p>OptiFlex <a href=\"https:\/\/www.hsu-hh.de\/aut\/optiflex\">Optimale Nutzung energetischer Flexibilit\u00e4t von Systemverb\u00fcnden in der Produktion auf Basis intelligenter Agenten (OptiFlex) &#8211; Professur f\u00fcr Automatisierungstechnik<\/a><\/p>\n\n\n\n<hr class=\"wp-block-separator has-css-opacity\" \/>\n\n\n\n<h2 class=\"wp-block-heading\">Betreute Arbeiten<\/h2>\n\n\n\n<p>Mathematische Kostenmodelle als Zielfunktion f\u00fcr die Optimierung des Energieverbrauches flexibler Produktionsanlagen (Masterarbeit, abgeschlossen)<\/p>\n\n\n\n<p>Energieoptimierende Produktionsplanung unter Ber\u00fccksichtigung energetischer Flexibilit\u00e4t zur Reaktion auf kurzfristige Marktsignale (Masterarbeit, abgeschlossen)<\/p>\n\n\n\n<p>Konzeption und exemplarische Implementierung eines Machine Learning Modells zum CO<sub>2<\/sub>-Monitoring eines Nahw\u00e4rmesystems (Masterarbeit, abgeschlossen)<\/p>\n\n\n\n<hr class=\"wp-block-separator has-alpha-channel-opacity\" \/>\n\n\n\n<h2 class=\"wp-block-heading\"><abbr title=\"Studentische Hilfskraft\">SHK<\/abbr>-Stellen, Angebote f\u00fcr Seminar- und Abschlussarbeiten<\/h2>\n\n\n\n<p>Gerne kontaktieren Sie mich f\u00fcr eine studentische Arbeit im Bereich \u201cOptimierungsmodelle energetischer Flexibilit\u00e4t\u201d<\/p>\n\n\n\n<hr class=\"wp-block-separator has-alpha-channel-opacity\" \/>\n\n\n\n<h2 class=\"wp-block-heading\">Ver\u00f6ffentlichungen<\/h2>\n\n\n\n<p><strong>L.P. Wagner, L. M. Reinpold, L. K. Scholz, V. Henkel, M. Kilthau, A. Fay<\/strong>, N. Neubauer, C. Sch\u00fctte, N. Loose, C. Derksen: Generic Model Structure for the Representation of Flexible Energy Resources and Their Joint Optimization. In: dtec.bw-Beitr\u00e4ge der Helmut-Schmidt-Universit\u00e4t \/ Universit\u00e4t der Bundeswehr Hamburg: Forschungsaktivit\u00e4ten im Zentrum f\u00fcr Digitalisierungs- und Technologieforschung der Bundeswehr dtec.bw \u2013 Band 1 \u00b7 2022, Seiten 254-259, DOI: <a href=\"https:\/\/doi.org\/10.24405\/14560\" rel='nofollow'>https:\/\/doi.org\/10.24405\/14560<\/a><\/p>\n\n\n\n<p><strong>L. M. Reinpold, L. P. Wagner, M. Kilthau, A. Karmann, A. Fay<\/strong>: Planungsfunktionen f\u00fcr (Energie-)Speicher \u2013 Voraussetzungen f\u00fcr den automatisierten und \u00f6konomisch-\u00f6kologischen Betrieb. In: atp-magazin, Vol. 3\/2023, pp. 60-69. DOI: <a href=\"https:\/\/www.doi.org\/10.17560\/atp.v65i3.2652\" rel='nofollow'>https:\/\/www.doi.org\/10.17560\/atp.v65i3.2652<\/a><\/p>\n\n\n\n<p><strong>L. P. Wagner, L. M. Reinpold<\/strong>, P. Juhlin, <strong>A. Fay<\/strong>: Informationsmodellierung zur \u00dcberwachung der energiebezogenen Leistung \u2013 Integration relevanter Variablen in Kennzahlen wesentlicher Energieverbraucher. In: atp-magazin, Vol. 3\/2023, pp. 70-79. DOI: https:\/\/www.doi.org\/10.17560\/atp.v65i3.2653<\/p>\n\n\n\n<p><strong>L. Wagner, M. Ramonat, A. Fay<\/strong>: Methode zur Ber\u00fccksichtigung von Abh\u00e4ngigkeiten energetisch flexibler Anlagen aus Topologiemodellen in Optimierungsmodellen. VDI-Kongress Automation 2023, Baden-Baden, 27.-28.06.2023.<\/p>\n\n\n\n<p>Research Gate: <a href=\"https:\/\/www.researchgate.net\/publication\/371912085_Methode_zur_Berucksichtigung_von_Abhangigkeiten_energetisch_flexibler_Anlagen_aus_Topologiemodellen_in_Optimierungsmodellen\" rel='nofollow'>Methode zur Ber\u00fccksichtigung von Abh\u00e4ngigkeiten energetisch flexibler Anlagen aus Topologiemodellen in Optimierungsmodellen | Request PDF<\/a><\/p>\n\n\n\n<p><strong>L. P. Wagner, L. M. Reinpold, M. Kilthau, A. Fay:<\/strong> A systematic review of modeling approaches for flexible energy resources. In: Renewable and Sustainable Energy Reviews, Vol. 184, 2023, S. 113541. <a href=\"https:\/\/doi.org\/10.1016\/j.rser.2023.113541\" rel='nofollow'>https:\/\/doi.org\/10.1016\/j.rser.2023.113541<\/a><\/p>\n\n\n\n<p><strong>L.P. Wagner, L.M. Reinpold, A. Fay<\/strong>: Design Patterns for Optimization Models of Flexible Energy Resources. In: 2nd IEEE Industrial Electronics Society Annual Online Conference (ONCON), S.&nbsp;1\u20136, 2023. 10.1109\/ONCON60463.2023.10430916<\/p>\n\n\n\n<p><strong>L.M. Reinpold, L.P. Wagner, L.-T. Reiche, A. Fay<\/strong>: Experimental Setup for the Evaluation of Optimization Strategies for Flexible Energy Resources. In: 2nd IEEE Industrial Electronics Society Annual Online Conference (ONCON), S.&nbsp;1\u20136, 2023. 10.1109\/ONCON60463.2023.10430717<\/p>\n\n\n\n<p><strong>V. Henkel, M. Kilthau, F. Gehlhoff, L.P. Wagner, A. Fay<\/strong>: Cost Optimized Scheduling in Modular Electrolysis Plants. In: 25th IEEE International Conference on Industrial Technology. Bristol, UK, S.&nbsp;1\u20138, 2024. 10.1109\/ICIT58233.2024.10540907<\/p>\n","protected":false},"excerpt":{"rendered":"<p>Forschungsgruppenleiter Energie E-Mail: lukas.wagner@hsu-hh.de Telefon: +49 40 6541-2096 Fax: +49 40 6541-2004 Raum: H1\/1202 Postanschrift: Helmut-Schmidt-Universit\u00e4tFakult\u00e4t f\u00fcr MaschinenbauProfessur f\u00fcr AutomatisierungstechnikPostfach 70 08 2222008 Hamburg Besucheranschrift: Helmut-Schmidt-Universit\u00e4tGeb\u00e4ude H1Holstenhofweg 8522043 Hamburg Linkedin: [&hellip;]<\/p>\n","protected":false},"author":3039,"featured_media":0,"parent":1188,"menu_order":0,"comment_status":"closed","ping_status":"closed","template":"","meta":{"footnotes":""},"categories":[8],"tags":[],"class_list":["post-2730","page","type-page","status-publish","hentry","category-team"],"_links":{"self":[{"href":"https:\/\/www.hsu-hh.de\/aut\/wp-json\/wp\/v2\/pages\/2730","targetHints":{"allow":["GET"]}}],"collection":[{"href":"https:\/\/www.hsu-hh.de\/aut\/wp-json\/wp\/v2\/pages"}],"about":[{"href":"https:\/\/www.hsu-hh.de\/aut\/wp-json\/wp\/v2\/types\/page"}],"author":[{"embeddable":true,"href":"https:\/\/www.hsu-hh.de\/aut\/wp-json\/wp\/v2\/users\/3039"}],"replies":[{"embeddable":true,"href":"https:\/\/www.hsu-hh.de\/aut\/wp-json\/wp\/v2\/comments?post=2730"}],"version-history":[{"count":8,"href":"https:\/\/www.hsu-hh.de\/aut\/wp-json\/wp\/v2\/pages\/2730\/revisions"}],"predecessor-version":[{"id":4738,"href":"https:\/\/www.hsu-hh.de\/aut\/wp-json\/wp\/v2\/pages\/2730\/revisions\/4738"}],"up":[{"embeddable":true,"href":"https:\/\/www.hsu-hh.de\/aut\/wp-json\/wp\/v2\/pages\/1188"}],"wp:attachment":[{"href":"https:\/\/www.hsu-hh.de\/aut\/wp-json\/wp\/v2\/media?parent=2730"}],"wp:term":[{"taxonomy":"category","embeddable":true,"href":"https:\/\/www.hsu-hh.de\/aut\/wp-json\/wp\/v2\/categories?post=2730"},{"taxonomy":"post_tag","embeddable":true,"href":"https:\/\/www.hsu-hh.de\/aut\/wp-json\/wp\/v2\/tags?post=2730"}],"curies":[{"name":"wp","href":"https:\/\/api.w.org\/{rel}","templated":true}]}}