{"id":2668,"date":"2021-11-12T12:46:33","date_gmt":"2021-11-12T11:46:33","guid":{"rendered":"https:\/\/www.hsu-hh.de\/aut\/?page_id=2668"},"modified":"2026-02-13T15:49:56","modified_gmt":"2026-02-13T14:49:56","slug":"eki-engineering-fuer-die-ki-basierte-automation-in-virtuellen-und-realen-produktionsumgebungen","status":"publish","type":"page","link":"https:\/\/www.hsu-hh.de\/aut\/eki-engineering-fuer-die-ki-basierte-automation-in-virtuellen-und-realen-produktionsumgebungen","title":{"rendered":"EKI \u2013 Engineering f\u00fcr die KI-basierte Automation in virtuellen und realen Produktionsumgebungen"},"content":{"rendered":"\n<p>Moderne Automatisierungssysteme m\u00fcssen sich zunehmend an neue Anforderungen anpassen, beispielsweise durch Variantenvielfalt, verk\u00fcrzte Entwicklungszyklen oder steigende Anforderungen an Effizienz, Ressourcenschonung und Kostenreduktion. Die Integration von K\u00fcnstlicher Intelligenz (KI) bietet hier gro\u00dfes Potenzial, bringt jedoch erhebliche Herausforderungen mit sich, insbesondere beim Engineering dieser Systeme.<\/p>\n\n\n\n<p>Das Projekt EKI (Engineering f\u00fcr die KI-basierte Automation in virtuellen und realen Produktionsumgebungen) adressiert diese Herausforderungen durch die Entwicklung eines offenen, herstellerunabh\u00e4ngigen Engineering-Ansatzes zur vereinfachten Integration von KI in heterogene Automatisierungssysteme. Deshalb werden im Projekt Methoden und Werkzeuge erforscht, die die Entwicklung, Konfiguration und den Einsatz von KI-Anwendungen in Automatisierungssystemen erleichtern, auch f\u00fcr Nutzer ohne tiefergehende KI-Expertise. Die Forschungsschwerpunkte in EKI sind:<\/p>\n\n\n\n<ul class=\"wp-block-list\">\n<li>Modellbasierte Entwicklung und Generierung von KI-Services\u00a0<\/li>\n\n\n\n<li>KI-gest\u00fctzte Planung und Parametrierung von Automatisierungsl\u00f6sungen<\/li>\n\n\n\n<li>Einheitliches Datenmanagement und semantische Beschreibung<\/li>\n\n\n\n<li>Qualit\u00e4tsbewertung von KI-Systemen und Daten (AI-Ready Data)<\/li>\n<\/ul>\n\n\n\n<p>Zentral ist dabei die Entwicklung von Engineering-Ans\u00e4tzen, die eine gemeinsame Integration und Ausf\u00fchrung von Steuerungs- und KI-Software erm\u00f6glicht. Mithilfe einheitlicher Datenmodelle und standardisierter Dokumentation soll die Wiederverwendbarkeit, Wartbarkeit und Nachvollziehbarkeit von KI-L\u00f6sungen erheblich verbessert werden. Dar\u00fcber hinaus wird die Standardisierung von KI-Diensten f\u00fcr spezifische Anwendungen wie Condition Monitoring oder Diagnose untersucht.<\/p>\n\n\n\n<p>Das Ziel dieser Entwicklungen ist eine Reduktion von herstellerspezifischen Abh\u00e4ngigkeiten (Lock-in-Effekte) und die Steigerung der digitale Souver\u00e4nit\u00e4t Deutschlands.<\/p>\n\n\n\n<p>Bearbeitet durch:&nbsp;<a href=\"https:\/\/www.hsu-hh.de\/imb\/team\">Ren\u00e9 Heesch<\/a>,&nbsp;<a href=\"https:\/\/www.hsu-hh.de\/aut\/team\">Philip Topalis<\/a>,&nbsp;<a href=\"https:\/\/www.hsu-hh.de\/dataeng\/mitarbeiter\/niklas-doerner\/\">Niklas D\u00f6rner<\/a>&nbsp;und&nbsp;<a href=\"https:\/\/www.hsu-hh.de\/aut\/team\/schieseck\">Marvin Schieseck<\/a><\/p>\n\n\n\n<p>Das EKI Projekt wird gef\u00f6rdert durch das Zentrum f\u00fcr Digitalisierungs- und Technologieforschung der Bundeswehr \u2013&nbsp;<a href=\"http:\/\/www.dtecbw.de\/\" rel='nofollow'><strong>dtec.bw<\/strong><\/a>&nbsp;und hat eine Laufzeit vom 01.01.2021 bis zum 31.12.2026.<\/p>\n\n\n\n<div class=\"wp-block-columns is-layout-flex wp-container-core-columns-is-layout-9d6595d7 wp-block-columns-is-layout-flex\">\n<div class=\"wp-block-column is-layout-flow wp-block-column-is-layout-flow\" style=\"flex-basis:33.33%\">\n<figure class=\"wp-block-image size-large is-resized\"><img loading=\"lazy\" decoding=\"async\" width=\"1024\" height=\"313\" src=\"https:\/\/www.hsu-hh.de\/aut\/wp-content\/uploads\/sites\/670\/2021\/11\/dtec.bw_Logo_CMYK_komplett-1-1024x313.jpg\" data-credit=\"dtec.bw \" alt=\"dtec.bw Logo\" class=\"wp-image-2680\" style=\"width:299px;height:91px\" srcset=\"https:\/\/www.hsu-hh.de\/aut\/wp-content\/uploads\/sites\/670\/2021\/11\/dtec.bw_Logo_CMYK_komplett-1-1024x313.jpg 1024w, https:\/\/www.hsu-hh.de\/aut\/wp-content\/uploads\/sites\/670\/2021\/11\/dtec.bw_Logo_CMYK_komplett-1-300x92.jpg 300w, https:\/\/www.hsu-hh.de\/aut\/wp-content\/uploads\/sites\/670\/2021\/11\/dtec.bw_Logo_CMYK_komplett-1-768x235.jpg 768w, https:\/\/www.hsu-hh.de\/aut\/wp-content\/uploads\/sites\/670\/2021\/11\/dtec.bw_Logo_CMYK_komplett-1-1536x469.jpg 1536w, https:\/\/www.hsu-hh.de\/aut\/wp-content\/uploads\/sites\/670\/2021\/11\/dtec.bw_Logo_CMYK_komplett-1-1100x336.jpg 1100w, https:\/\/www.hsu-hh.de\/aut\/wp-content\/uploads\/sites\/670\/2021\/11\/dtec.bw_Logo_CMYK_komplett-1.jpg 1944w\" sizes=\"auto, (max-width: 1024px) 100vw, 1024px\" \/><\/figure>\n<\/div>\n\n\n\n<div class=\"wp-block-column is-layout-flow wp-block-column-is-layout-flow\" style=\"flex-basis:66.66%\">\n<figure class=\"wp-block-image size-full is-resized\"><img loading=\"lazy\" decoding=\"async\" width=\"985\" height=\"255\" src=\"https:\/\/www.hsu-hh.de\/aut\/wp-content\/uploads\/sites\/670\/2023\/03\/20230310_Verwendung-des-EU-Logos.jpg\" data-credit=\"Europ\u00e4ische Union (NextGenerationEU)\" alt=\"Logo Finanziert von der Europ\u00e4ischen Union\" class=\"wp-image-3513\" style=\"width:385px;height:99px\" srcset=\"https:\/\/www.hsu-hh.de\/aut\/wp-content\/uploads\/sites\/670\/2023\/03\/20230310_Verwendung-des-EU-Logos.jpg 985w, https:\/\/www.hsu-hh.de\/aut\/wp-content\/uploads\/sites\/670\/2023\/03\/20230310_Verwendung-des-EU-Logos-300x78.jpg 300w, https:\/\/www.hsu-hh.de\/aut\/wp-content\/uploads\/sites\/670\/2023\/03\/20230310_Verwendung-des-EU-Logos-768x199.jpg 768w\" sizes=\"auto, (max-width: 985px) 100vw, 985px\" \/><\/figure>\n<\/div>\n<\/div>\n\n\n\n<p><br><\/p>\n","protected":false},"excerpt":{"rendered":"<p>Moderne Automatisierungssysteme m\u00fcssen sich zunehmend an neue Anforderungen anpassen, beispielsweise durch Variantenvielfalt, verk\u00fcrzte Entwicklungszyklen oder steigende Anforderungen an Effizienz, Ressourcenschonung und Kostenreduktion. Die Integration von K\u00fcnstlicher Intelligenz (KI) bietet hier [&hellip;]<\/p>\n","protected":false},"author":66,"featured_media":0,"parent":0,"menu_order":0,"comment_status":"closed","ping_status":"closed","template":"","meta":{"footnotes":""},"categories":[4],"tags":[],"class_list":["post-2668","page","type-page","status-publish","hentry","category-forschung"],"_links":{"self":[{"href":"https:\/\/www.hsu-hh.de\/aut\/wp-json\/wp\/v2\/pages\/2668","targetHints":{"allow":["GET"]}}],"collection":[{"href":"https:\/\/www.hsu-hh.de\/aut\/wp-json\/wp\/v2\/pages"}],"about":[{"href":"https:\/\/www.hsu-hh.de\/aut\/wp-json\/wp\/v2\/types\/page"}],"author":[{"embeddable":true,"href":"https:\/\/www.hsu-hh.de\/aut\/wp-json\/wp\/v2\/users\/66"}],"replies":[{"embeddable":true,"href":"https:\/\/www.hsu-hh.de\/aut\/wp-json\/wp\/v2\/comments?post=2668"}],"version-history":[{"count":6,"href":"https:\/\/www.hsu-hh.de\/aut\/wp-json\/wp\/v2\/pages\/2668\/revisions"}],"predecessor-version":[{"id":4711,"href":"https:\/\/www.hsu-hh.de\/aut\/wp-json\/wp\/v2\/pages\/2668\/revisions\/4711"}],"wp:attachment":[{"href":"https:\/\/www.hsu-hh.de\/aut\/wp-json\/wp\/v2\/media?parent=2668"}],"wp:term":[{"taxonomy":"category","embeddable":true,"href":"https:\/\/www.hsu-hh.de\/aut\/wp-json\/wp\/v2\/categories?post=2668"},{"taxonomy":"post_tag","embeddable":true,"href":"https:\/\/www.hsu-hh.de\/aut\/wp-json\/wp\/v2\/tags?post=2668"}],"curies":[{"name":"wp","href":"https:\/\/api.w.org\/{rel}","templated":true}]}}