{"id":2662,"date":"2021-11-08T13:26:19","date_gmt":"2021-11-08T12:26:19","guid":{"rendered":"https:\/\/www.hsu-hh.de\/aut\/?page_id=2662"},"modified":"2026-02-13T15:54:57","modified_gmt":"2026-02-13T14:54:57","slug":"optiflex","status":"publish","type":"page","link":"https:\/\/www.hsu-hh.de\/aut\/optiflex","title":{"rendered":"Optimale Nutzung energetischer Flexibilit\u00e4t von Systemverb\u00fcnden in der Produktion auf Basis intelligenter Agenten (OptiFlex)"},"content":{"rendered":"\n<p>Der steigende Anteil erneuerbarer Energien am Strommix erfordert eine&nbsp;<strong>flexible Nutzung von Energie<\/strong>, um sowohl wirtschaftliche als auch \u00f6kologische Vorteile zu erzielen.&nbsp;<strong>OptiFlex<\/strong>&nbsp;entwickelt Methoden zur&nbsp;<strong>Modellierung, Optimierung und Steuerung flexibler Energieverbraucher<\/strong>, sodass sich deren Energieverbrauch dynamisch an externe Einfl\u00fcsse wie schwankende Strompreise und die Verf\u00fcgbarkeit erneuerbarer Energien anpassen l\u00e4sst.<\/p>\n\n\n\n<p><strong>Ziele und Vorgehen<\/strong><\/p>\n\n\n\n<p>OptiFlex entwickelt&nbsp;<strong>methodische und softwaregest\u00fctzte L\u00f6sungen<\/strong>&nbsp;zur effizienten Nutzung energetischer Flexibilit\u00e4ten. Dazu geh\u00f6ren:<\/p>\n\n\n\n<ul class=\"wp-block-list\">\n<li>Ein generisches Optimierungsmodell, das eine optimierte Betriebsplanung f\u00fcr unterschiedliche Energiesysteme erm\u00f6glicht.<\/li>\n\n\n\n<li>Eine automatisierte Modellgenerierung, die Optimierungsmodelle direkt aus Zeitreihendaten ableitet.<\/li>\n\n\n\n<li>Strategien zur Validierung von Steuerungsans\u00e4tzen, um die Praxistauglichkeit der entwickelten Methoden und Modelle sicherzustellen.<\/li>\n\n\n\n<li>Mehrere Labor- und Feldtests, in denen die Optimierungsmethoden in realen industriellen Anlagen getestet werden.<\/li>\n\n\n\n<li>Eine Softwarel\u00f6sung, die eine grafische Modellierung von Energieressourcen, die automatische Erstellung von Optimierungsmodellen und deren Anwendung f\u00fcr die Betriebsplanung erm\u00f6glicht.<\/li>\n<\/ul>\n\n\n\n<p><strong>Ergebnisse und Nutzen<\/strong><\/p>\n\n\n\n<p>OptiFlex senkt die&nbsp;<strong>H\u00fcrden f\u00fcr die Bereitstellung energetischer Flexibilit\u00e4t<\/strong>, indem es die Erstellung und Anwendung von Optimierungsmodellen vereinfacht. Die entwickelten Methoden erm\u00f6glichen:<\/p>\n\n\n\n<ul class=\"wp-block-list\">\n<li>Eine Reduktion der Energiekosten durch eine optimierte Betriebsplanung in realen Anlagen unter Ber\u00fccksichtigung dynamischer Strompreise, wie bspw. vom Intraday-Markt.<\/li>\n\n\n\n<li>Die Verbesserte Integration erneuerbarer Energiequellen durch Anpassung des Stromverbrauchs an die Verf\u00fcgbarkeit erneuerbarer Energien.<\/li>\n\n\n\n<li>Eine praxisnahe Validierung in mehreren Feldtests, in denen Abweichungen zwischen Modellprognosen und realem Verhalten unter 7 % liegen.<\/li>\n<\/ul>\n\n\n\n<p><strong>F\u00f6rderung und Laufzeit<\/strong><\/p>\n\n\n\n<p>Das Projekt&nbsp;<strong>OptiFlex<\/strong>&nbsp;wird durch das&nbsp;<strong>Zentrum f\u00fcr Digitalisierungs- und Technologieforschung der Bundeswehr (dtec.bw)<\/strong>&nbsp;gef\u00f6rdert und l\u00e4uft von&nbsp;<strong>September 2021 bis Dezember 2026<\/strong>. dtec.bw wird von der Europ\u00e4ischen Union &#8211; NextGenerationEU &#8211; gef\u00f6rdert.<\/p>\n\n\n\n<p>Das Projekt wird von Lasse Reinpold und <abbr title=\"Doktor\">Dr.<\/abbr>&#8211;<abbr title=\"Ingenieur\">Ing.<\/abbr> Lukas Wagner bearbeitet.&nbsp;<\/p>\n\n\n\n<div class=\"wp-block-columns is-layout-flex wp-container-core-columns-is-layout-9d6595d7 wp-block-columns-is-layout-flex\">\n<div class=\"wp-block-column is-layout-flow wp-block-column-is-layout-flow\" style=\"flex-basis:33.33%\">\n<figure class=\"wp-block-image size-large is-resized\"><img loading=\"lazy\" decoding=\"async\" width=\"1024\" height=\"313\" src=\"https:\/\/www.hsu-hh.de\/aut\/wp-content\/uploads\/sites\/670\/2021\/11\/dtec.bw_Logo_CMYK_komplett-1-1024x313.jpg\" data-credit=\"dtec.bw \" alt=\"dtec.bw Logo\" class=\"wp-image-2680\" style=\"width:295px;height:90px\" srcset=\"https:\/\/www.hsu-hh.de\/aut\/wp-content\/uploads\/sites\/670\/2021\/11\/dtec.bw_Logo_CMYK_komplett-1-1024x313.jpg 1024w, https:\/\/www.hsu-hh.de\/aut\/wp-content\/uploads\/sites\/670\/2021\/11\/dtec.bw_Logo_CMYK_komplett-1-300x92.jpg 300w, https:\/\/www.hsu-hh.de\/aut\/wp-content\/uploads\/sites\/670\/2021\/11\/dtec.bw_Logo_CMYK_komplett-1-768x235.jpg 768w, https:\/\/www.hsu-hh.de\/aut\/wp-content\/uploads\/sites\/670\/2021\/11\/dtec.bw_Logo_CMYK_komplett-1-1536x469.jpg 1536w, https:\/\/www.hsu-hh.de\/aut\/wp-content\/uploads\/sites\/670\/2021\/11\/dtec.bw_Logo_CMYK_komplett-1-1100x336.jpg 1100w, https:\/\/www.hsu-hh.de\/aut\/wp-content\/uploads\/sites\/670\/2021\/11\/dtec.bw_Logo_CMYK_komplett-1.jpg 1944w\" sizes=\"auto, (max-width: 1024px) 100vw, 1024px\" \/><\/figure>\n<\/div>\n\n\n\n<div class=\"wp-block-column is-layout-flow wp-block-column-is-layout-flow\" style=\"flex-basis:66.66%\">\n<figure class=\"wp-block-image size-full is-resized\"><img loading=\"lazy\" decoding=\"async\" width=\"985\" height=\"255\" src=\"https:\/\/www.hsu-hh.de\/aut\/wp-content\/uploads\/sites\/670\/2023\/03\/20230310_Verwendung-des-EU-Logos.jpg\" data-credit=\"Europ\u00e4ische Union (NextGenerationEU)\" alt=\"Logo Finanziert von der Europ\u00e4ischen Union\" class=\"wp-image-3513\" style=\"width:384px;height:98px\" srcset=\"https:\/\/www.hsu-hh.de\/aut\/wp-content\/uploads\/sites\/670\/2023\/03\/20230310_Verwendung-des-EU-Logos.jpg 985w, https:\/\/www.hsu-hh.de\/aut\/wp-content\/uploads\/sites\/670\/2023\/03\/20230310_Verwendung-des-EU-Logos-300x78.jpg 300w, https:\/\/www.hsu-hh.de\/aut\/wp-content\/uploads\/sites\/670\/2023\/03\/20230310_Verwendung-des-EU-Logos-768x199.jpg 768w\" sizes=\"auto, (max-width: 985px) 100vw, 985px\" \/><\/figure>\n<\/div>\n<\/div>\n","protected":false},"excerpt":{"rendered":"<p>Der steigende Anteil erneuerbarer Energien am Strommix erfordert eine&nbsp;flexible Nutzung von Energie, um sowohl wirtschaftliche als auch \u00f6kologische Vorteile zu erzielen.&nbsp;OptiFlex&nbsp;entwickelt Methoden zur&nbsp;Modellierung, Optimierung und Steuerung flexibler Energieverbraucher, sodass sich [&hellip;]<\/p>\n","protected":false},"author":66,"featured_media":0,"parent":0,"menu_order":0,"comment_status":"closed","ping_status":"closed","template":"","meta":{"footnotes":""},"categories":[4],"tags":[],"class_list":["post-2662","page","type-page","status-publish","hentry","category-forschung"],"_links":{"self":[{"href":"https:\/\/www.hsu-hh.de\/aut\/wp-json\/wp\/v2\/pages\/2662","targetHints":{"allow":["GET"]}}],"collection":[{"href":"https:\/\/www.hsu-hh.de\/aut\/wp-json\/wp\/v2\/pages"}],"about":[{"href":"https:\/\/www.hsu-hh.de\/aut\/wp-json\/wp\/v2\/types\/page"}],"author":[{"embeddable":true,"href":"https:\/\/www.hsu-hh.de\/aut\/wp-json\/wp\/v2\/users\/66"}],"replies":[{"embeddable":true,"href":"https:\/\/www.hsu-hh.de\/aut\/wp-json\/wp\/v2\/comments?post=2662"}],"version-history":[{"count":8,"href":"https:\/\/www.hsu-hh.de\/aut\/wp-json\/wp\/v2\/pages\/2662\/revisions"}],"predecessor-version":[{"id":4713,"href":"https:\/\/www.hsu-hh.de\/aut\/wp-json\/wp\/v2\/pages\/2662\/revisions\/4713"}],"wp:attachment":[{"href":"https:\/\/www.hsu-hh.de\/aut\/wp-json\/wp\/v2\/media?parent=2662"}],"wp:term":[{"taxonomy":"category","embeddable":true,"href":"https:\/\/www.hsu-hh.de\/aut\/wp-json\/wp\/v2\/categories?post=2662"},{"taxonomy":"post_tag","embeddable":true,"href":"https:\/\/www.hsu-hh.de\/aut\/wp-json\/wp\/v2\/tags?post=2662"}],"curies":[{"name":"wp","href":"https:\/\/api.w.org\/{rel}","templated":true}]}}