{"id":2620,"date":"2021-11-03T15:29:16","date_gmt":"2021-11-03T14:29:16","guid":{"rendered":"https:\/\/www.hsu-hh.de\/aut\/?page_id=2620"},"modified":"2023-01-30T18:05:37","modified_gmt":"2023-01-30T17:05:37","slug":"pourabdollah","status":"publish","type":"page","link":"https:\/\/www.hsu-hh.de\/aut\/team\/pourabdollah","title":{"rendered":"Pezhman Pourabdollah, M.Sc."},"content":{"rendered":"\n<h2 class=\"wp-block-heading\">Wissenschaftlicher Mitarbeiter<\/h2>\n\n\n\n<hr class=\"wp-block-separator has-css-opacity\" \/>\n\n\n\n<div class=\"wp-block-columns is-layout-flex wp-container-core-columns-is-layout-9d6595d7 wp-block-columns-is-layout-flex\">\n<div class=\"wp-block-column is-layout-flow wp-block-column-is-layout-flow\" style=\"flex-basis:66.66%\">\n<p><strong>E-Mail: <\/strong><a href=\"mailto:pezhman.pourabdollah@hsu-hh.de\" rel='nofollow'>pezhman.pourabdollah@hsu-hh.de<\/a><\/p>\n\n\n\n<p><strong>Telefon:<\/strong> +49 40 6541-2110<\/p>\n\n\n\n<p><strong>Fax:<\/strong> +49 40 6541-2004<\/p>\n\n\n\n<p><strong>Raum:<\/strong> H1\/1212<\/p>\n\n\n\n<p><strong>Postanschrift: <\/strong><\/p>\n\n\n\n<p>Helmut-Schmidt-Universit\u00e4t<br>Fakult\u00e4t f\u00fcr Maschinenbau<br>Professur f\u00fcr Automatisierungstechnik<br>Postfach 70 08 22<br>22008 Hamburg<\/p>\n\n\n\n<p><strong>Besucheranschrift:<\/strong><\/p>\n\n\n\n<p>Helmut-Schmidt-Universit\u00e4t<br>Geb\u00e4ude H1<br>Holstenhofweg 85<br>22043 Hamburg<\/p>\n\n\n\n<hr class=\"wp-block-separator has-css-opacity\" \/>\n<\/div>\n\n\n\n<div class=\"wp-block-column is-layout-flow wp-block-column-is-layout-flow\" style=\"flex-basis:33.33%\">\n<figure class=\"wp-block-image size-medium is-style-default\"><img loading=\"lazy\" decoding=\"async\" width=\"300\" height=\"266\" src=\"https:\/\/www.hsu-hh.de\/aut\/wp-content\/uploads\/sites\/670\/2021\/11\/Pourabdollah-300x266.jpg\" data-credit=\"Pourabdollah\" alt=\"Pourabdollah\" class=\"wp-image-2621\" srcset=\"https:\/\/www.hsu-hh.de\/aut\/wp-content\/uploads\/sites\/670\/2021\/11\/Pourabdollah-300x266.jpg 300w, https:\/\/www.hsu-hh.de\/aut\/wp-content\/uploads\/sites\/670\/2021\/11\/Pourabdollah-1024x909.jpg 1024w, https:\/\/www.hsu-hh.de\/aut\/wp-content\/uploads\/sites\/670\/2021\/11\/Pourabdollah-768x681.jpg 768w, https:\/\/www.hsu-hh.de\/aut\/wp-content\/uploads\/sites\/670\/2021\/11\/Pourabdollah-1536x1363.jpg 1536w, https:\/\/www.hsu-hh.de\/aut\/wp-content\/uploads\/sites\/670\/2021\/11\/Pourabdollah-2048x1817.jpg 2048w, https:\/\/www.hsu-hh.de\/aut\/wp-content\/uploads\/sites\/670\/2021\/11\/Pourabdollah-1100x976.jpg 1100w\" sizes=\"auto, (max-width: 300px) 100vw, 300px\" \/><\/figure>\n<\/div>\n<\/div>\n\n\n\n<h2 class=\"wp-block-heading\">Projekte<\/h2>\n\n\n\n<p><a href=\"https:\/\/www.hsu-hh.de\/aut\/labor-fuer-intelligente-leichtbauproduktion-laila\">Labor f\u00fcr intelligente Leichtbauproduktion (LaiLa)<\/a><\/p>\n\n\n\n<hr class=\"wp-block-separator has-alpha-channel-opacity\" \/>\n\n\n\n<h2 class=\"wp-block-heading\"><abbr title=\"Studentische Hilfskraft\">SHK<\/abbr>-Stellen, Angebote f\u00fcr Seminar- und Abschlussarbeiten<\/h2>\n\n\n\n<p>Wenn Sie an M\u00f6glichkeiten der Mitarbeit als studentische Hilfskraft oder an eine Seminar- oder Abschlussarbeit interessiert sind, z\u00f6gern Sie bitte nicht, mich zu kontaktieren.<\/p>\n\n\n\n<hr class=\"wp-block-separator has-alpha-channel-opacity\" \/>\n\n\n\n<h2 class=\"wp-block-heading\" id=\"Ver\u00f6ffentlichungen\">Ver\u00f6ffentlichungen<\/h2>\n\n\n\n<p><strong>P. Pourabdollah, R. H\u00f6fer, A. Fay<\/strong>, H. Eschen, L. Finger: Konzeption einer durchg\u00e4ngigen Prozesskette f\u00fcr die automatisierte Herstellung von Kompositbauteilen durch Faserablage. In: dtec.bw-Beitr\u00e4ge der Helmut-Schmidt-Universit\u00e4t \/ Universit\u00e4t der Bundeswehr Hamburg: Forschungsaktivit\u00e4ten im Zentrum f\u00fcr Digitalisierungs- und Technologieforschung der Bundeswehr dtec.bw \u2013 Band 1 \u00b7 2022, Seiten 224-229, DOI:&nbsp;<a href=\"https:\/\/doi.org\/10.24405\/14555\" rel='nofollow'>Konzeption einer durchg\u00e4ngigen Prozesskette f\u00fcr die automatisierte Herstellung von Kompositbauteilen durch Faserablage<\/a><\/p>\n\n\n\n<p><strong>H.<\/strong> <strong>Nabizada, M. Lewke<\/strong>, M. Azizpour,\u00a0<strong>R. H\u00f6fer, L. M. Vieira da Silva, P. Pourabdollah, \u00a0P. Topalis, O. Ismail<\/strong>, A. Kirchheim,\u00a0<strong>A. Fay<\/strong>: Current Trends in Robotics Development. In: dtec.bw-Beitr\u00e4ge der Helmut-Schmidt-Universit\u00e4t \/ Universit\u00e4t der Bundeswehr Hamburg: Forschungsaktivit\u00e4ten im Zentrum f\u00fcr Digitalisierungs- und Technologieforschung der Bundeswehr dtec.bw \u2013 Band 1 \u00b7 2022, Seiten 242-248, DOI:\u00a0<a href=\"https:\/\/doi.org\/10.24405\/14558\" rel='nofollow'>Current Trends in Robotics Development<\/a><\/p>\n\n\n\n<p><strong>P. Pourabdollah, A. Fay<\/strong>: A Review on the Automated Stress-Constrained Manufacturing Process for Fiber Placement. SAMPE Europe Conference 2022, 15-17 November 2022, Hamburg &#8211; Germany.<\/p>\n","protected":false},"excerpt":{"rendered":"<p>Wissenschaftlicher Mitarbeiter E-Mail: pezhman.pourabdollah@hsu-hh.de Telefon: +49 40 6541-2110 Fax: +49 40 6541-2004 Raum: H1\/1212 Postanschrift: Helmut-Schmidt-Universit\u00e4tFakult\u00e4t f\u00fcr MaschinenbauProfessur f\u00fcr AutomatisierungstechnikPostfach 70 08 2222008 Hamburg Besucheranschrift: Helmut-Schmidt-Universit\u00e4tGeb\u00e4ude H1Holstenhofweg 8522043 Hamburg Projekte [&hellip;]<\/p>\n","protected":false},"author":2905,"featured_media":0,"parent":1188,"menu_order":0,"comment_status":"closed","ping_status":"closed","template":"","meta":{"footnotes":""},"categories":[8],"tags":[],"class_list":["post-2620","page","type-page","status-publish","hentry","category-team"],"_links":{"self":[{"href":"https:\/\/www.hsu-hh.de\/aut\/wp-json\/wp\/v2\/pages\/2620","targetHints":{"allow":["GET"]}}],"collection":[{"href":"https:\/\/www.hsu-hh.de\/aut\/wp-json\/wp\/v2\/pages"}],"about":[{"href":"https:\/\/www.hsu-hh.de\/aut\/wp-json\/wp\/v2\/types\/page"}],"author":[{"embeddable":true,"href":"https:\/\/www.hsu-hh.de\/aut\/wp-json\/wp\/v2\/users\/2905"}],"replies":[{"embeddable":true,"href":"https:\/\/www.hsu-hh.de\/aut\/wp-json\/wp\/v2\/comments?post=2620"}],"version-history":[{"count":5,"href":"https:\/\/www.hsu-hh.de\/aut\/wp-json\/wp\/v2\/pages\/2620\/revisions"}],"predecessor-version":[{"id":3469,"href":"https:\/\/www.hsu-hh.de\/aut\/wp-json\/wp\/v2\/pages\/2620\/revisions\/3469"}],"up":[{"embeddable":true,"href":"https:\/\/www.hsu-hh.de\/aut\/wp-json\/wp\/v2\/pages\/1188"}],"wp:attachment":[{"href":"https:\/\/www.hsu-hh.de\/aut\/wp-json\/wp\/v2\/media?parent=2620"}],"wp:term":[{"taxonomy":"category","embeddable":true,"href":"https:\/\/www.hsu-hh.de\/aut\/wp-json\/wp\/v2\/categories?post=2620"},{"taxonomy":"post_tag","embeddable":true,"href":"https:\/\/www.hsu-hh.de\/aut\/wp-json\/wp\/v2\/tags?post=2620"}],"curies":[{"name":"wp","href":"https:\/\/api.w.org\/{rel}","templated":true}]}}