{"id":2441,"date":"2021-08-18T14:40:18","date_gmt":"2021-08-18T12:40:18","guid":{"rendered":"https:\/\/www.hsu-hh.de\/aut\/?page_id=2441"},"modified":"2024-09-23T15:56:54","modified_gmt":"2024-09-23T13:56:54","slug":"reif","status":"publish","type":"page","link":"https:\/\/www.hsu-hh.de\/aut\/team\/reif","title":{"rendered":"Jonathan Reif, M.Sc."},"content":{"rendered":"\n<h2 class=\"wp-block-heading\">Wissenschaftlicher Mitarbeiter<\/h2>\n\n\n\n<hr class=\"wp-block-separator has-css-opacity\" \/>\n\n\n\n<div class=\"wp-block-columns is-layout-flex wp-container-core-columns-is-layout-9d6595d7 wp-block-columns-is-layout-flex\">\n<div class=\"wp-block-column is-layout-flow wp-block-column-is-layout-flow\" style=\"flex-basis:66.66%\">\n<p><strong>E-Mail:<\/strong> <a href=\"mailto:jonathan.reif@hsu-hh.de\" data-type=\"mailto\" data-id=\"mailto:jonathan.reif@hsu-hh.de\" rel='nofollow'>jonathan.reif@hsu-hh.de<\/a><\/p>\n\n\n\n<p><strong>Telefon:<\/strong> +49 40 6541-3372 <\/p>\n\n\n\n<p><strong>Fax:<\/strong> +49 40 6541-2004<\/p>\n\n\n\n<p><strong>Raum:<\/strong> H1\/1213<\/p>\n\n\n\n<p><strong>Postanschrift: <\/strong><\/p>\n\n\n\n<p>Helmut-Schmidt-Universit\u00e4t<br>Fakult\u00e4t f\u00fcr Maschinenbau<br>Professur f\u00fcr Automatisierungstechnik<br>Postfach 70 08 22<br>22008 Hamburg<\/p>\n\n\n\n<p><strong>Besucheranschrift:<\/strong><\/p>\n\n\n\n<p>Helmut-Schmidt-Universit\u00e4t<br>Geb\u00e4ude H1<br>Holstenhofweg 85<br>22043 Hamburg<\/p>\n\n\n\n<hr class=\"wp-block-separator has-css-opacity\" \/>\n<\/div>\n\n\n\n<div class=\"wp-block-column is-layout-flow wp-block-column-is-layout-flow\" style=\"flex-basis:33.33%\">\n<figure class=\"wp-block-image size-medium\"><img loading=\"lazy\" decoding=\"async\" width=\"300\" height=\"300\" src=\"https:\/\/www.hsu-hh.de\/aut\/wp-content\/uploads\/sites\/670\/2021\/08\/MicrosoftTeams-image-300x300.jpg\" data-credit=\"reif\" alt=\"reif\" class=\"wp-image-2442\" srcset=\"https:\/\/www.hsu-hh.de\/aut\/wp-content\/uploads\/sites\/670\/2021\/08\/MicrosoftTeams-image-300x300.jpg 300w, https:\/\/www.hsu-hh.de\/aut\/wp-content\/uploads\/sites\/670\/2021\/08\/MicrosoftTeams-image-1024x1024.jpg 1024w, https:\/\/www.hsu-hh.de\/aut\/wp-content\/uploads\/sites\/670\/2021\/08\/MicrosoftTeams-image-150x150.jpg 150w, https:\/\/www.hsu-hh.de\/aut\/wp-content\/uploads\/sites\/670\/2021\/08\/MicrosoftTeams-image-768x768.jpg 768w, https:\/\/www.hsu-hh.de\/aut\/wp-content\/uploads\/sites\/670\/2021\/08\/MicrosoftTeams-image-100x100.jpg 100w, https:\/\/www.hsu-hh.de\/aut\/wp-content\/uploads\/sites\/670\/2021\/08\/MicrosoftTeams-image.jpg 1078w\" sizes=\"auto, (max-width: 300px) 100vw, 300px\" \/><\/figure>\n\n\n\n<p><\/p>\n<\/div>\n<\/div>\n\n\n\n<h2 class=\"wp-block-heading\">Links<\/h2>\n\n\n\n<p><a href=\"https:\/\/de.linkedin.com\/in\/jonathan-reif-885048204\" rel='nofollow'><em>LinkedIn<\/em><\/a><\/p>\n\n\n\n<p><a href=\"https:\/\/www.researchgate.net\/profile\/Jonathan-Reif\" rel='nofollow'>ResearchGate<\/a><\/p>\n\n\n\n<h2 class=\"wp-block-heading\">Projekte<\/h2>\n\n\n\n<p><a href=\"https:\/\/laila-composites.com\/\" rel='nofollow'>Labor f\u00fcr intelligente Leichtbauproduktion (LaiLa)<\/a><\/p>\n\n\n\n<p><a href=\"https:\/\/www.hsu-hh.de\/aut\/forschung\/forschungsthemen\/sauber40\">Smart &amp; Sustainable RTM 4.0 (SAUBER 4.0)<\/a><\/p>\n\n\n\n<h2 class=\"wp-block-heading\">Ver\u00f6ffentlichungen<\/h2>\n\n\n\n<p><strong>J. Reif, T. Jeleniewski, A. K\u00f6cher, T. Frerich, F. Gehlhoff, A. Fay:<\/strong> \u201cSemantic Capability Model for the Simulation of Manufacturing Processes.\u201d, in <em>Proceedings of the 16th International Joint Conference on Knowledge Discovery, Knowledge Engineering and Knowledge Management (IC3K 2024) &#8211; KEOD<\/em><\/p>\n\n\n\n<p><strong>T. Jeleniewski, J. Reif, F. Gehlhoff, A. Fay<\/strong>: \u201eParameter Interdependencies in Knowledge Graphs for Manufacturing Processes\u201c,&nbsp;<em>2024 IEEE 29th International Conference on Emerging Technologies and Factory Automation (ETFA)<\/em>, Padova, Italy, 2024<\/p>\n\n\n\n<p><strong>J. Reif, T. Jeleniewski, M. Gill, F. Gehlhoff, A. Fay<\/strong>: \u201eChatbot-Based Ontology Interaction Using Large Language Models and Domain-Specific Standards\u201c,&nbsp;<em>2024 IEEE 29th International Conference on Emerging Technologies and Factory Automation (ETFA)<\/em>, Padova, Italy, 2024<\/p>\n\n\n\n<p><strong>L. M. Reinpold, L. P. Wagner, F. Gehlhoff, M. Ramonat, M. Kilthau, M. S. Gill, J. T. Reif, V. Henkel, L. Scholz, A. Fay<\/strong>: <a href=\"https:\/\/doi.org\/10.1007\/s10845-023-02278-y\" rel='nofollow'>Systematic comparison of software agents and Digital Twins: differences, similarities, and synergies in industrial production. In: Journal of Intelligent Manufacturing<\/a>, 01\/2024. DOI: <a href=\"https:\/\/doi.org\/10.1007\/s10845-023-02278-y\" rel='nofollow'>https:\/\/doi.org\/10.1007\/s10845-023-02278-y<\/a><\/p>\n\n\n\n<p><strong>T. Jeleniewski, J. Reif, A. Fay<\/strong>: <a href=\"https:\/\/doi.org\/10.1109\/ETFA54631.2023.10275608\" rel='nofollow'>\u201eIntegrating Interdependencies in Semantic Manufacturing Process Description Models\u201c<\/a>,&nbsp;<em>2023 IEEE 28th International Conference on Emerging Technologies and Factory Automation (ETFA)<\/em>, Sinaia, Romania, 2023, DOI: <a href=\"https:\/\/doi.org\/10.1109\/ETFA54631.2023.10275608\" rel='nofollow'>10.1109\/ETFA54631.2023.10275608<\/a><\/p>\n\n\n\n<p><strong>J. Reif, T. Jeleniewski, A. Fay<\/strong>: <a href=\"https:\/\/doi.org\/10.1109\/ETFA54631.2023.10275718\" rel='nofollow'>\u201eAn Approach to Automating the Generation of Process Simulation Sequences\u201c<\/a>,&nbsp;<em>2023 IEEE 28th International Conference on Emerging Technologies and Factory Automation (ETFA)<\/em>, Sinaia, Romania, 2023, DOI: <a href=\"https:\/\/doi.org\/10.1109\/ETFA54631.2023.10275718\" rel='nofollow'>10.1109\/ETFA54631.2023.10275718<\/a><\/p>\n\n\n\n<p><strong>T. Jeleniewski, H. Nabizada, J. Reif, A. K\u00f6cher, A. Fay<\/strong>: <a href=\"https:\/\/doi.org\/10.1109\/ISIE51358.2023.10228021\" rel='nofollow'>\u201cA Semantic Model to Express Process Parameters and their Interdependencies in Manufacturing\u201d<\/a>, in <em>2023 IEEE 32st International Symposium on Industrial Electronics (ISIE)<\/em>, Helsinki-Espoo, Finland, 2023, DOI: <a href=\"https:\/\/doi.org\/10.1109\/ISIE51358.2023.10228021\" rel='nofollow'>https:\/\/doi.org\/10.1109\/ISIE51358.2023.10228021<\/a><\/p>\n\n\n\n<p><strong>M. Gill, J. Reif, T. Jeleniewski, M. Weigand, A. Fay<\/strong>: <a href=\"http:\/\/dx.doi.org\/10.24405\/14562\" rel='nofollow'>\u201eApplication Potentials of Semantic Technologies for Digital Twins in Aircraft Design, Manufacturing and Maintenance\u201c<\/a>, dtec.bw-Beitr\u00e4ge der Helmut-Schmidt-Universit\u00e4t \/ Universit\u00e4t der Bundeswehr Hamburg: Forschungsaktivit\u00e4ten im Zentrum f\u00fcr Digitalisierungs- und Technologieforschung der Bundeswehr <a href=\"http:\/\/dtec.bw\" rel='nofollow'>dtec.bw<\/a>, Band 1, 2022, DOI: <a href=\"http:\/\/dx.doi.org\/10.24405\/14562\" rel='nofollow'>10.24405\/14562<\/a>.<\/p>\n\n\n\n<h2 class=\"wp-block-heading\"><abbr title=\"Studentische Hilfskraft\">SHK<\/abbr>-Stellen, Angebote f\u00fcr Seminar- und Abschlussarbeiten<\/h2>\n\n\n\n<p><em>Aktuell keine offenen Angebote f\u00fcr <abbr title=\"Studentische Hilfskraft\">SHK<\/abbr>-Stellen oder studentische Arbeiten<\/em><\/p>\n","protected":false},"excerpt":{"rendered":"<p>Wissenschaftlicher Mitarbeiter E-Mail: jonathan.reif@hsu-hh.de Telefon: +49 40 6541-3372 Fax: +49 40 6541-2004 Raum: H1\/1213 Postanschrift: Helmut-Schmidt-Universit\u00e4tFakult\u00e4t f\u00fcr MaschinenbauProfessur f\u00fcr AutomatisierungstechnikPostfach 70 08 2222008 Hamburg Besucheranschrift: Helmut-Schmidt-Universit\u00e4tGeb\u00e4ude H1Holstenhofweg 8522043 Hamburg Links [&hellip;]<\/p>\n","protected":false},"author":3039,"featured_media":0,"parent":1188,"menu_order":0,"comment_status":"closed","ping_status":"closed","template":"","meta":{"footnotes":""},"categories":[8],"tags":[],"class_list":["post-2441","page","type-page","status-publish","hentry","category-team"],"_links":{"self":[{"href":"https:\/\/www.hsu-hh.de\/aut\/wp-json\/wp\/v2\/pages\/2441","targetHints":{"allow":["GET"]}}],"collection":[{"href":"https:\/\/www.hsu-hh.de\/aut\/wp-json\/wp\/v2\/pages"}],"about":[{"href":"https:\/\/www.hsu-hh.de\/aut\/wp-json\/wp\/v2\/types\/page"}],"author":[{"embeddable":true,"href":"https:\/\/www.hsu-hh.de\/aut\/wp-json\/wp\/v2\/users\/3039"}],"replies":[{"embeddable":true,"href":"https:\/\/www.hsu-hh.de\/aut\/wp-json\/wp\/v2\/comments?post=2441"}],"version-history":[{"count":4,"href":"https:\/\/www.hsu-hh.de\/aut\/wp-json\/wp\/v2\/pages\/2441\/revisions"}],"predecessor-version":[{"id":4200,"href":"https:\/\/www.hsu-hh.de\/aut\/wp-json\/wp\/v2\/pages\/2441\/revisions\/4200"}],"up":[{"embeddable":true,"href":"https:\/\/www.hsu-hh.de\/aut\/wp-json\/wp\/v2\/pages\/1188"}],"wp:attachment":[{"href":"https:\/\/www.hsu-hh.de\/aut\/wp-json\/wp\/v2\/media?parent=2441"}],"wp:term":[{"taxonomy":"category","embeddable":true,"href":"https:\/\/www.hsu-hh.de\/aut\/wp-json\/wp\/v2\/categories?post=2441"},{"taxonomy":"post_tag","embeddable":true,"href":"https:\/\/www.hsu-hh.de\/aut\/wp-json\/wp\/v2\/tags?post=2441"}],"curies":[{"name":"wp","href":"https:\/\/api.w.org\/{rel}","templated":true}]}}