{"id":232,"date":"2017-09-21T12:09:57","date_gmt":"2017-09-21T10:09:57","guid":{"rendered":"https:\/\/www.hsu-hh.de\/aut\/?page_id=232"},"modified":"2018-11-27T12:05:58","modified_gmt":"2018-11-27T11:05:58","slug":"alexander-fay","status":"publish","type":"page","link":"https:\/\/www.hsu-hh.de\/aut\/alexander-fay","title":{"rendered":"Alexander Fay"},"content":{"rendered":"<p>&nbsp;<\/p>\n<div class=\"ansprechparter-container\">\n<div class=\"row ansprechpartner-item ansprechparter-header\">\n<div class=\"col-xs-8 col-lg-12\" style=\"margin-bottom: 30px\">\n<div class=\"mobile-small\"><abbr title=\"Universit\u00e4tsprofessor\">Univ.-Prof.<\/abbr> <abbr title=\"Doktor der Ingenieurwissenschaften\">Dr.-Ing.<\/abbr> Alexander Fay<\/div>\n<\/div>\n<div class=\"col-md-4 col-lg-3 col-xs-4 ansprechpartner-item floatright img-circle center-block\" style=\"margin-bottom: 30px\">\n<div class=\"img-responsive-wrapper\"><img decoding=\"async\" class=\"img-circle img-responsive center-block\" src=\"\/wp-content\/themes\/hsu\/img\/dummy\/dummy_ansprechpartner.png\" alt=\"\" \/><\/div>\n<\/div>\n<div class=\"col-md-12 col-lg-3 col-xs-12 ansprechpartner-item kontakt floatright\" style=\"margin-bottom: 30px\">\n<div class=\"row\">\n<div class=\"col-xs-12 col-sm-6 col-lg-12\">\n<div class=\"row\">\n<div class=\"col-xs-12 col-lg-4 row-text bold\">Raum:<\/div>\n<div class=\"col-xs-12 col-lg-8 row-text\">H1\/1203<\/div>\n<\/div>\n<\/div>\n<div class=\"col-xs-12 col-sm-6 col-lg-12\">\n<div class=\"row\">\n<div class=\"col-xs-12 col-lg-4 row-text bold\">Telefon:<\/div>\n<div class=\"col-xs-12 col-lg-8 row-text\">+49-40-6541-2719<\/div>\n<\/div>\n<\/div>\n<div class=\"col-xs-12 col-sm-6 col-lg-12\">\n<div class=\"row\">\n<div class=\"col-xs-12 col-lg-4 row-text bold\">Fax:<\/div>\n<div class=\"col-xs-12 col-lg-8 row-text\">+49-40-6541-2004<\/div>\n<\/div>\n<\/div>\n<div class=\"col-xs-12 col-sm-6 col-lg-12\">\n<div class=\"row\">\n<div class=\"col-xs-12 col-md-12 row-text bold\">Email:<\/div>\n<div class=\"col-xs-12 col-md-12 row-text\"><a href=\"pressestelle@hsu-hh.de\" rel='nofollow'>alexander.fay@hsu-hh.de<\/a><\/div>\n<\/div>\n<\/div>\n<\/div>\n<\/div>\n<div class=\"col-md-6 col-lg-3 col-xs-12 ansprechpartner-item anschrift floatright\">\n<div class=\"row-headline\">Besucheranschrift<\/div>\n<div class=\"row-text\">Helmut-Schmidt-Universit\u00e4t<\/div>\n<div class=\"row-text\">Geb\u00e4ude H1<\/div>\n<div class=\"row-text\">Holstenhofweg 85<\/div>\n<div class=\"row-text\">22043 Hamburg<\/div>\n<\/div>\n<div class=\"col-md-6 col-lg-3 col-xs-12 ansprechpartner-item anschrift floatright\">\n<div class=\"row-headline\">Postanschrift<\/div>\n<div class=\"row-text\">Helmut-Schmidt-Universit\u00e4t<\/div>\n<div class=\"row-text\">Fakult\u00e4t f\u00fcr Maschinenbau<\/div>\n<div class=\"row-text\">22043 Hamburg<\/div>\n<\/div>\n<\/div>\n<\/div>\n<div class=\"clearfix\"><\/div>\n<p><strong>Kurzvita<\/strong><\/p>\n<p>1970\u00a0\u00a0\u00a0\u00a0 geboren in Braunschweig<\/p>\n<p>1989\u00a0\u00a0\u00a0\u00a0 Aufnahme des Studiums der Elektrotechnik an der <abbr title=\"Technische Universit\u00e4t\">TU<\/abbr> Braunschweig<\/p>\n<p>1995\u00a0\u00a0\u00a0\u00a0 Diplomarbeit und Beginn der T\u00e4tigkeit als wissenschaftlicher Mitarbeiter\u00a0am Institut f\u00fcr Regelungs- und Automatisierungstechnik (Prof. <abbr title=\"Doktor der Ingenieurwissenschaften\">Dr.-Ing.<\/abbr> E.\u00a0Schnieder) der <abbr title=\"Technische Universit\u00e4t\">TU<\/abbr> Braunschweig<\/p>\n<p>1999\u00a0\u00a0\u00a0\u00a0 Promotion, Auszeichnung der Dissertation \u00fcber wissensbasierte Dispositionsunterst\u00fctzung mit dem &#8222;Forschungspreis der Deutschen Bahn&#8220;<\/p>\n<p>1999\u00a0\u00a0\u00a0\u00a0 Projektleiter im ABB-Forschungszentrum Heidelberg f\u00fcr wissensbasierte Migration von Prozessleitsystem-<span lang=\"en\" xml:lang=\"en\">Software<\/span><\/p>\n<p>2000\u00a0\u00a0\u00a0\u00a0 Leiter der Gruppe &#8222;Mechatronische Systeme&#8220; im ABB-Forschungszentrum Heidelberg<\/p>\n<p>2001\u00a0\u00a0\u00a0\u00a0 Aufbau und Leitung der Gruppe &#8222;Engineering-Systeme&#8220; im ABB-Forschungszentrum Ladenburg<\/p>\n<p>2002\u00a0\u00a0\u00a0\u00a0 Auszeichnung durch das M.I.T. als einer der <a href=\"http:\/\/www2.technologyreview.com\/tr35\/?year=2002\" target=\"_blank\" rel=\"noopener noreferrer\">&#8222;World&#8220;s Top 100 Young Innovators&#8220;\u00a0<\/a><\/p>\n<p>2003\u00a0\u00a0\u00a0\u00a0 Ruf auf die Professur f\u00fcr Automatisierungstechnik an der Helmut-Schmidt-Universit\u00e4t \/ Universit\u00e4t der Bundeswehr Hamburg<\/p>\n<p>2004\u00a0\u00a0\u00a0 \u00a0Antritt der Professor f\u00fcr Automatisierungstechnik und Aufnahme der Lehrveranstaltungen<\/p>\n<p>2009\u00a0\u00a0\u00a0 \u00a0Verleihung des Ehrenrings des VDI <a title=\"Startseite \u00bb Aktuelles \u00bb Aktuelles aus der Professur\" href=\"https:\/\/www.hsu-hh.de\/aut\/index_SrlrQJU3ObksjbIh.html\">(zus\u00e4tzliche Informationen)<\/a><\/p>\n<p>Eine Kurzvorstellung erschien im Heft 2\/2005 der Zeitschrift &#8222;Automatisierungstechnik&#8220;, siehe <a title=\"\u00dcberblick \u00bb Forschung \u00bb Publikationen\" href=\"https:\/\/www.hsu-hh.de\/aut\/index_9bDIs2raez5ERPUz.html\">hier<\/a>.<\/p>\n<p>2018 Auszeichnung mit der Goldenen Ehrennadel der <a href=\"http:\/\/www.namur.net\" rel='nofollow'>NAMUR<\/a><\/p>\n<p><strong><br \/>\nAktuelle T\u00e4tigkeiten und Mitgliedschaften:<\/strong><\/p>\n<p>Mitglied im Wissenschaftlichen Beirat der <a href=\"http:\/\/www.vdi.de\/gma\" rel='nofollow'>VDI\/VDE-Gesellschaft f\u00fcr Mess- und Automatisierungstechnik (GMA) <\/a>\u00a0als Vorsitzender des <a href=\"http:\/\/www.vdi.de\/vdi\/organisation\/schnellauswahl\/fgkf\/gma\/organisation\/03193\/\" rel='nofollow'>GMA-Fachbereichs 6 &#8222;Engineering und Betrieb automatisierter Anlagen&#8220; <\/a>.<\/p>\n<p>Vorsitzender des <a href=\"http:\/\/www.vdi.de\/vdi\/organisation\/schnellauswahl\/fgkf\/gma\/organisation\/06836\/\" rel='nofollow'>GMA-Fachausschusses 6.12 &#8222;Durchg\u00e4ngiges Engineering von Leitsystemen&#8220;<\/a>.<\/p>\n<p>Mitglied im Wissenschaftlichen Beirat der Plattform &#8222;<a href=\"http:\/\/www.plattform-i40.de\/plattform\/organisation\" rel='nofollow'>Industrie 4.0 <img loading=\"lazy\" decoding=\"async\" title=\"Externer Link: Industrie 4.0 (http:\/\/www.plattform-i40.de\/plattform\/organisation)\" src=\"https:\/\/www.hsu-hh.de\/image_bricks\/external.gif\" alt=\"Externer Link: Industrie 4.0 (http:\/\/www.plattform-i40.de\/plattform\/organisation)\" width=\"11\" height=\"10\" \/><\/a>&#8222;.<\/p>\n<p>Associate Editor der <a href=\"http:\/\/www.ieee-ies.org\/tii\/\" rel='nofollow'>IEEE Transactions on Industrial Informatics <\/a>, Senior Member of the <a href=\"http:\/\/www.ieee.org\" rel='nofollow'>IEEE<\/a>.<\/p>\n<p>Mitglied im Wissenschaftlichen Beirat der Zeitschrift <a href=\"http:\/\/www.oldenbourg-industrieverlag.de\/modules\/zeitschrift.php?lang=de&amp;page=atp\" rel='nofollow'>atp<\/a>.<\/p>\n<p>Mitglied im Wissenschaftlichen Beirat der Zeitschrift \u201eat \u2013 Automatisierungstechnik\u201c<\/p>\n<p>Studiendekan der Fakult\u00e4t f\u00fcr Maschinenbau<\/p>\n<p>Mitglied im Vorstand der GMA (VDI-\/VDE-Gesellschaft f\u00fcr Mess- und Automatisierungstechnik)<\/p>\n<p>&nbsp;<\/p>\n<p><strong>Fr\u00fchere T\u00e4tigkeiten und Mitgliedschaften (in Auswahl):<\/strong><\/p>\n<p>Mitglied des Administrative Committee der IEEE Industrial Electronics Society.<\/p>\n<p>Dekan der Fakult\u00e4t f\u00fcr Maschinenbau (Januar 2011 &#8211; Januar 2013).<\/p>\n<p>&nbsp;<\/p>\n<p>&nbsp;<\/p>\n","protected":false},"excerpt":{"rendered":"<p>&nbsp; Univ.-Prof. Dr.-Ing. Alexander Fay Raum: H1\/1203 Telefon: +49-40-6541-2719 Fax: +49-40-6541-2004 Email: alexander.fay@hsu-hh.de Besucheranschrift Helmut-Schmidt-Universit\u00e4t Geb\u00e4ude H1 Holstenhofweg 85 22043 Hamburg Postanschrift Helmut-Schmidt-Universit\u00e4t Fakult\u00e4t f\u00fcr Maschinenbau 22043 Hamburg Kurzvita 1970\u00a0\u00a0\u00a0\u00a0 [&hellip;]<\/p>\n","protected":false},"author":78,"featured_media":0,"parent":0,"menu_order":0,"comment_status":"closed","ping_status":"closed","template":"","meta":{"footnotes":""},"categories":[8],"tags":[],"class_list":["post-232","page","type-page","status-publish","hentry","category-team"],"_links":{"self":[{"href":"https:\/\/www.hsu-hh.de\/aut\/wp-json\/wp\/v2\/pages\/232","targetHints":{"allow":["GET"]}}],"collection":[{"href":"https:\/\/www.hsu-hh.de\/aut\/wp-json\/wp\/v2\/pages"}],"about":[{"href":"https:\/\/www.hsu-hh.de\/aut\/wp-json\/wp\/v2\/types\/page"}],"author":[{"embeddable":true,"href":"https:\/\/www.hsu-hh.de\/aut\/wp-json\/wp\/v2\/users\/78"}],"replies":[{"embeddable":true,"href":"https:\/\/www.hsu-hh.de\/aut\/wp-json\/wp\/v2\/comments?post=232"}],"version-history":[{"count":5,"href":"https:\/\/www.hsu-hh.de\/aut\/wp-json\/wp\/v2\/pages\/232\/revisions"}],"predecessor-version":[{"id":1072,"href":"https:\/\/www.hsu-hh.de\/aut\/wp-json\/wp\/v2\/pages\/232\/revisions\/1072"}],"wp:attachment":[{"href":"https:\/\/www.hsu-hh.de\/aut\/wp-json\/wp\/v2\/media?parent=232"}],"wp:term":[{"taxonomy":"category","embeddable":true,"href":"https:\/\/www.hsu-hh.de\/aut\/wp-json\/wp\/v2\/categories?post=232"},{"taxonomy":"post_tag","embeddable":true,"href":"https:\/\/www.hsu-hh.de\/aut\/wp-json\/wp\/v2\/tags?post=232"}],"curies":[{"name":"wp","href":"https:\/\/api.w.org\/{rel}","templated":true}]}}