{"id":2278,"date":"2021-07-29T08:43:51","date_gmt":"2021-07-29T06:43:51","guid":{"rendered":"https:\/\/www.hsu-hh.de\/aut\/?page_id=2278"},"modified":"2026-02-13T16:36:00","modified_gmt":"2026-02-13T15:36:00","slug":"schnakenbeck","status":"publish","type":"page","link":"https:\/\/www.hsu-hh.de\/aut\/team\/schnakenbeck","title":{"rendered":"Dr.-Ing. Aron Schnakenbeck, M.Sc."},"content":{"rendered":"\n<h2 class=\"wp-block-heading\">Wissenschaftlicher Mitarbeiter<\/h2>\n\n\n\n<hr class=\"wp-block-separator has-css-opacity\" \/>\n\n\n\n<div class=\"wp-block-columns is-layout-flex wp-container-core-columns-is-layout-9d6595d7 wp-block-columns-is-layout-flex\">\n<div class=\"wp-block-column is-layout-flow wp-block-column-is-layout-flow\" style=\"flex-basis:66.66%\">\n<p><strong>E-Mail:<\/strong> aron[dot]schnakenbeck[at]hsu-hh[dot]de<\/p>\n\n\n\n<p><strong>Telefon:<\/strong> +49 40 6541-2339<\/p>\n\n\n\n<p><strong>Fax:<\/strong> +49 40 6541-2004<\/p>\n\n\n\n<p><strong>Raum:<\/strong> H1\/1216<\/p>\n\n\n\n<p><strong>Postanschrift: <\/strong><\/p>\n\n\n\n<p>Helmut-Schmidt-Universit\u00e4t<br>Fakult\u00e4t f\u00fcr Maschinenbau<br>Professur f\u00fcr Automatisierungstechnik<br>Postfach 70 08 22<br>22008 Hamburg<\/p>\n\n\n\n<p><strong>Besucheranschrift:<\/strong><\/p>\n\n\n\n<p>Helmut-Schmidt-Universit\u00e4t<br>Geb\u00e4ude H1<br>Holstenhofweg 85<br>22043 Hamburg<\/p>\n\n\n\n<hr class=\"wp-block-separator has-css-opacity\" \/>\n\n\n\n<p><a href=\"https:\/\/www.researchgate.net\/profile\/Aron-Schnakenbeck\" rel='nofollow'>Researchgate<\/a><\/p>\n<\/div>\n\n\n\n<div class=\"wp-block-column is-layout-flow wp-block-column-is-layout-flow\" style=\"flex-basis:33.33%\">\n<figure class=\"wp-block-image size-medium\"><img loading=\"lazy\" decoding=\"async\" width=\"300\" height=\"300\" src=\"https:\/\/www.hsu-hh.de\/aut\/wp-content\/uploads\/sites\/670\/2020\/11\/Bild_Schnakenbeck5-300x300.jpg\" data-credit=\"schnakenbeck\" alt=\"schnakenbeck\" class=\"wp-image-1602\" srcset=\"https:\/\/www.hsu-hh.de\/aut\/wp-content\/uploads\/sites\/670\/2020\/11\/Bild_Schnakenbeck5-300x300.jpg 300w, https:\/\/www.hsu-hh.de\/aut\/wp-content\/uploads\/sites\/670\/2020\/11\/Bild_Schnakenbeck5-150x150.jpg 150w, https:\/\/www.hsu-hh.de\/aut\/wp-content\/uploads\/sites\/670\/2020\/11\/Bild_Schnakenbeck5-100x100.jpg 100w, https:\/\/www.hsu-hh.de\/aut\/wp-content\/uploads\/sites\/670\/2020\/11\/Bild_Schnakenbeck5.jpg 499w\" sizes=\"auto, (max-width: 300px) 100vw, 300px\" \/><\/figure>\n\n\n\n<p><\/p>\n<\/div>\n<\/div>\n\n\n\n<hr class=\"wp-block-separator has-css-opacity\" \/>\n\n\n\n<h2 class=\"wp-block-heading\">Projekte:<\/h2>\n\n\n\n<p><a href=\"https:\/\/www.hsu-hh.de\/aut\/forschung\/forschungsthemen\/formale-methoden-zur-spezifikation-und-implementierung-von-steuerungen\">AGRAFE<\/a><\/p>\n\n\n\n<hr class=\"wp-block-separator has-css-opacity\" \/>\n\n\n\n<h2 class=\"wp-block-heading\"><abbr title=\"Studentische Hilfskraft\">SHK<\/abbr>-Stellen, Angebote f\u00fcr Seminar- und Abschlussarbeiten:<\/h2>\n\n\n\n<p>Im Kontext des Forschungsprojekts&nbsp;<a href=\"https:\/\/www.hsu-hh.de\/aut\/forschung\/forschungsthemen\/formale-methoden-zur-spezifikation-und-implementierung-von-steuerungen\">AGRAFE<\/a>&nbsp;biete ich Seminar- oder Abschlussarbeiten an. Interessante Fragestellungen sind hier wie formale Methoden dazu genutzt werden k\u00f6nnen, um den Steuerungsentwurf in der Automatisierung zu unterst\u00fctzen.<\/p>\n\n\n\n<p>Au\u00dferdem bin ich immer wieder auf der Suche nach studentischen Hilfskr\u00e4ften (SHKs), die mich bei der prototypischen Implementierung der entwickelten Konzepte unterst\u00fctzen. Hier haben Sie die M\u00f6glichkeit einen Einblick in die modellgetriebene Softwareentwicklung zu bekommen und Ihre Programmierkenntnisse zu vertiefen. \u00dcber eine Mail von Ihnen w\u00fcrde ich mich freuen!<\/p>\n\n\n\n<hr class=\"wp-block-separator has-css-opacity\" \/>\n","protected":false},"excerpt":{"rendered":"<p>Wissenschaftlicher Mitarbeiter E-Mail: aron[dot]schnakenbeck[at]hsu-hh[dot]de Telefon: +49 40 6541-2339 Fax: +49 40 6541-2004 Raum: H1\/1216 Postanschrift: Helmut-Schmidt-Universit\u00e4tFakult\u00e4t f\u00fcr MaschinenbauProfessur f\u00fcr AutomatisierungstechnikPostfach 70 08 2222008 Hamburg Besucheranschrift: Helmut-Schmidt-Universit\u00e4tGeb\u00e4ude H1Holstenhofweg 8522043 Hamburg Researchgate [&hellip;]<\/p>\n","protected":false},"author":2959,"featured_media":0,"parent":1188,"menu_order":0,"comment_status":"closed","ping_status":"closed","template":"","meta":{"footnotes":""},"categories":[8],"tags":[],"class_list":["post-2278","page","type-page","status-publish","hentry","category-team"],"_links":{"self":[{"href":"https:\/\/www.hsu-hh.de\/aut\/wp-json\/wp\/v2\/pages\/2278","targetHints":{"allow":["GET"]}}],"collection":[{"href":"https:\/\/www.hsu-hh.de\/aut\/wp-json\/wp\/v2\/pages"}],"about":[{"href":"https:\/\/www.hsu-hh.de\/aut\/wp-json\/wp\/v2\/types\/page"}],"author":[{"embeddable":true,"href":"https:\/\/www.hsu-hh.de\/aut\/wp-json\/wp\/v2\/users\/2959"}],"replies":[{"embeddable":true,"href":"https:\/\/www.hsu-hh.de\/aut\/wp-json\/wp\/v2\/comments?post=2278"}],"version-history":[{"count":11,"href":"https:\/\/www.hsu-hh.de\/aut\/wp-json\/wp\/v2\/pages\/2278\/revisions"}],"predecessor-version":[{"id":4739,"href":"https:\/\/www.hsu-hh.de\/aut\/wp-json\/wp\/v2\/pages\/2278\/revisions\/4739"}],"up":[{"embeddable":true,"href":"https:\/\/www.hsu-hh.de\/aut\/wp-json\/wp\/v2\/pages\/1188"}],"wp:attachment":[{"href":"https:\/\/www.hsu-hh.de\/aut\/wp-json\/wp\/v2\/media?parent=2278"}],"wp:term":[{"taxonomy":"category","embeddable":true,"href":"https:\/\/www.hsu-hh.de\/aut\/wp-json\/wp\/v2\/categories?post=2278"},{"taxonomy":"post_tag","embeddable":true,"href":"https:\/\/www.hsu-hh.de\/aut\/wp-json\/wp\/v2\/tags?post=2278"}],"curies":[{"name":"wp","href":"https:\/\/api.w.org\/{rel}","templated":true}]}}