{"id":2231,"date":"2021-07-29T08:44:06","date_gmt":"2021-07-29T06:44:06","guid":{"rendered":"https:\/\/www.hsu-hh.de\/aut\/?page_id=2231"},"modified":"2021-11-23T16:15:47","modified_gmt":"2021-11-23T15:15:47","slug":"westermann","status":"publish","type":"page","link":"https:\/\/www.hsu-hh.de\/aut\/team\/westermann","title":{"rendered":"Tom Westermann, M.Sc."},"content":{"rendered":"\n<h2 class=\"wp-block-heading\">Wissenschaftlicher Mitarbeiter<\/h2>\n\n\n\n<hr class=\"wp-block-separator\" \/>\n\n\n\n<div class=\"wp-block-columns is-layout-flex wp-container-core-columns-is-layout-9d6595d7 wp-block-columns-is-layout-flex\">\n<div class=\"wp-block-column is-layout-flow wp-block-column-is-layout-flow\" style=\"flex-basis:66.66%\">\n<p><strong>E-Mail: <\/strong><a href=\"mailto:tom.westermann@hsu-hh.de\" rel='nofollow'>tom.westermann@hsu-hh.de<\/a><\/p>\n\n\n\n<p><strong>Fax:<\/strong> +49 40 6541-2004<\/p>\n\n\n\n<p><strong>Raum:<\/strong> H1\/1214<\/p>\n\n\n\n<p><strong>Postanschrift: <\/strong><\/p>\n\n\n\n<p>Helmut-Schmidt-Universit\u00e4t<br>Fakult\u00e4t f\u00fcr Maschinenbau<br>Professur f\u00fcr Automatisierungstechnik<br>Postfach 70 08 22<br>22008 Hamburg<\/p>\n\n\n\n<p><strong>Besucheranschrift:<\/strong><\/p>\n\n\n\n<p>Helmut-Schmidt-Universit\u00e4t<br>Geb\u00e4ude H1<br>Holstenhofweg 85<br>22043 Hamburg<\/p>\n\n\n\n<hr class=\"wp-block-separator\" \/>\n\n\n\n<p><a href=\"https:\/\/www.researchgate.net\/profile\/Tom-Westermann-2\" rel='nofollow'>ResearchGate<\/a><\/p>\n<\/div>\n\n\n\n<div class=\"wp-block-column is-layout-flow wp-block-column-is-layout-flow\" style=\"flex-basis:33.33%\">\n<figure class=\"wp-block-image size-medium is-style-default\"><img loading=\"lazy\" decoding=\"async\" width=\"285\" height=\"300\" src=\"https:\/\/www.hsu-hh.de\/aut\/wp-content\/uploads\/sites\/670\/2021\/11\/westermann-285x300.jpg\" data-credit=\"Westermann\" alt=\"westermann\" class=\"wp-image-2702\" srcset=\"https:\/\/www.hsu-hh.de\/aut\/wp-content\/uploads\/sites\/670\/2021\/11\/westermann-285x300.jpg 285w, https:\/\/www.hsu-hh.de\/aut\/wp-content\/uploads\/sites\/670\/2021\/11\/westermann-973x1024.jpg 973w, https:\/\/www.hsu-hh.de\/aut\/wp-content\/uploads\/sites\/670\/2021\/11\/westermann-768x809.jpg 768w, https:\/\/www.hsu-hh.de\/aut\/wp-content\/uploads\/sites\/670\/2021\/11\/westermann-1459x1536.jpg 1459w, https:\/\/www.hsu-hh.de\/aut\/wp-content\/uploads\/sites\/670\/2021\/11\/westermann-1945x2048.jpg 1945w, https:\/\/www.hsu-hh.de\/aut\/wp-content\/uploads\/sites\/670\/2021\/11\/westermann-1100x1158.jpg 1100w\" sizes=\"auto, (max-width: 285px) 100vw, 285px\" \/><\/figure>\n<\/div>\n<\/div>\n\n\n\n<hr class=\"wp-block-separator\" \/>\n\n\n\n<h2 class=\"wp-block-heading\">Projekte:<\/h2>\n\n\n\n<p><a href=\"https:\/\/www.hsu-hh.de\/imb\/projekte\/time4cps\">Time4CPS<\/a><\/p>\n\n\n\n<hr class=\"wp-block-separator\" \/>\n\n\n\n<h2 class=\"wp-block-heading\" id=\"TomWestermann'sWebsite-BetreuteArbeiten\">Betreute Arbeiten<\/h2>\n\n\n\n<p>Optimierung SPS-gesteuerter Anlagen durch lernende Optimierungsverfahren &#8211; Lorenz Specht<\/p>\n\n\n\n<p>Integration von maschinellen Lernverfahren in den Entwurf von Automatisierungssoftware &#8211; Robert Schielke<\/p>\n\n\n\n<p>Entwicklung und Implementierung eines Verfahrens zur Zustandsbewertung von Mittelspannungsleitungen mit Methoden des maschinellen Lernens &#8211; Julian Reher<\/p>\n\n\n\n<h2 class=\"wp-block-heading\" id=\"TomWestermann'sWebsite-Ver\u00f6ffentlichungen\">Ver\u00f6ffentlichungen<\/h2>\n\n\n\n<p><em>Evaluating different machine learning techniques as surrogate for low voltage grids:<br><a href=\"https:\/\/www.researchgate.net\/publication\/346461549_Evaluating_different_machine_learning_techniques_as_surrogate_for_low_voltage_grids\" rel='nofollow'>https:\/\/www.researchgate.net\/publication\/346461549_Evaluating_different_machine_learning_techniques_as_surrogate_for_low_voltage_grids<\/a><\/em><\/p>\n","protected":false},"excerpt":{"rendered":"<p>Wissenschaftlicher Mitarbeiter E-Mail: tom.westermann@hsu-hh.de Fax: +49 40 6541-2004 Raum: H1\/1214 Postanschrift: Helmut-Schmidt-Universit\u00e4tFakult\u00e4t f\u00fcr MaschinenbauProfessur f\u00fcr AutomatisierungstechnikPostfach 70 08 2222008 Hamburg Besucheranschrift: Helmut-Schmidt-Universit\u00e4tGeb\u00e4ude H1Holstenhofweg 8522043 Hamburg ResearchGate Projekte: Time4CPS Betreute Arbeiten [&hellip;]<\/p>\n","protected":false},"author":2905,"featured_media":0,"parent":1188,"menu_order":0,"comment_status":"closed","ping_status":"closed","template":"","meta":{"footnotes":""},"categories":[4],"tags":[],"class_list":["post-2231","page","type-page","status-publish","hentry","category-forschung"],"_links":{"self":[{"href":"https:\/\/www.hsu-hh.de\/aut\/wp-json\/wp\/v2\/pages\/2231","targetHints":{"allow":["GET"]}}],"collection":[{"href":"https:\/\/www.hsu-hh.de\/aut\/wp-json\/wp\/v2\/pages"}],"about":[{"href":"https:\/\/www.hsu-hh.de\/aut\/wp-json\/wp\/v2\/types\/page"}],"author":[{"embeddable":true,"href":"https:\/\/www.hsu-hh.de\/aut\/wp-json\/wp\/v2\/users\/2905"}],"replies":[{"embeddable":true,"href":"https:\/\/www.hsu-hh.de\/aut\/wp-json\/wp\/v2\/comments?post=2231"}],"version-history":[{"count":3,"href":"https:\/\/www.hsu-hh.de\/aut\/wp-json\/wp\/v2\/pages\/2231\/revisions"}],"predecessor-version":[{"id":2704,"href":"https:\/\/www.hsu-hh.de\/aut\/wp-json\/wp\/v2\/pages\/2231\/revisions\/2704"}],"up":[{"embeddable":true,"href":"https:\/\/www.hsu-hh.de\/aut\/wp-json\/wp\/v2\/pages\/1188"}],"wp:attachment":[{"href":"https:\/\/www.hsu-hh.de\/aut\/wp-json\/wp\/v2\/media?parent=2231"}],"wp:term":[{"taxonomy":"category","embeddable":true,"href":"https:\/\/www.hsu-hh.de\/aut\/wp-json\/wp\/v2\/categories?post=2231"},{"taxonomy":"post_tag","embeddable":true,"href":"https:\/\/www.hsu-hh.de\/aut\/wp-json\/wp\/v2\/tags?post=2231"}],"curies":[{"name":"wp","href":"https:\/\/api.w.org\/{rel}","templated":true}]}}