{"id":2228,"date":"2021-07-29T08:44:02","date_gmt":"2021-07-29T06:44:02","guid":{"rendered":"https:\/\/www.hsu-hh.de\/aut\/?page_id=2228"},"modified":"2025-01-21T14:22:34","modified_gmt":"2025-01-21T13:22:34","slug":"gill","status":"publish","type":"page","link":"https:\/\/www.hsu-hh.de\/aut\/team\/gill","title":{"rendered":"Milapji Singh Gill, M.Sc."},"content":{"rendered":"\n<h2 class=\"wp-block-heading\">Forschungsgruppenleiter Digitaler Zwilling<\/h2>\n\n\n\n<hr class=\"wp-block-separator has-css-opacity\" \/>\n\n\n\n<div class=\"wp-block-columns is-layout-flex wp-container-core-columns-is-layout-9d6595d7 wp-block-columns-is-layout-flex\">\n<div class=\"wp-block-column is-layout-flow wp-block-column-is-layout-flow\" style=\"flex-basis:66.66%\">\n<p><strong>E-Mail: <\/strong><a href=\"mailto:milapji.gill@hsu-hh.de\" rel='nofollow'>milapji.gill@hsu-hh.de<\/a><\/p>\n\n\n\n<p><strong>Fax:<\/strong> +49 40 6541-2004<\/p>\n\n\n\n<p><strong>Raum:<\/strong> H1\/1144<\/p>\n\n\n\n<p><strong>Postanschrift: <\/strong><\/p>\n\n\n\n<p>Helmut-Schmidt-Universit\u00e4t<br>Fakult\u00e4t f\u00fcr Maschinenbau<br>Professur f\u00fcr Automatisierungstechnik<br>Postfach 70 08 22<br>22008 Hamburg<\/p>\n\n\n\n<p><strong>Besucheranschrift:<\/strong><\/p>\n\n\n\n<p>Helmut-Schmidt-Universit\u00e4t<br>Geb\u00e4ude H1<br>Holstenhofweg 85<br>22043 Hamburg<\/p>\n<\/div>\n\n\n\n<div class=\"wp-block-column is-layout-flow wp-block-column-is-layout-flow\" style=\"flex-basis:33.33%\">\n<figure class=\"wp-block-image size-medium is-resized\"><img loading=\"lazy\" decoding=\"async\" width=\"281\" height=\"300\" src=\"https:\/\/www.hsu-hh.de\/aut\/wp-content\/uploads\/sites\/670\/2021\/03\/Profilbild_Milapji-Singh-Gill-281x300.jpg\" data-credit=\"gill\" alt=\"gill\" class=\"wp-image-1786\" style=\"width:300px\" srcset=\"https:\/\/www.hsu-hh.de\/aut\/wp-content\/uploads\/sites\/670\/2021\/03\/Profilbild_Milapji-Singh-Gill-281x300.jpg 281w, https:\/\/www.hsu-hh.de\/aut\/wp-content\/uploads\/sites\/670\/2021\/03\/Profilbild_Milapji-Singh-Gill-768x819.jpg 768w, https:\/\/www.hsu-hh.de\/aut\/wp-content\/uploads\/sites\/670\/2021\/03\/Profilbild_Milapji-Singh-Gill.jpg 850w\" sizes=\"auto, (max-width: 281px) 100vw, 281px\" \/><\/figure>\n\n\n\n<p><\/p>\n<\/div>\n<\/div>\n\n\n\n<hr class=\"wp-block-separator has-css-opacity\" \/>\n\n\n\n<h2 class=\"wp-block-heading\">Projekte:<\/h2>\n\n\n\n<p>ProMoDi \u2013 Produktionsnahe Modellwerkstatt zur Forschung an Digitalisierungsthemen im Bereich der Flugzeuginstandhaltung<\/p>\n\n\n\n<ul class=\"wp-block-list\">\n<li><a href=\"https:\/\/dtecbw.de\/home\/forschung\/hsu\/projekt-promodi\/projekt-promodi\" rel='nofollow'>dtec.bw &#8211; ProMoDi<\/a><\/li>\n\n\n\n<li><a href=\"https:\/\/www.hsu-hh.de\/aut\/forschung\/forschungsthemen\/produktionsnahe-modellwerkstatt-zur-forschung-an-digitalisierungsthemen-im-bereich-der-flugzeuginstandhaltung-promodi\">Website &#8211; Institut f\u00fcr Automatisierungstechnik &#8211; ProMoDi<\/a><\/li>\n<\/ul>\n\n\n\n<hr class=\"wp-block-separator has-css-opacity\" \/>\n\n\n\n<h2 class=\"wp-block-heading\" id=\"MilapjiSinghGill'sWebsite-BetreuteArbeiten\">Betreute Arbeiten<\/h2>\n\n\n\n<p><em>Konzept zur Anwendung von Methoden der k\u00fcnstlichen Intelligenz in der datengetriebenen Fehler-Ursachen-Analyse im Produktionsumfeld<\/em>&nbsp;(Masterarbeit in der Industrie im Bereich Medizintechnik, laufend)<\/p>\n\n\n\n<p><em>Entwicklung einer Methode zur Anwendung von Process Mining zur Verbesserung der Lieferperformance<\/em>&nbsp;(Masterarbeit in der Industrie im Bereich der Herstellung metallischer Werkstoffe, laufend)<\/p>\n\n\n\n<hr class=\"wp-block-separator has-css-opacity\" \/>\n\n\n\n<h2 class=\"wp-block-heading\" id=\"MilapjiSinghGill'sWebsite-SHK-Stellen,Angebotef\u00fcrSeminar-undAbschlussarbeiten\"><abbr title=\"Studentische Hilfskraft\">SHK<\/abbr>-Stellen, Angebote f\u00fcr Seminar- und Abschlussarbeiten<\/h2>\n\n\n\n<p>Es gibt diverse M\u00f6glichkeiten zur Mitarbeit im Projekt ProMoDi. Bei Interesse k\u00f6nnen Sie sich gerne an mich wenden.<\/p>\n","protected":false},"excerpt":{"rendered":"<p>Forschungsgruppenleiter Digitaler Zwilling E-Mail: milapji.gill@hsu-hh.de Fax: +49 40 6541-2004 Raum: H1\/1144 Postanschrift: Helmut-Schmidt-Universit\u00e4tFakult\u00e4t f\u00fcr MaschinenbauProfessur f\u00fcr AutomatisierungstechnikPostfach 70 08 2222008 Hamburg Besucheranschrift: Helmut-Schmidt-Universit\u00e4tGeb\u00e4ude H1Holstenhofweg 8522043 Hamburg Projekte: ProMoDi \u2013 Produktionsnahe [&hellip;]<\/p>\n","protected":false},"author":2905,"featured_media":0,"parent":1188,"menu_order":0,"comment_status":"closed","ping_status":"closed","template":"","meta":{"footnotes":""},"categories":[4],"tags":[],"class_list":["post-2228","page","type-page","status-publish","hentry","category-forschung"],"_links":{"self":[{"href":"https:\/\/www.hsu-hh.de\/aut\/wp-json\/wp\/v2\/pages\/2228","targetHints":{"allow":["GET"]}}],"collection":[{"href":"https:\/\/www.hsu-hh.de\/aut\/wp-json\/wp\/v2\/pages"}],"about":[{"href":"https:\/\/www.hsu-hh.de\/aut\/wp-json\/wp\/v2\/types\/page"}],"author":[{"embeddable":true,"href":"https:\/\/www.hsu-hh.de\/aut\/wp-json\/wp\/v2\/users\/2905"}],"replies":[{"embeddable":true,"href":"https:\/\/www.hsu-hh.de\/aut\/wp-json\/wp\/v2\/comments?post=2228"}],"version-history":[{"count":5,"href":"https:\/\/www.hsu-hh.de\/aut\/wp-json\/wp\/v2\/pages\/2228\/revisions"}],"predecessor-version":[{"id":4325,"href":"https:\/\/www.hsu-hh.de\/aut\/wp-json\/wp\/v2\/pages\/2228\/revisions\/4325"}],"up":[{"embeddable":true,"href":"https:\/\/www.hsu-hh.de\/aut\/wp-json\/wp\/v2\/pages\/1188"}],"wp:attachment":[{"href":"https:\/\/www.hsu-hh.de\/aut\/wp-json\/wp\/v2\/media?parent=2228"}],"wp:term":[{"taxonomy":"category","embeddable":true,"href":"https:\/\/www.hsu-hh.de\/aut\/wp-json\/wp\/v2\/categories?post=2228"},{"taxonomy":"post_tag","embeddable":true,"href":"https:\/\/www.hsu-hh.de\/aut\/wp-json\/wp\/v2\/tags?post=2228"}],"curies":[{"name":"wp","href":"https:\/\/api.w.org\/{rel}","templated":true}]}}