{"id":2223,"date":"2021-07-29T08:44:16","date_gmt":"2021-07-29T06:44:16","guid":{"rendered":"https:\/\/www.hsu-hh.de\/aut\/?page_id=2223"},"modified":"2026-02-18T13:10:19","modified_gmt":"2026-02-18T12:10:19","slug":"ismail","status":"publish","type":"page","link":"https:\/\/www.hsu-hh.de\/aut\/team\/ismail","title":{"rendered":"Omar Ismail, M.Sc."},"content":{"rendered":"\n<h2 class=\"wp-block-heading\">Wissenschaftlicher Mitarbeiter<\/h2>\n\n\n\n<hr class=\"wp-block-separator has-css-opacity\" \/>\n\n\n\n<div class=\"wp-block-columns is-layout-flex wp-container-core-columns-is-layout-9d6595d7 wp-block-columns-is-layout-flex\">\n<div class=\"wp-block-column is-layout-flow wp-block-column-is-layout-flow\" style=\"flex-basis:66.66%\">\n<p><strong>E-Mail:<\/strong> <a href=\"mailto:omar.ismail@hsu-hh.de\" rel='nofollow'>omar.ismail@hsu-hh.de<\/a><\/p>\n\n\n\n<p><strong>Telefon:<\/strong> +49 40 6541-3190<\/p>\n\n\n\n<p><strong>Fax:<\/strong> +49 40 6541-2004<\/p>\n\n\n\n<p><strong>Raum:<\/strong> H1\/1213<\/p>\n\n\n\n<p><strong>Postanschrift: <\/strong><\/p>\n\n\n\n<p>Helmut-Schmidt-Universit\u00e4t<br>Fakult\u00e4t f\u00fcr Maschinenbau<br>Professur f\u00fcr Automatisierungstechnik<br>Postfach 70 08 22<br>22008 Hamburg<\/p>\n\n\n\n<p><strong>Besucheranschrift:<\/strong><\/p>\n\n\n\n<p>Helmut-Schmidt-Universit\u00e4t<br>Geb\u00e4ude H1<br>Holstenhofweg 85<br>22043 Hamburg<\/p>\n\n\n\n<hr class=\"wp-block-separator has-css-opacity\" \/>\n\n\n\n<p><a href=\"https:\/\/www.linkedin.com\/in\/Omar--Ismail\" rel='nofollow'>LinkedIn<\/a><\/p>\n<\/div>\n\n\n\n<div class=\"wp-block-column is-layout-flow wp-block-column-is-layout-flow\" style=\"flex-basis:33.33%\">\n<figure class=\"wp-block-image size-medium\"><img loading=\"lazy\" decoding=\"async\" width=\"300\" height=\"267\" src=\"https:\/\/www.hsu-hh.de\/aut\/wp-content\/uploads\/sites\/670\/2025\/02\/ismail2-300x267.jpeg\" data-credit=\"ZAL_DReinhardt\" alt=\"ismail\" class=\"wp-image-4350\" srcset=\"https:\/\/www.hsu-hh.de\/aut\/wp-content\/uploads\/sites\/670\/2025\/02\/ismail2-300x267.jpeg 300w, https:\/\/www.hsu-hh.de\/aut\/wp-content\/uploads\/sites\/670\/2025\/02\/ismail2-1024x911.jpeg 1024w, https:\/\/www.hsu-hh.de\/aut\/wp-content\/uploads\/sites\/670\/2025\/02\/ismail2-768x683.jpeg 768w, https:\/\/www.hsu-hh.de\/aut\/wp-content\/uploads\/sites\/670\/2025\/02\/ismail2-1536x1366.jpeg 1536w, https:\/\/www.hsu-hh.de\/aut\/wp-content\/uploads\/sites\/670\/2025\/02\/ismail2-1100x978.jpeg 1100w, https:\/\/www.hsu-hh.de\/aut\/wp-content\/uploads\/sites\/670\/2025\/02\/ismail2.jpeg 1557w\" sizes=\"auto, (max-width: 300px) 100vw, 300px\" \/><\/figure>\n\n\n\n<p><\/p>\n<\/div>\n<\/div>\n\n\n\n<hr class=\"wp-block-separator has-css-opacity\" \/>\n\n\n\n<h2 class=\"wp-block-heading\">Projekte:<\/h2>\n\n\n\n<ul class=\"wp-block-list\">\n<li><a href=\"https:\/\/www.hsu-hh.de\/aut\/forschung\/forschungsthemen\/intelligente-modulare-robotik-und-integrierte-produktionsgestaltung-im-flugzeugbau-imod\">iMOD &#8211; Intelligente modulare Robotik und integrierte Produktionsgestaltung im Flugzeugbau<\/a><\/li>\n<\/ul>\n\n\n\n<hr class=\"wp-block-separator has-css-opacity\" \/>\n\n\n\n<h2 class=\"wp-block-heading\">Ver\u00f6ffentlichungen<\/h2>\n\n\n\n<p><a href=\"https:\/\/link.springer.com\/article\/10.1007\/s10845-025-02759-2\" rel='nofollow'><strong>O. Ismail<\/strong>, F. Gehlhoff, N. H. Shah, A. Fay, \u201cSystematic development of virtual commissioning architectures using SPES methodology building blocks,\u201d <em>Journal of Intelligent Manufacturing<\/em>, 2026, doi: 10.1007\/s10845-025-02759-2.<\/a><\/p>\n\n\n\n<p><a href=\"https:\/\/openhsu.ub.hsu-hh.de\/entities\/publication\/16791\" rel='nofollow'>S. Abshagen, A. Chahine, N. H. Shah, A. Ullmann, M. R\u00f6hrig, H. Nabizada, L. Beers, <strong>O. Ismail<\/strong>, M. Weigand, F. Gehlhoff, A. Wenzel, P. Nyhuis, A. Fay, \u201cProduction-related testing and optimisation environment for hardware and software in aircraft production of today and tomorrow,\u201d dtec.bw-Beitr\u00e4ge der Helmut-Schmidt-Universit\u00e4t \/ Universit\u00e4t der Bundeswehr Hamburg : Forschungsaktivit\u00e4ten im Zentrum f\u00fcr Digitalisierungs- und Technologieforschung der Bundeswehr dtec.bw : Band 2 \u2013 2024, pp. 143-148, doi: 10.24405\/16791.<\/a><\/p>\n\n\n\n<p><a href=\"https:\/\/openhsu.ub.hsu-hh.de\/entities\/publication\/16790\" rel='nofollow'><strong>O. Ismail<\/strong>, L. Beers, F. Gehlhoff, N. H. Shah, A. Fay, \u201cSystematische Entwicklung einer Architektur f\u00fcr virtuelle Inbetriebnahme eines automatisierten Produktionssystems,\u201d dtec.bw-Beitr\u00e4ge der Helmut-Schmidt-Universit\u00e4t \/ Universit\u00e4t der Bundeswehr Hamburg : Forschungsaktivit\u00e4ten im Zentrum f\u00fcr Digitalisierungs- und Technologieforschung der Bundeswehr dtec.bw : Band 2 \u2013 2024, pp. 136-142, doi: 10.24405\/16790.<\/a><\/p>\n\n\n\n<p><a href=\"https:\/\/ieeexplore.ieee.org\/document\/10710905\" rel='nofollow'><strong>O. Ismail<\/strong>, F. Gehlhoff, N. H. Shah and A. Fay, &#8222;Efficient Identification and Validation of Control Program Changes in an Automated Production System Using Virtual Commissioning,&#8220; <em>2024 IEEE 29th International Conference on Emerging Technologies and Factory Automation (ETFA)<\/em>, Padova, Italy, 2024, pp. 1-8, doi: 10.1109\/ETFA61755.2024.10710905.<\/a><\/p>\n\n\n\n<p><a href=\"https:\/\/www.sciencedirect.com\/science\/article\/pii\/S2405896324016343\" rel='nofollow'><strong>O. Ismail<\/strong>, L. Beers, F. Gehlhoff, N. H. Shah, A. Fay, \u201cSystematic Development of a Virtual Commissioning Architecture for an Automated Production System,\u201d <em>2024 IFAC 18th Symposium on Information Control Problems in Manufacturing (INCOM)<\/em>, Vienna, Austria, 2024, pp. 331-336, doi: 10.1016\/j.ifacol.2024.09.211.<\/a><\/p>\n\n\n\n<p><a href=\"https:\/\/ieeexplore.ieee.org\/document\/10217891\" rel='nofollow'><strong>O. Ismail<\/strong> and A. Fay, &#8222;Optimizing Virtual Commissioning of a Robotic System using Process Mining and Footprints Conformance Checking,&#8220; <em>2023 IEEE 21st International Conference on Industrial Informatics (INDIN)<\/em>, Lemgo, Germany, 2023, pp. 1-6, doi: 10.1109\/INDIN51400.2023.10217891.<\/a><\/p>\n\n\n\n<p><a href=\"https:\/\/openhsu.ub.hsu-hh.de\/handle\/10.24405\/14558\" rel='nofollow'>Nabizada, H., Lewke, M., Azizpour, M., H\u00f6fer, R., Vieira da Silva, L.M., Pourabdollah, P., Topalis, P., <strong>Ismail, O.<\/strong>, Kirchheim, A. and Fay, A., 2022. Current Trends in Robotics Development.<\/a><\/p>\n\n\n\n<p><a href=\"https:\/\/www.sciencedirect.com\/science\/article\/pii\/S2405896322002208\" rel='nofollow'>Gehlhoff, F., Nabizada, H., Weigand, M., Beers, L., <strong>Ismail, O.<\/strong>, Wenzel, A., Fay, A., Nyhuis, P., Lagutin, W. and R\u00f6hrig, M., 2022. Challenges in Automated Commercial Aircraft Production. IFAC-PapersOnLine, 55(2), pp.354-359.<\/a><\/p>\n\n\n\n<p><a href=\"https:\/\/link.springer.com\/chapter\/10.1007%2F978-3-662-54345-0_63\" rel='nofollow'>Antoni, S. T., <strong>Ismail, O. M.<\/strong>, Schetelig, D., Diercks, B. P., Werner, R., Wolf, I. M., &#8230; &amp; Schlaefer, A. (2017). Systematic analysis of jurkat T-cell deformation in fluorescence microscopy data. In Bildverarbeitung f\u00fcr die Medizin 2017 (pp. 275-280). Springer Vieweg, Berlin, Heidelberg.<\/a><\/p>\n\n\n\n<p><a href=\"https:\/\/curac.org\/images\/advportfoliopro\/images\/CURAC2017\/2017_CURAC_Tagungsband_Compiled_V1.7_final.pdf\" rel='nofollow'><strong>O. Ismail<\/strong> and O. Rajput and L. Matth\u00e4us and A. Schlaefer (2017). Comparison of correspondence-free and correspondence-based hand-eye calibration. 16. Jahrestagung der Deutschen Gesellschaft f\u00fcr Computer- und Roboter Assistierte Chirurgie 6-10.<\/a><\/p>\n\n\n\n<p><\/p>\n","protected":false},"excerpt":{"rendered":"<p>Wissenschaftlicher Mitarbeiter E-Mail: omar.ismail@hsu-hh.de Telefon: +49 40 6541-3190 Fax: +49 40 6541-2004 Raum: H1\/1213 Postanschrift: Helmut-Schmidt-Universit\u00e4tFakult\u00e4t f\u00fcr MaschinenbauProfessur f\u00fcr AutomatisierungstechnikPostfach 70 08 2222008 Hamburg Besucheranschrift: Helmut-Schmidt-Universit\u00e4tGeb\u00e4ude H1Holstenhofweg 8522043 Hamburg LinkedIn [&hellip;]<\/p>\n","protected":false},"author":2905,"featured_media":0,"parent":1188,"menu_order":0,"comment_status":"closed","ping_status":"closed","template":"","meta":{"footnotes":""},"categories":[4],"tags":[],"class_list":["post-2223","page","type-page","status-publish","hentry","category-forschung"],"_links":{"self":[{"href":"https:\/\/www.hsu-hh.de\/aut\/wp-json\/wp\/v2\/pages\/2223","targetHints":{"allow":["GET"]}}],"collection":[{"href":"https:\/\/www.hsu-hh.de\/aut\/wp-json\/wp\/v2\/pages"}],"about":[{"href":"https:\/\/www.hsu-hh.de\/aut\/wp-json\/wp\/v2\/types\/page"}],"author":[{"embeddable":true,"href":"https:\/\/www.hsu-hh.de\/aut\/wp-json\/wp\/v2\/users\/2905"}],"replies":[{"embeddable":true,"href":"https:\/\/www.hsu-hh.de\/aut\/wp-json\/wp\/v2\/comments?post=2223"}],"version-history":[{"count":5,"href":"https:\/\/www.hsu-hh.de\/aut\/wp-json\/wp\/v2\/pages\/2223\/revisions"}],"predecessor-version":[{"id":4745,"href":"https:\/\/www.hsu-hh.de\/aut\/wp-json\/wp\/v2\/pages\/2223\/revisions\/4745"}],"up":[{"embeddable":true,"href":"https:\/\/www.hsu-hh.de\/aut\/wp-json\/wp\/v2\/pages\/1188"}],"wp:attachment":[{"href":"https:\/\/www.hsu-hh.de\/aut\/wp-json\/wp\/v2\/media?parent=2223"}],"wp:term":[{"taxonomy":"category","embeddable":true,"href":"https:\/\/www.hsu-hh.de\/aut\/wp-json\/wp\/v2\/categories?post=2223"},{"taxonomy":"post_tag","embeddable":true,"href":"https:\/\/www.hsu-hh.de\/aut\/wp-json\/wp\/v2\/tags?post=2223"}],"curies":[{"name":"wp","href":"https:\/\/api.w.org\/{rel}","templated":true}]}}