{"id":2175,"date":"2021-07-29T08:44:11","date_gmt":"2021-07-29T06:44:11","guid":{"rendered":"https:\/\/www.hsu-hh.de\/aut\/?page_id=2175"},"modified":"2025-10-02T10:29:14","modified_gmt":"2025-10-02T08:29:14","slug":"nabizada","status":"publish","type":"page","link":"https:\/\/www.hsu-hh.de\/aut\/team\/nabizada","title":{"rendered":"Hamied Nabizada, M.Sc."},"content":{"rendered":"\n<h2 class=\"wp-block-heading\">Wissenschaftlicher Mitarbeiter<\/h2>\n\n\n\n<hr class=\"wp-block-separator has-css-opacity\" \/>\n\n\n\n<div class=\"wp-block-columns is-layout-flex wp-container-core-columns-is-layout-9d6595d7 wp-block-columns-is-layout-flex\">\n<div class=\"wp-block-column is-layout-flow wp-block-column-is-layout-flow\" style=\"flex-basis:66.66%\">\n<p><strong>E-Mail:<\/strong> <a href=\"mailto:hamied.nabizada@hsu-hh.de\" rel='nofollow'>Hamied.Nabizada@hsu-hh.de<\/a><\/p>\n\n\n\n<p><strong>Telefon:<\/strong> +49 40 6541-2322 <\/p>\n\n\n\n<p><strong>Fax:<\/strong> +49 40 6541-2004<\/p>\n\n\n\n<p><strong>Raum:<\/strong> H1\/1212<\/p>\n\n\n\n<p><strong>Postanschrift:<\/strong><\/p>\n\n\n\n<p>Helmut-Schmidt-Universit\u00e4t<br>Fakult\u00e4t f\u00fcr Maschinenbau<br>Professur f\u00fcr Automatisierungstechnik<br>Postfach 70 08 22<br>22008 Hamburg<\/p>\n\n\n\n<p><strong>Besucheranschrift:<\/strong><\/p>\n\n\n\n<p>Helmut-Schmidt-Universit\u00e4t<br>Geb\u00e4ude H1<br>Holstenhofweg 85<br>22043 Hamburg<\/p>\n\n\n\n<hr class=\"wp-block-separator has-css-opacity\" \/>\n\n\n\n<h2 class=\"wp-block-heading\">Links:<\/h2>\n\n\n\n<p><a href=\"https:\/\/www.researchgate.net\/profile\/Hamied-Nabizada\" rel='nofollow'>ResearchGate<\/a><\/p>\n\n\n\n<p><a href=\"https:\/\/www.linkedin.com\/in\/hamied-nabizada-09b8a3169\/\" rel='nofollow'>LinkedIn<\/a><\/p>\n\n\n\n<p><a href=\"https:\/\/github.com\/HamiedNabizada\/\" rel='nofollow'>GitHub<\/a><\/p>\n\n\n\n<hr class=\"wp-block-separator has-css-opacity\" \/>\n<\/div>\n\n\n\n<div class=\"wp-block-column is-layout-flow wp-block-column-is-layout-flow\" style=\"flex-basis:33.33%\">\n<figure class=\"wp-block-image size-medium\"><img loading=\"lazy\" decoding=\"async\" width=\"300\" height=\"300\" src=\"https:\/\/www.hsu-hh.de\/aut\/wp-content\/uploads\/sites\/670\/2021\/07\/nabizada-300x300.jpg\" data-credit=\"nabizada\" alt=\"nabizada\" class=\"wp-image-2363\" srcset=\"https:\/\/www.hsu-hh.de\/aut\/wp-content\/uploads\/sites\/670\/2021\/07\/nabizada-300x300.jpg 300w, https:\/\/www.hsu-hh.de\/aut\/wp-content\/uploads\/sites\/670\/2021\/07\/nabizada-150x150.jpg 150w, https:\/\/www.hsu-hh.de\/aut\/wp-content\/uploads\/sites\/670\/2021\/07\/nabizada-100x100.jpg 100w, https:\/\/www.hsu-hh.de\/aut\/wp-content\/uploads\/sites\/670\/2021\/07\/nabizada.jpg 586w\" sizes=\"auto, (max-width: 300px) 100vw, 300px\" \/><\/figure>\n\n\n\n<p><\/p>\n<\/div>\n<\/div>\n\n\n\n<h2 class=\"wp-block-heading\">Projekte:<\/h2>\n\n\n\n<p><a href=\"https:\/\/www.hsu-hh.de\/aut\/forschung\/forschungsthemen\/intelligente-modulare-robotik-und-integrierte-produktionsgestaltung-im-flugzeugbau-imod\">iMOD &#8211; Intelligente modulare Robotik und integrierte Produktionsgestaltung im Flugzeugbau<\/a><\/p>\n\n\n\n<hr class=\"wp-block-separator has-css-opacity\" \/>\n\n\n\n<h2 class=\"wp-block-heading\">Betreute Arbeiten:<\/h2>\n\n\n\n<p>Automatisierte Generierung von KI-Planungsproblemen aus Asset Administration Shell-basierten Digitalen Zwillingen (Seminararbeit, laufend)<\/p>\n\n\n\n<p>Entwicklung eines Assistenzsystems zur Integration von AI Planning mittels PDDL in SysML-basierten Systemmodellen (Masterarbeit, 09\/2025)<\/p>\n\n\n\n<p>Systematischer Vergleich von KI-Planungssprachen im Kontext des Engineerings automatisierter Produktionssysteme (Seminararbeit, abgeschlossen 03\/2025)<\/p>\n\n\n\n<p>Methodik zur Identifizierung und automatisierten \u00dcberf\u00fchrung von Informationen aus MBSE-Modellen in Problembeschreibungen f\u00fcr Prozessplanungen im Flugzeugbau (Masterarbeit, in Zusammenarbeit mit Airbus, abgeschlossen 11\/2023)<\/p>\n\n\n\n<p>Methodik zur Entwicklung von Umsetzungsempfehlungen f\u00fcr den Einsatz von Predictive Maintenance in der Dom\u00e4ne der Fahrerlosen Transportsysteme (Masterarbeit, in Zusammenarbeit mit ek robotics, abgeschlossen 04\/2023)<\/p>\n\n\n\n<p>Conceptualization and development of a ROS2-based multi-agent interaction algorithm for dynamic team formation in the domain of aircraft production (Masterarbeit, in Zusammenarbeit mit Airbus, abgeschlossen 12\/2022)<\/p>\n\n\n\n<p>Comparison and assessment of existing approaches for interaction and communication of heterogeneous technical resources in the context of intralogistics (Projektseminararbeit, abgeschlossen 11\/2021)<\/p>\n\n\n\n<hr class=\"wp-block-separator has-css-opacity\" \/>\n\n\n\n<h2 class=\"wp-block-heading\" id=\"SHK-Stellen,-Angebote-f\u00fcr-Seminar--und-Abschlussarbeiten\"><abbr title=\"Studentische Hilfskraft\">SHK<\/abbr>-Stellen, Angebote f\u00fcr Seminar- und Abschlussarbeiten:<\/h2>\n\n\n\n<p>Sie interessieren sich f\u00fcr automatisierte Produktionssysteme und m\u00f6chten ein innovatives Forschungsprojekt unterst\u00fctzen? Dann k\u00f6nnte unser Vorhaben die passende Gelegenheit f\u00fcr Sie sein. Wir arbeiten daran, die Ablaufplanung in Produktionssystemen zu automatisieren, indem wir <strong>KI-Planung (AI Planning)<\/strong> mit Informationen aus der Systementwicklung verbinden. Konkret entwickeln wir ein Verfahren, mit dem <strong>Planungsmodelle in der Planning Domain Definition Language (PDDL)<\/strong> direkt aus vorhandenen System- und Produktmodellen generiert werden, was den Planungsprozess erheblich vereinfacht. Auf diese Weise k\u00f6nnen wir bereits in einer fr\u00fchen Engineeringphase die Leistungsf\u00e4higkeit verschiedener Konfigurationen von Produktionssystemen bewerten und gezielt optimieren.<\/p>\n\n\n\n<p>Wenn Sie Interesse haben, freuen wir uns \u00fcber Ihre Kontaktaufnahme. Neben der M\u00f6glichkeit, eine <strong>Seminar- oder Abschlussarbeit (Bachelor\/Master)<\/strong> in diesem Themenbereich zu verfassen, bieten wir zudem <strong><abbr title=\"Studentische Hilfskraft\">SHK<\/abbr>-Stellen<\/strong> an. Gemeinsam erarbeiten wir eine passende Aufgabenstellung, die Ihren Interessen entspricht und Raum f\u00fcr Ihre eigenen Ideen sowie fachliche Weiterentwicklung bietet.<\/p>\n\n\n\n<hr class=\"wp-block-separator has-css-opacity\" \/>\n\n\n\n<h2 class=\"wp-block-heading\">Gremienarbeit:<\/h2>\n\n\n\n<p>Mitglied im VDI\/VDE-GMA FA 2.19 Engineering und Betrieb von Automatisierungssystemen<\/p>\n\n\n\n<p>Mitglied im Fakult\u00e4tsrat der Fakult\u00e4t f\u00fcr Maschinenbau und Bauingenieurwesen<\/p>\n\n\n\n<hr class=\"wp-block-separator has-css-opacity\" \/>\n\n\n\n<h2 class=\"wp-block-heading\">Ver\u00f6ffentlichungen:<\/h2>\n\n\n\n<p><strong>H. Nabizada, L. Beers, <\/strong>A. Chahine,<strong> F. Gehlhoff, O. Niggemann, A. Fay:<\/strong> <a href=\"https:\/\/www.researchgate.net\/publication\/395527205_Bridging_Engineering_and_AI_Planning_through_Model-Based_Knowledge_Transformation_for_the_Validation_of_Automated_Production_System_Variants\" rel='nofollow'>Bridging Engineering and AI Planning through Model-Based Knowledge Transformation for the Validation of Automated Production System Variants. In: Workshop on Knowledge Engineering for Planning and Scheduling (KEPS) @ ICAPS 2025, 09.\u201314.11.2025, Melbourne, Australien<\/a>. Preprint: <a href=\"https:\/\/arxiv.org\/abs\/2509.12091\" rel='nofollow'>arXiv:2509.12091<\/a><\/p>\n\n\n\n<p><strong>H. Nabizada,&nbsp;T. Jeleniewski, L. Beers, M. Weigand, F. Gehlhoff, A. Fay<\/strong>: Integrating AI Planning Semantics into SysML System Models for Automated PDDL File Generation. In: 30th IEEE International Conference on Emerging Technologies and Factory Automation (ETFA 2025), 09.-12.09.2025, Porto, Portugal. Preprint: <a href=\"https:\/\/arxiv.org\/abs\/2506.06714\" rel='nofollow'>arXiv:2506.06714<\/a><\/p>\n\n\n\n<p><strong>T. Jeleniewski, H. Nabizada, J. Reif, F. Gehlhoff, A. Fay<\/strong>: Consistency Verification in Ontology-Based Process Models with Parameter Interdependencies. In: 30th IEEE International Conference on Emerging Technologies and Factory Automation (ETFA 2025), 09.-12.09.2025, Porto, Portugal. Preprint: <a href=\"https:\/\/arxiv.org\/abs\/2506.16087\" rel='nofollow'>arXiv:2506.16087<\/a><\/p>\n\n\n\n<p><strong>H. Nabizada,<\/strong> <strong>T. Jeleniewski, L. Beers, F. Gehlhoff, A. Fay<\/strong>: <a href=\"https:\/\/ceur-ws.org\/Vol-3883\/paper3_IPS2.pdf\" rel='nofollow'>Automated PDDL Domain File Generation for Enhancing Production System Development based on SysML Models. In: AI4CC-IPS-RCRA-SPIRIT 2024: International Workshop on Artificial Intelligence for Climate Change, Italian Workshop on Planning and Scheduling, RCRA Workshop on Experimental evaluation of algorithms for solving problems with combinatorial explosion, and SPIRIT Workshop on Strategies, Prediction, Interaction, and Reasoning in Italy. November 25-28th, 2024, Bolzano, Italy<\/a><\/p>\n\n\n\n<p>S. Abshagen, A. Chahine, N. H. Shah, A. Ullmann, M. R\u00f6hrig, <strong>H. Nabizada, L. Beers, O. Ismail, M. Weigand, F. Gehlhoff<\/strong>, A. Wenzel, P. Nyhuis, <strong>A. Fay<\/strong>: <a href=\"https:\/\/doi.org\/10.24405\/16791\" rel='nofollow'>Production-related testing and optimisation environment for hardware and software in aircraft production of today and tomorrow. In: dtec.bw-Beitr\u00e4ge der Helmut-Schmidt-Universit\u00e4t \/ Universit\u00e4t der Bundeswehr Hamburg: Forschungsaktivit\u00e4ten im Zentrum f\u00fcr Digitalisierungs- und Technologieforschung der Bundeswehr dtec.bw \u2013 Band 2 \u00b7 2024, Seiten 143\u2013148.<\/a><\/p>\n\n\n\n<p><strong>H. Nabizada, T. Jeleniewski, F. Gehlhoff, A. Fay<\/strong>: <a href=\"https:\/\/doi.org\/10.1109\/ETFA61755.2024.10710982\" rel='nofollow'>Model-based Workflow for the Automated Generation of PDDL Descriptions. In: 29th IEEE International Conference on Emerging Technologies and Factory Automation (ETFA 2024),10.-13.09.2024, Padova, Italy.<\/a><\/p>\n\n\n\n<p><strong>L. Beers, H. Nabizada,<\/strong> <strong>M.Weigand, F. Gehlhoff, A. Fay<\/strong>: <a href=\"https:\/\/doi.org\/10.1109\/ETFA61755.2024.10711038\" rel='nofollow'>Towards an MBSE Approach for Modeling<\/a><br><a href=\"https:\/\/doi.org\/10.1109\/ETFA61755.2024.10711038\" rel='nofollow'>Complex Production Systems based on Industrial Standards, In: 29th IEEE International Conference on Emerging Technologies And Factory Automation (ETFA 2024), September 10-13, 2024, Padova, Italy.<\/a><\/p>\n\n\n\n<p><strong>H. Nabizada, L. Beers, M. Weigand, F. Gehlhoff, A. Fay<\/strong>: <a href=\"http:\/\/dx.doi.org\/10.25673\/116041\" rel='nofollow'>SysML-Profil zur automatisierten Generierung von PDDL-Beschreibungen aus Systemmodellen. Tagung \u201eEntwurf komplexer Automatisierungssysteme\u201c (EKA) 2024, Magdeburg, 14.-15. Mai 2024.<\/a><\/p>\n\n\n\n<p><strong>L. Beers, M. Weigand, H. Nabizada, F. Gehlhoff, A. Fay<\/strong>: <a href=\"https:\/\/doi.org\/10.1109\/SysCon61195.2024.10553402\" rel='nofollow'>Development of a SysML profile for the<\/a><br><a href=\"https:\/\/doi.org\/10.1109\/SysCon61195.2024.10553402\" rel='nofollow'>standardized description of processes during system development, The 18th Annual International Systems Conference (SysCon24), April 15-18, 2024, Montreal, Canada.<\/a><\/p>\n\n\n\n<p><strong>F. Gehlhoff, H. Nabizada<\/strong>, A. Elkhateeb, C. Lepolotec, M. R\u00f6hrig, <strong>A. Fay<\/strong>: <a href=\"https:\/\/doi.org\/10.1515\/auto-2023-0175\" rel='nofollow'>Agentenbasierte Verhandlung f\u00fcr kooperative Transporte in der Flugzeugmontage. In at \u2013 Automatisierungstechnik, vol. 72, no. 3, 2024, pp. 189-203.<\/a><\/p>\n\n\n\n<p><strong>L. Beers, M. Weigand, H. Nabizada, A. Fay<\/strong>: <a href=\"http:\/\/dx.doi.org\/10.1109\/ETFA54631.2023.10275444\" rel='nofollow'>MBSE Modeling Workflow for the Development of Automated Aircraft Production Systems, In: 28th IEEE International Conference on Emerging Technologies And Factory Automation (ETFA 2023), September 12-15, 2023, Sinaia, Romania.<\/a><\/p>\n\n\n\n<p><strong>T. Jeleniewski, H. Nabizada, J. Reif, A. K\u00f6cher, A. Fay<\/strong>: <a href=\"https:\/\/doi.org\/10.1109\/ISIE51358.2023.10228021\" rel='nofollow'>A Semantic Model to Express Process Parameters and their Interdependencies in Manufacturing, In: 32th IEEE International Symposium on Industrial Electronics (IEEE ISIE 2023), Helsinki-Espoo, Finland, 19. \u2013 21.06.2023.<\/a><\/p>\n\n\n\n<p><strong>F. Gehlhoff, H. Nabizada,<\/strong>&nbsp;A. Elkhateeb, C. Lepolotec, M. R\u00f6hrig, <strong>A. Fay<\/strong>: <a href=\"https:\/\/doi.org\/10.1016\/j.ifacol.2023.10.1527\" rel='nofollow'>Agent-based Negotiation for Cooperative Transports within Aircraft Production. The 22nd World Congress of the International Federation of Automatic Control (IFAC World Congress 2023), Juli 09-14, 2023, Yokohama, Japan.<\/a><\/p>\n\n\n\n<p><strong>H. Nabizada, M. Lewke<\/strong>, M. Azizpour, <strong>R. H\u00f6fer, L. M. Vieira da Silva, P. Pourabdollah, &nbsp;P. Topalis, O. Ismail<\/strong>, A. Kirchheim, <strong>A. Fay<\/strong>: <a href=\"https:\/\/doi.org\/10.24405\/14558\" rel='nofollow'>Current Trends in Robotics Development. In: dtec.bw-Beitr\u00e4ge der Helmut-Schmidt-Universit\u00e4t \/ Universit\u00e4t der Bundeswehr Hamburg: Forschungsaktivit\u00e4ten im Zentrum f\u00fcr Digitalisierungs- und Technologieforschung der Bundeswehr dtec.bw \u2013 Band 1 \u00b7 2022, Seiten 242-248<\/a><\/p>\n\n\n\n<p>A. Wenzel, P. Nyhuis, <strong>H. Nabizada, L. Beers, A. Fay<\/strong>, M. R\u00f6hrig: <a href=\"https:\/\/openhsu.ub.hsu-hh.de\/handle\/10.24405\/14551\" rel='nofollow'>Neue Produktionsstrukturen f\u00fcr die Flugzeugfertigung der Zukunft. In: dtec.bw-Beitr\u00e4ge der Helmut-Schmidt-Universit\u00e4t \/ Universit\u00e4t der Bundeswehr Hamburg: Forschungsaktivit\u00e4ten im Zentrum f\u00fcr Digitalisierungs- und Technologieforschung der Bundeswehr dtec.bw \u2013 Band 1 \u00b7 2022, Seiten 196-201<\/a><\/p>\n\n\n\n<p><strong>H. Nabizada, T. Jeleniewski, A. K\u00f6cher, A. Fay<\/strong>: <a href=\"https:\/\/www.researchgate.net\/publication\/361951781_Vorschlag_fur_eine_XML-Reprasentation_der_Formalisierten_Prozessbeschreibung_nach_VDIVDE_3682\" rel='nofollow'>Vorschlag f\u00fcr eine XML-Repr\u00e4sentation der Formalisierten Prozessbeschreibung nach VDI\/VDE 3682. Tagung \u201eEntwurf komplexer Automatisierungssysteme\u201c (EKA) 2022, Magdeburg, 23.-24. Juni 2022.<\/a><\/p>\n\n\n\n<p><strong>F. Gehlhoff, H. Nabizada, M. Weigand, L. Beers, O. Ismail,<\/strong> A. Wenzel, <strong>A. Fay,<\/strong> P. Nyhuis, W. Lagutin, M. R\u00f6hrig (2022): <a href=\"https:\/\/doi.org\/10.1016\/j.ifacol.2022.04.219\" rel='nofollow'>Challenges in Automated Commercial Aircraft Production. In: IFAC-PapersOnLine 55 (2), S. 354\u2013359.<\/a><\/p>\n\n\n\n<p><strong>H. Nabizada, A. K\u00f6cher, C. Hildebrandt, A. Fay<\/strong>: <a href=\"http:\/\/dx.doi.org\/10.51202\/9783181023754-443\" rel='nofollow'>Offenes, webbasiertes Werkzeug zur Informationsmodellierung mit Formalisierter Prozessbeschreibung. In: Automation 2020: VDI Verlag, S. 443\u2013454.<\/a><\/p>\n\n\n\n<p><strong>F. Gehlhoff,<\/strong><a href=\"http:\/\/dx.doi.org\/10.1109\/INDIN41052.2019.8972115\" rel='nofollow'>&nbsp;<\/a><strong>H. Nabizada, A. Fay<\/strong>: <a href=\"http:\/\/dx.doi.org\/10.1109\/INDIN41052.2019.8972115\" rel='nofollow'>Optimization of multi-agent auctioning processes in flexible production networks. In: Proceedings, 2019 IEEE 17th International Conference of Industrial Informatics (INDIN): Aalto University, Helsinki-Espoo, Finland, July 22-25, 2019. Piscataway, NJ: IEEE, S. 100\u2013105, 2019.<\/a><\/p>\n","protected":false},"excerpt":{"rendered":"<p>Wissenschaftlicher Mitarbeiter E-Mail: Hamied.Nabizada@hsu-hh.de Telefon: +49 40 6541-2322 Fax: +49 40 6541-2004 Raum: H1\/1212 Postanschrift: Helmut-Schmidt-Universit\u00e4tFakult\u00e4t f\u00fcr MaschinenbauProfessur f\u00fcr AutomatisierungstechnikPostfach 70 08 2222008 Hamburg Besucheranschrift: Helmut-Schmidt-Universit\u00e4tGeb\u00e4ude H1Holstenhofweg 8522043 Hamburg Links: [&hellip;]<\/p>\n","protected":false},"author":3039,"featured_media":0,"parent":1188,"menu_order":0,"comment_status":"closed","ping_status":"closed","template":"","meta":{"footnotes":""},"categories":[8],"tags":[],"class_list":["post-2175","page","type-page","status-publish","hentry","category-team"],"_links":{"self":[{"href":"https:\/\/www.hsu-hh.de\/aut\/wp-json\/wp\/v2\/pages\/2175","targetHints":{"allow":["GET"]}}],"collection":[{"href":"https:\/\/www.hsu-hh.de\/aut\/wp-json\/wp\/v2\/pages"}],"about":[{"href":"https:\/\/www.hsu-hh.de\/aut\/wp-json\/wp\/v2\/types\/page"}],"author":[{"embeddable":true,"href":"https:\/\/www.hsu-hh.de\/aut\/wp-json\/wp\/v2\/users\/3039"}],"replies":[{"embeddable":true,"href":"https:\/\/www.hsu-hh.de\/aut\/wp-json\/wp\/v2\/comments?post=2175"}],"version-history":[{"count":27,"href":"https:\/\/www.hsu-hh.de\/aut\/wp-json\/wp\/v2\/pages\/2175\/revisions"}],"predecessor-version":[{"id":4591,"href":"https:\/\/www.hsu-hh.de\/aut\/wp-json\/wp\/v2\/pages\/2175\/revisions\/4591"}],"up":[{"embeddable":true,"href":"https:\/\/www.hsu-hh.de\/aut\/wp-json\/wp\/v2\/pages\/1188"}],"wp:attachment":[{"href":"https:\/\/www.hsu-hh.de\/aut\/wp-json\/wp\/v2\/media?parent=2175"}],"wp:term":[{"taxonomy":"category","embeddable":true,"href":"https:\/\/www.hsu-hh.de\/aut\/wp-json\/wp\/v2\/categories?post=2175"},{"taxonomy":"post_tag","embeddable":true,"href":"https:\/\/www.hsu-hh.de\/aut\/wp-json\/wp\/v2\/tags?post=2175"}],"curies":[{"name":"wp","href":"https:\/\/api.w.org\/{rel}","templated":true}]}}