{"id":2123,"date":"2021-07-29T08:43:36","date_gmt":"2021-07-29T06:43:36","guid":{"rendered":"https:\/\/www.hsu-hh.de\/aut\/?page_id=2123"},"modified":"2026-01-30T12:44:07","modified_gmt":"2026-01-30T11:44:07","slug":"jeleniewski","status":"publish","type":"page","link":"https:\/\/www.hsu-hh.de\/aut\/team\/jeleniewski","title":{"rendered":"Tom Jeleniewski, M.Sc."},"content":{"rendered":"\n<h2 class=\"wp-block-heading\">Wissenschaftlicher Mitarbeiter<\/h2>\n\n\n\n<hr class=\"wp-block-separator has-css-opacity\" \/>\n\n\n\n<div class=\"wp-block-columns is-layout-flex wp-container-core-columns-is-layout-9d6595d7 wp-block-columns-is-layout-flex\">\n<div class=\"wp-block-column is-layout-flow wp-block-column-is-layout-flow\" style=\"flex-basis:66.66%\">\n<p><strong>E-Mail:<\/strong> <a href=\"mailto:tom.jeleniewski@hsu.hamburg\" rel='nofollow'>Tom.Jeleniewski@hsu.hamburg<\/a><\/p>\n\n\n\n<p><strong>Telefon:<\/strong> +49 40 6541-3319<\/p>\n\n\n\n<p><strong>Fax:<\/strong> +49 40 6541-2004<\/p>\n\n\n\n<p><strong>Raum:<\/strong> H1\/1212<\/p>\n\n\n\n<p><strong>Postanschrift: <\/strong><\/p>\n\n\n\n<p>Helmut-Schmidt-Universit\u00e4t<br>Fakult\u00e4t f\u00fcr Maschinenbau<br>Professur f\u00fcr Automatisierungstechnik<br>Postfach 70 08 22<br>22008 Hamburg<\/p>\n\n\n\n<p><strong>Besucheranschrift:<\/strong><\/p>\n\n\n\n<p>Helmut-Schmidt-Universit\u00e4t<br>Geb\u00e4ude H1<br>Holstenhofweg 85<br>22043 Hamburg<\/p>\n\n\n\n<hr class=\"wp-block-separator has-css-opacity\" \/>\n\n\n\n<p><a href=\"https:\/\/www.linkedin.com\/in\/tom-Jeleniewski\" rel='nofollow'>LinkedIn<\/a><\/p>\n\n\n\n<p><a href=\"https:\/\/www.researchgate.net\/profile\/Tom-Jeleniewski\" rel='nofollow'>ResearchGate<\/a><\/p>\n<\/div>\n\n\n\n<div class=\"wp-block-column is-layout-flow wp-block-column-is-layout-flow\" style=\"flex-basis:33.33%\">\n<figure class=\"wp-block-image size-large is-resized\"><img loading=\"lazy\" decoding=\"async\" width=\"1024\" height=\"1024\" src=\"https:\/\/www.hsu-hh.de\/aut\/wp-content\/uploads\/sites\/670\/2021\/07\/20150724_112653000_iOS-1024x1024.jpg\" data-credit=\"jeleniewski\" alt=\"jeleniewski\" class=\"wp-image-2124\" style=\"width:300px;height:300px\" srcset=\"https:\/\/www.hsu-hh.de\/aut\/wp-content\/uploads\/sites\/670\/2021\/07\/20150724_112653000_iOS-1024x1024.jpg 1024w, https:\/\/www.hsu-hh.de\/aut\/wp-content\/uploads\/sites\/670\/2021\/07\/20150724_112653000_iOS-300x300.jpg 300w, https:\/\/www.hsu-hh.de\/aut\/wp-content\/uploads\/sites\/670\/2021\/07\/20150724_112653000_iOS-150x150.jpg 150w, https:\/\/www.hsu-hh.de\/aut\/wp-content\/uploads\/sites\/670\/2021\/07\/20150724_112653000_iOS-768x768.jpg 768w, https:\/\/www.hsu-hh.de\/aut\/wp-content\/uploads\/sites\/670\/2021\/07\/20150724_112653000_iOS-1536x1536.jpg 1536w, https:\/\/www.hsu-hh.de\/aut\/wp-content\/uploads\/sites\/670\/2021\/07\/20150724_112653000_iOS-2048x2048.jpg 2048w, https:\/\/www.hsu-hh.de\/aut\/wp-content\/uploads\/sites\/670\/2021\/07\/20150724_112653000_iOS-100x100.jpg 100w, https:\/\/www.hsu-hh.de\/aut\/wp-content\/uploads\/sites\/670\/2021\/07\/20150724_112653000_iOS-1100x1100.jpg 1100w\" sizes=\"auto, (max-width: 1024px) 100vw, 1024px\" \/><\/figure>\n\n\n\n<p><\/p>\n<\/div>\n<\/div>\n\n\n\n<hr class=\"wp-block-separator has-css-opacity\" \/>\n\n\n\n<h2 class=\"wp-block-heading\">Projekte:<\/h2>\n\n\n\n<p><a href=\"https:\/\/laila-composites.com\/\" rel='nofollow'>Labor f\u00fcr intelligente Leichtbauproduktion (LaiLa)<\/a><\/p>\n\n\n\n<p><a href=\"https:\/\/www.hsu-hh.de\/aut\/forschung\/forschungsthemen\/sauber40\" data-type=\"page\" data-id=\"2424\">Smart &amp; Sustainable RTM 4.0 (SAUBER 4.0)<\/a><\/p>\n\n\n\n<hr class=\"wp-block-separator has-alpha-channel-opacity\" \/>\n\n\n\n<h2 class=\"wp-block-heading\">Gremienarbeit:<\/h2>\n\n\n\n<p>Mitglied im Fachausschuss VDI\/VDE-GMA FA 3.31 &#8222;Interaktion industrieller Daten- und Automatisierungssysteme&#8220;<\/p>\n\n\n\n<p>Mitglied im Studienbereichsausschuss Wirtschaftsingenieurwesen (SBA <abbr title=\"Wirtschaftsingenieurwesen\">WI<\/abbr>)<\/p>\n\n\n\n<hr class=\"wp-block-separator has-alpha-channel-opacity\" \/>\n\n\n\n<h2 class=\"wp-block-heading\">Ver\u00f6ffentlichungen:<\/h2>\n\n\n\n<p><strong>T. Jeleniewski, A. K\u00f6cher, H. Nabizada, J. Reif, F. Gehlhoff, A. Fay<\/strong>: <a href=\"https:\/\/doi.org\/10.5220\/0013937100004000\" rel='nofollow'>&#8222;Evaluating Process Parameter Interdependencies Based on Knowledge Graphs in Manufacturing&#8220;<\/a><strong>.<\/strong>&nbsp;&nbsp;In:&nbsp;<em>Proceedings of the 17th International Joint Conference on Knowledge Discovery, Knowledge Engineering and Knowledge Management (IC3K 2025) \u2013 KEOD<\/em>. 22.-24.10. 2024, Marbella, Spain, 2025, <abbr title=\"International Standard Book Number\">ISBN<\/abbr> 978-989-758-769-6 , ISSN 2184-3228, DOI: <a href=\"https:\/\/doi.org\/10.5220\/0013937100004000\" data-type=\"link\" data-id=\"https:\/\/doi.org\/10.5220\/0013937100004000\" rel='nofollow'>10.5220\/0013937100004000<\/a><\/p>\n\n\n\n<p><strong>H. Nabizada, &nbsp;T. Jeleniewski, L. Beers, M. Weigand, F. Gehlhoff, A. Fay<\/strong>: <a href=\"https:\/\/www.researchgate.net\/publication\/392530406_Integrating_AI_Planning_Semantics_into_SysML_System_Models_for_Automated_PDDL_File_Generation\" data-type=\"link\" data-id=\"https:\/\/www.researchgate.net\/publication\/392530406_Integrating_AI_Planning_Semantics_into_SysML_System_Models_for_Automated_PDDL_File_Generation\" rel='nofollow'>&#8222;Integrating AI Planning Semantics into SysML System Models for Automated PDDL File Generation&#8220;<\/a>. In: <em>30th IEEE International Conference on Emerging Technologies and Factory Automation (ETFA 2025)<\/em>, 09.-12.09.2025, Porto, Portugal. <\/p>\n\n\n\n<p><strong>T. Jeleniewski, H. Nabizada, &nbsp;J. Reif, F. Gehlhoff, A. Fay<\/strong>: <a href=\"https:\/\/www.researchgate.net\/publication\/392917503_Consistency_Verification_in_Ontology-Based_Process_Models_with_Parameter_Interdependencies\" data-type=\"link\" data-id=\"https:\/\/www.researchgate.net\/publication\/392917503_Consistency_Verification_in_Ontology-Based_Process_Models_with_Parameter_Interdependencies\" rel='nofollow'>&#8222;Consistency Verification in Ontology-Based Process Models with Parameter Interdependencies&#8220;<\/a>. In: <em>30th IEEE International Conference on Emerging Technologies and Factory Automation (ETFA 2025)<\/em>, 09.-12.09.2025, Porto, Portugal.<\/p>\n\n\n\n<p><strong>M.S. Gill, T. Jeleniewski, F. Gehlhoff, A. Fay<\/strong>: <a href=\"https:\/\/www.researchgate.net\/publication\/392766332_Representing_Time-Continuous_Behavior_of_Cyber-Physical_Systems_in_Knowledge_Graphs\" data-type=\"link\" data-id=\"https:\/\/www.researchgate.net\/publication\/392766332_Representing_Time-Continuous_Behavior_of_Cyber-Physical_Systems_in_Knowledge_Graphs\" rel='nofollow'>&#8222;Representing Time-Continuous Behavior of Cyber-Physical Systems in Knowledge Graphs&#8220;<\/a>. In: <em>30th IEEE International Conference on Emerging Technologies and Factory Automation (ETFA 2025)<\/em>, 09.-12.09.2025, Porto, Portugal.<\/p>\n\n\n\n<p><strong>H. Nabizada,<\/strong> <strong>T. Jeleniewski, L. Beers, F. Gehlhoff, A. Fay<\/strong>: <a href=\"https:\/\/ceur-ws.org\/Vol-3883\/paper3_IPS2.pdf\" rel='nofollow'>&#8222;Automated PDDL Domain File Generation for Enhancing Production System Development based on SysML Models&#8220;<\/a>, <em>AI4CC-IPS-RCRA-SPIRIT 2024: International Workshop on Artificial Intelligence for Climate Change, Italian Workshop on Planning and Scheduling, RCRA Workshop on Experimental evaluation of algorithms for solving problems with combinatorial explosion, and SPIRIT Workshop on Strategies, Prediction, Interaction, and Reasoning in Italy<\/em>. November 25-28th, 2024, Bolzano, Italy<\/p>\n\n\n\n<p><strong>J. Reif, T. Jeleniewski, F. Gehlhoff, A. Fay, <\/strong>C. Hildebrandt: <a href=\"https:\/\/openhsu.ub.hsu-hh.de\/handle\/10.24405\/16792\" rel='nofollow'>&#8222;Knowledge Graphs for the Enhancement of Process Planning in Manufacturing&#8220;<\/a> , <em>dtec.bw-Beitr\u00e4ge der Helmut-Schmidt-Universit\u00e4t \/ Universit\u00e4t der Bundeswehr Hamburg: Forschungsaktivit\u00e4ten im Zentrum f\u00fcr Digitalisierungs- und Technologieforschung der Bundeswehr dtec.bw<\/em>, Band 2, 2024, DOI: <a href=\"https:\/\/doi.org\/10.24405\/16792\" rel='nofollow'>10.24405\/16792<\/a><\/p>\n\n\n\n<p><strong>M. Gill, J. Reif, T. Jeleniewski, F. Gehlhoff, A. Fay: <\/strong><a href=\"https:\/\/openhsu.ub.hsu-hh.de\/handle\/10.24405\/16796\" rel='nofollow'>&#8222;Chatbot-basierte Interaktion mit Ontologien&#8220;<\/a>, <em>dtec.bw-Beitr\u00e4ge der Helmut-Schmidt-Universit\u00e4t \/ Universit\u00e4t der Bundeswehr Hamburg: Forschungsaktivit\u00e4ten im Zentrum f\u00fcr Digitalisierungs- und Technologieforschung der Bundeswehr dtec.bw<\/em>, Band 2, 2024, DOI: <a href=\"https:\/\/doi.org\/10.24405\/16796\" rel='nofollow'>10.24405\/16796<\/a><\/p>\n\n\n\n<p><strong>J. Reif, T. Jeleniewski, A. K\u00f6cher<\/strong>, T. Frerich,&nbsp;<strong>F. Gehlhoff, A. Fay<\/strong>: <a href=\"http:\/\/dx.doi.org\/10.5220\/0012945300003838\" rel='nofollow'>&#8222;Semantic Capability Model for the Simulation of Manufacturing Processes&#8220;<\/a>. In <em>Proceedings of the 16th International Joint Conference on Knowledge Discovery, Knowledge Engineering and Knowledge Management (IC3K 2024) \u2013 KEOD<\/em>. 17.-19. Nov. 2024, Porto, Portugal, 2024, DOI: <a href=\"http:\/\/dx.doi.org\/10.5220\/0012945300003838\" data-type=\"link\" data-id=\"http:\/\/dx.doi.org\/10.5220\/0012945300003838\" rel='nofollow'>10.5220\/0012945300003838<\/a><\/p>\n\n\n\n<p><strong>T. Jeleniewski, J. Reif, F. Gehlhoff, A. Fay<\/strong>: <a href=\"https:\/\/doi.org\/10.1109\/ETFA61755.2024.10711066\" data-type=\"link\" data-id=\"https:\/\/doi.org\/10.1109\/ETFA61755.2024.10711066\" rel='nofollow'>&#8222;Parameter Interdependencies in Knowledge Graphs for Manufacturing Processes&#8220;<\/a>,&nbsp;<em>2024 IEEE 29th International Conference on Emerging Technologies and Factory Automation (ETFA)<\/em>, Padova, Italy, 2024, DOI: <a href=\"https:\/\/doi.org\/10.1109\/ETFA61755.2024.10711066\" rel='nofollow'>10.1109\/ETFA61755.2024.10711066<\/a><\/p>\n\n\n\n<p><strong>H. Nabizada,<\/strong> <strong>T. Jeleniewski, F. Gehlhoff, A. Fay<\/strong>: <a href=\"https:\/\/doi.org\/10.1109\/ETFA61755.2024.10710982\" rel='nofollow'>&#8222;Model-Based Workflow for the Automated Generation of PDDL Descriptions&#8220;<\/a>,&nbsp;<em>2024 IEEE 29th International Conference on Emerging Technologies and Factory Automation (ETFA)<\/em>, Padova, Italy, 2024, DOI: <a href=\"https:\/\/doi.org\/10.1109\/ETFA61755.2024.10710982\" rel='nofollow'>10.1109\/ETFA61755.2024.10710982<\/a><\/p>\n\n\n\n<p><strong>J. Reif, T. Jeleniewski, M. Gill, F. Gehlhoff, A. Fay<\/strong>: <a href=\"https:\/\/doi.org\/10.1109\/ETFA61755.2024.10711065\" data-type=\"link\" data-id=\"https:\/\/doi.org\/10.1109\/ETFA61755.2024.10711065\" rel='nofollow'>&#8222;Chatbot-Based Ontology Interaction Using Large Language Models and Domain-Specific Standards&#8220;<\/a>,&nbsp;<em>2024 IEEE 29th International Conference on Emerging Technologies and Factory Automation (ETFA)<\/em>, Padova, Italy, 2024, DOI: <a href=\"https:\/\/doi.org\/10.1109\/ETFA61755.2024.10711065\" rel='nofollow'>10.1109\/ETFA61755.2024.10711065<\/a><\/p>\n\n\n\n<p><strong>T. Jeleniewski, J. Reif, A. Fay<\/strong>: <a href=\"https:\/\/doi.org\/10.1109\/ETFA54631.2023.10275608\" data-type=\"link\" data-id=\"https:\/\/doi.org\/10.1109\/ETFA54631.2023.10275608\" rel='nofollow'>&#8222;Integrating Interdependencies in Semantic Manufacturing Process Description Models&#8220;<\/a>,&nbsp;<em>2023 IEEE 28th International Conference on Emerging Technologies and Factory Automation (ETFA)<\/em>, Sinaia, Romania, 2023, DOI: <a href=\"https:\/\/doi.org\/10.1109\/ETFA54631.2023.10275608\" rel='nofollow'>10.1109\/ETFA54631.2023.10275608<\/a><\/p>\n\n\n\n<p><strong> J. Reif, <strong>T. Jeleniewski,<\/strong> A. Fay<\/strong>: <a href=\"https:\/\/doi.org\/10.1109\/ETFA54631.2023.10275718\" data-type=\"link\" data-id=\"https:\/\/doi.org\/10.1109\/ETFA54631.2023.10275718\" rel='nofollow'>&#8222;An Approach to Automating the Generation of Process Simulation Sequences&#8220;<\/a>,&nbsp;<em>2023 IEEE 28th International Conference on Emerging Technologies and Factory Automation (ETFA)<\/em>, Sinaia, Romania, 2023, DOI: <a href=\"https:\/\/doi.org\/10.1109\/ETFA54631.2023.10275718\" data-type=\"link\" data-id=\"https:\/\/doi.org\/10.1109\/ETFA54631.2023.10275718\" rel='nofollow'>10.1109\/ETFA54631.2023.10275718<\/a><\/p>\n\n\n\n<p><strong>T. Jeleniewski, H. Nabizada, J. Reif, A. K\u00f6cher, A. Fay<\/strong>: <a href=\"https:\/\/doi.org\/10.1109\/ISIE51358.2023.10228021\" data-type=\"link\" data-id=\"https:\/\/doi.org\/10.1109\/ISIE51358.2023.10228021\" rel='nofollow'>\u201cA Semantic Model to Express Process Parameters and their Interdependencies in Manufacturing\u201d<\/a>, in <em>2023 IEEE 32st International Symposium on Industrial Electronics (ISIE)<\/em>, Helsinki-Espoo, Finland, 2023, DOI: <a href=\"https:\/\/doi.org\/10.1109\/ISIE51358.2023.10228021\" rel='nofollow'>https:\/\/doi.org\/10.1109\/ISIE51358.2023.10228021<\/a><\/p>\n\n\n\n<p><strong>M. Gill, J. Reif, T. Jeleniewski, M. Weigand, A. Fay<\/strong>: <a href=\"http:\/\/dx.doi.org\/10.24405\/14562\" data-type=\"URL\" data-id=\"http:\/\/dx.doi.org\/10.24405\/14562\" rel='nofollow'>&#8222;Application Potentials of Semantic Technologies for Digital Twins in Aircraft Design, Manufacturing and Maintenance&#8220;<\/a>, <em>dtec.bw-Beitr\u00e4ge der Helmut-Schmidt-Universit\u00e4t \/ Universit\u00e4t der Bundeswehr Hamburg: Forschungsaktivit\u00e4ten im Zentrum f\u00fcr Digitalisierungs- und Technologieforschung der Bundeswehr dtec.bw<\/em>, Band 1, 2022, DOI: <a href=\"http:\/\/dx.doi.org\/10.24405\/14562\" data-type=\"URL\" data-id=\"http:\/\/dx.doi.org\/10.24405\/14562\" rel='nofollow'>10.24405\/14562<\/a>.<\/p>\n\n\n\n<p><strong>H. Nabizada, T. Jeleniewski, A. K\u00f6cher, A. Fay<\/strong>: <a href=\"https:\/\/www.researchgate.net\/publication\/361951781_Vorschlag_fur_eine_XML-Reprasentation_der_Formalisierten_Prozessbeschreibung_nach_VDIVDE_3682\" rel='nofollow'>&#8222;Vorschlag f\u00fcr eine XML-Repr\u00e4sentation der Formalisierten Prozessbeschreibung nach VDI\/VDE 3682&#8220;<\/a>, <em>Tagung \u201eEntwurf komplexer Automatisierungssysteme&#8220; (EKA) 2022<\/em>, Magdeburg, 23.-24. Juni 2022.<\/p>\n\n\n\n<p> <strong>A. K\u00f6cher, T. Jeleniewski, A. Fay:<\/strong>  <a href=\"https:\/\/doi.org\/10.1109\/IECON48115.2021.9589674\" rel='nofollow'>&#8222;A Method to Automatically Generate Semantic Skill Models from PLC Code&#8220;<\/a>,&nbsp;<em>IECON 2021 \u2013 47th Annual Conference of the IEEE Industrial Electronics Society<\/em>, Toronto, ON, Canada, 2021, pp. 1-6, DOI: <a href=\"http:\/\/dx.doi.org\/10.1109\/IECON48115.2021.9589674\" rel='nofollow'>10.1109\/IECON48115.2021.9589674<\/a>  <\/p>\n\n\n\n<hr class=\"wp-block-separator has-alpha-channel-opacity\" \/>\n\n\n\n<h2 class=\"wp-block-heading\"><abbr title=\"Studentische Hilfskraft\">SHK<\/abbr>-Stellen, Angebote f\u00fcr Seminar- und Abschlussarbeiten:<\/h2>\n\n\n\n<p>Bei der Optimierung von Produktionsprozessen stellt sich oft die Frage, welche Prozessparameter sich gegenseitig beeinflussen und wie gro\u00df dieser Einfluss ist. Viele Entscheidungen basieren bislang auf Erfahrung \u2013 doch was w\u00e4re, wenn wir diese Zusammenh\u00e4nge systematisch und maschinenlesbar erfassen k\u00f6nnten?<\/p>\n\n\n\n<p>F\u00fcr diesen Themenkomplex werden motivierte Studierende gesucht, die sich mit folgenden beispielhaften Fragestellungen besch\u00e4ftigen:<\/p>\n\n\n\n<p>\u2022 Untersuchung, wie Large Language Models das Vorhaben unterst\u00fctzen k\u00f6nnen.<\/p>\n\n\n\n<p>\u2022 Weiterentwicklung von Assistenzsystemen zur Unterst\u00fctzung von Ingenieuren bei der Interaktion mit Wissensmodellen<\/p>\n\n\n\n<p>\u2022 Modellierung von Wissensmodellen zu realen Produktionsprozessen in der&nbsp; Leichtbaufertigung im Flugzeugbau<\/p>\n\n\n\n<p>Falls Sie Interesse an einer Seminararbeit, Abschlussarbeit oder einer T\u00e4tigkeit als Studentische Hilfskraft (<abbr title=\"Studentische Hilfskraft\">SHK<\/abbr>) haben, kontaktieren Sie mich gerne.<\/p>\n","protected":false},"excerpt":{"rendered":"<p>Wissenschaftlicher Mitarbeiter E-Mail: Tom.Jeleniewski@hsu.hamburg Telefon: +49 40 6541-3319 Fax: +49 40 6541-2004 Raum: H1\/1212 Postanschrift: Helmut-Schmidt-Universit\u00e4tFakult\u00e4t f\u00fcr MaschinenbauProfessur f\u00fcr AutomatisierungstechnikPostfach 70 08 2222008 Hamburg Besucheranschrift: Helmut-Schmidt-Universit\u00e4tGeb\u00e4ude H1Holstenhofweg 8522043 Hamburg LinkedIn [&hellip;]<\/p>\n","protected":false},"author":3039,"featured_media":0,"parent":1188,"menu_order":0,"comment_status":"closed","ping_status":"closed","template":"","meta":{"footnotes":""},"categories":[8],"tags":[],"class_list":["post-2123","page","type-page","status-publish","hentry","category-team"],"_links":{"self":[{"href":"https:\/\/www.hsu-hh.de\/aut\/wp-json\/wp\/v2\/pages\/2123","targetHints":{"allow":["GET"]}}],"collection":[{"href":"https:\/\/www.hsu-hh.de\/aut\/wp-json\/wp\/v2\/pages"}],"about":[{"href":"https:\/\/www.hsu-hh.de\/aut\/wp-json\/wp\/v2\/types\/page"}],"author":[{"embeddable":true,"href":"https:\/\/www.hsu-hh.de\/aut\/wp-json\/wp\/v2\/users\/3039"}],"replies":[{"embeddable":true,"href":"https:\/\/www.hsu-hh.de\/aut\/wp-json\/wp\/v2\/comments?post=2123"}],"version-history":[{"count":47,"href":"https:\/\/www.hsu-hh.de\/aut\/wp-json\/wp\/v2\/pages\/2123\/revisions"}],"predecessor-version":[{"id":4695,"href":"https:\/\/www.hsu-hh.de\/aut\/wp-json\/wp\/v2\/pages\/2123\/revisions\/4695"}],"up":[{"embeddable":true,"href":"https:\/\/www.hsu-hh.de\/aut\/wp-json\/wp\/v2\/pages\/1188"}],"wp:attachment":[{"href":"https:\/\/www.hsu-hh.de\/aut\/wp-json\/wp\/v2\/media?parent=2123"}],"wp:term":[{"taxonomy":"category","embeddable":true,"href":"https:\/\/www.hsu-hh.de\/aut\/wp-json\/wp\/v2\/categories?post=2123"},{"taxonomy":"post_tag","embeddable":true,"href":"https:\/\/www.hsu-hh.de\/aut\/wp-json\/wp\/v2\/tags?post=2123"}],"curies":[{"name":"wp","href":"https:\/\/api.w.org\/{rel}","templated":true}]}}