{"id":199,"date":"2017-09-21T08:20:20","date_gmt":"2017-09-21T06:20:20","guid":{"rendered":"https:\/\/www.hsu-hh.de\/aut\/?page_id=199"},"modified":"2021-12-13T12:22:13","modified_gmt":"2021-12-13T11:22:13","slug":"mittelstand-4-0-kompetenzzentrum-hamburg-m40hh","status":"publish","type":"page","link":"https:\/\/www.hsu-hh.de\/aut\/forschung\/forschungsthemen\/mittelstand-4-0-kompetenzzentrum-hamburg-m40hh","title":{"rendered":"Mittelstand 4.0-Kompetenzzentrum Hamburg (M40HH)"},"content":{"rendered":"<div id=\"contentblock\">\n<div class=\"header_info\">\n<p><img decoding=\"async\" title=\"KZMS4.0-Logo-CMYK\" src=\"https:\/\/webbox.hsu-hh.de\/images\/wbox0028\/Forschung\/aktuelle%20Projekte\/KZMS4.0-Logo-CMYK.jpg\" alt=\"M40HH Logo\" \/><\/p>\n<h2><u>Ausgangssituation:<\/u><\/h2>\n<p>Die Bundesregierung hat mit der Digitalen Agenda einen Schwerpunkt darin gesetzt, die Digitalisierung in der Wirtschaft zu unterst\u00fctzen und voranzutreiben.<\/p>\n<p>Der Bedarf nach kundenorientierten und individualisierten Produkten, Schnelligkeit, Verf\u00fcgbarkeit und fr\u00fchzeitigen Aussagen \u00fcber Kosten, Nutzen und Realisierbarkeit sind wesentliche Herausforderung im Rahmen von Digitalisierung und Industrie 4.0. Dies treibt die Entwicklung und Erforschung neuer Technologien, Wertsch\u00f6pfungspotenziale und Gesch\u00e4ftsmodelle voran. Logistik-, Produktions- und Arbeitsprozesse werden zunehmen digitalisiert und mit dem Internet sowie mit intelligenten, durchgehenden und wissensintensiven Methoden und Dienstleistungen vernetzt. <a title=\"\" href=\"https:\/\/www.hsu-hh.de\/aut\/index_vjjKUuodh46GaQPA.html#_ftn1\" name=\"_ftnref1\">[1]<\/a><\/p>\n<p>Die durch das BMWi initiierte Untersuchung \u201eErschlie\u00dfen der Potenziale der Anwendungen von Industrie 4.0 im Mittelstand\u201c zeigt, dass sich die Ergebnisse der Forschung und der laufenden Projekte zur Digitalisierung der Wirtschaft und zu Industrie 4.0 bislang stark auf die Entwicklung einzelner Technologien bezogen haben. Es mangelt noch an der Zusammenf\u00fchrung, Aufbereitung und Vermittlung der Ergebnisse bisheriger Projekte in einer auch f\u00fcr Mittelstand und Handwerk geeigneten Form. Zudem ben\u00f6tigen mittelst\u00e4ndische Unternehmen Unterst\u00fctzung, die von Information und Sensibilisierung bis hin zu Qualifizierung reicht.<a title=\"\" href=\"https:\/\/www.hsu-hh.de\/aut\/index_vjjKUuodh46GaQPA.html#_ftn2\" name=\"_ftnref2\">[2]<\/a> Aus diesen Gr\u00fcnden wurden Kompetenzzentren f\u00fcr den Mittelstand in Deutschland gegr\u00fcndet.<\/p>\n<h2><u>Ziele:<\/u><\/h2>\n<p>Ziele des Mittelstand 4.0-Kompetenzzentrums Hamburg sind unter anderem:<\/p>\n<ul>\n<li>Sensibilisierung und Unterst\u00fctzung des Mittelstands und des Handwerks f\u00fcr die technologischen und wirtschaftlichen Potenziale und Herausforderungen der Digitalisierung einschlie\u00dflich Industrie 4.0,<\/li>\n<li>St\u00e4rkung der Wettbewerbsf\u00e4higkeit und Er\u00f6ffnung neuer Gesch\u00e4ftsfelder f\u00fcr Mittelstand und Handwerk,<\/li>\n<li>F\u00f6rderung technologischer, organisatorischer und arbeitsgestaltender Kompetenzen,<\/li>\n<li>St\u00e4rkung der Vernetzungsf\u00e4higkeit durch Sicherheit und Vertrauen (Anbieter\/Anwender),<\/li>\n<li>Unterst\u00fctzung der Entwicklung von bedarfsgerechten, sicheren und marktf\u00e4higen L\u00f6sungen f\u00fcr Mittelstand und Handwerk durch Anschauungs- und Erprobungsm\u00f6glichkeiten.<a title=\"\" href=\"https:\/\/www.hsu-hh.de\/aut\/index_vjjKUuodh46GaQPA.html#_ftn3\" name=\"_ftnref3\">[3]<\/a><\/li>\n<\/ul>\n<p>\u00a0<\/p>\n<h2><u>Vorgehen:<\/u><\/h2>\n<p>Das Projekt ist in einer Matrixstrukturmatrixstruktur gegliedert, welche unterschiedliche Aktivit\u00e4tsarten in Aufgabenfeldern mit inhaltlichen Schwerpunkten in Handlungsstr\u00e4ngen verbindet.<\/p>\n<p>Die <strong>Aufgabenfelder<\/strong> gliedern sich zum einen in die \u00fcbergreifenden Aufgaben (Gesch\u00e4ftsf\u00fchrung, Support, \u00d6ffentlichkeitsarbeit, Multiplikation und Evaluation). Zum anderen werden die Aufgabenfelder mit Aktivit\u00e4ten gef\u00fcllt:<\/p>\n<ul>\n<li>Informieren: Information und Sensibilisierung von KMU hinsichtlich Digitalisierungs- und Industrie-4.0-Chancen, -Risiken und L\u00f6sungen<\/li>\n<li>Demonstrieren: Aufbau und die Pr\u00e4sentation der unterschiedlichen Demonstratoren, um Unternehmen die Machbarkeit von konkreten Digitalisierungs- und Industrie-4.0-L\u00f6sungen m\u00f6glichst praxisnah und greifbar zu vermitteln<\/li>\n<li>Qualifizieren: Workshops, Seminare und Schulungen zu Themen aus den f\u00fcnf Handlungsstr\u00e4ngen<\/li>\n<li>Umsetzen: Durchf\u00fchrung von Umsetzungsprojekte und Erstellung von Leitf\u00e4den<\/li>\n<\/ul>\n<p>\u00a0<\/p>\n<p>Die Aktivit\u00e4ten der Projektpartner in den oben beschriebenen Aufgabenfeldern sollen entlang von f\u00fcnf <strong>Handlungsstr\u00e4ngen <\/strong>entwickelt werden:<\/p>\n<ol>\n<li>Gestaltung von Mittelstand-4.0-Gesch\u00e4ftsmodellen<\/li>\n<li>Adaptives Auftragsmanagement in Supply Chains<\/li>\n<li>Flexible Steuerung von Materialfl\u00fcssen<\/li>\n<li>Arbeit, Qualifikation, Organisation und F\u00fchrung<\/li>\n<li>Einfache EDV-technische Durchg\u00e4ngigkeit von Daten<\/li>\n<\/ol>\n<p>\u00a0<\/p>\n<p>Durch die inhaltliche Ausrichtung und der vorhandenen Erfahrungen aus Forschungs- und Umsetzungsprojekten des Instituts f\u00fcr Automatisierungstechnik setzt die Helmut-Schmidt-Universit\u00e4t den inhaltlichen Schwerpunkt der Handlungsstr\u00e4nge 3 (Flexible Steuerung von Materialfl\u00fcssen) und 5 (Einfache EDV-technische Durchg\u00e4ngigkeit von Daten) innerhalb des Projektes. Zus\u00e4tzlich werden relevante handlungs\u00fcbergreifende Themenstellungen bearbeitet.<\/p>\n<p>\u00a0<\/p>\n<p>Bearbeitet durch: <a title=\"Startseite \u00bb Mitarbeiter \u00bb Wiss. Mitarbeiter \u00bb Timo\u00a0Busert\" href=\"https:\/\/www.hsu-hh.de\/aut\/index_OcwUfo7HjeN2HguB.html\"><abbr title=\"Master of Science\">M.Sc.<\/abbr> Timo Busert<\/a>, <a title=\"Startseite \u00bb Mitarbeiter \u00bb Wiss. Mitarbeiter \u00bb Feras\u00a0El Sakka\" href=\"https:\/\/www.hsu-hh.de\/aut\/index_eMOHl3cd9uJ5wb0K.html\"><abbr title=\"Master of Science\">M.Sc.<\/abbr> Feras El Sakka<\/a>,\u00a0 <a href=\"https:\/\/www.hsu-hh.de\/aut\/team\"><abbr title=\"Master of Science\">M.Sc.<\/abbr> Alexander Hayward<\/a><\/p>\n<p><a href=\"http:\/\/kompetenzzentrum-hh.digital\" rel='nofollow'>\u201eMittelstand 4.0-Kompetenzzentrums Hamburg\u201c <img loading=\"lazy\" decoding=\"async\" title=\"Externer Link: \u201eMittelstand 4.0-Kompetenzzentrums Hamburg\u201c (http:\/\/kompetenzzentrum-hh.digital)\" src=\"https:\/\/www.hsu-hh.de\/image_bricks\/external.gif\" alt=\"Externer Link: \u201eMittelstand 4.0-Kompetenzzentrums Hamburg\u201c (http:\/\/kompetenzzentrum-hh.digital)\" width=\"11\" height=\"10\" \/><\/a> ist ein Verbundprojekt des Instituts f\u00fcr Automatisierungstechnik der <abbr title=\"Helmut-Schmidt-Universit\u00e4t\">HSU<\/abbr> mit: <a href=\"https:\/\/www.hk24.de\/\" rel='nofollow'>Handelskammer Hamburg Service <abbr title=\"Gesellschaft mit beschr\u00e4nkter Haftung\">GmbH<\/abbr> (HKS) <img loading=\"lazy\" decoding=\"async\" title=\"Externer Link: Handelskammer Hamburg Service GmbH (HKS) (https:\/\/www.hk24.de\/)\" src=\"https:\/\/www.hsu-hh.de\/image_bricks\/external.gif\" alt=\"Externer Link: Handelskammer Hamburg Service GmbH (HKS) (https:\/\/www.hk24.de\/)\" width=\"11\" height=\"10\" \/><\/a>, <a href=\"https:\/\/www.hwk-hamburg.de\/\" rel='nofollow'>Handwerkskammer Hamburg <img loading=\"lazy\" decoding=\"async\" title=\"Externer Link: Handwerkskammer Hamburg (https:\/\/www.hwk-hamburg.de\/)\" src=\"https:\/\/www.hsu-hh.de\/image_bricks\/external.gif\" alt=\"Externer Link: Handwerkskammer Hamburg (https:\/\/www.hwk-hamburg.de\/)\" width=\"11\" height=\"10\" \/><\/a>, <a href=\"https:\/\/www.logu.tuhh.de\/de\" rel='nofollow'>Technische Universit\u00e4t Hamburg <img loading=\"lazy\" decoding=\"async\" title=\"Externer Link: Technische Universit\u00e4t Hamburg (https:\/\/www.logu.tuhh.de\/de)\" src=\"https:\/\/www.hsu-hh.de\/image_bricks\/external.gif\" alt=\"Externer Link: Technische Universit\u00e4t Hamburg (https:\/\/www.logu.tuhh.de\/de)\" width=\"11\" height=\"10\" \/><\/a>, <a href=\"https:\/\/www.haw-hamburg.de\/department-wirtschaft.html\" rel='nofollow'>Hochschule f\u00fcr Angewandte Wissenschaften <img loading=\"lazy\" decoding=\"async\" title=\"Externer Link: Hochschule f\u00fcr Angewandte Wissenschaften (https:\/\/www.haw-hamburg.de\/department-wirtschaft.html)\" src=\"https:\/\/www.hsu-hh.de\/image_bricks\/external.gif\" alt=\"Externer Link: Hochschule f\u00fcr Angewandte Wissenschaften (https:\/\/www.haw-hamburg.de\/department-wirtschaft.html)\" width=\"11\" height=\"10\" \/><\/a><\/p>\n<p>Projekthomepage: <a href=\"http:\/\/kompetenzzentrum-hh.digital\/web\/\" rel='nofollow'>http:\/\/kompetenzzentrum-hh.digital\/web\/ <img loading=\"lazy\" decoding=\"async\" title=\"Externer Link: http:\/\/kompetenzzentrum-hh.digital\/web\/ (http:\/\/kompetenzzentrum-hh.digital\/web\/)\" src=\"https:\/\/www.hsu-hh.de\/image_bricks\/external.gif\" alt=\"Externer Link: http:\/\/kompetenzzentrum-hh.digital\/web\/ (http:\/\/kompetenzzentrum-hh.digital\/web\/)\" width=\"11\" height=\"10\" \/><\/a><\/p>\n<p>Projekttr\u00e4ger der Projekte der F\u00f6rderrichtlinie ist das <a href=\"http:\/\/www.dlr.de\/pt\" rel='nofollow'>DLR <img loading=\"lazy\" decoding=\"async\" title=\"Externer Link: DLR (http:\/\/www.dlr.de\/pt)\" src=\"https:\/\/www.hsu-hh.de\/image_bricks\/external.gif\" alt=\"Externer Link: DLR (http:\/\/www.dlr.de\/pt)\" width=\"11\" height=\"10\" \/><\/a>.<\/p>\n<p>Mittelstand-Digital ist ein F\u00f6rderschwerpunkt des<a href=\"http:\/\/www.bmwi.de\" rel='nofollow'> Bundesministeriums f\u00fcr Wirtschaft und Energie (BMWi) <img loading=\"lazy\" decoding=\"async\" title=\"Externer Link: Bundesministeriums f\u00fcr Wirtschaft und Energie (BMWi) (http:\/\/www.bmwi.de)\" src=\"https:\/\/www.hsu-hh.de\/image_bricks\/external.gif\" alt=\"Externer Link: Bundesministeriums f\u00fcr Wirtschaft und Energie (BMWi) (http:\/\/www.bmwi.de)\" width=\"11\" height=\"10\" \/><\/a>. Weitere Informationen unter <a href=\"http:\/\/www.mittelstand-digital.de\" rel='nofollow'>www.mittelstand-digital.de <img loading=\"lazy\" decoding=\"async\" title=\"Externer Link: www.mittelstand-digital.de (http:\/\/www.mittelstand-digital.de)\" src=\"https:\/\/www.hsu-hh.de\/image_bricks\/external.gif\" alt=\"Externer Link: www.mittelstand-digital.de (http:\/\/www.mittelstand-digital.de)\" width=\"11\" height=\"10\" \/><\/a><\/p>\n<p>\u00a0<\/p>\n<div><hr \/>\n<div>\n<p><a title=\"\" href=\"https:\/\/www.hsu-hh.de\/aut\/index_vjjKUuodh46GaQPA.html#_ftnref1\" name=\"_ftn1\">[1]<\/a> Vgl. Bundesministerium f\u00fcr Wirtschaft und Energie: F\u00f6rderinitiative \u201eMittelstand 4.0 \u2013 Digitale Produktions- und Arbeitsprozesse\u201c vom 19. Juni 2015, Bundesministerium f\u00fcr Wirtschaft und Energie: \u201eIndustrie 4.0 und Digitale Wirtschaft \u2013 Impulse f\u00fcr Wachstum, Besch\u00e4ftigung und Innovation\u201c, Stand April 2015, S. 6; eBusiness-Lotse Mittelhessen (<abbr title=\"Herausgeber\">Hrsg.<\/abbr>): \u201eIndustrie 4.0 \u2013 F\u00fcr die Zukunft ger\u00fcstet sein\u201c, Stand Juli 2014<\/p>\n<\/div>\n<div>\n<p><a title=\"\" href=\"https:\/\/www.hsu-hh.de\/aut\/index_vjjKUuodh46GaQPA.html#_ftnref2\" name=\"_ftn2\">[2]<\/a> Agiplan et al.: \u201eErschlie\u00dfen der Potenziale der Anwendungen von Industrie 4.0 im Mittelstand\u201c, Berlin 2015, Bundesministerium f\u00fcr Wirtschaft und Energie: F\u00f6rderinitiative \u201eMittelstand 4.0 \u2013 Digitale Produktions- und Arbeitsprozesse\u201c vom 19. Juni 2015<\/p>\n<\/div>\n<div>\n<p><a title=\"\" href=\"https:\/\/www.hsu-hh.de\/aut\/index_vjjKUuodh46GaQPA.html#_ftnref3\" name=\"_ftn3\">[3]<\/a> Vgl. Bundesministerium f\u00fcr Wirtschaft und Energie: F\u00f6rderinitiative \u201eMittelstand 4.0 \u2013 Digitale Produktions- und Arbeitsprozesse\u201c Vom 19. Juni 2015<\/p>\n<\/div>\n<\/div>\n<\/div>\n<\/div>\n\n\n<figure class=\"wp-block-image size-full is-resized\"><img loading=\"lazy\" decoding=\"async\" src=\"https:\/\/www.hsu-hh.de\/aut\/wp-content\/uploads\/sites\/670\/2021\/12\/Mittelstand-digital-1.jpeg\" data-credit=\"Lewin\" alt=\"\" class=\"wp-image-2771\" width=\"202\" height=\"144\" srcset=\"https:\/\/www.hsu-hh.de\/aut\/wp-content\/uploads\/sites\/670\/2021\/12\/Mittelstand-digital-1.jpeg 566w, https:\/\/www.hsu-hh.de\/aut\/wp-content\/uploads\/sites\/670\/2021\/12\/Mittelstand-digital-1-300x214.jpeg 300w\" sizes=\"auto, (max-width: 202px) 100vw, 202px\" \/><\/figure>\n\n\n\n<figure class=\"wp-block-image size-large is-resized\"><img loading=\"lazy\" decoding=\"async\" src=\"https:\/\/www.hsu-hh.de\/aut\/wp-content\/uploads\/sites\/670\/2021\/12\/BMWi_Fz_2017_Office_Farbe_de-7-995x1024.png\" data-credit=\"\" alt=\"\" class=\"wp-image-2772\" width=\"203\" height=\"209\" srcset=\"https:\/\/www.hsu-hh.de\/aut\/wp-content\/uploads\/sites\/670\/2021\/12\/BMWi_Fz_2017_Office_Farbe_de-7-995x1024.png 995w, https:\/\/www.hsu-hh.de\/aut\/wp-content\/uploads\/sites\/670\/2021\/12\/BMWi_Fz_2017_Office_Farbe_de-7-291x300.png 291w, https:\/\/www.hsu-hh.de\/aut\/wp-content\/uploads\/sites\/670\/2021\/12\/BMWi_Fz_2017_Office_Farbe_de-7-768x791.png 768w, https:\/\/www.hsu-hh.de\/aut\/wp-content\/uploads\/sites\/670\/2021\/12\/BMWi_Fz_2017_Office_Farbe_de-7-1100x1132.png 1100w, https:\/\/www.hsu-hh.de\/aut\/wp-content\/uploads\/sites\/670\/2021\/12\/BMWi_Fz_2017_Office_Farbe_de-7.png 1360w\" sizes=\"auto, (max-width: 203px) 100vw, 203px\" \/><\/figure>\n","protected":false},"excerpt":{"rendered":"<p>Ausgangssituation: Die Bundesregierung hat mit der Digitalen Agenda einen Schwerpunkt darin gesetzt, die Digitalisierung in der Wirtschaft zu unterst\u00fctzen und voranzutreiben. Der Bedarf nach kundenorientierten und individualisierten Produkten, Schnelligkeit, Verf\u00fcgbarkeit [&hellip;]<\/p>\n","protected":false},"author":78,"featured_media":0,"parent":164,"menu_order":0,"comment_status":"closed","ping_status":"closed","template":"","meta":{"footnotes":""},"categories":[4],"tags":[],"class_list":["post-199","page","type-page","status-publish","hentry","category-forschung"],"_links":{"self":[{"href":"https:\/\/www.hsu-hh.de\/aut\/wp-json\/wp\/v2\/pages\/199","targetHints":{"allow":["GET"]}}],"collection":[{"href":"https:\/\/www.hsu-hh.de\/aut\/wp-json\/wp\/v2\/pages"}],"about":[{"href":"https:\/\/www.hsu-hh.de\/aut\/wp-json\/wp\/v2\/types\/page"}],"author":[{"embeddable":true,"href":"https:\/\/www.hsu-hh.de\/aut\/wp-json\/wp\/v2\/users\/78"}],"replies":[{"embeddable":true,"href":"https:\/\/www.hsu-hh.de\/aut\/wp-json\/wp\/v2\/comments?post=199"}],"version-history":[{"count":6,"href":"https:\/\/www.hsu-hh.de\/aut\/wp-json\/wp\/v2\/pages\/199\/revisions"}],"predecessor-version":[{"id":2773,"href":"https:\/\/www.hsu-hh.de\/aut\/wp-json\/wp\/v2\/pages\/199\/revisions\/2773"}],"up":[{"embeddable":true,"href":"https:\/\/www.hsu-hh.de\/aut\/wp-json\/wp\/v2\/pages\/164"}],"wp:attachment":[{"href":"https:\/\/www.hsu-hh.de\/aut\/wp-json\/wp\/v2\/media?parent=199"}],"wp:term":[{"taxonomy":"category","embeddable":true,"href":"https:\/\/www.hsu-hh.de\/aut\/wp-json\/wp\/v2\/categories?post=199"},{"taxonomy":"post_tag","embeddable":true,"href":"https:\/\/www.hsu-hh.de\/aut\/wp-json\/wp\/v2\/tags?post=199"}],"curies":[{"name":"wp","href":"https:\/\/api.w.org\/{rel}","templated":true}]}}