{"id":1940,"date":"2021-04-21T10:20:15","date_gmt":"2021-04-21T08:20:15","guid":{"rendered":"https:\/\/www.hsu-hh.de\/aut\/?page_id=1940"},"modified":"2021-12-13T12:04:41","modified_gmt":"2021-12-13T11:04:41","slug":"modulare-produktionslogistik-moprolog","status":"publish","type":"page","link":"https:\/\/www.hsu-hh.de\/aut\/modulare-produktionslogistik-moprolog","title":{"rendered":"Modulare Produktionslogistik (MoProLog)"},"content":{"rendered":"\n<p><strong>Motivation<\/strong><\/p>\n\n\n\n<p>Die Prozessindustrie sieht sich Trends hin zu einer starken Volatilit\u00e4t der M\u00e4rkte sowie einer hohen Produktindividualit\u00e4t gegen\u00fcbergestellt. Ein prominentes Beispiel daf\u00fcr stellt die aktuell vorherrschende Corona-Pandemie dar, die es erfordert, schnell gro\u00dfe Mengen eines neuen Impfstoffes herzustellen. Dazu ist es notwendig, schnell Produktionsanlagen auf- oder umzubauen, die den neuartigen Prozess zur Impfstoffproduktion umsetzen k\u00f6nnen.<\/p>\n\n\n\n<p>Derart ver\u00e4nderliche Marktbedingungen verlangen Produktionsanlagen sowohl hinsichtlich ihrer hardwareseitigen als auch automatisierungstechnischen Gestaltung ein hohes Ma\u00df an Flexibilit\u00e4t und Wandelbarkeit ab. Ein vielversprechender Ansatz, um dies zu realisieren, stellt die Modularisierung der Anlagen dar [1]. Aufgrund dessen wurden in den vergangenen Jahren im Rahmen von Forschungsprojekten [2, 3], Industriekooperationen und Standardisierungsanstrengungen [4, 5] Konzepte zur Modularisierung von verfahrenstechnischen Produktionsanlagen entwickelt.<\/p>\n\n\n\n<p>Es zeigte sich allerdings, dass die Flexibilit\u00e4t und Wandelbarkeit dieser Anlagen durch die nach wie vor monolithisch und unflexibel gestaltete produktionsnahe Logistik beschr\u00e4nkt werden [1]. Aufgrund dessen besteht der Wunsch, produktionsnahe Logistikanlagen, die die Ver- und Entsorgung modularer Produktionsanlagen \u00fcbernehmen, ebenfalls modular zu gestalten.<\/p>\n\n\n\n<p><strong>Stand der Technik im Bereich modularer Logistik<\/strong><\/p>\n\n\n\n<p>Vor diesem Hintergrund wurde im NAMUR-Arbeitskreis 4.19 \u201eProduktionsnahe Logistik\u201c die NAMUR-Empfehlung NE 171 [6] entwickelt, die die Anforderungen an die Automatisierung modularer Logistikanlagen beschreibt. In [7] wird zudem anhand eines Praxisbeispiels ein Automatisierungs-Ansatz f\u00fcr modulare Logistikanlagen dargestellt, der in Einklang mit der NE 171 steht. Dabei wird herausgestellt, dass sich das bereits aus der modularen Produktion bekannte Module Type Package (MTP)-Konzept&nbsp;[5] grunds\u00e4tzlich auch f\u00fcr den Einsatz im Bereich der modularen produktionsnahen Logistik eignet.<\/p>\n\n\n\n<p><strong>Projektziel<\/strong><\/p>\n\n\n\n<p>Auf Basis dieser Vorarbeiten wurde das Projekt \u201eModulare Produktionslogistik \u2013 MoProLog\u201c ins Leben gerufen. Dieses hat zum Ziel, unter Zusammenwirken von Anlagenbetreibern, Logistikdienstleistern, Anlagenlieferanten und Forschungseinrichtungen, erste Anlagenkonzepte f\u00fcr modulare Logistikanlagen zu entwickeln. Im Fokus steht dabei die Konzeption flexibler Logistikmodule f\u00fcr die Ver- und Entsorgung modularer Produktionsanlagen sowie deren einfache Integration in ein modulares Gesamtsystem nach dem Plug-and-Produce-Prinzip. Um dies zu realisieren, werden neben den Material- und Energieschnittstellen der Logistikmodule insbesondere auch deren informationstechnische Schnittstellen untersucht und vereinheitlicht. Bei der Konzeption dieser Schnittstellen soll auf den MTP-Konzepten aufgesetzt und diese auf die modulare produktionsnahe Logistik \u00fcbertragen werden. Ein weiteres Ziel besteht darin, Orchestrierungsans\u00e4tzen zur Koordination modularer Logistikanlagen zu entwickeln. Die Validierung der im Projekt erstellten Inhalte soll anhand eines Demonstratormoduls (ein modularer Lagenpalettierer) erfolgen, das flexibel durch Automated Guided Vehicles (AGVs) versorgt wird. [8]<\/p>\n\n\n\n<p><strong>Arbeitspakete<\/strong><\/p>\n\n\n\n<ul class=\"wp-block-list\"><li>AP 1: Anforderungsanalyse<\/li><li>AP 2: Logistikkonzepte und Modulspezifikation<\/li><li>AP 3: Spezifikation von Standards und Schnittstellen<\/li><li>AP 4: Entwicklung eines modularen Lagenpalettierers und dessen Automation<\/li><li>AP 5: Entwicklung eines digitalen Zwillings<\/li><li>AP 6: Evaluierung<\/li><\/ul>\n\n\n\n<p><strong>Gesamtprojektlaufzeit<\/strong><\/p>\n\n\n\n<p>11\/2019 \u2013 10\/2022<\/p>\n\n\n\n<p><strong>Projektpartner (neben der Helmut-Schmidt-Universit\u00e4t)<\/strong><\/p>\n\n\n\n<ul class=\"wp-block-list\"><li>Alfred Talke GmbH &amp; Co. KG<\/li><li>BASF SE<\/li><li>BEUMER Maschinenfabrik GmbH &amp; Co. KG<\/li><li>Fachhochschule S\u00fcdwestfalen<\/li><li>Fraunhofer IML<\/li><\/ul>\n\n\n\n<p><strong>Externe Links<\/strong><\/p>\n\n\n\n<ul class=\"wp-block-list\"><li>ENPRO 2.0: &nbsp;<a href=\"http:\/\/enpro-initiative.de\/ENPRO+2_0\/MoProLog.html\" rel='nofollow'>http:\/\/enpro-initiative.de\/ENPRO+2_0\/MoProLog.html<\/a><\/li><li>ResearchGate: <a href=\"https:\/\/www.researchgate.net\/project\/MoProLog-Modulare-Produktionslogistik\" rel='nofollow'>https:\/\/www.researchgate.net\/project\/MoProLog-Modulare-Produktionslogistik<\/a><\/li><\/ul>\n\n\n\n<p><strong>Literatur<\/strong><\/p>\n\n\n\n<p>[1]&nbsp;&nbsp;&nbsp;&nbsp;&nbsp;&nbsp;&nbsp; Lier, S., W\u00f6rsd\u00f6rfer, D. u. Gr\u00fcnewald, M.: Wandlungsf\u00e4hige Produktionskonzepte: Flexibel, Mobil, Dezentral, Modular, Beschleunigt. Chemie Ingenieur Technik 87 (2015) 9, S. 1147\u20131158<\/p>\n\n\n\n<p>[2]&nbsp;&nbsp;&nbsp;&nbsp;&nbsp;&nbsp;&nbsp; DECHEMA: ENPRO 2.0 &#8211; Effiziente Orchestrierung modularer Anlagen (ORCA). http:\/\/enpro-initiative.de\/ENPRO+2_0\/ORCA.html, abgerufen am: 15.11.2020<\/p>\n\n\n\n<p>[3]&nbsp;&nbsp;&nbsp;&nbsp;&nbsp;&nbsp;&nbsp; CORDIS: Final Report Summary &#8211; F\u00b3 FACTORY (Flexible, Fast and Future Production Processes), 2021. https:\/\/cordis.europa.eu\/project\/id\/228867\/reporting\/de, abgerufen am: 26.03.2021<\/p>\n\n\n\n<p>[4]&nbsp;&nbsp;&nbsp;&nbsp;&nbsp;&nbsp;&nbsp; VDI 2776:2020-11. Verfahrenstechnische Anlagen &#8211; Modulare Anlagen &#8211; Grundlagen und Planung modularer Anlagen. https:\/\/www.vdi.de\/richtlinien\/details\/vdi-2776-blatt-1-verfahrenstechnische-anlagen-modulare-anlagen-grundlagen-und-planung-modularer-anlagen, abgerufen am: 26.03.2021<\/p>\n\n\n\n<p>[5]&nbsp;&nbsp;&nbsp;&nbsp;&nbsp;&nbsp;&nbsp; VDI\/VDE\/NAMUR 2658. Automatisierungstechnisches Engineering modularer Anlagen in der Prozessindustrie. https:\/\/www.vdi.de\/suche?tx_solr%5Bq%5D=VDI%2FVDE%2FNAMUR+2658, abgerufen am: 11.11.2020<\/p>\n\n\n\n<p>[6]&nbsp;&nbsp;&nbsp;&nbsp;&nbsp;&nbsp;&nbsp; NAMUR NE 171:2020-12. Anwendung des modularen Anlagenkonzeptes in der produktionsnahen Logistik<\/p>\n\n\n\n<p>[7]&nbsp;&nbsp;&nbsp;&nbsp;&nbsp;&nbsp;&nbsp; Cordes, S., Busert, T., Fay, A., Kessler, S. u. Schick, A.: NAMUR-MTP f\u00fcr Plug-&amp;-Operate in produktionsnaher Logistik. Anforderungen an eine modulare Automatisierung. atp magazin (2020) 01-02, S. 86\u201393<\/p>\n\n\n\n<p>[8]&nbsp;&nbsp;&nbsp;&nbsp;&nbsp;&nbsp;&nbsp; Weigel, O., Lier, S., Judel, O., Gryczycha, K., Kocak, I. u. Pannok, M.: Modulare Produktionslogistik in der Prozessindustrie \u2013 Herausforderungen und Systematisierungen. In: 10. ProcessNet-Jahrestagung und 34. DECHEMA-Jahrestagung der Biotechnologen 2020<\/p>\n\n\n\n<p><strong>Ansprechpartner<\/strong><\/p>\n\n\n\n<p><a href=\"https:\/\/www.hsu-hh.de\/aut\/team\" data-type=\"URL\" data-id=\"https:\/\/www.hsu-hh.de\/aut\/team\">Michelle Blumenstein<\/a><\/p>\n\n\n\n<p>Email: <a href=\"mailto:michelle.blumenstein@hsu-hh.de\" rel='nofollow'>michelle.blumenstein@hsu-hh.de<\/a><\/p>\n\n\n\n<p>Tel.: 040 6541 2429<\/p>\n\n\n\n<p>Bei Interesse am Projekt oder an verwandten Forschungsthemen kontaktieren Sie mich gern!<\/p>\n\n\n\n<figure class=\"wp-block-image size-large is-resized\"><img loading=\"lazy\" decoding=\"async\" src=\"https:\/\/www.hsu-hh.de\/aut\/wp-content\/uploads\/sites\/670\/2021\/12\/BMWi_Fz_2017_Office_Farbe_de-1-995x1024.png\" data-credit=\"\" alt=\"\" class=\"wp-image-2756\" width=\"160\" height=\"166\" srcset=\"https:\/\/www.hsu-hh.de\/aut\/wp-content\/uploads\/sites\/670\/2021\/12\/BMWi_Fz_2017_Office_Farbe_de-1-995x1024.png 995w, https:\/\/www.hsu-hh.de\/aut\/wp-content\/uploads\/sites\/670\/2021\/12\/BMWi_Fz_2017_Office_Farbe_de-1-291x300.png 291w, https:\/\/www.hsu-hh.de\/aut\/wp-content\/uploads\/sites\/670\/2021\/12\/BMWi_Fz_2017_Office_Farbe_de-1-768x791.png 768w, https:\/\/www.hsu-hh.de\/aut\/wp-content\/uploads\/sites\/670\/2021\/12\/BMWi_Fz_2017_Office_Farbe_de-1-1100x1132.png 1100w, https:\/\/www.hsu-hh.de\/aut\/wp-content\/uploads\/sites\/670\/2021\/12\/BMWi_Fz_2017_Office_Farbe_de-1.png 1360w\" sizes=\"auto, (max-width: 160px) 100vw, 160px\" \/><\/figure>\n","protected":false},"excerpt":{"rendered":"<p>Motivation Die Prozessindustrie sieht sich Trends hin zu einer starken Volatilit\u00e4t der M\u00e4rkte sowie einer hohen Produktindividualit\u00e4t gegen\u00fcbergestellt. Ein prominentes Beispiel daf\u00fcr stellt die aktuell vorherrschende Corona-Pandemie dar, die es [&hellip;]<\/p>\n","protected":false},"author":66,"featured_media":0,"parent":0,"menu_order":0,"comment_status":"closed","ping_status":"closed","template":"","meta":{"footnotes":""},"categories":[4],"tags":[],"class_list":["post-1940","page","type-page","status-publish","hentry","category-forschung"],"_links":{"self":[{"href":"https:\/\/www.hsu-hh.de\/aut\/wp-json\/wp\/v2\/pages\/1940","targetHints":{"allow":["GET"]}}],"collection":[{"href":"https:\/\/www.hsu-hh.de\/aut\/wp-json\/wp\/v2\/pages"}],"about":[{"href":"https:\/\/www.hsu-hh.de\/aut\/wp-json\/wp\/v2\/types\/page"}],"author":[{"embeddable":true,"href":"https:\/\/www.hsu-hh.de\/aut\/wp-json\/wp\/v2\/users\/66"}],"replies":[{"embeddable":true,"href":"https:\/\/www.hsu-hh.de\/aut\/wp-json\/wp\/v2\/comments?post=1940"}],"version-history":[{"count":4,"href":"https:\/\/www.hsu-hh.de\/aut\/wp-json\/wp\/v2\/pages\/1940\/revisions"}],"predecessor-version":[{"id":2758,"href":"https:\/\/www.hsu-hh.de\/aut\/wp-json\/wp\/v2\/pages\/1940\/revisions\/2758"}],"wp:attachment":[{"href":"https:\/\/www.hsu-hh.de\/aut\/wp-json\/wp\/v2\/media?parent=1940"}],"wp:term":[{"taxonomy":"category","embeddable":true,"href":"https:\/\/www.hsu-hh.de\/aut\/wp-json\/wp\/v2\/categories?post=1940"},{"taxonomy":"post_tag","embeddable":true,"href":"https:\/\/www.hsu-hh.de\/aut\/wp-json\/wp\/v2\/tags?post=1940"}],"curies":[{"name":"wp","href":"https:\/\/api.w.org\/{rel}","templated":true}]}}