{"id":1931,"date":"2021-04-16T10:55:15","date_gmt":"2021-04-16T08:55:15","guid":{"rendered":"https:\/\/www.hsu-hh.de\/aut\/?page_id=1931"},"modified":"2026-02-13T16:02:17","modified_gmt":"2026-02-13T15:02:17","slug":"labor-fuer-intelligente-leichtbauproduktion-laila","status":"publish","type":"page","link":"https:\/\/www.hsu-hh.de\/aut\/labor-fuer-intelligente-leichtbauproduktion-laila","title":{"rendered":"Labor f\u00fcr intelligente Leichtbauproduktion (LaiLa)"},"content":{"rendered":"<div class=\"wp-block-image\">\n<figure class=\"aligncenter size-full is-resized\"><img loading=\"lazy\" decoding=\"async\" width=\"908\" height=\"638\" src=\"https:\/\/www.hsu-hh.de\/aut\/wp-content\/uploads\/sites\/670\/2026\/02\/image.jpeg\" data-credit=\"\" alt=\"\" class=\"wp-image-4716\" style=\"aspect-ratio:1.4232273262661954;width:610px;height:auto\" srcset=\"https:\/\/www.hsu-hh.de\/aut\/wp-content\/uploads\/sites\/670\/2026\/02\/image.jpeg 908w, https:\/\/www.hsu-hh.de\/aut\/wp-content\/uploads\/sites\/670\/2026\/02\/image-300x211.jpeg 300w, https:\/\/www.hsu-hh.de\/aut\/wp-content\/uploads\/sites\/670\/2026\/02\/image-768x540.jpeg 768w\" sizes=\"auto, (max-width: 908px) 100vw, 908px\" \/><\/figure>\n<\/div>\n\n\n<p>Das Forschungsprojekt&nbsp;<strong>Laila \u2013 Labor f\u00fcr Intelligente Leichtbauproduktion<\/strong>&nbsp;widmet sich der Entwicklung und Integration digitalisierter, flexibler Produktionsprozesse f\u00fcr Hochleistungs-Faserverbundstrukturen. Ziel ist es, neue Wege f\u00fcr eine wirtschaftliche, nachhaltige und zugleich hochvariable Fertigung im Leichtbau zu erschlie\u00dfen \u2013 von der Grundlagenforschung bis zur Anwendung in der Industrie.<\/p>\n\n\n\n<figure class=\"wp-block-image size-full\"><img loading=\"lazy\" decoding=\"async\" width=\"1024\" height=\"451\" src=\"https:\/\/www.hsu-hh.de\/aut\/wp-content\/uploads\/sites\/670\/2026\/02\/image-1.jpeg\" data-credit=\"\" alt=\"\" class=\"wp-image-4717\" srcset=\"https:\/\/www.hsu-hh.de\/aut\/wp-content\/uploads\/sites\/670\/2026\/02\/image-1.jpeg 1024w, https:\/\/www.hsu-hh.de\/aut\/wp-content\/uploads\/sites\/670\/2026\/02\/image-1-300x132.jpeg 300w, https:\/\/www.hsu-hh.de\/aut\/wp-content\/uploads\/sites\/670\/2026\/02\/image-1-768x338.jpeg 768w\" sizes=\"auto, (max-width: 1024px) 100vw, 1024px\" \/><\/figure>\n\n\n\n<p>Im Mittelpunkt stehen innovative Ans\u00e4tze der&nbsp;<strong>Automatisierung, Digitalisierung und Vernetzung<\/strong>&nbsp;entlang der gesamten Wertsch\u00f6pfungskette. Das Laila-Team erforscht, wie smarte Produktionssysteme, moderne Sensortechnik und datengetriebene Methoden \u2013 etwa K\u00fcnstliche Intelligenz und maschinelles Lernen \u2013 optimal kombiniert werden k\u00f6nnen, um Qualit\u00e4t, Effizienz und Flexibilit\u00e4t in der Faserverbundproduktion signifikant zu steigern.<\/p>\n\n\n\n<p><strong>Forschungsschwerpunkte<\/strong><\/p>\n\n\n\n<ul class=\"wp-block-list\">\n<li><strong>Automatisierte Faserablage<\/strong>: Entwicklung adaptiver, KI-gest\u00fctzter Technologien f\u00fcr die automatisierte, qualit\u00e4tsgesicherte\u00a0\u00a0der Faserdeposition (Automated Fiber Placement) unter Ber\u00fccksichtigung komplexer Bauteilgeometrien und cutting-edge Laminatdesign-Konzepten.<\/li>\n\n\n\n<li><strong>Digitale Zwillinge &amp; Prozess\u00fcberwachung<\/strong>: Aufbau durchg\u00e4ngiger, digitaler Abbilder der Fertigungsprozesse (Digital Twin), unterst\u00fctzt durch Sensorik und Echtzeit-Datenerfassung zur l\u00fcckenlosen \u00dcberwachung, Analyse und Optimierung von Bauteil- und Prozessqualit\u00e4t.<\/li>\n\n\n\n<li><strong>Intelligente Fertigungssteuerung<\/strong>: Integration modularer Produktionssysteme mit fortschrittlichen Planungs- und Steuerungskonzepten, um wandlungsf\u00e4hige und ressourceneffiziente Fertigungsumgebungen zu realisieren.<\/li>\n\n\n\n<li><strong>Nachhaltigkeit und Kreislaufwirtschaft<\/strong>: Untersuchung von Methoden zur nachhaltigen Produktion, Wiederverwertung und zum Design for Recycling von Faserverbundstrukturen.<\/li>\n\n\n\n<li><strong>Offene Forschungsplattform und Vernetzung<\/strong>: Das Laila-Labor ist als offene Forschungsplattform konzipiert. Es dient sowohl der wissenschaftlichen Gemeinschaft als auch Industriepartnern als Test- und Demonstrationsumgebung f\u00fcr neue Fertigungs- und Digitalisierungsl\u00f6sungen im Leichtbau.<\/li>\n<\/ul>\n\n\n\n<p><strong>Infrastruktur und Netzwerk<\/strong><\/p>\n\n\n\n<p>Herzst\u00fcck ist das modern ausgestattete&nbsp;<strong>Laila-Labor (https:\/\/www.hsu-hh.de\/aut\/forschung\/labor\/laila-labor-fuer-intelligente-leichtbauproduktion)<\/strong>&nbsp;am Standort des Projektpartners CTC \/ Composite Technology Center (An Airbus company). Hier steht ein modulares, vernetztes Demonstrations- und Testfeld zur Verf\u00fcgung, das eine flexible und praxisnahe Erforschung von Produktions- und Digitalisierungsstrategien im Leichtbau erm\u00f6glicht.<\/p>\n\n\n\n<p>Das Projekt ist Teil eines starken regionalen und \u00fcberregionalen Netzwerks aus Wissenschaft, Industrie und Institutionen. Durch die enge Zusammenarbeit mit Partnern werden neueste Forschungserkenntnisse zeitnah in die industrielle Praxis transferiert.<\/p>\n\n\n\n<p><strong>Transfer, Anwendung und Ausblick<\/strong><\/p>\n\n\n\n<p>Mit dem Laila-Projekt werden Grundlagen geschaffen, um zuk\u00fcnftige Leichtbauproduktion \u00f6konomisch, \u00f6kologisch und technologisch f\u00fchrend zu gestalten. Die entwickelten Methoden und Technologien dienen als Basis f\u00fcr innovative Produkte und Fertigungsprozesse in Branchen wie Luft- und Raumfahrt, Automobilbau, Windenergie und vielen weiteren Anwendungsfeldern.<\/p>\n\n\n\n<p><strong>Zur Verstetigung dient das im Rahmen des Projektes aufgebaute Labor dar\u00fcber hinaus als Plattform f\u00fcr Weiterbildung und Wissenstransfer und st\u00e4rkt so nachhaltig den Digital-Standort Deutschland.<\/strong><\/p>\n\n\n\n<p>Mehr Informationen zum Projekt finden Sie hier:&nbsp;<a href=\"https:\/\/dtecbw.de\/home\/forschung\/hsu\/projekt-laila\/laila\" rel='nofollow'><strong>https:\/\/dtecbw.de\/home\/forschung\/hsu\/projekt-laila\/laila<\/strong><\/a>&nbsp;&amp;&nbsp;<a href=\"https:\/\/laila-composites.com\/\" rel='nofollow'>https:\/\/laila-composites.com\/<\/a><\/p>\n\n\n\n<p>Projektstart\/-laufzeit: 01.09.2020 bis 31.12.2026<\/p>\n\n\n\n<p>Bearbeitet durch:&nbsp;<a href=\"https:\/\/www.hsu-hh.de\/aut\/team\/hoefer\"><strong><abbr title=\"Master of Science\">M.Sc.<\/abbr>&nbsp;Raphael H\u00f6fer<\/strong><\/a>,&nbsp;<a href=\"https:\/\/www.hsu-hh.de\/aut\/team\/jeleniewski\"><strong><abbr title=\"Master of Science\">M.Sc.<\/abbr>&nbsp;Tom Jeleniewski<\/strong><\/a>,&nbsp;<a href=\"https:\/\/www.hsu-hh.de\/aut\/team\/pourabdollah\"><strong><abbr title=\"Master of Science\">M.Sc.<\/abbr>&nbsp;Pezhman Pourabdollah<\/strong><\/a>,&nbsp;<a href=\"https:\/\/www.hsu-hh.de\/aut\/team\/reif\"><strong><abbr title=\"Master of Science\">M.Sc.<\/abbr>&nbsp;Jonathan Reif<\/strong><\/a><\/p>\n\n\n\n<p>Dieses Projekt wird gef\u00f6rdert durch das Zentrum f\u00fcr Digitalisierungs- und Technologieforschung der Bundeswehr \u2013 <a href=\"http:\/\/www.dtecbw.de\/\" rel='nofollow'>dtec.bw<\/a>.<\/p>\n\n\n\n<div class=\"wp-block-columns is-layout-flex wp-container-core-columns-is-layout-9d6595d7 wp-block-columns-is-layout-flex\">\n<div class=\"wp-block-column is-layout-flow wp-block-column-is-layout-flow\" style=\"flex-basis:33.33%\">\n<figure class=\"wp-block-image size-large is-resized\"><img loading=\"lazy\" decoding=\"async\" width=\"1024\" height=\"313\" src=\"https:\/\/www.hsu-hh.de\/aut\/wp-content\/uploads\/sites\/670\/2021\/11\/dtec.bw_Logo_CMYK_komplett-1-1024x313.jpg\" data-credit=\"dtec.bw \" alt=\"dtec.bw Logo\" class=\"wp-image-2680\" style=\"width:278px;height:85px\" srcset=\"https:\/\/www.hsu-hh.de\/aut\/wp-content\/uploads\/sites\/670\/2021\/11\/dtec.bw_Logo_CMYK_komplett-1-1024x313.jpg 1024w, https:\/\/www.hsu-hh.de\/aut\/wp-content\/uploads\/sites\/670\/2021\/11\/dtec.bw_Logo_CMYK_komplett-1-300x92.jpg 300w, https:\/\/www.hsu-hh.de\/aut\/wp-content\/uploads\/sites\/670\/2021\/11\/dtec.bw_Logo_CMYK_komplett-1-768x235.jpg 768w, https:\/\/www.hsu-hh.de\/aut\/wp-content\/uploads\/sites\/670\/2021\/11\/dtec.bw_Logo_CMYK_komplett-1-1536x469.jpg 1536w, https:\/\/www.hsu-hh.de\/aut\/wp-content\/uploads\/sites\/670\/2021\/11\/dtec.bw_Logo_CMYK_komplett-1-1100x336.jpg 1100w, https:\/\/www.hsu-hh.de\/aut\/wp-content\/uploads\/sites\/670\/2021\/11\/dtec.bw_Logo_CMYK_komplett-1.jpg 1944w\" sizes=\"auto, (max-width: 1024px) 100vw, 1024px\" \/><\/figure>\n<\/div>\n\n\n\n<div class=\"wp-block-column is-layout-flow wp-block-column-is-layout-flow\" style=\"flex-basis:66.66%\">\n<figure class=\"wp-block-image size-full is-resized\"><img loading=\"lazy\" decoding=\"async\" width=\"985\" height=\"255\" src=\"https:\/\/www.hsu-hh.de\/aut\/wp-content\/uploads\/sites\/670\/2023\/03\/20230310_Verwendung-des-EU-Logos.jpg\" data-credit=\"Europ\u00e4ische Union (NextGenerationEU)\" alt=\"Logo Finanziert von der Europ\u00e4ischen Union\" class=\"wp-image-3513\" style=\"width:353px;height:91px\" srcset=\"https:\/\/www.hsu-hh.de\/aut\/wp-content\/uploads\/sites\/670\/2023\/03\/20230310_Verwendung-des-EU-Logos.jpg 985w, https:\/\/www.hsu-hh.de\/aut\/wp-content\/uploads\/sites\/670\/2023\/03\/20230310_Verwendung-des-EU-Logos-300x78.jpg 300w, https:\/\/www.hsu-hh.de\/aut\/wp-content\/uploads\/sites\/670\/2023\/03\/20230310_Verwendung-des-EU-Logos-768x199.jpg 768w\" sizes=\"auto, (max-width: 985px) 100vw, 985px\" \/><\/figure>\n<\/div>\n<\/div>\n\n\n\n<p><\/p>\n","protected":false},"excerpt":{"rendered":"<p>Das Forschungsprojekt&nbsp;Laila \u2013 Labor f\u00fcr Intelligente Leichtbauproduktion&nbsp;widmet sich der Entwicklung und Integration digitalisierter, flexibler Produktionsprozesse f\u00fcr Hochleistungs-Faserverbundstrukturen. Ziel ist es, neue Wege f\u00fcr eine wirtschaftliche, nachhaltige und zugleich hochvariable Fertigung [&hellip;]<\/p>\n","protected":false},"author":66,"featured_media":0,"parent":0,"menu_order":0,"comment_status":"closed","ping_status":"closed","template":"","meta":{"footnotes":""},"categories":[4],"tags":[],"class_list":["post-1931","page","type-page","status-publish","hentry","category-forschung"],"_links":{"self":[{"href":"https:\/\/www.hsu-hh.de\/aut\/wp-json\/wp\/v2\/pages\/1931","targetHints":{"allow":["GET"]}}],"collection":[{"href":"https:\/\/www.hsu-hh.de\/aut\/wp-json\/wp\/v2\/pages"}],"about":[{"href":"https:\/\/www.hsu-hh.de\/aut\/wp-json\/wp\/v2\/types\/page"}],"author":[{"embeddable":true,"href":"https:\/\/www.hsu-hh.de\/aut\/wp-json\/wp\/v2\/users\/66"}],"replies":[{"embeddable":true,"href":"https:\/\/www.hsu-hh.de\/aut\/wp-json\/wp\/v2\/comments?post=1931"}],"version-history":[{"count":9,"href":"https:\/\/www.hsu-hh.de\/aut\/wp-json\/wp\/v2\/pages\/1931\/revisions"}],"predecessor-version":[{"id":4719,"href":"https:\/\/www.hsu-hh.de\/aut\/wp-json\/wp\/v2\/pages\/1931\/revisions\/4719"}],"wp:attachment":[{"href":"https:\/\/www.hsu-hh.de\/aut\/wp-json\/wp\/v2\/media?parent=1931"}],"wp:term":[{"taxonomy":"category","embeddable":true,"href":"https:\/\/www.hsu-hh.de\/aut\/wp-json\/wp\/v2\/categories?post=1931"},{"taxonomy":"post_tag","embeddable":true,"href":"https:\/\/www.hsu-hh.de\/aut\/wp-json\/wp\/v2\/tags?post=1931"}],"curies":[{"name":"wp","href":"https:\/\/api.w.org\/{rel}","templated":true}]}}