{"id":1800,"date":"2021-03-30T12:41:33","date_gmt":"2021-03-30T10:41:33","guid":{"rendered":"https:\/\/www.hsu-hh.de\/aut\/?page_id=1800"},"modified":"2025-02-18T15:34:45","modified_gmt":"2025-02-18T14:34:45","slug":"weigand","status":"publish","type":"page","link":"https:\/\/www.hsu-hh.de\/aut\/team\/weigand","title":{"rendered":"Maximilian Weigand, M.Sc."},"content":{"rendered":"\n<h2 class=\"wp-block-heading\">Wissenschaftlicher Mitarbeiter<\/h2>\n\n\n\n<hr class=\"wp-block-separator has-css-opacity\" \/>\n\n\n\n<div class=\"wp-block-columns is-layout-flex wp-container-core-columns-is-layout-9d6595d7 wp-block-columns-is-layout-flex\">\n<div class=\"wp-block-column is-layout-flow wp-block-column-is-layout-flow\" style=\"flex-basis:66.66%\">\n<p><strong>E-Mail: <\/strong><a href=\"mailto:maximilian.weigand@hsu-hh.de\" rel='nofollow'>maximilian.weigand@hsu-hh.de<\/a><\/p>\n\n\n\n<p><strong>Telefon:<\/strong> +49 40 6541-2170<\/p>\n\n\n\n<p><strong>Fax:<\/strong> +49 40 6541-2004<\/p>\n\n\n\n<p><strong>Raum:<\/strong> H1\/1202<\/p>\n\n\n\n<p><strong>Postanschrift: <\/strong><\/p>\n\n\n\n<p>Helmut-Schmidt-Universit\u00e4t<br>Fakult\u00e4t f\u00fcr Maschinenbau<br>Professur f\u00fcr Automatisierungstechnik<br>Postfach 70 08 22<br>22008 Hamburg<\/p>\n\n\n\n<p><strong>Besucheranschrift:<\/strong><\/p>\n\n\n\n<p>Helmut-Schmidt-Universit\u00e4t<br>Geb\u00e4ude H1<br>Holstenhofweg 85<br>22043 Hamburg<\/p>\n\n\n\n<p><a href=\"https:\/\/www.linkedin.com\/in\/maximilian-weigand\" rel='nofollow'>LinkedIn<\/a><\/p>\n\n\n\n<p><a href=\"https:\/\/www.researchgate.net\/profile\/Maximilian-Weigand-2\" rel='nofollow'>ResearchGate<\/a><\/p>\n<\/div>\n\n\n\n<div class=\"wp-block-column is-layout-flow wp-block-column-is-layout-flow\" style=\"flex-basis:33.33%\">\n<figure class=\"wp-block-image size-full\"><img loading=\"lazy\" decoding=\"async\" width=\"667\" height=\"667\" src=\"https:\/\/www.hsu-hh.de\/aut\/wp-content\/uploads\/sites\/670\/2023\/04\/weigand-profilbild-edited.jpg\" data-credit=\"ZAL_DReinhardt\" alt=\"\" class=\"wp-image-3585\" srcset=\"https:\/\/www.hsu-hh.de\/aut\/wp-content\/uploads\/sites\/670\/2023\/04\/weigand-profilbild-edited.jpg 667w, https:\/\/www.hsu-hh.de\/aut\/wp-content\/uploads\/sites\/670\/2023\/04\/weigand-profilbild-edited-300x300.jpg 300w, https:\/\/www.hsu-hh.de\/aut\/wp-content\/uploads\/sites\/670\/2023\/04\/weigand-profilbild-edited-150x150.jpg 150w, https:\/\/www.hsu-hh.de\/aut\/wp-content\/uploads\/sites\/670\/2023\/04\/weigand-profilbild-edited-100x100.jpg 100w\" sizes=\"auto, (max-width: 667px) 100vw, 667px\" \/><\/figure>\n\n\n\n<p><\/p>\n<\/div>\n<\/div>\n\n\n\n<hr class=\"wp-block-separator has-css-opacity\" \/>\n\n\n\n<h2 class=\"wp-block-heading\">Projekte<\/h2>\n\n\n\n<p><a href=\"https:\/\/www.hsu-hh.de\/aut\/forschung\/forschungsthemen\/automatisierte-datenverknuepfung-von-der-auslegung-bis-zur-produktion-adapt\">ADAPT &#8211; Automatisierte Datenverkn\u00fcpfung von der Auslegung bis zur Produktion<\/a><\/p>\n\n\n\n<p><a href=\"https:\/\/www.hsu-hh.de\/aut\/forschung\/forschungsthemen\/intelligente-modulare-robotik-und-integrierte-produktionsgestaltung-im-flugzeugbau-imod\" data-type=\"page\" data-id=\"1764\">Intelligente modulare Robotik und integrierte Produktionsgestaltung im Flugzeugbau (iMOD)<\/a><\/p>\n\n\n\n<hr class=\"wp-block-separator has-css-opacity\" \/>\n\n\n\n<h2 class=\"wp-block-heading\">Betreute Arbeiten:<\/h2>\n\n\n\n<p>Methodik zur Identifizierung und automatisierten \u00dcberf\u00fchrung von Informationen aus MBSE-Modellen in Problembeschreibungen f\u00fcr Prozessplanungen im Flugzeugbau (Masterarbeit, in Zusammenarbeit mit Airbus, abgeschlossen 11\/2023)<\/p>\n\n\n\n<hr class=\"wp-block-separator has-alpha-channel-opacity\" \/>\n\n\n\n<h2 class=\"wp-block-heading\"><abbr title=\"Studentische Hilfskraft\">SHK<\/abbr>-Stellen, Angebote f\u00fcr Seminar- und Abschlussarbeiten<\/h2>\n\n\n\n<p>Kommen Sie gerne auf mich zu, wenn Sie Interesse an einer T\u00e4tigkeit als studentische Hilfskraft haben, oder eine Seminar- oder Abschlussarbeit schreiben m\u00f6chten. Beides kann auch in Kooperation mit Industriepartnern erfolgen.<\/p>\n\n\n\n<hr class=\"wp-block-separator has-alpha-channel-opacity\" \/>\n\n\n\n<h2 class=\"wp-block-heading\">Ver\u00f6ffentlichungen<\/h2>\n\n\n\n<p>S. Abshagen, A. Chahine, N. H. Shah, A. Ullmann, M. R\u00f6hrig, <strong>H. Nabizada<\/strong>, <strong>L. Beers<\/strong>, <strong>O. Ismail<\/strong>, <strong>M. Weigand<\/strong>, <strong>F. Gehlhoff<\/strong>, A. Wenzel, P. Nyhuis, <strong>A. Fay<\/strong>: Production-related testing and optimisation environment for hardware and software in aircraft production of today and tomorrow. dtec.bw-Beitr\u00e4ge der Helmut-Schmidt-Universit\u00e4t \/ Universit\u00e4t der Bundeswehr Hamburg: Forschungsaktivit\u00e4ten im Zentrum f\u00fcr Digitalisierungs- und Technologieforschung der Bundeswehr dtec.bw &#8211; Band 2 &#8211; 2024. DOI: <a href=\"https:\/\/openhsu.ub.hsu-hh.de\/entities\/publication\/16791\" rel='nofollow'>10.24405\/16791<\/a><\/p>\n\n\n\n<p><strong>L. Beers, H. Nabizada,<\/strong> <strong>M. Weigand, F. Gehlhoff, A. Fay<\/strong>: Towards an MBSE Approach for Modeling<br>Complex Production Systems based on Industrial Standards, In: 29th IEEE International Conference on Emerging Technologies And Factory Automation (ETFA 2024), September 10-13, 2024, Padua, Italy.<\/p>\n\n\n\n<p><strong>H. Nabizada, L. Beers, M. Weigand, F. Gehlhoff, A. Fay<\/strong>: <a href=\"http:\/\/dx.doi.org\/10.25673\/116041\" rel='nofollow'>SysML-Profil zur automatisierten Generierung von PDDL-Beschreibungen aus Systemmodellen. Tagung \u201eEntwurf komplexer Automatisierungssysteme\u201c (EKA) 2024, Magdeburg, 14.-15. Mai 2024.<\/a><\/p>\n\n\n\n<p><strong>L. Beers, M. Weigand, H. Nabizada, F. Gehlhoff, A. Fay<\/strong>: Development of a SysML profile for the<br>standardized description of processes during system development, The 18th Annual International Systems Conference (SysCon24), April 15-18, 2024, Montreal, Canada. <a href=\"https:\/\/arxiv.org\/abs\/2403.06723\" rel='nofollow'>A SysML Profile for the Standardized Description of Processes during System Development<\/a><\/p>\n\n\n\n<p><strong>M. Weigand<\/strong> (2023): Triple Pattern Interfaces for Object-Oriented Software APIs. Doctoral Consortium at ISWC 2023 co-located with 22nd International Semantic Web Conference (ISWC 2023). Athens, Greece.<\/p>\n\n\n\n<p><strong>B. Caesar, <\/strong>N. Jansen,<strong> M. Weigand, A. Fay<\/strong>, B. Rumpe (2023): Extracting Hardware Reconfiguration Models Based on Knowledge Synthesis from STEP Files.&nbsp;2023 ACM\/IEEE International Conference on Model Driven Engineering Languages and Systems Companion (MODELS-C). V\u00e4ster\u00e5s, Sweden. DOI: <a href=\"http:\/\/dx.doi.org\/10.1109\/MODELS-C59198.2023.00077\" target=\"_blank\" rel=\"noreferrer noopener\">10.1109\/MODELS-C59198.2023.00077<\/a><\/p>\n\n\n\n<p><strong>L. Beers, M. Weigand, H. Nabizad, A. Fay<\/strong> (2023): MBSE Modeling Workflow for the Development of Automated Aircraft Production Systems. 2023 IEEE 28th International Conference on Emerging Technologies and Factory Automation (ETFA). Sinaia, Romania. DOI: <a href=\"http:\/\/dx.doi.org\/10.1109\/ETFA54631.2023.10275444\" target=\"_blank\" rel=\"noreferrer noopener\">10.1109\/ETFA54631.2023.10275444<\/a><\/p>\n\n\n\n<p><strong>M. S. Gill, J. T. Reif, T. R. Jeleniewski, M. Weigand, A. Fay<\/strong> (2022): Application potentials of Semantic Technologies for Digital Twins in Aircraft Design, Manufacturing and Maintenance. dtec.bw-Beitr\u00e4ge der Helmut-Schmidt-Universit\u00e4t \/ Universit\u00e4t der Bundeswehr Hamburg: Forschungsaktivit\u00e4ten im Zentrum f\u00fcr Digitalisierungs- und Technologieforschung der Bundeswehr dtec.bw &#8211; Band 1 &#8211; 2022. DOI: <a href=\"https:\/\/doi.org\/10.24405\/14562\" rel='nofollow'>10.24405\/14562<\/a><span><a href=\"\" rel='nofollow'><\/a><\/span><\/p>\n\n\n\n<p><strong>L. Beers, M. Weigand, A.Fay<\/strong>, A. Chahine (2022): Entwicklung eines generischen Modells f\u00fcr die standardisierte Beschreibung von Ressourcen in der Luftfahrtproduktion. dtec.bw-Beitr\u00e4ge der Helmut-Schmidt-Universit\u00e4t \/ Universit\u00e4t der Bundeswehr Hamburg: Forschungsaktivit\u00e4ten im Zentrum f\u00fcr Digitalisierungs- und Technologieforschung der Bundeswehr dtec.bw &#8211; Band 1 &#8211; 2022. DOI: <a href=\"https:\/\/doi.org\/10.24405\/14552\" rel='nofollow'>10.24405\/14552<\/a><span><a href=\"\" rel='nofollow'><\/a><\/span><\/p>\n\n\n\n<p><strong>M. Weigand, A. Fay<\/strong> (2022): Creating Virtual Knowledge Graphs from Software-Internal Data. IECON 2022 \u2013 48th Annual Conference of the IEEE Industrial Electronics Society. Brussels, Belgium. DOI: <a href=\"http:\/\/dx.doi.org\/10.1109\/IECON49645.2022.9969051\" rel='nofollow'>10.1109\/IECON49645.2022.9969051<\/a><span><a href=\"\" rel='nofollow'><\/a><\/span><\/p>\n\n\n\n<p><strong>B. Caesar<\/strong>, N. Jansen, <strong>M. Weigand, M. Ramonat, C. S. Gundlach, A. Fay<\/strong>, B. Rumpe (2022): Extracting Functional Machine Knowledge from STEP Files for Digital Twins. 2022 IEEE 27th International Conference on Emerging Technologies and Factory Automation (ETFA). Stuttgart, Germany. DOI: <a href=\"http:\/\/doi.org\/10.1109\/ETFA52439.2022.9921451\" rel='nofollow'>10.1109\/ETFA52439.2022.9921451<\/a><span><a href=\"\" rel='nofollow'><\/a><\/span><\/p>\n\n\n\n<p><strong>F. Gehlhoff, H. Nabizada, M. Weigand, L. Beers, O. Ismail,<\/strong> A. Wenzel, <strong>A. Fay,<\/strong> P. Nyhuis, W. Lagutin, M. R\u00f6hrig (2022): Challenges in Automated Commercial Aircraft Production. 14th IFAC Workshop on Intelligent Manufacturing Systems. Tel Aviv, Israel. DOI: <a href=\"http:\/\/dx.doi.org\/10.1016\/j.ifacol.2022.04.219\" rel='nofollow'>10.1016\/j.ifacol.2022.04.219<\/a><span><a href=\"\" rel='nofollow'><\/a><\/span><\/p>\n\n\n\n<p>J. Abulawi, <strong>M. Weigand<\/strong> (2021): Digitale L\u00f6sungssammlung von Konstruktionsprinzipien f\u00fcr die Agile Entwicklung von Leichtbaustrukturen f\u00fcr Luftfahrzeuge. Entwerfen Entwickeln Erleben &#8211; EEE2021. Dresden, Germany. DOI: <a href=\"http:\/\/doi.org\/10.25368\/2021.9\" rel='nofollow'>10.25368\/2021.9<\/a><span><a href=\"\" rel='nofollow'><\/a><\/span><\/p>\n","protected":false},"excerpt":{"rendered":"<p>Wissenschaftlicher Mitarbeiter E-Mail: maximilian.weigand@hsu-hh.de Telefon: +49 40 6541-2170 Fax: +49 40 6541-2004 Raum: H1\/1202 Postanschrift: Helmut-Schmidt-Universit\u00e4tFakult\u00e4t f\u00fcr MaschinenbauProfessur f\u00fcr AutomatisierungstechnikPostfach 70 08 2222008 Hamburg Besucheranschrift: Helmut-Schmidt-Universit\u00e4tGeb\u00e4ude H1Holstenhofweg 8522043 Hamburg LinkedIn [&hellip;]<\/p>\n","protected":false},"author":2905,"featured_media":0,"parent":1188,"menu_order":0,"comment_status":"closed","ping_status":"closed","template":"","meta":{"footnotes":""},"categories":[8],"tags":[],"class_list":["post-1800","page","type-page","status-publish","hentry","category-team"],"_links":{"self":[{"href":"https:\/\/www.hsu-hh.de\/aut\/wp-json\/wp\/v2\/pages\/1800","targetHints":{"allow":["GET"]}}],"collection":[{"href":"https:\/\/www.hsu-hh.de\/aut\/wp-json\/wp\/v2\/pages"}],"about":[{"href":"https:\/\/www.hsu-hh.de\/aut\/wp-json\/wp\/v2\/types\/page"}],"author":[{"embeddable":true,"href":"https:\/\/www.hsu-hh.de\/aut\/wp-json\/wp\/v2\/users\/2905"}],"replies":[{"embeddable":true,"href":"https:\/\/www.hsu-hh.de\/aut\/wp-json\/wp\/v2\/comments?post=1800"}],"version-history":[{"count":44,"href":"https:\/\/www.hsu-hh.de\/aut\/wp-json\/wp\/v2\/pages\/1800\/revisions"}],"predecessor-version":[{"id":4354,"href":"https:\/\/www.hsu-hh.de\/aut\/wp-json\/wp\/v2\/pages\/1800\/revisions\/4354"}],"up":[{"embeddable":true,"href":"https:\/\/www.hsu-hh.de\/aut\/wp-json\/wp\/v2\/pages\/1188"}],"wp:attachment":[{"href":"https:\/\/www.hsu-hh.de\/aut\/wp-json\/wp\/v2\/media?parent=1800"}],"wp:term":[{"taxonomy":"category","embeddable":true,"href":"https:\/\/www.hsu-hh.de\/aut\/wp-json\/wp\/v2\/categories?post=1800"},{"taxonomy":"post_tag","embeddable":true,"href":"https:\/\/www.hsu-hh.de\/aut\/wp-json\/wp\/v2\/tags?post=1800"}],"curies":[{"name":"wp","href":"https:\/\/api.w.org\/{rel}","templated":true}]}}