{"id":1741,"date":"2021-02-25T12:27:37","date_gmt":"2021-02-25T11:27:37","guid":{"rendered":"https:\/\/www.hsu-hh.de\/aut\/?page_id=1741"},"modified":"2021-03-01T15:12:33","modified_gmt":"2021-03-01T14:12:33","slug":"xmodern-cross-platform-model-driven-engineering-avatars-network","status":"publish","type":"page","link":"https:\/\/www.hsu-hh.de\/aut\/forschung\/forschungsthemen\/xmodern-cross-platform-model-driven-engineering-avatars-network","title":{"rendered":"xMODERN \u2013 Cross Platform MOdel Driven Engineering avataRs Network"},"content":{"rendered":"\n<p>Konzeption eines Informationsmodells als Teil des digitalen Zwillings von Feldger\u00e4ten<br><br>Gemeinsam mit Endress+Hauser, einem f\u00fchrenden global agierenden Anbieter von prozesstechnischen Messger\u00e4ten, erarbeitet das Institut f\u00fcr Automatisierungstechnik der Helmut-Schmidt-Universit\u00e4t \/ Universit\u00e4t der Bundeswehr Hamburg ein Konzept f\u00fcr ein erweitertes Informationsmodell der Feldger\u00e4te von Endress+Hauser. Dabei sollen die vorhandenen Daten aus der Entwicklung der Feldger\u00e4te strukturiert werden, so dass automatisiert Repr\u00e4sentanten der Feldger\u00e4te generiert werden k\u00f6nnen, die in unterschiedlichen Phasen des Lebenszyklus und in unterschiedlichen Anwendungen sowohl Endress+Hauser als auch deren Kunden einen Mehrwert im Umgang mit dem Ger\u00e4t erm\u00f6glichen. Diese Repr\u00e4sentanten sollen dabei anwendungsabh\u00e4ngig Funktion, Verhalten und Logik der Feldger\u00e4te wiedergeben.<\/p>\n\n\n\n<p>Seitens der Helmut-Schmidt-Universit\u00e4t \/ Universit\u00e4t der Bundeswehr Hamburg wird das Projekt durch Herrn <a href=\"https:\/\/www.hsu-hh.de\/aut\/team\" data-type=\"URL\" data-id=\"https:\/\/www.hsu-hh.de\/aut\/team\">M.Sc. Claas Steffen Gundlach<\/a> und durch <a href=\"https:\/\/www.hsu-hh.de\/aut\/team\">Herrn M.Sc. Leif-Thore Reiche<\/a> bearbeitet.<\/p>\n\n\n\n<p><em>Zum Hintergrund<\/em>: Die Transformation und Evolution der industriellen Wertsch\u00f6pfungsketten der Unternehmen nach dem Leitbild der Industrie 4.0 erfordert eine \u201estark vereinfachte Integration der Prozesssensoren in Netzwerke und ihre Interaktion mit weiteren Informationen\u201c [VDNA15] mit der Hilfe von virtuellen Abbildern oder dem digitalen Zwilling des Feldger\u00e4tes. In diesem digitalen Zwilling werden die Informationen zu dem jeweiligen Ger\u00e4t strukturiert und semantisch eindeutig vorgehalten, und es wird auf diese Weise die digitale Repr\u00e4sentation des Ger\u00e4tes entlang des gesamten Lebenszyklus\u2018 in Form von Modellen, z.B. deskriptiven Modellen, mathematischen Modelle und\/oder Simulationsmodellen, erm\u00f6glicht. [AGS18; VDNA15]<\/p>\n\n\n\n<p><a>[<\/a>AGS18]&nbsp;&nbsp;&nbsp;&nbsp; M. Abramovici, P. Gebus, P. Savarino: <em>Engineering smarter Produkte und Services, <\/em>M\u00fcnchen. M\u00e4rz 2018.<\/p>\n\n\n\n<p><a>[<\/a>VDNA15]&nbsp;&nbsp; VDI\/VDE-Gesellschaft Mess- und Automatisierungstechnik; NAMUR: <em>Thesen und Handlungsfelder: Technologie-Roadmap Prozesssensoren 4.0, <\/em>November 2015.<\/p>\n","protected":false},"excerpt":{"rendered":"<p>Konzeption eines Informationsmodells als Teil des digitalen Zwillings von Feldger\u00e4ten Gemeinsam mit Endress+Hauser, einem f\u00fchrenden global agierenden Anbieter von prozesstechnischen Messger\u00e4ten, erarbeitet das Institut f\u00fcr Automatisierungstechnik der Helmut-Schmidt-Universit\u00e4t \/ Universit\u00e4t [&hellip;]<\/p>\n","protected":false},"author":66,"featured_media":0,"parent":164,"menu_order":0,"comment_status":"closed","ping_status":"closed","template":"","meta":{"footnotes":""},"categories":[4],"tags":[],"class_list":["post-1741","page","type-page","status-publish","hentry","category-forschung"],"_links":{"self":[{"href":"https:\/\/www.hsu-hh.de\/aut\/wp-json\/wp\/v2\/pages\/1741","targetHints":{"allow":["GET"]}}],"collection":[{"href":"https:\/\/www.hsu-hh.de\/aut\/wp-json\/wp\/v2\/pages"}],"about":[{"href":"https:\/\/www.hsu-hh.de\/aut\/wp-json\/wp\/v2\/types\/page"}],"author":[{"embeddable":true,"href":"https:\/\/www.hsu-hh.de\/aut\/wp-json\/wp\/v2\/users\/66"}],"replies":[{"embeddable":true,"href":"https:\/\/www.hsu-hh.de\/aut\/wp-json\/wp\/v2\/comments?post=1741"}],"version-history":[{"count":3,"href":"https:\/\/www.hsu-hh.de\/aut\/wp-json\/wp\/v2\/pages\/1741\/revisions"}],"predecessor-version":[{"id":1763,"href":"https:\/\/www.hsu-hh.de\/aut\/wp-json\/wp\/v2\/pages\/1741\/revisions\/1763"}],"up":[{"embeddable":true,"href":"https:\/\/www.hsu-hh.de\/aut\/wp-json\/wp\/v2\/pages\/164"}],"wp:attachment":[{"href":"https:\/\/www.hsu-hh.de\/aut\/wp-json\/wp\/v2\/media?parent=1741"}],"wp:term":[{"taxonomy":"category","embeddable":true,"href":"https:\/\/www.hsu-hh.de\/aut\/wp-json\/wp\/v2\/categories?post=1741"},{"taxonomy":"post_tag","embeddable":true,"href":"https:\/\/www.hsu-hh.de\/aut\/wp-json\/wp\/v2\/tags?post=1741"}],"curies":[{"name":"wp","href":"https:\/\/api.w.org\/{rel}","templated":true}]}}