{"id":1711,"date":"2021-02-23T10:56:10","date_gmt":"2021-02-23T09:56:10","guid":{"rendered":"https:\/\/www.hsu-hh.de\/aut\/?page_id=1711"},"modified":"2023-02-10T11:17:23","modified_gmt":"2023-02-10T10:17:23","slug":"integrierte-plattform-fuer-peer-to-peer-energiehandel-und-aktive-netzfuehrung-peak","status":"publish","type":"page","link":"https:\/\/www.hsu-hh.de\/aut\/forschung\/forschungsthemen\/integrierte-plattform-fuer-peer-to-peer-energiehandel-und-aktive-netzfuehrung-peak","title":{"rendered":"Integrierte Plattform f\u00fcr Peer-to-Peer Energiehandel und Aktive Netzf\u00fchrung (PEAK)"},"content":{"rendered":"\n<p>Im Rahmen dieses Vorhabens soll ein Prototyp einer integrierten Plattform f\u00fcr Peer-to-Peer (P2P) Stromhandel und aktive Netzf\u00fchrung mit marktbasierter Nutzung von Flexibilit\u00e4ten entwickelt werden (PEAK-Plattform). Auf diesem Wege kann ein wesentlicher Beitrag zur Energiewende geleistet werden, indem Kunden und Versorger in einer integrierten Plattform vernetzt werden. Dies erm\u00f6glicht nicht nur eine effizientere Steuerung des Stromnetzes, sondern unterst\u00fctzt auch die Integration steigender Anteile erneuerbarer Energien sowie die Elektrifizierung der Sektoren Mobilit\u00e4t und W\u00e4rme. Als Basis-Technologie f\u00fcr die PEAK-Plattform soll eine Blockchain eingesetzt werden, da dieser Technologie derzeit ein gro\u00dfes Potential in Bezug auf die Realisierung von P2P-M\u00e4rkten zugeschrieben wird. Die Erprobung umfasst zwei Str\u00e4nge. Zum einen ist ein Feldtest innerhalb des Campusnetzes der Bergischen Universit\u00e4t Wuppertal geplant. Zum anderen sollen im Rahmen eines \u201evirtuellen Piloten\u201c weitergehende Szenarien untersucht werden. Schwerpunktm\u00e4\u00dfig werden hier der Zuwachs von dezentraler Einspeisung, Ausbau der E-Mobilit\u00e4t und gr\u00f6\u00dfere Netzgebiete adressiert. Hinausgehend \u00fcber die PEAK-Plattform soll in dem Vorhaben auch eine Toolchain f\u00fcr die Entwicklung \u00e4hnlicher Plattformen erarbeitet werden, da anzunehmen ist, dass zuk\u00fcnftig eine Vielzahl unterschiedlicher Marktdesigns und Netzf\u00fchrungsans\u00e4tze zum Einsatz kommen werden \u2013 in Abh\u00e4ngigkeit von klimatischen, topologischen sowie regulatorischen Gegebenheiten. Ferner umfasst das Vorhaben Analysen zu Technologiepotentialen, techno-\u00f6konomischen Aspekten, Standardisierungspotentialen und regulatorischen Rahmenbedingungen.<\/p>\n\n\n\n<p>Das Projekt wird durch das Bundesministerium f\u00fcr Wirtschaft und Energie (BMWi) gef\u00f6rdert und l\u00e4uft vom 1.3.2021 bis zum 29.2.2024.<\/p>\n\n\n\n<p>Die Projektleitung liegt bei der Professur f\u00fcr Automatisierungstechnik. Ansprechpartner sind <a href=\"https:\/\/www.hsu-hh.de\/aut\/team\/karmann\">Alexandra Karmann<\/a>, <a href=\"https:\/\/www.hsu-hh.de\/aut\/team\" data-type=\"URL\" data-id=\"https:\/\/www.hsu-hh.de\/aut\/team\">Jan-Philip Beck<\/a>\u00a0 und <a href=\"https:\/\/www.hsu-hh.de\/aut\/team\" data-type=\"URL\" data-id=\"https:\/\/www.hsu-hh.de\/aut\/team\">Maximilian Kilthau<\/a>.<\/p>\n\n\n\n<p><strong>Projektpartner<\/strong><\/p>\n\n\n\n<ul class=\"wp-block-list\">\n<li>Bergische Universit\u00e4t Wuppertal<\/li>\n\n\n\n<li>Forschungsstelle f\u00fcr Energiewirtschaft e.V.<\/li>\n\n\n\n<li>Hochschule f\u00fcr Angewandte Wissenschaften Hamburg<\/li>\n\n\n\n<li>Helmut-Schmidt-Universit\u00e4t &#8211; Universit\u00e4t der Bundeswehr Hamburg<\/li>\n\n\n\n<li>PSI GridConnect <abbr title=\"Gesellschaft mit beschr\u00e4nkter Haftung\">GmbH<\/abbr><\/li>\n\n\n\n<li>PSI Energy Markets <abbr title=\"Gesellschaft mit beschr\u00e4nkter Haftung\">GmbH<\/abbr><\/li>\n\n\n\n<li>Universit\u00e4t Duisburg-Essen<\/li>\n<\/ul>\n\n\n\n<p><\/p>\n\n\n\n<figure class=\"wp-block-image size-large is-resized\"><img loading=\"lazy\" decoding=\"async\" src=\"https:\/\/www.hsu-hh.de\/aut\/wp-content\/uploads\/sites\/670\/2022\/05\/Gruppenbild-Reallabor-1024x768.jpg\" data-credit=\"HSU\" alt=\"Projektteam PEAK\" class=\"wp-image-3069\" width=\"1136\" height=\"852\" srcset=\"https:\/\/www.hsu-hh.de\/aut\/wp-content\/uploads\/sites\/670\/2022\/05\/Gruppenbild-Reallabor-1024x768.jpg 1024w, https:\/\/www.hsu-hh.de\/aut\/wp-content\/uploads\/sites\/670\/2022\/05\/Gruppenbild-Reallabor-300x225.jpg 300w, https:\/\/www.hsu-hh.de\/aut\/wp-content\/uploads\/sites\/670\/2022\/05\/Gruppenbild-Reallabor-768x576.jpg 768w, https:\/\/www.hsu-hh.de\/aut\/wp-content\/uploads\/sites\/670\/2022\/05\/Gruppenbild-Reallabor-1536x1152.jpg 1536w, https:\/\/www.hsu-hh.de\/aut\/wp-content\/uploads\/sites\/670\/2022\/05\/Gruppenbild-Reallabor-2048x1536.jpg 2048w, https:\/\/www.hsu-hh.de\/aut\/wp-content\/uploads\/sites\/670\/2022\/05\/Gruppenbild-Reallabor-1100x825.jpg 1100w\" sizes=\"auto, (max-width: 1136px) 100vw, 1136px\" \/><figcaption class=\"wp-element-caption\">Projektteam PEAK, 2. Projekttreffen in Wuppertal, April 2022<\/figcaption><\/figure>\n\n\n\n<figure class=\"wp-block-image size-large is-resized\"><img loading=\"lazy\" decoding=\"async\" src=\"https:\/\/www.hsu-hh.de\/aut\/wp-content\/uploads\/sites\/670\/2021\/12\/BMWi_Fz_2017_Office_Farbe_de-5-995x1024.png\" data-credit=\"\" alt=\"\" class=\"wp-image-2765\" width=\"196\" height=\"202\" srcset=\"https:\/\/www.hsu-hh.de\/aut\/wp-content\/uploads\/sites\/670\/2021\/12\/BMWi_Fz_2017_Office_Farbe_de-5-995x1024.png 995w, https:\/\/www.hsu-hh.de\/aut\/wp-content\/uploads\/sites\/670\/2021\/12\/BMWi_Fz_2017_Office_Farbe_de-5-291x300.png 291w, https:\/\/www.hsu-hh.de\/aut\/wp-content\/uploads\/sites\/670\/2021\/12\/BMWi_Fz_2017_Office_Farbe_de-5-768x791.png 768w, https:\/\/www.hsu-hh.de\/aut\/wp-content\/uploads\/sites\/670\/2021\/12\/BMWi_Fz_2017_Office_Farbe_de-5-1100x1132.png 1100w, https:\/\/www.hsu-hh.de\/aut\/wp-content\/uploads\/sites\/670\/2021\/12\/BMWi_Fz_2017_Office_Farbe_de-5.png 1360w\" sizes=\"auto, (max-width: 196px) 100vw, 196px\" \/><\/figure>\n","protected":false},"excerpt":{"rendered":"<p>Im Rahmen dieses Vorhabens soll ein Prototyp einer integrierten Plattform f\u00fcr Peer-to-Peer (P2P) Stromhandel und aktive Netzf\u00fchrung mit marktbasierter Nutzung von Flexibilit\u00e4ten entwickelt werden (PEAK-Plattform). Auf diesem Wege kann ein [&hellip;]<\/p>\n","protected":false},"author":66,"featured_media":0,"parent":164,"menu_order":0,"comment_status":"closed","ping_status":"closed","template":"","meta":{"footnotes":""},"categories":[4],"tags":[],"class_list":["post-1711","page","type-page","status-publish","hentry","category-forschung"],"_links":{"self":[{"href":"https:\/\/www.hsu-hh.de\/aut\/wp-json\/wp\/v2\/pages\/1711","targetHints":{"allow":["GET"]}}],"collection":[{"href":"https:\/\/www.hsu-hh.de\/aut\/wp-json\/wp\/v2\/pages"}],"about":[{"href":"https:\/\/www.hsu-hh.de\/aut\/wp-json\/wp\/v2\/types\/page"}],"author":[{"embeddable":true,"href":"https:\/\/www.hsu-hh.de\/aut\/wp-json\/wp\/v2\/users\/66"}],"replies":[{"embeddable":true,"href":"https:\/\/www.hsu-hh.de\/aut\/wp-json\/wp\/v2\/comments?post=1711"}],"version-history":[{"count":7,"href":"https:\/\/www.hsu-hh.de\/aut\/wp-json\/wp\/v2\/pages\/1711\/revisions"}],"predecessor-version":[{"id":3506,"href":"https:\/\/www.hsu-hh.de\/aut\/wp-json\/wp\/v2\/pages\/1711\/revisions\/3506"}],"up":[{"embeddable":true,"href":"https:\/\/www.hsu-hh.de\/aut\/wp-json\/wp\/v2\/pages\/164"}],"wp:attachment":[{"href":"https:\/\/www.hsu-hh.de\/aut\/wp-json\/wp\/v2\/media?parent=1711"}],"wp:term":[{"taxonomy":"category","embeddable":true,"href":"https:\/\/www.hsu-hh.de\/aut\/wp-json\/wp\/v2\/categories?post=1711"},{"taxonomy":"post_tag","embeddable":true,"href":"https:\/\/www.hsu-hh.de\/aut\/wp-json\/wp\/v2\/tags?post=1711"}],"curies":[{"name":"wp","href":"https:\/\/api.w.org\/{rel}","templated":true}]}}