{"id":1706,"date":"2021-02-23T10:49:51","date_gmt":"2021-02-23T09:49:51","guid":{"rendered":"https:\/\/www.hsu-hh.de\/aut\/?page_id=1706"},"modified":"2021-12-13T12:09:09","modified_gmt":"2021-12-13T11:09:09","slug":"modellexperimente-in-der-operativen-energiesystemanalyse-meo","status":"publish","type":"page","link":"https:\/\/www.hsu-hh.de\/aut\/forschung\/forschungsthemen\/modellexperimente-in-der-operativen-energiesystemanalyse-meo","title":{"rendered":"Modellexperimente in der operativen Energiesystemanalyse (MEO)"},"content":{"rendered":"\n<p>In dem MODEX-Vorhaben \u201eModellexperimente in der operativen Energiesystemanalyse\u201c werden acht Modelle durch die Berechnung unterschiedlicher Szenarien miteinander vergleichen. Auf diesem Wege soll ermittelt werden, welches Modell f\u00fcr welche Fragestellungen besonders geeignet ist. Dar\u00fcber hinaus soll durch den Vergleich herausgearbeitet werden, wo die Optimierungspotenziale der teilnehmenden Modelle liegen.&nbsp;<\/p>\n\n\n\n<p>Das Projekt wird durch das Bundesministerium f\u00fcr Wirtschaft und Energie (BMWi) gef\u00f6rdert und l\u00e4uft vom 1.1.2019 bis zum 31.12.2021.<\/p>\n\n\n\n<p>Die Projektleitung liegt bei der Professur f\u00fcr Automatisierungstechnik. Ansprechpartner ist <a href=\"https:\/\/www.hsu-hh.de\/aut\/team\">Jan-Philip Beck<\/a>.<\/p>\n\n\n\n<p><a href=\"https:\/\/www.energiesystem-forschung.de\/forschen\/projekte\/meo\" rel='nofollow'>Hier<\/a> geht es zur offiziellen Website mit weiteren Informationen zum Projekt MEO, sowie zu den anderen MODEX Projekten.<\/p>\n\n\n\n<p><strong>Projektpartner<\/strong><\/p>\n\n\n\n<ul class=\"wp-block-list\"><li>Universit\u00e4t Duisburg-Essen &#8211; Fachbereich Wirtschaftswissenschaften &#8211; Institut f\u00fcr Informatik und Wirtschaftsinformatik &#8211; Lehrstuhl f\u00fcr Wirtschaftsinformatik und Softwaretechnik<\/li><li>Universit\u00e4t Kassel &#8211; Fachgebiet Energiemanagement und Betrieb elektrischer Netze FB-16<\/li><li>Bergische Universit\u00e4t Wuppertal &#8211; Fachbereich E &#8211; Elektrotechnik, Informationstechnik, Medientechnik &#8211; Lehrstuhl f\u00fcr Elektrische Energieversorgungstechnik<\/li><li>FfE Forschungsstelle f\u00fcr Energiewirtschaft e.V.<\/li><li>Gas- und W\u00e4rme-Institut Essen e. V.<\/li><li>Fraunhofer-Institut f\u00fcr Energiewirtschaft und Energiesystemtechnik (IEE)<\/li><li>Helmut-Schmidt-Universit\u00e4t &#8211; Universit\u00e4t der Bundeswehr Hamburg &#8211; Fakult\u00e4t f\u00fcr Maschinenbau &#8211; Institut f\u00fcr Automatisierungstechnik &#8211; Professur f\u00fcr Automatisierungstechnik<\/li><li>Hochschule Offenburg &#8211; Hochschule f\u00fcr Technik, Wirtschaft und Medien<\/li><li>OFFIS e.V.<\/li><\/ul>\n\n\n\n<figure class=\"wp-block-image size-large is-resized\"><img loading=\"lazy\" decoding=\"async\" src=\"https:\/\/www.hsu-hh.de\/aut\/wp-content\/uploads\/sites\/670\/2021\/12\/BMWi_Fz_2017_Office_Farbe_de-4-995x1024.png\" data-credit=\"\" alt=\"\" class=\"wp-image-2763\" width=\"204\" height=\"209\" srcset=\"https:\/\/www.hsu-hh.de\/aut\/wp-content\/uploads\/sites\/670\/2021\/12\/BMWi_Fz_2017_Office_Farbe_de-4-995x1024.png 995w, https:\/\/www.hsu-hh.de\/aut\/wp-content\/uploads\/sites\/670\/2021\/12\/BMWi_Fz_2017_Office_Farbe_de-4-291x300.png 291w, https:\/\/www.hsu-hh.de\/aut\/wp-content\/uploads\/sites\/670\/2021\/12\/BMWi_Fz_2017_Office_Farbe_de-4-768x791.png 768w, https:\/\/www.hsu-hh.de\/aut\/wp-content\/uploads\/sites\/670\/2021\/12\/BMWi_Fz_2017_Office_Farbe_de-4-1100x1132.png 1100w, https:\/\/www.hsu-hh.de\/aut\/wp-content\/uploads\/sites\/670\/2021\/12\/BMWi_Fz_2017_Office_Farbe_de-4.png 1360w\" sizes=\"auto, (max-width: 204px) 100vw, 204px\" \/><\/figure>\n\n\n\n<p><\/p>\n","protected":false},"excerpt":{"rendered":"<p>In dem MODEX-Vorhaben \u201eModellexperimente in der operativen Energiesystemanalyse\u201c werden acht Modelle durch die Berechnung unterschiedlicher Szenarien miteinander vergleichen. Auf diesem Wege soll ermittelt werden, welches Modell f\u00fcr welche Fragestellungen besonders [&hellip;]<\/p>\n","protected":false},"author":66,"featured_media":0,"parent":164,"menu_order":0,"comment_status":"closed","ping_status":"closed","template":"","meta":{"footnotes":""},"categories":[4],"tags":[],"class_list":["post-1706","page","type-page","status-publish","hentry","category-forschung"],"_links":{"self":[{"href":"https:\/\/www.hsu-hh.de\/aut\/wp-json\/wp\/v2\/pages\/1706","targetHints":{"allow":["GET"]}}],"collection":[{"href":"https:\/\/www.hsu-hh.de\/aut\/wp-json\/wp\/v2\/pages"}],"about":[{"href":"https:\/\/www.hsu-hh.de\/aut\/wp-json\/wp\/v2\/types\/page"}],"author":[{"embeddable":true,"href":"https:\/\/www.hsu-hh.de\/aut\/wp-json\/wp\/v2\/users\/66"}],"replies":[{"embeddable":true,"href":"https:\/\/www.hsu-hh.de\/aut\/wp-json\/wp\/v2\/comments?post=1706"}],"version-history":[{"count":2,"href":"https:\/\/www.hsu-hh.de\/aut\/wp-json\/wp\/v2\/pages\/1706\/revisions"}],"predecessor-version":[{"id":2764,"href":"https:\/\/www.hsu-hh.de\/aut\/wp-json\/wp\/v2\/pages\/1706\/revisions\/2764"}],"up":[{"embeddable":true,"href":"https:\/\/www.hsu-hh.de\/aut\/wp-json\/wp\/v2\/pages\/164"}],"wp:attachment":[{"href":"https:\/\/www.hsu-hh.de\/aut\/wp-json\/wp\/v2\/media?parent=1706"}],"wp:term":[{"taxonomy":"category","embeddable":true,"href":"https:\/\/www.hsu-hh.de\/aut\/wp-json\/wp\/v2\/categories?post=1706"},{"taxonomy":"post_tag","embeddable":true,"href":"https:\/\/www.hsu-hh.de\/aut\/wp-json\/wp\/v2\/tags?post=1706"}],"curies":[{"name":"wp","href":"https:\/\/api.w.org\/{rel}","templated":true}]}}