{"id":1690,"date":"2021-02-18T11:30:04","date_gmt":"2021-02-18T10:30:04","guid":{"rendered":"https:\/\/www.hsu-hh.de\/aut\/?page_id=1690"},"modified":"2021-02-18T11:35:27","modified_gmt":"2021-02-18T10:35:27","slug":"automatisierung-des-loeschvorgangs-bei-einem-normbrandversuch","status":"publish","type":"page","link":"https:\/\/www.hsu-hh.de\/aut\/forschung\/forschungsthemen\/automatisierung-des-loeschvorgangs-bei-einem-normbrandversuch","title":{"rendered":"Automatisierung des L\u00f6schvorgangs bei einem Normbrandversuch"},"content":{"rendered":"\n<p>Tragbare Feuerl\u00f6scher sind ein zentraler Bestandteil von Brandschutzma\u00dfnahmen an Arbeitsst\u00e4tten und im \u00f6ffentlichen Nahverkehr. Die Menge an Feuerl\u00f6schern, die bereitzustellen ist, richtet sich zum einen nach der jeweiligen Brandgefahr und zum anderen nach den Eigenschaften des Feuerl\u00f6schers. In der DIN EN 3-7 sind sowohl die Anforderungen an Feuerl\u00f6scher als auch deren Zertifizierung beschrieben. F\u00fcr die Pr\u00fcfung der F\u00e4higkeit eines tragbaren Feuerl\u00f6schers, Br\u00e4nde der Brandklasse A (Feststoffe, die unter Bildung von Glut brennen, z.B. Holz) zu l\u00f6schen, schreibt die angegebene Norm das L\u00f6schen eines Testobjekts mit definiertem Aufbau vor. Aktuell wird diese Pr\u00fcfung von menschlichen L\u00f6schmeistern durchgef\u00fchrt, die auf Basis langj\u00e4hriger Erfahrung ihre Vorgehensweise beim L\u00f6schen des Testbrandes an die begrenzt verf\u00fcgbare Menge an L\u00f6schmittel in einem Feuerl\u00f6scher angepasst haben. Damit sie das Feuer effektiv bek\u00e4mpfen k\u00f6nnen, differenzieren sie zwischen Flammen und Glut und wenden verschiedene L\u00f6schtechniken an, um diese jeweils zu bek\u00e4mpfen. Mit dem Ziel, die Vergleichbarkeit der Ergebnisse dieser Pr\u00fcfung und somit die Qualit\u00e4t der Zertifizierung insgesamt zu verbessern, soll der L\u00f6schvorgang zur Zertifizierung von Feuerl\u00f6schern automatisiert werden.<\/p>\n\n\n\n<p>Die Automatisierung dieses L\u00f6schvorgangs stellt Herausforderungen in verschiedenen Ingenieursdiziplinen, die im Kontext des Projekts bearbeitet werden sollen:<\/p>\n\n\n\n<ul class=\"wp-block-list\"><li>Analyse des Vorgehens erfahrener L\u00f6schmeister<\/li><li>Kamerabasierte Lokalisierung von Flammen und Glut f\u00fcr gezieltes L\u00f6schen<\/li><li>Automatisierte Bedienung eines tragbaren Feuerl\u00f6schers<\/li><li>Automatisierung des Bewegungsablaufes<\/li><\/ul>\n\n\n\n<p><strong>Beteiligte Mitarbeiter:<\/strong>\u00a0<a href=\"https:\/\/www.hsu-hh.de\/aut\/team\">M.Sc. Fabian Stoller<\/a><\/p>\n","protected":false},"excerpt":{"rendered":"<p>Tragbare Feuerl\u00f6scher sind ein zentraler Bestandteil von Brandschutzma\u00dfnahmen an Arbeitsst\u00e4tten und im \u00f6ffentlichen Nahverkehr. Die Menge an Feuerl\u00f6schern, die bereitzustellen ist, richtet sich zum einen nach der jeweiligen Brandgefahr und [&hellip;]<\/p>\n","protected":false},"author":66,"featured_media":0,"parent":164,"menu_order":0,"comment_status":"closed","ping_status":"closed","template":"","meta":{"footnotes":""},"categories":[4],"tags":[],"class_list":["post-1690","page","type-page","status-publish","hentry","category-forschung"],"_links":{"self":[{"href":"https:\/\/www.hsu-hh.de\/aut\/wp-json\/wp\/v2\/pages\/1690","targetHints":{"allow":["GET"]}}],"collection":[{"href":"https:\/\/www.hsu-hh.de\/aut\/wp-json\/wp\/v2\/pages"}],"about":[{"href":"https:\/\/www.hsu-hh.de\/aut\/wp-json\/wp\/v2\/types\/page"}],"author":[{"embeddable":true,"href":"https:\/\/www.hsu-hh.de\/aut\/wp-json\/wp\/v2\/users\/66"}],"replies":[{"embeddable":true,"href":"https:\/\/www.hsu-hh.de\/aut\/wp-json\/wp\/v2\/comments?post=1690"}],"version-history":[{"count":2,"href":"https:\/\/www.hsu-hh.de\/aut\/wp-json\/wp\/v2\/pages\/1690\/revisions"}],"predecessor-version":[{"id":1693,"href":"https:\/\/www.hsu-hh.de\/aut\/wp-json\/wp\/v2\/pages\/1690\/revisions\/1693"}],"up":[{"embeddable":true,"href":"https:\/\/www.hsu-hh.de\/aut\/wp-json\/wp\/v2\/pages\/164"}],"wp:attachment":[{"href":"https:\/\/www.hsu-hh.de\/aut\/wp-json\/wp\/v2\/media?parent=1690"}],"wp:term":[{"taxonomy":"category","embeddable":true,"href":"https:\/\/www.hsu-hh.de\/aut\/wp-json\/wp\/v2\/categories?post=1690"},{"taxonomy":"post_tag","embeddable":true,"href":"https:\/\/www.hsu-hh.de\/aut\/wp-json\/wp\/v2\/tags?post=1690"}],"curies":[{"name":"wp","href":"https:\/\/api.w.org\/{rel}","templated":true}]}}