{"id":166,"date":"2017-09-19T13:06:41","date_gmt":"2017-09-19T11:06:41","guid":{"rendered":"https:\/\/www.hsu-hh.de\/aut\/?page_id=166"},"modified":"2024-11-25T22:48:50","modified_gmt":"2024-11-25T21:48:50","slug":"kooperationen","status":"publish","type":"page","link":"https:\/\/www.hsu-hh.de\/aut\/forschung\/kooperationen","title":{"rendered":"Kooperationen"},"content":{"rendered":"\n<div style=\"height:40px\" aria-hidden=\"true\" class=\"wp-block-spacer\"><\/div>\n\n\n\n<h2 class=\"wp-block-heading\">Industrielle Kooperationspartner<\/h2>\n\n\n\n<p><a href=\"https:\/\/www.hsu-hh.de\/aut\/en\/how-to-cooperate-with-us\">&#8211;&gt; Kooperationspartner werden | How to cooperate with us<\/a><\/p>\n\n\n<div class=\"wp-block-image\">\n<figure class=\"aligncenter size-large is-resized\"><img loading=\"lazy\" decoding=\"async\" width=\"1024\" height=\"486\" src=\"https:\/\/www.hsu-hh.de\/aut\/wp-content\/uploads\/sites\/670\/2024\/04\/Professur-fuer-Automatisierungstechnik-Was-machen-Wir-1024x486.png\" data-credit=\"\" alt=\"\" class=\"wp-image-4017\" style=\"width:1140px;height:auto\" srcset=\"https:\/\/www.hsu-hh.de\/aut\/wp-content\/uploads\/sites\/670\/2024\/04\/Professur-fuer-Automatisierungstechnik-Was-machen-Wir-1024x486.png 1024w, https:\/\/www.hsu-hh.de\/aut\/wp-content\/uploads\/sites\/670\/2024\/04\/Professur-fuer-Automatisierungstechnik-Was-machen-Wir-300x142.png 300w, https:\/\/www.hsu-hh.de\/aut\/wp-content\/uploads\/sites\/670\/2024\/04\/Professur-fuer-Automatisierungstechnik-Was-machen-Wir-768x364.png 768w, https:\/\/www.hsu-hh.de\/aut\/wp-content\/uploads\/sites\/670\/2024\/04\/Professur-fuer-Automatisierungstechnik-Was-machen-Wir-1536x729.png 1536w, https:\/\/www.hsu-hh.de\/aut\/wp-content\/uploads\/sites\/670\/2024\/04\/Professur-fuer-Automatisierungstechnik-Was-machen-Wir-1100x522.png 1100w, https:\/\/www.hsu-hh.de\/aut\/wp-content\/uploads\/sites\/670\/2024\/04\/Professur-fuer-Automatisierungstechnik-Was-machen-Wir.png 1962w\" sizes=\"auto, (max-width: 1024px) 100vw, 1024px\" \/><\/figure>\n<\/div>\n\n\n<div style=\"height:40px\" aria-hidden=\"true\" class=\"wp-block-spacer\"><\/div>\n\n\n\n<h2 class=\"wp-block-heading\">Bachelor-, Studien- und Masterarbeiten<\/h2>\n\n\n\n<p>Unser Ziel ist, Studierende mit dem Entwurf, der Implementierung und dem Betrieb industrieller Automatisierungssysteme vertraut zu machen.<\/p>\n\n\n\n<p>Jede Aufgabe,<\/p>\n\n\n\n<p>die in diesem Themenfeld liegt,<br>methodisch den Anforderungen an eine studentische Arbeit entspricht,<br>und etwa 3 bis 6 Monate Bearbeitungszeit ben\u00f6tigt,<br>kommt als studentische Arbeit (Bachelorarbeit, Studienarbeit, Masterarbeit)<br>(betreut durch einen wissenschaftlichen Mitarbeiter) in Frage.<\/p>\n\n\n\n<p>H\u00e4ufig entwickeln die Studierenden im Rahmen ihrer Aufgabe eine Methode (zum Beispiel f\u00fcr die Auswahl geeigneter Systemkomponenten, f\u00fcr die Parametrierung von Feldbussen, f\u00fcr die Erstellung von Steuerungssoftware oder f\u00fcr die Auswertung von Prozessdaten) und implementieren diese anschlie\u00dfend als Softwareprogramm.<\/p>\n\n\n\n<p>Aufgrund der Mobilit\u00e4t unserer Studierenden haben wir mehrere Arbeiten auch mit geographisch weiter entfernt liegenden Firmen erfolgreich durchgef\u00fchrt.<\/p>\n\n\n\n<p>Mehrfach war eine solche studentische Arbeit der Einstieg in eine umfassendere FuE-Zusammenarbeit.<\/p>\n\n\n\n<div style=\"height:40px\" aria-hidden=\"true\" class=\"wp-block-spacer\"><\/div>\n\n\n\n<h2 class=\"wp-block-heading\">Forschungs-und Entwicklungsprojekte<\/h2>\n\n\n\n<p>Unser Forschungsschwerpunkt ist der Entwurf von komplexen Automatisierungssystemen.<br>Wir konzipieren, entwickeln und testen<\/p>\n\n\n\n<p>Beschreibungsmittel, mit denen Anforderungen und L\u00f6sungen f\u00fcr automatisierungstechnische Aufgaben beschrieben werden,<br>Methoden, mit denen das Engineering von Automatisierungssystemen einfacher durchgef\u00fchrt werden kann,<br>Werkzeuge, die diese Methoden implementieren.<br>Beispiele f\u00fcr bisher von uns durchgef\u00fchrte Kooperationsprojekte:<\/p>\n\n\n\n<p>Wir haben eine Methode zur Bewertung von Schnittstellen von Engineering-Werkzeugen entwickelt und implementiert. Unter Nutzung dieser Methode haben wir neue Im- und Export-Schnittstellen von Engineering-Werkzeugen konzipiert.<\/p>\n\n\n\n<p>Wir haben eine Software zur Unterst\u00fctzung des Planers von Geb\u00e4ude-Automatisierungstechnik entwickelt, die von den Bauplanern erfolgreich zur Erhebung und Dokumentation der Anforderungen in einem gr\u00f6\u00dferen Bauprojekt eingesetzt wurde.<\/p>\n\n\n\n<p>Wir haben die Steuerung eines Materialflusssystems im Rechner modelliert und simuliert und damit Optimierungspotential hinsichtlich Durchsatz und Durchlaufzeit aufgezeigt.<\/p>\n\n\n\n<p>Wir haben eine L\u00f6sung zur reproduzierbaren Positionierung von Bauteilen in einer Roboterzelle entwickelt, der industrielle Kooperationspartner hat dies zum Patent angemeldet.<\/p>\n\n\n\n<p>Wir haben die formalisierte Prozessbeschreibung nach VDI-Richtlinie 3682 weiterentwickelt und (auf der Basis eines Software-Werkzeugs) industrielle Prozessabl\u00e4ufe damit so beschrieben, dass sie von den Unternehmen daraufhin optimiert werden konnten.<\/p>\n\n\n\n<p>Wir haben eine Funksignal-Laufzeit-basierte Technologie weiterentwickelt und f\u00fcr die Aufgabe der Lokalisierung von hilfebed\u00fcrftigen Personen adaptiert. Die L\u00f6sung wird inzwischen vom Kooperationspartner vermarktet.<\/p>\n\n\n\n<p>Wir haben ein neues Beschreibungsmodell f\u00fcr Feldger\u00e4te entwickelt, welches die Lebenszyklus-Phasen von der Spezifikation und Ger\u00e4teauswahl bis hin zur Inbetriebnahme \u00fcberdeckt und den Umgang mit komplexen Sensoren und Aktoren erleichtert.<\/p>\n\n\n\n<p>Wir haben eine wissensbasierte Methode entwickelt, mit deren Hilfe verschiedene Engineering-Aufgaben f\u00fcr Prozessleitsysteme und Asset-Management-Systeme automatisiert werden k\u00f6nnen. Diese Methode haben wir in Werkzeugprototypen implementiert und exemplarisch erfolgreich eingesetzt.<\/p>\n\n\n\n<p>Wir haben aufgezeigt, wie ein Planungswerkzeug mit einem SPS-Programmier-Werkzeug bidirektional Daten austauschen kann, ohne dass es zu Inkonsistenzen zwischen den Datenbest\u00e4nden kommen kann.<\/p>\n\n\n\n<p>Wir haben ein Konzept erstellt, wie ein in einem neutralen Format erstelltes und gespeichertes Steuerungsprogramm automatisch auf verschiedene SPS-Zielplattformen portiert werden kann.<\/p>\n\n\n\n<p>Unsere Kooperationsprojekte haben eine Laufzeit zwischen 6 Monaten und mehreren Jahren.<\/p>\n\n\n\n<p>Sie sind Hersteller oder Anwender von Automatisierungssystemen und m\u00f6chten, dass das Engineering Ihrer Automatisierungssysteme einfacher, schneller, besser wird?<\/p>\n\n\n\n<p>Dann sprechen Sie gern <a href=\"https:\/\/www.hsu-hh.de\/aut\/team\/gehlhoff\" data-type=\"page\" data-id=\"2163\">Herrn <abbr title=\"Doktor\">Dr.<\/abbr>&#8211;<abbr title=\"Ingenieur\">Ing.<\/abbr> Felix Gehlhoff<\/a> an, damit wir im Gespr\u00e4ch m\u00f6gliche L\u00f6sungsans\u00e4tze diskutieren.<\/p>\n","protected":false},"excerpt":{"rendered":"<p>Industrielle Kooperationspartner &#8211;&gt; Kooperationspartner werden | How to cooperate with us Bachelor-, Studien- und Masterarbeiten Unser Ziel ist, Studierende mit dem Entwurf, der Implementierung und dem Betrieb industrieller Automatisierungssysteme vertraut [&hellip;]<\/p>\n","protected":false},"author":78,"featured_media":0,"parent":132,"menu_order":0,"comment_status":"closed","ping_status":"closed","template":"","meta":{"footnotes":""},"categories":[4],"tags":[],"class_list":["post-166","page","type-page","status-publish","hentry","category-forschung"],"_links":{"self":[{"href":"https:\/\/www.hsu-hh.de\/aut\/wp-json\/wp\/v2\/pages\/166","targetHints":{"allow":["GET"]}}],"collection":[{"href":"https:\/\/www.hsu-hh.de\/aut\/wp-json\/wp\/v2\/pages"}],"about":[{"href":"https:\/\/www.hsu-hh.de\/aut\/wp-json\/wp\/v2\/types\/page"}],"author":[{"embeddable":true,"href":"https:\/\/www.hsu-hh.de\/aut\/wp-json\/wp\/v2\/users\/78"}],"replies":[{"embeddable":true,"href":"https:\/\/www.hsu-hh.de\/aut\/wp-json\/wp\/v2\/comments?post=166"}],"version-history":[{"count":65,"href":"https:\/\/www.hsu-hh.de\/aut\/wp-json\/wp\/v2\/pages\/166\/revisions"}],"predecessor-version":[{"id":4253,"href":"https:\/\/www.hsu-hh.de\/aut\/wp-json\/wp\/v2\/pages\/166\/revisions\/4253"}],"up":[{"embeddable":true,"href":"https:\/\/www.hsu-hh.de\/aut\/wp-json\/wp\/v2\/pages\/132"}],"wp:attachment":[{"href":"https:\/\/www.hsu-hh.de\/aut\/wp-json\/wp\/v2\/media?parent=166"}],"wp:term":[{"taxonomy":"category","embeddable":true,"href":"https:\/\/www.hsu-hh.de\/aut\/wp-json\/wp\/v2\/categories?post=166"},{"taxonomy":"post_tag","embeddable":true,"href":"https:\/\/www.hsu-hh.de\/aut\/wp-json\/wp\/v2\/tags?post=166"}],"curies":[{"name":"wp","href":"https:\/\/api.w.org\/{rel}","templated":true}]}}