{"id":159,"date":"2017-09-19T13:04:50","date_gmt":"2017-09-19T11:04:50","guid":{"rendered":"https:\/\/www.hsu-hh.de\/aut\/?page_id=159"},"modified":"2022-01-11T13:52:44","modified_gmt":"2022-01-11T12:52:44","slug":"compact-trainer-industrie-4-0","status":"publish","type":"page","link":"https:\/\/www.hsu-hh.de\/aut\/forschung\/labor\/compact-trainer-industrie-4-0","title":{"rendered":"Compact Trainer Industrie 4.0"},"content":{"rendered":"<p>Der mobile Demonstrator Compact Trainer I4.0 verbindet verschiedene Automatisierungs- sowie Informations- und Kommunikationstechnologiekomponenten zu einem CPS (Cyber Physical System). Basierend auf einer modernen Industriesteuerung wird ein Datenaustausch mit intelligenten Werkst\u00fccken (Lagerrollen) \u00fcber ein RFID Schreib-Lese-System erm\u00f6glicht. Hierdurch werden alle notwendigen Prozesseschritte und Parameter zur Fertigung individueller Werkst\u00fccke direkt vom Werkst\u00fcck auf die Fertigungsanlage \u00fcbertragen.<\/p>\n<p>Zur Unterst\u00fctzung des Werkers besitzt der Compact Trainer eine Benutzerschnittstelle zur intuitiven Bedienung und Information des Werkers, basierend auf einem Pick-by-Light System. F\u00fcr schnelle Prozessdiagnoseprozesse mit Standard <abbr title=\"Informationstechnologie\">IT<\/abbr>-Technologien besitzt der Compact Trainer ein Datencenter mit integriertem Webserver basierend auf einem Raspberry Pi. Mit Hilfe des Datencenters k\u00f6nnen relevante Informationen, wie beispielsweise Materialbest\u00e4nde und Energieverbr\u00e4uche, durchg\u00e4ngig ermittelt werden. Durch diese Kombination von Funktionen bildet der Compact Trainer wichtige Elemente einer \u201eSmart Factory\u201c ab.<\/p>\n<p>Demonstrationsm\u00f6glichkeiten am Compact Trainer:<\/p>\n<ul>\n<li>Flexible Fertigung in Losgr\u00f6\u00dfe 1<\/li>\n<li>Intelligente Werkst\u00fccke durch RFID-Technologie<\/li>\n<li>Intelligente Werkerf\u00fchrung durch Pick-by-Light<\/li>\n<li>Durchg\u00e4ngigkeit von Daten<\/li>\n<li>Monitoring von Anlagen und Prozessen (<abbr title=\"zum Beispiel\">z.B.<\/abbr> Energieverbrauch, Verschlei\u00df)<\/li>\n<\/ul>\n<p>Aufbau des Compact Trainer:<\/p>\n<ul>\n<li>Transportband mit 2 RFID-Sensoren<\/li>\n<li>Integrierte Steuerung und Kommunikationsmodul IO-Link<\/li>\n<li>Bedienger\u00e4t<\/li>\n<li>Drei Bearbeitungsmodule\n<ul>\n<li>Modul Bohren<\/li>\n<li>Modul Einlegen<\/li>\n<li>Modul Pick-by-Light Handarbeitsplatz<\/li>\n<\/ul>\n<\/li>\n<li>Werkst\u00fccks\u00e4tze \u201eLagerrolle\u201c mit RFID-Tag und Lagernaben mit 3 unterschiedlichen Materialien<\/li>\n<\/ul>\n<p><img loading=\"lazy\" decoding=\"async\" class=\"alignnone size-full wp-image-2819\" src=\"https:\/\/www.hsu-hh.de\/aut\/wp-content\/uploads\/sites\/670\/2022\/01\/Compact_Trainer-I4.0.png\" alt=\"Compact\" width=\"824\" height=\"887\" data-credit=\"HSU\" srcset=\"https:\/\/www.hsu-hh.de\/aut\/wp-content\/uploads\/sites\/670\/2022\/01\/Compact_Trainer-I4.0.png 824w, https:\/\/www.hsu-hh.de\/aut\/wp-content\/uploads\/sites\/670\/2022\/01\/Compact_Trainer-I4.0-279x300.png 279w, https:\/\/www.hsu-hh.de\/aut\/wp-content\/uploads\/sites\/670\/2022\/01\/Compact_Trainer-I4.0-768x827.png 768w\" sizes=\"auto, (max-width: 824px) 100vw, 824px\" \/><\/p>\n<p>Abbildung 1: \u00dcbersicht Komponenten Compact Trainer Industrie 4.0<\/p>\n<p><img loading=\"lazy\" decoding=\"async\" class=\"alignnone size-medium wp-image-2823\" src=\"https:\/\/www.hsu-hh.de\/aut\/wp-content\/uploads\/sites\/670\/2022\/01\/Wertstuecke-300x125.png\" alt=\"werkstueck\" width=\"300\" height=\"125\" data-credit=\"HSU\" srcset=\"https:\/\/www.hsu-hh.de\/aut\/wp-content\/uploads\/sites\/670\/2022\/01\/Wertstuecke-300x125.png 300w, https:\/\/www.hsu-hh.de\/aut\/wp-content\/uploads\/sites\/670\/2022\/01\/Wertstuecke.png 411w\" sizes=\"auto, (max-width: 300px) 100vw, 300px\" \/><\/p>\n<p>Abbildung 2: \u00dcbersicht Werkst\u00fccke<\/p>\n<h2><\/h2>\n<h2>Arbeitsablauf:<\/h2>\n<p>Der Arbeitsablauf zur Produktion besteht aus den folgenden drei Phasen:<\/p>\n<ul>\n<li>Vorarbeit:\n<ul>\n<li>Anbringen des RFID-Tags am Wertst\u00fcck<\/li>\n<li>Beschreiben des RFID-Tags mit allen relevanten Daten<\/li>\n<\/ul>\n<\/li>\n<li>Produktionsprozess:\n<ul>\n<li>Auslesen des aktuellen Zustandes des Werkst\u00fcckes<\/li>\n<li>Bearbeitung des Werkst\u00fcckes<\/li>\n<li>Beschreiben des RFID-Tags mit dem Fertigungsfortschritt<\/li>\n<li>Ggf. weitere Bearbeitung an anderen Stationen<\/li>\n<\/ul>\n<\/li>\n<li>Auswertung\n<ul>\n<li>Auslesen von Produktionsdaten nach der Fertigstellung<\/li>\n<\/ul>\n<\/li>\n<\/ul>\n<p><img loading=\"lazy\" decoding=\"async\" class=\"alignnone size-full wp-image-2826\" src=\"https:\/\/www.hsu-hh.de\/aut\/wp-content\/uploads\/sites\/670\/2022\/01\/Ablauf.png\" alt=\"ablauf\" width=\"620\" height=\"465\" data-credit=\"HSU\" srcset=\"https:\/\/www.hsu-hh.de\/aut\/wp-content\/uploads\/sites\/670\/2022\/01\/Ablauf.png 620w, https:\/\/www.hsu-hh.de\/aut\/wp-content\/uploads\/sites\/670\/2022\/01\/Ablauf-300x225.png 300w\" sizes=\"auto, (max-width: 620px) 100vw, 620px\" \/><\/p>\n<p>Abbildung 3: \u00dcbersicht Arbeitsablauf<\/p>\n","protected":false},"excerpt":{"rendered":"<p>Der mobile Demonstrator Compact Trainer I4.0 verbindet verschiedene Automatisierungs- sowie Informations- und Kommunikationstechnologiekomponenten zu einem CPS (Cyber Physical System). Basierend auf einer modernen Industriesteuerung wird ein Datenaustausch mit intelligenten Werkst\u00fccken [&hellip;]<\/p>\n","protected":false},"author":78,"featured_media":0,"parent":153,"menu_order":0,"comment_status":"closed","ping_status":"closed","template":"","meta":{"footnotes":""},"categories":[4],"tags":[],"class_list":["post-159","page","type-page","status-publish","hentry","category-forschung"],"_links":{"self":[{"href":"https:\/\/www.hsu-hh.de\/aut\/wp-json\/wp\/v2\/pages\/159","targetHints":{"allow":["GET"]}}],"collection":[{"href":"https:\/\/www.hsu-hh.de\/aut\/wp-json\/wp\/v2\/pages"}],"about":[{"href":"https:\/\/www.hsu-hh.de\/aut\/wp-json\/wp\/v2\/types\/page"}],"author":[{"embeddable":true,"href":"https:\/\/www.hsu-hh.de\/aut\/wp-json\/wp\/v2\/users\/78"}],"replies":[{"embeddable":true,"href":"https:\/\/www.hsu-hh.de\/aut\/wp-json\/wp\/v2\/comments?post=159"}],"version-history":[{"count":5,"href":"https:\/\/www.hsu-hh.de\/aut\/wp-json\/wp\/v2\/pages\/159\/revisions"}],"predecessor-version":[{"id":2828,"href":"https:\/\/www.hsu-hh.de\/aut\/wp-json\/wp\/v2\/pages\/159\/revisions\/2828"}],"up":[{"embeddable":true,"href":"https:\/\/www.hsu-hh.de\/aut\/wp-json\/wp\/v2\/pages\/153"}],"wp:attachment":[{"href":"https:\/\/www.hsu-hh.de\/aut\/wp-json\/wp\/v2\/media?parent=159"}],"wp:term":[{"taxonomy":"category","embeddable":true,"href":"https:\/\/www.hsu-hh.de\/aut\/wp-json\/wp\/v2\/categories?post=159"},{"taxonomy":"post_tag","embeddable":true,"href":"https:\/\/www.hsu-hh.de\/aut\/wp-json\/wp\/v2\/tags?post=159"}],"curies":[{"name":"wp","href":"https:\/\/api.w.org\/{rel}","templated":true}]}}