{"id":157,"date":"2017-09-19T13:04:29","date_gmt":"2017-09-19T11:04:29","guid":{"rendered":"https:\/\/www.hsu-hh.de\/aut\/?page_id=157"},"modified":"2025-03-03T16:04:37","modified_gmt":"2025-03-03T15:04:37","slug":"modulare-fertigungstechnische-anlage-industrie-4-0-fuer-industrie-4-0-fuer-die-produktionslogistik","status":"publish","type":"page","link":"https:\/\/www.hsu-hh.de\/aut\/forschung\/labor\/modulare-fertigungstechnische-anlage-industrie-4-0-fuer-industrie-4-0-fuer-die-produktionslogistik","title":{"rendered":"Modulare fertigungstechnische Anlage: Industrie-4.0 f\u00fcr die Produktionslogistik"},"content":{"rendered":"\n<h1 class=\"wp-block-heading\">Anlage<\/h1>\n\n\n\n<p>Industrie-4.0-Produktionsszenarien sind nun im Labor der Professur f\u00fcr Automatisierungstechnik erlebbar: auf der modularen Produktionsanlage (Festo MPS 500) k\u00f6nnen kundenindividuelle Produktionsauftr\u00e4ge geplant, produziert und kommissioniert werden. Die auftragsbezogenen Daten werden jeweils auf einen RFID-Chip am Werkzeugtr\u00e4ger geschrieben und an den einzelnen Bearbeitungsstationen ausgelesen und ber\u00fccksichtigt. Jede Station kann das Ergebnis der durchgef\u00fchrten Bearbeitung wieder in den RFID-Chip hineinschreiben. Die Anlage kann komplett dezentral gesteuert werden und aufgrund ihrer Modularisierung leicht an ver\u00e4nderte Anforderungen angepasst werden.<\/p>\n\n\n\n<div class=\"wp-block-columns is-layout-flex wp-container-core-columns-is-layout-9d6595d7 wp-block-columns-is-layout-flex\">\n<div class=\"wp-block-column is-layout-flow wp-block-column-is-layout-flow\">\n<p><strong>Erprobung von dezentraler \/ autonomer Steuerung<\/strong><\/p>\n\n\n\n<ul class=\"wp-block-list\">\n<li>Beispiel des intelligenten Produktes f\u00fcr Industrie 4.0<\/li>\n\n\n\n<li>Modularit\u00e4t der Anlage, dies erlaubt die individuelle Steuerung der einzelnen Anlagenkomponenten\n<ul class=\"wp-block-list\">\n<li>Adaptivit\u00e4t und Wandelbarkeit des Gesamtsystems<\/li>\n\n\n\n<li>Automat-on-Tag als Konzept der dezentralen Steuerung<\/li>\n\n\n\n<li>Ziel: \u201ePlug &amp; Produce\u201c \u00e0 la USB<\/li>\n<\/ul>\n<\/li>\n<\/ul>\n<\/div>\n\n\n\n<div class=\"wp-block-column is-layout-flow wp-block-column-is-layout-flow\">\n<p><strong>Demonstration von Industrie 4.0<\/strong><\/p>\n\n\n\n<ul class=\"wp-block-list\">\n<li>Realisierung \u201eIntelligentes Produkt\u201c<\/li>\n\n\n\n<li>Analyse und Implementierung von I4.0 UseCases<\/li>\n\n\n\n<li>Konzeption von Optimierungsstrategien<\/li>\n\n\n\n<li>Erh\u00f6hung der Flexibilisierung vorhandener Anlagen und Retrofit<\/li>\n\n\n\n<li>Agentenbasierte Anbindung an externe Prozesse (myJoghurt)<\/li>\n\n\n\n<li>Ans\u00e4tze zur Energie-Optimierung<\/li>\n\n\n\n<li>Ans\u00e4tze zu Preventive \/ Predictive Maintenance<\/li>\n\n\n\n<li>Simulation der Anlage \/ der Prozesse<\/li>\n\n\n\n<li>Diagnosesysteme\/ KPI-Cockpit<\/li>\n\n\n\n<li>Konzeption von Assistenzsystemen<\/li>\n<\/ul>\n<\/div>\n<\/div>\n\n\n\n<h1 class=\"wp-block-heading\">Digitaler Zwilling<\/h1>\n\n\n\n<p>Im modernen Zeitalter der Industrie 4.0 spielt das Konzept des Digitalen Zwillings eine entscheidende Rolle bei der Optimierung von Produktionssystemen, der Erm\u00f6glichung von Echtzeitsimulationen und der Verbesserung der Gesamtleistung von Systemen. An unserem Institut haben wir einen hochmodernen Digitalen Zwilling der Festo MPS 500 implementiert, eines flexiblen und skalierbaren modularen Produktionssystems, indem wir die Leistungsf\u00e4higkeit fortschrittlicher Simulationssoftware und bidirektionaler Kommunikationstechnologien nutzen. Diese Kombination aus physischer Hardware und digitaler Modellierung bietet sowohl in der Forschung als auch in der Lehre in den Bereichen Automatisierung, Prozesssteuerung und Industrieingenieurwesen neue M\u00f6glichkeiten.&nbsp;<\/p>\n\n\n<div class=\"wp-block-image\">\n<figure class=\"alignleft size-large is-resized\"><img loading=\"lazy\" decoding=\"async\" width=\"1024\" height=\"768\" src=\"https:\/\/www.hsu-hh.de\/aut\/wp-content\/uploads\/sites\/670\/2025\/03\/image-1024x768.png\" data-credit=\"HSU-IfA\" alt=\"\" class=\"wp-image-4359\" style=\"width:627px;height:auto\" srcset=\"https:\/\/www.hsu-hh.de\/aut\/wp-content\/uploads\/sites\/670\/2025\/03\/image-1024x768.png 1024w, https:\/\/www.hsu-hh.de\/aut\/wp-content\/uploads\/sites\/670\/2025\/03\/image-300x225.png 300w, https:\/\/www.hsu-hh.de\/aut\/wp-content\/uploads\/sites\/670\/2025\/03\/image-768x576.png 768w, https:\/\/www.hsu-hh.de\/aut\/wp-content\/uploads\/sites\/670\/2025\/03\/image-1100x825.png 1100w, https:\/\/www.hsu-hh.de\/aut\/wp-content\/uploads\/sites\/670\/2025\/03\/image.png 1430w\" sizes=\"auto, (max-width: 1024px) 100vw, 1024px\" \/><\/figure>\n<\/div>\n\n\n<p>Das Festo MPS 500-System ist eine modulare Produktionsanlage, die entwickelt wurde, um realistische Produktionsprozesse zu simulieren. Es integriert mehrere Komponenten wie F\u00f6rderb\u00e4nder, Aktuatoren, Sensoren und Roboter, sodass Forscher und Studierende automatisierte Fertigungstechniken erforschen und experimentieren k\u00f6nnen. Um die Benutzerfreundlichkeit und Flexibilit\u00e4t dieses Systems zu verbessern, setzen wir Festo&#8217;s CIROS 7-Software ein, ein leistungsstarkes Simulationswerkzeug, das ein digitales Modell des MPS 500 erstellt.&nbsp;<\/p>\n\n\n\n<p>CIROS 7 erm\u00f6glicht die virtuelle Darstellung des gesamten MPS 500-Systems. Dies umfasst nicht nur das physische Setup, sondern auch die Steuerungssysteme, die den Produktionsprozess steuern. Das digitale Modell spiegelt das realistische Verhalten des Systems wider und bietet den Nutzern die M\u00f6glichkeit, Simulationen durchzuf\u00fchren, die Leistung zu beobachten und mit Modifikationen zu experimentieren, bevor diese auf die physische Hardware angewendet werden.&nbsp;<\/p>\n\n\n\n<p>Die zentrale Innovation liegt in der nahtlosen Integration des physischen MPS 500-Systems mit seinem digitalen Pendant in CIROS 7. Diese Integration wird durch bidirektionale Kommunikation erreicht, die sicherstellt, dass sowohl das physische als auch das virtuelle Modell kontinuierlich Echtzeitdaten und Updates austauschen. Durch die Verkn\u00fcpfung des realen Systems mit dem digitalen Modell schaffen wir eine dynamische und interaktive Umgebung, in der \u00c4nderungen in einem System sofort im anderen reflektiert werden.&nbsp;<\/p>\n\n\n\n<p>Codesys ist eine leistungsstarke Softwareplattform zur Programmierung von SPS, die f\u00fcr die Steuerung der physischen MPS 500-Hardware unerl\u00e4sslich ist. Jede Station des MPS 500 ist mit ihrer eigenen physischen SPS verbunden, die mit Codesys programmiert und verwaltet wird, um die Abl\u00e4ufe der jeweiligen Station zu steuern. Ebenso simuliert das digitale Modell in CIROS 7 mehrere Stationen, von denen jede mit einer eigenen virtuellen\/emulierten SPS ausgestattet ist, die ebenfalls in Codesys programmiert ist, um die Funktionalit\u00e4t der entsprechenden physischen Station widerzuspiegeln.&nbsp;CIROS 7 erm\u00f6glicht die virtuelle Darstellung des gesamten MPS 500-Systems. Dies umfasst nicht nur das physische Setup, sondern auch die Steuerungssysteme, die den Produktionsprozess steuern. Das digitale Modell spiegelt das realistische Verhalten des Systems wider und bietet den Nutzern die M\u00f6glichkeit, Simulationen durchzuf\u00fchren, die Leistung zu beobachten und mit Modifikationen zu experimentieren, bevor diese auf die physische Hardware angewendet werden.&nbsp;<\/p>\n\n\n\n<p>Die zentrale Innovation liegt in der nahtlosen Integration des physischen MPS 500-Systems mit seinem digitalen Pendant in CIROS 7. Diese Integration wird durch bidirektionale Kommunikation erreicht, die sicherstellt, dass sowohl das physische als auch das virtuelle Modell kontinuierlich Echtzeitdaten und Updates austauschen. Durch die Verkn\u00fcpfung des realen Systems mit dem digitalen Modell schaffen wir eine dynamische und interaktive Umgebung, in der \u00c4nderungen in einem System sofort im anderen reflektiert werden.&nbsp;<\/p>\n\n\n\n<p>Codesys ist eine leistungsstarke Softwareplattform zur Programmierung von SPS, die f\u00fcr die Steuerung der physischen MPS 500-Hardware unerl\u00e4sslich ist. Jede Station des MPS 500 ist mit ihrer eigenen physischen SPS verbunden, die mit Codesys programmiert und verwaltet wird, um die Abl\u00e4ufe der jeweiligen Station zu steuern. Ebenso simuliert das digitale Modell in CIROS 7 mehrere Stationen, von denen jede mit einer eigenen virtuellen\/emulierten SPS ausgestattet ist, die ebenfalls in Codesys programmiert ist, um die Funktionalit\u00e4t der entsprechenden physischen Station widerzuspiegeln.&nbsp;<\/p>\n\n\n<div class=\"wp-block-image\">\n<figure class=\"alignright size-full is-resized\"><img loading=\"lazy\" decoding=\"async\" width=\"624\" height=\"360\" src=\"https:\/\/www.hsu-hh.de\/aut\/wp-content\/uploads\/sites\/670\/2025\/03\/image-1.png\" data-credit=\"HSU-IfA\" alt=\"\" class=\"wp-image-4360\" style=\"width:659px;height:auto\" srcset=\"https:\/\/www.hsu-hh.de\/aut\/wp-content\/uploads\/sites\/670\/2025\/03\/image-1.png 624w, https:\/\/www.hsu-hh.de\/aut\/wp-content\/uploads\/sites\/670\/2025\/03\/image-1-300x173.png 300w\" sizes=\"auto, (max-width: 624px) 100vw, 624px\" \/><\/figure>\n<\/div>\n\n\n<p>Um die Digital Twin-Konfiguration zu erm\u00f6glichen, ist eine Kommunikation zwischen den realen SPS und den emulierten SPS erforderlich. OPC UA dient als Kommunikationsprotokoll, um einen sicheren und zuverl\u00e4ssigen Datenaustausch zwischen den physischen SPS des MPS 500 und den virtuellen SPS in CIROS 7 zu erm\u00f6glichen. OPC UA stellt die Echtzeit-Synchronisation von Sensordaten, Aktuator Signalen und Systemparametern sicher, sodass die physischen und virtuellen Systeme parallel betrieben werden k\u00f6nnen, mit konsistentem Datenfluss zwischen beiden Umgebungen. Diese Integration erm\u00f6glicht eine pr\u00e4zise Interaktion und Synchronisation zwischen Hardware und Software und vervollst\u00e4ndigt die Digital Twin-Konfiguration.&nbsp;<\/p>\n\n\n\n<p>Durch diese Integration k\u00f6nnen Nutzer den Echtzeitbetrieb des MPS 500 \u00fcberwachen, verschiedene Betriebsbedingungen simulieren und sogar \u00c4nderungen an der Steuerlogik vornehmen. Das Ergebnis ist eine hochinteraktive und dynamische Lernumgebung, in der theoretisches Wissen auf praktische, realweltliche Systeme angewendet wird.&nbsp;<\/p>\n\n\n\n<p>Die Implementierung des Digitalen Zwillings des MPS 500 bietet bedeutende Vorteile, insbesondere f\u00fcr Bildungs- und Forschungszwecke:&nbsp;<\/p>\n\n\n\n<ul class=\"wp-block-list\">\n<li>Verbessertes Lernen: Bietet ein tieferes Verst\u00e4ndnis der Hardware-Software-Interaktionen und automatisierter Systeme in verschiedenen Szenarien.&nbsp;<\/li>\n\n\n\n<li>Echtzeit\u00fcberwachung: \u00dcberwacht kontinuierlich das physische System und erm\u00f6glicht die Erkennung von Anomalien, Vorhersagen von Ausf\u00e4llen und die Optimierung des Systems vor physischen \u00c4nderungen.&nbsp;<\/li>\n\n\n\n<li>Simulation von Szenarien: Erm\u00f6glicht das Testen komplexer Szenarien und neuer Steuerungsstrategien in einer virtuellen Umgebung, ohne das physische System zu unterbrechen.&nbsp;<\/li>\n\n\n\n<li>Verbesserte Optimierung: Integriert Echtzeitdaten des MPS 500, um den Produktionsprozess in beiden Systemen \u2013 virtuell und physisch \u2013 zu analysieren und zu optimieren.&nbsp;<\/li>\n<\/ul>\n\n\n\n<p>Die Kombination des physischen MPS 500-Systems und seines Digitalen Zwillings, unterst\u00fctzt durch CIROS 7, Codesys und OPC UA, stellt ein leistungsstarkes Werkzeug zur F\u00f6rderung der Ausbildung und Forschung in der industriellen Automatisierung dar. Diese Integration liefert Echtzeiteinblicke, erleichtert Experimente mit neuen Konzepten und verbessert das Verst\u00e4ndnis komplexer Produktionssysteme. Durch diesen innovativen Ansatz bereiten wir die n\u00e4chste Generation von Ingenieuren und Forschern darauf vor, im sich wandelnden Bereich der Automatisierung und der intelligenten Fertigung erfolgreich zu sein.&nbsp;<\/p>\n\n\n\n<figure class=\"wp-block-embed is-type-video is-provider-youtube wp-block-embed-youtube wp-embed-aspect-16-9 wp-has-aspect-ratio\"><div class=\"wp-block-embed__wrapper\">\n<iframe loading=\"lazy\" title=\"Industrie 4.0: Smart Factory\" width=\"500\" height=\"281\" src=\"https:\/\/www.youtube.com\/embed\/z7R8jg4Texw?feature=oembed\" frameborder=\"0\" allow=\"accelerometer; autoplay; clipboard-write; encrypted-media; gyroscope; picture-in-picture; web-share\" referrerpolicy=\"strict-origin-when-cross-origin\" allowfullscreen><\/iframe>\n<\/div><\/figure>\n","protected":false},"excerpt":{"rendered":"<p>Anlage Industrie-4.0-Produktionsszenarien sind nun im Labor der Professur f\u00fcr Automatisierungstechnik erlebbar: auf der modularen Produktionsanlage (Festo MPS 500) k\u00f6nnen kundenindividuelle Produktionsauftr\u00e4ge geplant, produziert und kommissioniert werden. Die auftragsbezogenen Daten werden [&hellip;]<\/p>\n","protected":false},"author":78,"featured_media":0,"parent":153,"menu_order":0,"comment_status":"closed","ping_status":"closed","template":"","meta":{"footnotes":""},"categories":[4],"tags":[],"class_list":["post-157","page","type-page","status-publish","hentry","category-forschung"],"_links":{"self":[{"href":"https:\/\/www.hsu-hh.de\/aut\/wp-json\/wp\/v2\/pages\/157","targetHints":{"allow":["GET"]}}],"collection":[{"href":"https:\/\/www.hsu-hh.de\/aut\/wp-json\/wp\/v2\/pages"}],"about":[{"href":"https:\/\/www.hsu-hh.de\/aut\/wp-json\/wp\/v2\/types\/page"}],"author":[{"embeddable":true,"href":"https:\/\/www.hsu-hh.de\/aut\/wp-json\/wp\/v2\/users\/78"}],"replies":[{"embeddable":true,"href":"https:\/\/www.hsu-hh.de\/aut\/wp-json\/wp\/v2\/comments?post=157"}],"version-history":[{"count":7,"href":"https:\/\/www.hsu-hh.de\/aut\/wp-json\/wp\/v2\/pages\/157\/revisions"}],"predecessor-version":[{"id":4426,"href":"https:\/\/www.hsu-hh.de\/aut\/wp-json\/wp\/v2\/pages\/157\/revisions\/4426"}],"up":[{"embeddable":true,"href":"https:\/\/www.hsu-hh.de\/aut\/wp-json\/wp\/v2\/pages\/153"}],"wp:attachment":[{"href":"https:\/\/www.hsu-hh.de\/aut\/wp-json\/wp\/v2\/media?parent=157"}],"wp:term":[{"taxonomy":"category","embeddable":true,"href":"https:\/\/www.hsu-hh.de\/aut\/wp-json\/wp\/v2\/categories?post=157"},{"taxonomy":"post_tag","embeddable":true,"href":"https:\/\/www.hsu-hh.de\/aut\/wp-json\/wp\/v2\/tags?post=157"}],"curies":[{"name":"wp","href":"https:\/\/api.w.org\/{rel}","templated":true}]}}