{"id":153,"date":"2017-09-19T13:04:04","date_gmt":"2017-09-19T11:04:04","guid":{"rendered":"https:\/\/www.hsu-hh.de\/aut\/?page_id=153"},"modified":"2025-11-17T16:56:05","modified_gmt":"2025-11-17T15:56:05","slug":"labor","status":"publish","type":"page","link":"https:\/\/www.hsu-hh.de\/aut\/forschung\/labor","title":{"rendered":"Labore"},"content":{"rendered":"\n<p>Das Institut f\u00fcr Automatisierungstechnik verf\u00fcgt \u00fcber eine Vielzahl an modernen Laboranlagen, die eine breite Basis f\u00fcr Forschung, Lehre und praktische Anwendungen bieten. Die Anlagen befinden sich an der <abbr title=\"Helmut Schmidt Universit\u00e4t\">HSU<\/abbr> und weiteren Standorten und werden vielseitig genutzt:<\/p>\n\n\n\n<ul class=\"wp-block-list\">\n<li><strong>Einsatz in der Lehre<\/strong>: Die Anlagen unterst\u00fctzen die Ausbildung von Studierenden durch praxisnahe \u00dcbungen und Projekte.<\/li>\n\n\n\n<li><strong>Forschung<\/strong>: Sie dienen als Grundlage f\u00fcr Forschungsarbeiten in Bereichen wie Automatisierung und Robotik.<\/li>\n\n\n\n<li><strong>Nutzung f\u00fcr studentische Arbeiten und Kooperationen<\/strong>: Studierende k\u00f6nnen die Anlagen im Rahmen von Abschlussarbeiten oder Projekten nutzen. Dar\u00fcber hinaus stehen sie f\u00fcr Forschungskooperationen mit externen Partnern zur Verf\u00fcgung.<\/li>\n<\/ul>\n\n\n\n<p>Bei Interesse an einer Zusammenarbeit k\u00f6nnen Sie sich gerne bei <a href=\"mailto:felix.gehlhoff@hsu-hh.de\" data-type=\"mailto\" data-id=\"mailto:felix.gehlhoff@hsu-hh.de\" rel='nofollow'>Herrn <abbr title=\"Doktor\">Dr.<\/abbr>&#8211;<abbr title=\"Ingenieur\">Ing.<\/abbr> Felix Gehlhoff<\/a> melden. <\/p>\n\n\n\n<div class=\"wp-block-media-text is-stacked-on-mobile\" style=\"grid-template-columns:20% auto\"><figure class=\"wp-block-media-text__media\"><img loading=\"lazy\" decoding=\"async\" width=\"1024\" height=\"720\" src=\"https:\/\/www.hsu-hh.de\/aut\/wp-content\/uploads\/sites\/670\/2025\/03\/LaiLa-Logo-2022-mitClaim-D-untereinander-RGB-1024x720.jpg\" data-credit=\"CTC GmbH (An AIRBUS Company)\" alt=\"\" class=\"wp-image-4372 size-full\" srcset=\"https:\/\/www.hsu-hh.de\/aut\/wp-content\/uploads\/sites\/670\/2025\/03\/LaiLa-Logo-2022-mitClaim-D-untereinander-RGB-1024x720.jpg 1024w, https:\/\/www.hsu-hh.de\/aut\/wp-content\/uploads\/sites\/670\/2025\/03\/LaiLa-Logo-2022-mitClaim-D-untereinander-RGB-300x211.jpg 300w, https:\/\/www.hsu-hh.de\/aut\/wp-content\/uploads\/sites\/670\/2025\/03\/LaiLa-Logo-2022-mitClaim-D-untereinander-RGB-768x540.jpg 768w, https:\/\/www.hsu-hh.de\/aut\/wp-content\/uploads\/sites\/670\/2025\/03\/LaiLa-Logo-2022-mitClaim-D-untereinander-RGB-1536x1080.jpg 1536w, https:\/\/www.hsu-hh.de\/aut\/wp-content\/uploads\/sites\/670\/2025\/03\/LaiLa-Logo-2022-mitClaim-D-untereinander-RGB-2048x1440.jpg 2048w, https:\/\/www.hsu-hh.de\/aut\/wp-content\/uploads\/sites\/670\/2025\/03\/LaiLa-Logo-2022-mitClaim-D-untereinander-RGB-1100x773.jpg 1100w\" sizes=\"auto, (max-width: 1024px) 100vw, 1024px\" \/><\/figure><div class=\"wp-block-media-text__content\">\n<p><a href=\"https:\/\/www.hsu-hh.de\/aut\/forschung\/labor\/laila-labor-fuer-intelligente-leichtbauproduktion\" data-type=\"page\" data-id=\"4357\">LaiLa \u2013 Labor f\u00fcr intelligente Leichtbauproduktion<\/a><\/p>\n<\/div><\/div>\n\n\n\n<div class=\"wp-block-media-text is-stacked-on-mobile\" style=\"grid-template-columns:20% auto\"><figure class=\"wp-block-media-text__media\"><img loading=\"lazy\" decoding=\"async\" width=\"745\" height=\"493\" src=\"https:\/\/www.hsu-hh.de\/aut\/wp-content\/uploads\/sites\/670\/2025\/03\/image-2.png\" data-credit=\" Airbus Operations GmbH 2025. All rights reserved.\" alt=\"\" class=\"wp-image-4369 size-full\" srcset=\"https:\/\/www.hsu-hh.de\/aut\/wp-content\/uploads\/sites\/670\/2025\/03\/image-2.png 745w, https:\/\/www.hsu-hh.de\/aut\/wp-content\/uploads\/sites\/670\/2025\/03\/image-2-300x199.png 300w\" sizes=\"auto, (max-width: 745px) 100vw, 745px\" \/><\/figure><div class=\"wp-block-media-text__content\">\n<p><a href=\"https:\/\/www.hsu-hh.de\/aut\/forschung\/labor\/imod-produktionsnaher-demonstrator-fuer-die-strukturmontage-in-der-flugzeugproduktion\" data-type=\"page\" data-id=\"4366\">iMOD&nbsp;\u2013 Produktionsnaher Demonstrator f\u00fcr die Strukturmontage in der Flugzeugproduktion&nbsp;<\/a><\/p>\n<\/div><\/div>\n\n\n\n<div class=\"wp-block-media-text is-stacked-on-mobile\" style=\"grid-template-columns:20% auto\"><figure class=\"wp-block-media-text__media\"><img loading=\"lazy\" decoding=\"async\" width=\"393\" height=\"392\" src=\"https:\/\/www.hsu-hh.de\/aut\/wp-content\/uploads\/sites\/670\/2025\/03\/image-4.png\" data-credit=\"HSU-IfA\" alt=\"\" class=\"wp-image-4421 size-full\" srcset=\"https:\/\/www.hsu-hh.de\/aut\/wp-content\/uploads\/sites\/670\/2025\/03\/image-4.png 393w, https:\/\/www.hsu-hh.de\/aut\/wp-content\/uploads\/sites\/670\/2025\/03\/image-4-300x300.png 300w, https:\/\/www.hsu-hh.de\/aut\/wp-content\/uploads\/sites\/670\/2025\/03\/image-4-150x150.png 150w, https:\/\/www.hsu-hh.de\/aut\/wp-content\/uploads\/sites\/670\/2025\/03\/image-4-100x100.png 100w\" sizes=\"auto, (max-width: 393px) 100vw, 393px\" \/><\/figure><div class=\"wp-block-media-text__content\">\n<p><a href=\"https:\/\/www.hsu-hh.de\/aut\/forschung\/labor\/mmo-700\" data-type=\"page\" data-id=\"4406\">MMO-700<\/a><\/p>\n<\/div><\/div>\n\n\n\n<div class=\"wp-block-media-text is-stacked-on-mobile\" style=\"grid-template-columns:20% auto\"><figure class=\"wp-block-media-text__media\"><img loading=\"lazy\" decoding=\"async\" width=\"1024\" height=\"1024\" src=\"https:\/\/www.hsu-hh.de\/aut\/wp-content\/uploads\/sites\/670\/2025\/11\/vr_lab_2-1024x1024.jpg\" data-credit=\"HSU-IfA\" alt=\"\" class=\"wp-image-4663 size-full\" srcset=\"https:\/\/www.hsu-hh.de\/aut\/wp-content\/uploads\/sites\/670\/2025\/11\/vr_lab_2-1024x1024.jpg 1024w, https:\/\/www.hsu-hh.de\/aut\/wp-content\/uploads\/sites\/670\/2025\/11\/vr_lab_2-300x300.jpg 300w, https:\/\/www.hsu-hh.de\/aut\/wp-content\/uploads\/sites\/670\/2025\/11\/vr_lab_2-150x150.jpg 150w, https:\/\/www.hsu-hh.de\/aut\/wp-content\/uploads\/sites\/670\/2025\/11\/vr_lab_2-768x768.jpg 768w, https:\/\/www.hsu-hh.de\/aut\/wp-content\/uploads\/sites\/670\/2025\/11\/vr_lab_2-1536x1536.jpg 1536w, https:\/\/www.hsu-hh.de\/aut\/wp-content\/uploads\/sites\/670\/2025\/11\/vr_lab_2-2048x2048.jpg 2048w, https:\/\/www.hsu-hh.de\/aut\/wp-content\/uploads\/sites\/670\/2025\/11\/vr_lab_2-100x100.jpg 100w, https:\/\/www.hsu-hh.de\/aut\/wp-content\/uploads\/sites\/670\/2025\/11\/vr_lab_2-1100x1100.jpg 1100w\" sizes=\"auto, (max-width: 1024px) 100vw, 1024px\" \/><\/figure><div class=\"wp-block-media-text__content\">\n<p><a href=\"https:\/\/www.hsu-hh.de\/aut\/forschung\/labor\/vr-ar-labor\">VR\/AR Labor<\/a><\/p>\n<\/div><\/div>\n\n\n\n<div class=\"wp-block-media-text is-stacked-on-mobile\" style=\"grid-template-columns:20% auto\"><figure class=\"wp-block-media-text__media\"><img loading=\"lazy\" decoding=\"async\" width=\"1024\" height=\"768\" src=\"https:\/\/www.hsu-hh.de\/aut\/wp-content\/uploads\/sites\/670\/2025\/03\/image-1024x768.png\" data-credit=\"HSU-IfA\" alt=\"\" class=\"wp-image-4359 size-full\" srcset=\"https:\/\/www.hsu-hh.de\/aut\/wp-content\/uploads\/sites\/670\/2025\/03\/image-1024x768.png 1024w, https:\/\/www.hsu-hh.de\/aut\/wp-content\/uploads\/sites\/670\/2025\/03\/image-300x225.png 300w, https:\/\/www.hsu-hh.de\/aut\/wp-content\/uploads\/sites\/670\/2025\/03\/image-768x576.png 768w, https:\/\/www.hsu-hh.de\/aut\/wp-content\/uploads\/sites\/670\/2025\/03\/image-1100x825.png 1100w, https:\/\/www.hsu-hh.de\/aut\/wp-content\/uploads\/sites\/670\/2025\/03\/image.png 1430w\" sizes=\"auto, (max-width: 1024px) 100vw, 1024px\" \/><\/figure><div class=\"wp-block-media-text__content\">\n<p><a href=\"https:\/\/www.hsu-hh.de\/aut\/forschung\/labor\/modulare-fertigungstechnische-anlage-industrie-4-0-fuer-industrie-4-0-fuer-die-produktionslogistik\/\">Modulare fertigungstechnische Anlage: Industrie-4.0 f\u00fcr die Produktionslogistik<\/a><\/p>\n<\/div><\/div>\n\n\n\n<div class=\"wp-block-media-text is-stacked-on-mobile is-vertically-aligned-center\" style=\"grid-template-columns:20% auto\"><figure class=\"wp-block-media-text__media\"><img loading=\"lazy\" decoding=\"async\" width=\"1024\" height=\"768\" src=\"https:\/\/www.hsu-hh.de\/aut\/wp-content\/uploads\/sites\/670\/2025\/03\/MODVA_Raum_2-1-1024x768.jpg\" data-credit=\"HSU-IfA\" alt=\"\" class=\"wp-image-4399 size-full\" srcset=\"https:\/\/www.hsu-hh.de\/aut\/wp-content\/uploads\/sites\/670\/2025\/03\/MODVA_Raum_2-1-1024x768.jpg 1024w, https:\/\/www.hsu-hh.de\/aut\/wp-content\/uploads\/sites\/670\/2025\/03\/MODVA_Raum_2-1-300x225.jpg 300w, https:\/\/www.hsu-hh.de\/aut\/wp-content\/uploads\/sites\/670\/2025\/03\/MODVA_Raum_2-1-768x576.jpg 768w, https:\/\/www.hsu-hh.de\/aut\/wp-content\/uploads\/sites\/670\/2025\/03\/MODVA_Raum_2-1-1536x1152.jpg 1536w, https:\/\/www.hsu-hh.de\/aut\/wp-content\/uploads\/sites\/670\/2025\/03\/MODVA_Raum_2-1-1100x825.jpg 1100w, https:\/\/www.hsu-hh.de\/aut\/wp-content\/uploads\/sites\/670\/2025\/03\/MODVA_Raum_2-1.jpg 2016w\" sizes=\"auto, (max-width: 1024px) 100vw, 1024px\" \/><\/figure><div class=\"wp-block-media-text__content\">\n<p><a href=\"https:\/\/www.hsu-hh.de\/aut\/forschung\/labor\/modulare-fertigungstechnische-anlage-industrie-4-0-fuer-industrie-4-0-fuer-die-produktionslogistik\/\"><\/a><a href=\"https:\/\/www.hsu-hh.de\/aut\/forschung\/labor\/modulare-verfahrenstechnische-anlage-industrie-4-0-fuer-die-prozessindustrie-2\/\">Modulare verfahrenstechnische Anlage: Industrie-4.0 f\u00fcr die Prozessindustrie<\/a><\/p>\n<\/div><\/div>\n\n\n\n<div class=\"wp-block-media-text is-stacked-on-mobile\" style=\"grid-template-columns:20% auto\"><figure class=\"wp-block-media-text__media\"><img loading=\"lazy\" decoding=\"async\" width=\"1024\" height=\"557\" src=\"https:\/\/www.hsu-hh.de\/aut\/wp-content\/uploads\/sites\/670\/2025\/02\/Roboter-1024x557.png\" data-credit=\"Professur f\u00fcr Automatisierungstechnik\" alt=\"\" class=\"wp-image-4341 size-full\" srcset=\"https:\/\/www.hsu-hh.de\/aut\/wp-content\/uploads\/sites\/670\/2025\/02\/Roboter-1024x557.png 1024w, https:\/\/www.hsu-hh.de\/aut\/wp-content\/uploads\/sites\/670\/2025\/02\/Roboter-300x163.png 300w, https:\/\/www.hsu-hh.de\/aut\/wp-content\/uploads\/sites\/670\/2025\/02\/Roboter-768x417.png 768w, https:\/\/www.hsu-hh.de\/aut\/wp-content\/uploads\/sites\/670\/2025\/02\/Roboter-1536x835.png 1536w, https:\/\/www.hsu-hh.de\/aut\/wp-content\/uploads\/sites\/670\/2025\/02\/Roboter-1100x598.png 1100w, https:\/\/www.hsu-hh.de\/aut\/wp-content\/uploads\/sites\/670\/2025\/02\/Roboter.png 1921w\" sizes=\"auto, (max-width: 1024px) 100vw, 1024px\" \/><\/figure><div class=\"wp-block-media-text__content\">\n<p><a href=\"https:\/\/www.hsu-hh.de\/aut\/forschung\/labor\/robotik-labor\/\">Robotik-Labor<\/a><\/p>\n<\/div><\/div>\n\n\n\n<div class=\"wp-block-media-text is-stacked-on-mobile\" style=\"grid-template-columns:20% auto\"><figure class=\"wp-block-media-text__media\"><img loading=\"lazy\" decoding=\"async\" width=\"1024\" height=\"517\" src=\"https:\/\/www.hsu-hh.de\/aut\/wp-content\/uploads\/sites\/670\/2025\/03\/Venatus-1024x517.png\" data-credit=\"HSU-IfA\" alt=\"\" class=\"wp-image-4386 size-full\" srcset=\"https:\/\/www.hsu-hh.de\/aut\/wp-content\/uploads\/sites\/670\/2025\/03\/Venatus-1024x517.png 1024w, https:\/\/www.hsu-hh.de\/aut\/wp-content\/uploads\/sites\/670\/2025\/03\/Venatus-300x152.png 300w, https:\/\/www.hsu-hh.de\/aut\/wp-content\/uploads\/sites\/670\/2025\/03\/Venatus-768x388.png 768w, https:\/\/www.hsu-hh.de\/aut\/wp-content\/uploads\/sites\/670\/2025\/03\/Venatus-1536x776.png 1536w, https:\/\/www.hsu-hh.de\/aut\/wp-content\/uploads\/sites\/670\/2025\/03\/Venatus-2048x1035.png 2048w, https:\/\/www.hsu-hh.de\/aut\/wp-content\/uploads\/sites\/670\/2025\/03\/Venatus-1100x556.png 1100w\" sizes=\"auto, (max-width: 1024px) 100vw, 1024px\" \/><\/figure><div class=\"wp-block-media-text__content\">\n<p><a href=\"https:\/\/www.hsu-hh.de\/aut\/forschung\/labor\/mobile-robotik\" data-type=\"page\" data-id=\"4379\">Mobile Robotik&nbsp;<\/a><\/p>\n<\/div><\/div>\n\n\n\n<div class=\"wp-block-media-text is-stacked-on-mobile\" style=\"grid-template-columns:20% auto\"><figure class=\"wp-block-media-text__media\"><img loading=\"lazy\" decoding=\"async\" width=\"448\" height=\"336\" src=\"https:\/\/www.hsu-hh.de\/aut\/wp-content\/uploads\/sites\/670\/2017\/10\/ga1IcjsJPRiLIEUg.jpg\" data-credit=\"HSU IfA\" alt=\"Fertigungstechnische Laboranlage\" class=\"wp-image-469 size-full\" srcset=\"https:\/\/www.hsu-hh.de\/aut\/wp-content\/uploads\/sites\/670\/2017\/10\/ga1IcjsJPRiLIEUg.jpg 448w, https:\/\/www.hsu-hh.de\/aut\/wp-content\/uploads\/sites\/670\/2017\/10\/ga1IcjsJPRiLIEUg-300x225.jpg 300w\" sizes=\"auto, (max-width: 448px) 100vw, 448px\" \/><\/figure><div class=\"wp-block-media-text__content\">\n<p><a href=\"https:\/\/www.hsu-hh.de\/aut\/forschung\/labor\/fertigungstechnische-laboranlage\/\">Fertigungstechnische Laboranlage<\/a><\/p>\n<\/div><\/div>\n\n\n\n<div class=\"wp-block-media-text is-stacked-on-mobile\" style=\"grid-template-columns:20% auto\"><figure class=\"wp-block-media-text__media\"><img loading=\"lazy\" decoding=\"async\" width=\"448\" height=\"336\" src=\"https:\/\/www.hsu-hh.de\/aut\/wp-content\/uploads\/sites\/670\/2024\/04\/s6n4giywHzYgzCBU.jpg\" data-credit=\"IfA\" alt=\"Batch\" class=\"wp-image-3993 size-full\" srcset=\"https:\/\/www.hsu-hh.de\/aut\/wp-content\/uploads\/sites\/670\/2024\/04\/s6n4giywHzYgzCBU.jpg 448w, https:\/\/www.hsu-hh.de\/aut\/wp-content\/uploads\/sites\/670\/2024\/04\/s6n4giywHzYgzCBU-300x225.jpg 300w\" sizes=\"auto, (max-width: 448px) 100vw, 448px\" \/><\/figure><div class=\"wp-block-media-text__content\">\n<p><a href=\"https:\/\/www.hsu-hh.de\/aut\/forschung\/labor\/batch-prozess-anlage-mit-prozessleitsystemen\/\">Batch-Prozess-Anlage mit Prozessleitsystemen<\/a><\/p>\n<\/div><\/div>\n\n\n\n<div class=\"wp-block-media-text is-stacked-on-mobile\" style=\"grid-template-columns:19% auto\"><figure class=\"wp-block-media-text__media\"><img loading=\"lazy\" decoding=\"async\" width=\"824\" height=\"887\" src=\"https:\/\/www.hsu-hh.de\/aut\/wp-content\/uploads\/sites\/670\/2022\/01\/Compact_Trainer-I4.0.png\" data-credit=\"HSU\" alt=\"Compact\" class=\"wp-image-2819 size-full\" srcset=\"https:\/\/www.hsu-hh.de\/aut\/wp-content\/uploads\/sites\/670\/2022\/01\/Compact_Trainer-I4.0.png 824w, https:\/\/www.hsu-hh.de\/aut\/wp-content\/uploads\/sites\/670\/2022\/01\/Compact_Trainer-I4.0-279x300.png 279w, https:\/\/www.hsu-hh.de\/aut\/wp-content\/uploads\/sites\/670\/2022\/01\/Compact_Trainer-I4.0-768x827.png 768w\" sizes=\"auto, (max-width: 824px) 100vw, 824px\" \/><\/figure><div class=\"wp-block-media-text__content\">\n<p><a href=\"https:\/\/www.hsu-hh.de\/aut\/forschung\/labor\/compact-trainer-industrie-4-0\/\">Compact Trainer Industrie 4.0<\/a><\/p>\n<\/div><\/div>\n","protected":false},"excerpt":{"rendered":"<p>Das Institut f\u00fcr Automatisierungstechnik verf\u00fcgt \u00fcber eine Vielzahl an modernen Laboranlagen, die eine breite Basis f\u00fcr Forschung, Lehre und praktische Anwendungen bieten. Die Anlagen befinden sich an der HSU und [&hellip;]<\/p>\n","protected":false},"author":78,"featured_media":0,"parent":132,"menu_order":0,"comment_status":"closed","ping_status":"closed","template":"","meta":{"footnotes":""},"categories":[4],"tags":[],"class_list":["post-153","page","type-page","status-publish","hentry","category-forschung"],"_links":{"self":[{"href":"https:\/\/www.hsu-hh.de\/aut\/wp-json\/wp\/v2\/pages\/153","targetHints":{"allow":["GET"]}}],"collection":[{"href":"https:\/\/www.hsu-hh.de\/aut\/wp-json\/wp\/v2\/pages"}],"about":[{"href":"https:\/\/www.hsu-hh.de\/aut\/wp-json\/wp\/v2\/types\/page"}],"author":[{"embeddable":true,"href":"https:\/\/www.hsu-hh.de\/aut\/wp-json\/wp\/v2\/users\/78"}],"replies":[{"embeddable":true,"href":"https:\/\/www.hsu-hh.de\/aut\/wp-json\/wp\/v2\/comments?post=153"}],"version-history":[{"count":19,"href":"https:\/\/www.hsu-hh.de\/aut\/wp-json\/wp\/v2\/pages\/153\/revisions"}],"predecessor-version":[{"id":4665,"href":"https:\/\/www.hsu-hh.de\/aut\/wp-json\/wp\/v2\/pages\/153\/revisions\/4665"}],"up":[{"embeddable":true,"href":"https:\/\/www.hsu-hh.de\/aut\/wp-json\/wp\/v2\/pages\/132"}],"wp:attachment":[{"href":"https:\/\/www.hsu-hh.de\/aut\/wp-json\/wp\/v2\/media?parent=153"}],"wp:term":[{"taxonomy":"category","embeddable":true,"href":"https:\/\/www.hsu-hh.de\/aut\/wp-json\/wp\/v2\/categories?post=153"},{"taxonomy":"post_tag","embeddable":true,"href":"https:\/\/www.hsu-hh.de\/aut\/wp-json\/wp\/v2\/tags?post=153"}],"curies":[{"name":"wp","href":"https:\/\/api.w.org\/{rel}","templated":true}]}}