{"id":73,"date":"2017-07-03T15:52:08","date_gmt":"2017-07-03T13:52:08","guid":{"rendered":"https:\/\/www.hsu-hh.de\/vorlage\/?page_id=73"},"modified":"2025-09-12T10:49:25","modified_gmt":"2025-09-12T08:49:25","slug":"startseite","status":"publish","type":"page","link":"https:\/\/www.hsu-hh.de\/auslandsstud\/","title":{"rendered":"Willkommen beim International Office der HSU\/UniBw H"},"content":{"rendered":"\n<div style=\"height:100px\" aria-hidden=\"true\" class=\"wp-block-spacer\"><\/div>\n\n\n\n<div class=\"wp-block-media-text is-stacked-on-mobile is-vertically-aligned-top\" style=\"grid-template-columns:19% auto\"><figure class=\"wp-block-media-text__media\"><img loading=\"lazy\" decoding=\"async\" width=\"1024\" height=\"744\" src=\"https:\/\/www.hsu-hh.de\/auslandsstud\/wp-content\/uploads\/sites\/767\/2024\/07\/IO_International-Office_Logo_CMYK-1024x744.png\" data-credit=\"\" alt=\"\" class=\"wp-image-1667 size-full\" srcset=\"https:\/\/www.hsu-hh.de\/auslandsstud\/wp-content\/uploads\/sites\/767\/2024\/07\/IO_International-Office_Logo_CMYK-1024x744.png 1024w, https:\/\/www.hsu-hh.de\/auslandsstud\/wp-content\/uploads\/sites\/767\/2024\/07\/IO_International-Office_Logo_CMYK-300x218.png 300w, https:\/\/www.hsu-hh.de\/auslandsstud\/wp-content\/uploads\/sites\/767\/2024\/07\/IO_International-Office_Logo_CMYK-768x558.png 768w, https:\/\/www.hsu-hh.de\/auslandsstud\/wp-content\/uploads\/sites\/767\/2024\/07\/IO_International-Office_Logo_CMYK-1100x799.png 1100w, https:\/\/www.hsu-hh.de\/auslandsstud\/wp-content\/uploads\/sites\/767\/2024\/07\/IO_International-Office_Logo_CMYK.png 1357w\" sizes=\"auto, (max-width: 1024px) 100vw, 1024px\" \/><\/figure><div class=\"wp-block-media-text__content\">\n<p>Das International Office ist die zentrale Serviceeinrichtung der Helmut-Schmidt-Universit\u00e4t (<abbr title=\"Helmut-Schmidt-Universit\u00e4t\">HSU<\/abbr>\/UniBw H) f\u00fcr internationale Kontakte.<\/p>\n\n\n\n<blockquote class=\"wp-block-quote is-layout-flow wp-block-quote-is-layout-flow\">\n<p>Wir, das Team des International Office, unterst\u00fctzen die <strong>nachhaltige Internationalisierung<\/strong> der -Universit\u00e4t in den Bereichen Studium, Forschung und Personal (Staff Mobility). Dabei bieten wir Professoren\/Professorinnen, den Forschungsgebieten und dem Studierendenbereich der <abbr title=\"Helmut-Schmidt-Universit\u00e4t\">HSU<\/abbr>\/UniBw H Beratungs- und Unterst\u00fctzungsleistung beim <strong>Abschluss von Hochschulkooperationen<\/strong>, bei der <strong>Kontaktaufnahme mit Partnerhochschulen<\/strong> und bei<strong> internationalen Projekten<\/strong> an. <strong>Im Bereich Incoming<\/strong> <strong>begleiten wir<\/strong> die internationalen Gaststudierenden, Promovenden und Studieninteressierten insbesondere <strong>bei Zulassungs- und Einschreibungsfragen<\/strong>. <strong>Im Bereich Outgoing beraten und unterst\u00fctzen wir<\/strong> die Studierenden und Lehrenden <strong>bei der Planung, Organisation und Durchf\u00fchrung von Auslandsstudienaufenthalten.<\/strong><\/p>\n\n\n\n<p>Also kommen Sie zu uns, informieren sie sich \u00fcber Ihre ganz pers\u00f6nlichen M\u00f6glichkeiten, auch die <abbr title=\"Helmut-Schmidt-Universit\u00e4t\">HSU<\/abbr>\/UniBw H hat einen weiten akademischen Horizont.<\/p>\n\n\n\n<p>Lassen Sie sich die Chance nicht entgehen, unvergessliche Erfahrungen zu sammeln, welche Sie sowohl pers\u00f6nlich, als auch akademisch weiterbringen werden!<\/p>\n\n\n\n<p>Ihr International Office<\/p>\n\n\n\n<p>Neues Forschungsstipendium \u2013 <a href=\"https:\/\/www.hsu-hh.de\/auslandsstud\/en\/research-fellowships\" data-type=\"link\" data-id=\"https:\/\/www.hsu-hh.de\/auslandsstud\/en\/research-fellowships\">hier mehr erfahren<\/a>.<\/p>\n\n\n\n<div class=\"wp-block-columns is-layout-flex wp-container-core-columns-is-layout-9d6595d7 wp-block-columns-is-layout-flex\">\n<div class=\"wp-block-column is-layout-flow wp-block-column-is-layout-flow\">\n<p><strong>\u00d6ffnungszeiten:<\/strong><\/p>\n\n\n\n<p>Dienstag und Donnerstag:<br>09:00-12:00<\/p>\n\n\n\n<p>Mittwoch:<br>13:00 -15:00<\/p>\n\n\n\n<p>Sie finden uns im Geb\u00e4ude<br>H1 in Raum 1172 &amp; 1173<\/p>\n\n\n\n<p>Keine Zeit? <\/p>\n\n\n\n<p>Dann schreiben Sie uns eine Mail an UniBwHamburgInternationalOffice@bundeswehr.org<\/p>\n\n\n\n<p>oder melden Sie sich telefonisch:<br><br><strong>Leitung:<\/strong> +49 40 6541 \u2013&nbsp;2987<\/p>\n\n\n\n<p><strong>Stv. Leitung:<\/strong> +49 40 6541 \u2013&nbsp;2805<\/p>\n\n\n\n<p><strong>Incoming:<\/strong>       +49 40 6541 \u2013&nbsp;2020       <\/p>\n\n\n\n<p><strong>Outgoing:<\/strong>       +49 40 6541 \u2013&nbsp;2940     <\/p>\n<\/div>\n\n\n\n<div class=\"wp-block-column is-layout-flow wp-block-column-is-layout-flow\"><\/div>\n<\/div>\n\n\n\n<p><\/p>\n<\/blockquote>\n<\/div><\/div>\n\n\n\n<div style=\"height:100px\" aria-hidden=\"true\" class=\"wp-block-spacer\"><\/div>\n\n\n\n<div class=\"wp-block-columns is-layout-flex wp-container-core-columns-is-layout-9d6595d7 wp-block-columns-is-layout-flex\">\n<div class=\"wp-block-column is-layout-flow wp-block-column-is-layout-flow\">\n<p><strong>ERASMUS+ 2021-2027 \u2013 Die\u00a0<abbr title=\"Helmut-Schmidt-Universit\u00e4t\">HSU<\/abbr>\/UniBw H erh\u00e4lt die neue ERASMUS Charta und bleibt damit ERASMUS+ Universit\u00e4t!<\/strong><\/p>\n<\/div>\n\n\n\n<div class=\"wp-block-column is-layout-flow wp-block-column-is-layout-flow\">\n<p><strong>Informationen zum neuen Cactus-Starfighter-Staffel Stipendium an der Arizona State University finden Sie <a href=\"https:\/\/www.hsu-hh.de\/auslandsstud\/cactus-starfighter-staffel-stipendium\" data-type=\"link\" data-id=\"https:\/\/www.hsu-hh.de\/auslandsstud\/cactus-starfighter-staffel-stipendium\"><em>hier.<\/em><\/a><\/strong><\/p>\n<\/div>\n<\/div>\n","protected":false},"excerpt":{"rendered":"<p>ERASMUS+ 2021-2027 \u2013 Die\u00a0HSU\/UniBw H erh\u00e4lt die neue ERASMUS Charta und bleibt damit ERASMUS+ Universit\u00e4t! Informationen zum neuen Cactus-Starfighter-Staffel Stipendium an der Arizona State University finden Sie hier.<\/p>\n","protected":false},"author":1,"featured_media":1641,"parent":0,"menu_order":0,"comment_status":"closed","ping_status":"closed","template":"","meta":{"footnotes":""},"categories":[35],"tags":[],"class_list":["post-73","page","type-page","status-publish","has-post-thumbnail","hentry","category-startseite"],"_links":{"self":[{"href":"https:\/\/www.hsu-hh.de\/auslandsstud\/wp-json\/wp\/v2\/pages\/73","targetHints":{"allow":["GET"]}}],"collection":[{"href":"https:\/\/www.hsu-hh.de\/auslandsstud\/wp-json\/wp\/v2\/pages"}],"about":[{"href":"https:\/\/www.hsu-hh.de\/auslandsstud\/wp-json\/wp\/v2\/types\/page"}],"author":[{"embeddable":true,"href":"https:\/\/www.hsu-hh.de\/auslandsstud\/wp-json\/wp\/v2\/users\/1"}],"replies":[{"embeddable":true,"href":"https:\/\/www.hsu-hh.de\/auslandsstud\/wp-json\/wp\/v2\/comments?post=73"}],"version-history":[{"count":73,"href":"https:\/\/www.hsu-hh.de\/auslandsstud\/wp-json\/wp\/v2\/pages\/73\/revisions"}],"predecessor-version":[{"id":2654,"href":"https:\/\/www.hsu-hh.de\/auslandsstud\/wp-json\/wp\/v2\/pages\/73\/revisions\/2654"}],"wp:featuredmedia":[{"embeddable":true,"href":"https:\/\/www.hsu-hh.de\/auslandsstud\/wp-json\/wp\/v2\/media\/1641"}],"wp:attachment":[{"href":"https:\/\/www.hsu-hh.de\/auslandsstud\/wp-json\/wp\/v2\/media?parent=73"}],"wp:term":[{"taxonomy":"category","embeddable":true,"href":"https:\/\/www.hsu-hh.de\/auslandsstud\/wp-json\/wp\/v2\/categories?post=73"},{"taxonomy":"post_tag","embeddable":true,"href":"https:\/\/www.hsu-hh.de\/auslandsstud\/wp-json\/wp\/v2\/tags?post=73"}],"curies":[{"name":"wp","href":"https:\/\/api.w.org\/{rel}","templated":true}]}}