{"id":665,"date":"2020-07-14T12:39:54","date_gmt":"2020-07-14T10:39:54","guid":{"rendered":"https:\/\/www.hsu-hh.de\/auslandsstud\/?page_id=665"},"modified":"2026-03-31T15:53:38","modified_gmt":"2026-03-31T13:53:38","slug":"partner-institutions","status":"publish","type":"page","link":"https:\/\/www.hsu-hh.de\/auslandsstud\/en\/startpage\/partner-institutions","title":{"rendered":"Partner Institutions"},"content":{"rendered":"\n<p>The Helmut Schmidt University currently cooperates with over 50 partners via ERASMUS+ or bilateral agreements. <\/p>\n\n\n\n<p>Let us introduce you to our valued partners all over Europe and overseas:<\/p>\n\n\n\n<hr class=\"wp-block-separator has-alpha-channel-opacity\" \/>\n\n\n\n<div class=\"wp-block-columns is-layout-flex wp-container-core-columns-is-layout-9d6595d7 wp-block-columns-is-layout-flex\">\n<div class=\"wp-block-column is-layout-flow wp-block-column-is-layout-flow\" style=\"flex-basis:33.33%\">\n<p><strong>ERASMUS+ Partnerships with Military Institutions of Higher Learning<\/strong><\/p>\n<\/div>\n\n\n\n<div class=\"wp-block-column is-layout-flow wp-block-column-is-layout-flow\" style=\"flex-basis:66.66%\">\n<details class=\"wp-block-details is-layout-flow wp-block-details-is-layout-flow\"><summary>Belgium<\/summary>\n<ul class=\"wp-block-list\">\n<li>Royal Military Academy Brussels<\/li>\n<\/ul>\n<\/details>\n\n\n\n<hr class=\"wp-block-separator has-alpha-channel-opacity\" \/>\n\n\n\n<details class=\"wp-block-details is-layout-flow wp-block-details-is-layout-flow\"><summary>France<\/summary>\n<ul class=\"wp-block-list\">\n<li>ESM de St. Cyr Co\u00ebtquidan<\/li>\n<\/ul>\n<\/details>\n\n\n\n<hr class=\"wp-block-separator has-alpha-channel-opacity\" \/>\n\n\n\n<details class=\"wp-block-details is-layout-flow wp-block-details-is-layout-flow\"><summary>Norway<\/summary>\n<ul class=\"wp-block-list\">\n<li>Norwegian Defence University College<\/li>\n<\/ul>\n<\/details>\n\n\n\n<hr class=\"wp-block-separator has-alpha-channel-opacity\" \/>\n\n\n\n<details class=\"wp-block-details is-layout-flow wp-block-details-is-layout-flow\"><summary>Latvia<\/summary>\n<ul class=\"wp-block-list\">\n<li>National Defence Academy of Latvia<\/li>\n<\/ul>\n<\/details>\n\n\n\n<hr class=\"wp-block-separator has-alpha-channel-opacity\" \/>\n\n\n\n<details class=\"wp-block-details is-layout-flow wp-block-details-is-layout-flow\"><summary>Austria<\/summary>\n<ul class=\"wp-block-list\">\n<li>Theresianische Milit\u00e4rakademie Wiener Neustadt<\/li>\n<\/ul>\n<\/details>\n\n\n\n<hr class=\"wp-block-separator has-alpha-channel-opacity\" \/>\n\n\n\n<details class=\"wp-block-details is-layout-flow wp-block-details-is-layout-flow\"><summary>Poland<\/summary>\n<ul class=\"wp-block-list\">\n<li>War Studies University Warsaw<\/li>\n<\/ul>\n<\/details>\n\n\n\n<hr class=\"wp-block-separator has-alpha-channel-opacity\" \/>\n\n\n\n<details class=\"wp-block-details is-layout-flow wp-block-details-is-layout-flow\"><summary>Romania<\/summary>\n<ul class=\"wp-block-list\">\n<li>Academia For\u021belor Terestre &#8222;Nicolae B\u0103lcescu&#8220; \/ Land Forces Academy &#8222;Nicolae Balcescu&#8220; <\/li>\n\n\n\n<li>Academia For\u0163elor Aeriene\u00a0&#8222;Henri Coand\u0103\u201d\u00a0\/ Air Force Academy &#8222;Henri Coand\u0103&#8220;<\/li>\n\n\n\n<li>Academiei Tehnice Militare \u201cFerdinand I\u201d \/ Military Technical Academy &#8222;Bukarest&#8220;Ferdinand I&#8220;<\/li>\n\n\n\n<li>Academia Naval\u0103 &#8222;Mircea cel B\u0103tr\u00e2n&#8220; \/ Naval Academy &#8222;Mircea cel B\u0103tr\u00e2n&#8220;<\/li>\n<\/ul>\n<\/details>\n\n\n\n<hr class=\"wp-block-separator has-alpha-channel-opacity\" \/>\n\n\n\n<details class=\"wp-block-details is-layout-flow wp-block-details-is-layout-flow\"><summary>Sweden<\/summary>\n<ul class=\"wp-block-list\">\n<li>Swedish Defence University<\/li>\n<\/ul>\n<\/details>\n\n\n\n<hr class=\"wp-block-separator has-alpha-channel-opacity\" \/>\n\n\n\n<details class=\"wp-block-details is-layout-flow wp-block-details-is-layout-flow\"><summary>Czech Republic<\/summary>\n<ul class=\"wp-block-list\">\n<li>University of Defence Brno<\/li>\n<\/ul>\n<\/details>\n\n\n\n<hr class=\"wp-block-separator has-alpha-channel-opacity\" \/>\n\n\n\n<details class=\"wp-block-details is-layout-flow wp-block-details-is-layout-flow\"><summary>Hungary<\/summary>\n<ul class=\"wp-block-list\">\n<li>Ludovika National University of Public Service<\/li>\n<\/ul>\n<\/details>\n<\/div>\n<\/div>\n\n\n\n<hr class=\"wp-block-separator has-alpha-channel-opacity\" \/>\n\n\n\n<div class=\"wp-block-columns is-layout-flex wp-container-core-columns-is-layout-9d6595d7 wp-block-columns-is-layout-flex\">\n<div class=\"wp-block-column is-layout-flow wp-block-column-is-layout-flow\" style=\"flex-basis:33.33%\">\n<p><strong>ERASMUS+ Partnerships with Civilian Universities<\/strong><\/p>\n<\/div>\n\n\n\n<div class=\"wp-block-column is-layout-flow wp-block-column-is-layout-flow\" style=\"flex-basis:66.66%\">\n<details class=\"wp-block-details is-layout-flow wp-block-details-is-layout-flow\"><summary>France<\/summary>\n<ul class=\"wp-block-list\">\n<li>\u00c9cole Nationale Sup\u00e9rieure de Techniques Avanc\u00e9es (ENSTA Bretagne)<\/li>\n\n\n\n<li>ICAM Strasbourg<\/li>\n<\/ul>\n<\/details>\n\n\n\n<hr class=\"wp-block-separator has-alpha-channel-opacity\" \/>\n\n\n\n<details class=\"wp-block-details is-layout-flow wp-block-details-is-layout-flow\"><summary>Greece<\/summary>\n<ul class=\"wp-block-list\">\n<li>Panteion University<\/li>\n<\/ul>\n<\/details>\n\n\n\n<hr class=\"wp-block-separator has-alpha-channel-opacity\" \/>\n\n\n\n<details class=\"wp-block-details is-layout-flow wp-block-details-is-layout-flow\"><summary>Norway<\/summary>\n<ul class=\"wp-block-list\">\n<li>Oslo Metropolitan University<\/li>\n\n\n\n<li>Norwegian University of Science and Technology (NTNU)<\/li>\n\n\n\n<li>University of Bergen<\/li>\n<\/ul>\n<\/details>\n\n\n\n<hr class=\"wp-block-separator has-alpha-channel-opacity\" \/>\n\n\n\n<details class=\"wp-block-details is-layout-flow wp-block-details-is-layout-flow\"><summary>Austria<\/summary>\n<ul class=\"wp-block-list\">\n<li>Alpen-Adria-Universit\u00e4t Klagenfurt<\/li>\n<\/ul>\n<\/details>\n\n\n\n<hr class=\"wp-block-separator has-alpha-channel-opacity\" \/>\n\n\n\n<details class=\"wp-block-details is-layout-flow wp-block-details-is-layout-flow\"><summary>Poland <\/summary>\n<ul class=\"wp-block-list\">\n<li>University of Lower Silesia Wroclaw<\/li>\n\n\n\n<li>Maria Curie-Sk\u0142odowska University<\/li>\n<\/ul>\n<\/details>\n\n\n\n<hr class=\"wp-block-separator has-alpha-channel-opacity\" \/>\n\n\n\n<details class=\"wp-block-details is-layout-flow wp-block-details-is-layout-flow\"><summary>T\u00fcrkiye<\/summary>\n<ul class=\"wp-block-list\">\n<li>Bo\u011fazi\u00e7i University<\/li>\n<\/ul>\n<\/details>\n\n\n\n<hr class=\"wp-block-separator has-alpha-channel-opacity\" \/>\n\n\n\n<details class=\"wp-block-details is-layout-flow wp-block-details-is-layout-flow\"><summary>Czech Republic<\/summary>\n<ul class=\"wp-block-list\">\n<li>Brno University of Technology<\/li>\n\n\n\n<li>Metropolitan University Prague<\/li>\n<\/ul>\n<\/details>\n\n\n\n<hr class=\"wp-block-separator has-alpha-channel-opacity\" \/>\n\n\n\n<details class=\"wp-block-details is-layout-flow wp-block-details-is-layout-flow\"><summary>Hungary<\/summary>\n<ul class=\"wp-block-list\">\n<li>Andr\u00e0ssy University Budapest<\/li>\n<\/ul>\n<\/details>\n\n\n\n<hr class=\"wp-block-separator has-alpha-channel-opacity\" \/>\n\n\n\n<details class=\"wp-block-details is-layout-flow wp-block-details-is-layout-flow\"><summary>Portugal<\/summary>\n<ul class=\"wp-block-list\">\n<li>Universidade de Coimbra<\/li>\n\n\n\n<li>Universidade Porto<\/li>\n<\/ul>\n<\/details>\n<\/div>\n<\/div>\n\n\n\n<hr class=\"wp-block-separator has-alpha-channel-opacity\" \/>\n\n\n\n<div class=\"wp-block-columns is-layout-flex wp-container-core-columns-is-layout-9d6595d7 wp-block-columns-is-layout-flex\">\n<div class=\"wp-block-column is-layout-flow wp-block-column-is-layout-flow\" style=\"flex-basis:33.33%\">\n<p><strong>Bilateral Partnerships wit Military Institutions<\/strong><\/p>\n<\/div>\n\n\n\n<div class=\"wp-block-column is-layout-flow wp-block-column-is-layout-flow\" style=\"flex-basis:66.66%\">\n<details class=\"wp-block-details is-layout-flow wp-block-details-is-layout-flow\"><summary>Canada<\/summary>\n<ul class=\"wp-block-list\">\n<li>The Royal Military College of Canada<\/li>\n<\/ul>\n<\/details>\n\n\n\n<hr class=\"wp-block-separator has-alpha-channel-opacity\" \/>\n\n\n\n<details class=\"wp-block-details is-layout-flow wp-block-details-is-layout-flow\"><summary>United States of America<\/summary>\n<ul class=\"wp-block-list\">\n<li>United States Air Force Academy<\/li>\n\n\n\n<li>United States Naval Academy<\/li>\n\n\n\n<li>United States Military Academy (West Point)<\/li>\n\n\n\n<li>The Military College of South Carolina (The Citadel)<\/li>\n\n\n\n<li>Virginia Military Institute<\/li>\n\n\n\n<li>Naval Post Graduate School<\/li>\n<\/ul>\n<\/details>\n<\/div>\n<\/div>\n\n\n\n<hr class=\"wp-block-separator has-alpha-channel-opacity\" \/>\n\n\n\n<div class=\"wp-block-columns is-layout-flex wp-container-core-columns-is-layout-9d6595d7 wp-block-columns-is-layout-flex\">\n<div class=\"wp-block-column is-layout-flow wp-block-column-is-layout-flow\" style=\"flex-basis:33.33%\">\n<p><strong>Bilateral Partnerships with Civilian Universities<\/strong><\/p>\n<\/div>\n\n\n\n<div class=\"wp-block-column is-layout-flow wp-block-column-is-layout-flow\" style=\"flex-basis:66.66%\">\n<details class=\"wp-block-details is-layout-flow wp-block-details-is-layout-flow\"><summary>Australia<\/summary>\n<ul class=\"wp-block-list\">\n<li>Griffith University<\/li>\n\n\n\n<li>International College of Management<\/li>\n<\/ul>\n<\/details>\n\n\n\n<hr class=\"wp-block-separator has-alpha-channel-opacity\" \/>\n\n\n\n<details class=\"wp-block-details is-layout-flow wp-block-details-is-layout-flow\"><summary>Kanada<\/summary>\n<ul class=\"wp-block-list\">\n<li>Vancouver Island University<\/li>\n\n\n\n<li>Center for Military and Stategic Studies (CMSS) University of Calgary<\/li>\n<\/ul>\n<\/details>\n\n\n\n<hr class=\"wp-block-separator has-alpha-channel-opacity\" \/>\n\n\n\n<details class=\"wp-block-details is-layout-flow wp-block-details-is-layout-flow\"><summary>Switzerland<\/summary>\n<ul class=\"wp-block-list\">\n<li>Eidgen\u00f6ssisches Hochschulinstitut f\u00fcr Berufsbildung EHB, Zollikhofen<\/li>\n<\/ul>\n<\/details>\n\n\n\n<hr class=\"wp-block-separator has-alpha-channel-opacity\" \/>\n\n\n\n<details class=\"wp-block-details is-layout-flow wp-block-details-is-layout-flow\"><summary>South Africa<\/summary>\n<ul class=\"wp-block-list\">\n<li>Stellenbosch University<\/li>\n<\/ul>\n<\/details>\n<\/div>\n<\/div>\n","protected":false},"excerpt":{"rendered":"<p>The Helmut Schmidt University currently cooperates with over 50 partners via ERASMUS+ or bilateral agreements. Let us introduce you to our valued partners all over Europe and overseas: ERASMUS+ Partnerships [&hellip;]<\/p>\n","protected":false},"author":2172,"featured_media":0,"parent":75,"menu_order":3,"comment_status":"closed","ping_status":"closed","template":"","meta":{"footnotes":""},"categories":[274,44,272],"tags":[],"class_list":["post-665","page","type-page","status-publish","hentry","category-english","category-international-office","category-partner"],"_links":{"self":[{"href":"https:\/\/www.hsu-hh.de\/auslandsstud\/wp-json\/wp\/v2\/pages\/665","targetHints":{"allow":["GET"]}}],"collection":[{"href":"https:\/\/www.hsu-hh.de\/auslandsstud\/wp-json\/wp\/v2\/pages"}],"about":[{"href":"https:\/\/www.hsu-hh.de\/auslandsstud\/wp-json\/wp\/v2\/types\/page"}],"author":[{"embeddable":true,"href":"https:\/\/www.hsu-hh.de\/auslandsstud\/wp-json\/wp\/v2\/users\/2172"}],"replies":[{"embeddable":true,"href":"https:\/\/www.hsu-hh.de\/auslandsstud\/wp-json\/wp\/v2\/comments?post=665"}],"version-history":[{"count":16,"href":"https:\/\/www.hsu-hh.de\/auslandsstud\/wp-json\/wp\/v2\/pages\/665\/revisions"}],"predecessor-version":[{"id":3402,"href":"https:\/\/www.hsu-hh.de\/auslandsstud\/wp-json\/wp\/v2\/pages\/665\/revisions\/3402"}],"up":[{"embeddable":true,"href":"https:\/\/www.hsu-hh.de\/auslandsstud\/wp-json\/wp\/v2\/pages\/75"}],"wp:attachment":[{"href":"https:\/\/www.hsu-hh.de\/auslandsstud\/wp-json\/wp\/v2\/media?parent=665"}],"wp:term":[{"taxonomy":"category","embeddable":true,"href":"https:\/\/www.hsu-hh.de\/auslandsstud\/wp-json\/wp\/v2\/categories?post=665"},{"taxonomy":"post_tag","embeddable":true,"href":"https:\/\/www.hsu-hh.de\/auslandsstud\/wp-json\/wp\/v2\/tags?post=665"}],"curies":[{"name":"wp","href":"https:\/\/api.w.org\/{rel}","templated":true}]}}