{"id":562,"date":"2020-06-24T15:10:38","date_gmt":"2020-06-24T13:10:38","guid":{"rendered":"https:\/\/www.hsu-hh.de\/auslandsstud\/?page_id=562"},"modified":"2026-03-30T08:27:50","modified_gmt":"2026-03-30T06:27:50","slug":"erasmus-mobilitaetsmassnahmen","status":"publish","type":"page","link":"https:\/\/www.hsu-hh.de\/auslandsstud\/erasmus\/erasmus-mobilitaetsmassnahmen","title":{"rendered":"Erasmus + Personalmobilt\u00e4ten STA und STT"},"content":{"rendered":"\n<p><strong>Allgemeines<\/strong><\/p>\n\n\n<p>Erasmus+ f\u00f6rdert zeitlich begrenzte <a href=\"https:\/\/eu.daad.de\/infos-fuer-einzelpersonen\/foerderung-fuer-hochschulpersonal\/lehre-im-ausland\/de\/46269--lehre-im-ausland-\/\" rel='nofollow'>Lehrmobilit\u00e4ten (STA)<\/a> sowie <a href=\"https:\/\/eu.daad.de\/infos-fuer-einzelpersonen\/foerderung-fuer-hochschulpersonal\/fort-und-weiterbildungsmoeglichkeiten-im-ausland\/de\/46270-fort--und-weiterbildungsmoeglichkeiten-im-ausland\/\" rel='nofollow'>Mobilit\u00e4ten zu Fort- und Weiterbildungen (STT)<\/a> von Hochschulangeh\u00f6rigen an Partnerinstitutionen in <a href=\"https:\/\/eu.daad.de\/infos-fuer-hochschulen\/programmlinien\/infos-zu-programm-und-partnerlaendern\/de\/45672-erasmus-programmlaender-\/\" rel='nofollow'>Programml\u00e4ndern<\/a>, sofern diese \u00fcber eine g\u00fcltige <a href=\"https:\/\/www.hsu-hh.de\/auslandsstud\/erasmus\/erasmus-charta\">Erasmus-Charta f\u00fcr die Hochschulbildung (ECHE)<\/a> verf\u00fcgen. Weiterf\u00fchrende Informationen zur ECHE stellt der <a href=\"https:\/\/eu.daad.de\/infos-fuer-hochschulen\/teilnahmebedingung\/teilnahme-erasmus-plus\/eche\/de\/47492-erasmus-charter-for-higher-education-eche\/\" rel='nofollow'>DAAD auf seiner Website<\/a> bereit.<\/p>\n<p>Voraussetzung f\u00fcr eine F\u00f6rderung ist das Vorhandensein eines Inter-Institutional Agreements (IIA = bilaterales Kooperationsabkommen) zwischen der Helmut Schmidt Universit\u00e4t \/ Universit\u00e4t der Bundeswehr Hamburg (<abbr title=\"Helmut-Schmidt-Universit\u00e4t\">HSU<\/abbr>\/UniBw H) und der aufnehmenden Hochschule, in dem Lehrmobilit\u00e4ten <abbr title=\"beziehungsweise\">bzw.<\/abbr> Mobilit\u00e4ten f\u00fcr Fort- und Weiterbildungen ausdr\u00fccklich vereinbart sind. Eine \u00dcbersicht der aktuellen Partnerhochschulen der <abbr title=\"Helmut-Schmidt-Universit\u00e4t\">HSU<\/abbr>\/UniBw H finden Sie im <a href=\"https:\/\/www.hsu-hh.de\/auslandsstud\/startseite\/downloads\">Downloadbereich<\/a> des International Office (Outgoing &#8211; Informationen und Leitf\u00e4den zur Vorbereitung &#8211; \u00dcbersicht Austauschprogramme).<\/p>\n\n\n<details class=\"wp-block-details is-layout-flow wp-block-details-is-layout-flow\"><summary><strong>Erasmus+ Personalmobilit\u00e4t zu Unterrichts- und Lehrzwecken (STA)<\/strong><\/summary>\n<p><\/p>\n\n\n\n<p>Die Lehrt\u00e4tigkeiten k\u00f6nnen in verschiedenen Formaten umgesetzt werden, etwa in Form von Seminaren, Vorlesungen, Tutorien, Kolloquien oder der Betreuung von Promovierenden. Dabei ist die pers\u00f6nliche Anwesenheit der Lehrenden vor Ort zwingend erforderlich. Lehrmobilit\u00e4ten im Rahmen von Erasmus+ tragen ma\u00dfgeblich zur Internationalisierung der <abbr title=\"Helmut-Schmidt-Universit\u00e4t\">HSU<\/abbr>\/UniBw H bei. Sie st\u00e4rken die interkulturellen und internationalen Kompetenzen des Lehrpersonals, f\u00f6rdern den fachlichen Austausch von Lehr- und Lernmethoden im europ\u00e4ischen Hochschulraum und er\u00f6ffnen M\u00f6glichkeiten, internationale Lehrerfahrungen zu sammeln sowie grenz\u00fcberschreitende Netzwerke und Kooperationsprojekte weiterzuentwickeln.<\/p>\n\n\n\n<p>Das International Office begr\u00fc\u00dft es ausdr\u00fccklich, wenn der Lehraufenthalt genutzt wird, um Studierende der Gasthochschule \u00fcber Austauschm\u00f6glichkeiten an der <abbr title=\"Helmut-Schmidt-Universit\u00e4t\">HSU<\/abbr>\/UniBw H zu informieren. Entsprechende Informationsmaterialien stellt das International Office auf Anfrage gern zur Verf\u00fcgung.<\/p>\n\n\n\n<hr class=\"wp-block-separator has-alpha-channel-opacity\" \/>\n\n\n\n<p><strong>Wer kann sich bewerben?<\/strong><\/p>\n\n\n\n<p>Folgende Personengruppen k\u00f6nnen gef\u00f6rdert werden:<\/p>\n\n\n\n<ul class=\"wp-block-list\">\n<li>Professorinnen und Professoren sowie Dozierende mit vertraglichem Verh\u00e4ltnis zur entsendenden Hochschule<\/li>\n\n\n\n<li>Wissenschaftliche Mitarbeitende<\/li>\n<\/ul>\n\n\n\n<hr class=\"wp-block-separator has-alpha-channel-opacity\" \/>\n\n\n\n<p><strong>Welche Voraussetzungen m\u00fcssen erf\u00fcllt werden?<\/strong><\/p>\n\n\n\n<ul class=\"wp-block-list\">\n<li>Gef\u00f6rdert werden Personalmobilit\u00e4ten in <a href=\"https:\/\/eu.daad.de\/infos-fuer-hochschulen\/programmlinien\/infos-zu-programm-und-partnerlaendern\/de\/45672-erasmus-programmlaender-\/\" rel='nofollow'>Programml\u00e4nder<\/a>, die weder dem Land der entsendenden Hochschule noch dem Hauptwohnsitzland der teilnehmenden Person entsprechen.<\/li>\n\n\n\n<li>Lehrmobilit\u00e4ten innerhalb Europas haben eine Mindestdauer von 2 Tagen und k\u00f6nnen maximal 60 Tage umfassen; Reisezeiten sind dabei nicht eingeschlossen.<\/li>\n\n\n\n<li>Der erforderliche Lehrumfang betr\u00e4gt 8 Unterrichtsstunden f\u00fcr die erste Woche des Aufenthalts <abbr title=\"beziehungsweise\">bzw.<\/abbr> f\u00fcr k\u00fcrzere Mobilit\u00e4tszeitr\u00e4ume. Bei Aufenthalten, die \u00fcber 7 Tage hinausgehen, wird die Mindestanzahl der zu erbringenden Stunden f\u00fcr jeden zus\u00e4tzlichen Tag anteilig berechnet.<\/li>\n\n\n\n<li>Werden Lehraktivit\u00e4ten mit Fort- oder Weiterbildungsma\u00dfnahmen kombiniert, verringert sich das verpflichtende Lehrdeputat auf 4 Stunden pro Woche. F\u00fcr eingeladenes Personal aus Unternehmen ist kein Mindestlehrumfang vorgesehen.<\/li>\n\n\n\n<li>Weiterf\u00fchrende Informationen stellt der <a href=\"https:\/\/eu.daad.de\/infos-fuer-einzelpersonen\/foerderung-fuer-hochschulpersonal\/lehre-im-ausland\/de\/46269--lehre-im-ausland-\/\" rel='nofollow'>DAAD<\/a> zur Verf\u00fcgung.<\/li>\n<\/ul>\n\n\n\n<hr class=\"wp-block-separator has-alpha-channel-opacity\" \/>\n\n\n\n<p><a id=\"_msocom_1\" rel='nofollow'><\/a><\/p>\n<\/details>\n\n\n\n<hr class=\"wp-block-separator has-alpha-channel-opacity\" \/>\n\n\n\n<details class=\"wp-block-details is-layout-flow wp-block-details-is-layout-flow\"><summary><strong>Erasmus+ Personalmobilit\u00e4t zu Fort- und Weiterbildung (STT)<\/strong><\/summary>\n<p><\/p>\n\n\n\n<p>Nebst Mobilit\u00e4tsprogrammen f\u00fcr Studierende und Lehrkr\u00e4fte unterst\u00fctzt Erasmus+ auch Fort- und Weiterbildungsaufenthalte f\u00fcr Hochschulbesch\u00e4ftigte im Ausland. Dabei k\u00f6nnen folgende Aktivit\u00e4ten gef\u00f6rdert werden:<\/p>\n\n\n\n<ul class=\"wp-block-list\">\n<li>Job Shadowing: Einblicke in die Arbeitsabl\u00e4ufe an der Partnerinstitution<\/li>\n\n\n\n<li>Hospitationen: Beobachtung von Lehre oder Verwaltungspraktiken<\/li>\n\n\n\n<li>Workshops und Seminare: Teilnahme an fachspezifischen Weiterbildungen<\/li>\n\n\n\n<li>Sprachkurse<\/li>\n\n\n\n<li>Mitwirkung an Curricula-Entwicklung (Dozierende)<\/li>\n<\/ul>\n\n\n\n<p><\/p>\n\n\n\n<p><strong>Nicht f\u00f6rderungsw\u00fcrdig<\/strong> ist die Teilnahme an wissenschaftlichen Konferenzen. <\/p>\n\n\n\n<hr class=\"wp-block-separator has-alpha-channel-opacity\" \/>\n\n\n\n<p>Die Erasmus+ Personalmobilit\u00e4t zu Fort- und Weiterbildung wird in Pr\u00e4senzform im Gastland durchgef\u00fchrt und er\u00f6ffnet Hochschulmitarbeitenden wertvolle M\u00f6glichkeiten zur pers\u00f6nlichen und beruflichen Weiterentwicklung. Durch Aufenthalte an europ\u00e4ischen Partnerinstitutionen k\u00f6nnen neue Kompetenzen erworben, innovative Arbeitsmethoden kennengelernt und internationale Perspektiven in den eigenen Arbeitsalltag integriert werden. Gleichzeitig st\u00e4rkt die Mobilit\u00e4t den interkulturellen Austausch, f\u00f6rdert die Vernetzung innerhalb Europas und tr\u00e4gt ebenfalls Internationalisierung der <abbr title=\"Helmut-Schmidt-Universit\u00e4t\">HSU<\/abbr>\/UniBw H bei. Praxisbeispiele f\u00fcr derartige Mobilit\u00e4ten finden Sie <a href=\"https:\/\/eu.daad.de\/infos-fuer-einzelpersonen\/foerderung-fuer-hochschulpersonal\/praxisbeispiele\/de\/\" rel='nofollow'>hier<\/a>.<\/p>\n\n\n\n<hr class=\"wp-block-separator has-alpha-channel-opacity\" \/>\n\n\n\n<p><strong>Wer kann sich bewerben?<\/strong><\/p>\n\n\n\n<p>Folgende Personengruppen k\u00f6nnen gef\u00f6rdert werden:<\/p>\n\n\n\n<ul class=\"wp-block-list\">\n<li>Alle Besch\u00e4ftigten mit vertraglichem Verh\u00e4ltnis zur entsendenden Hochschule [von Auszubildenden, Mitarbeitenden in Lehre oder Verwaltung (Mitarbeitende der Bibliothek, IT, Personal, Finanzen, Studiengangsverwaltungen etc.) bis hin zum Pr\u00e4sidenten\/zur Pr\u00e4sidentin]<\/li>\n<\/ul>\n\n\n\n<hr class=\"wp-block-separator has-alpha-channel-opacity\" \/>\n\n\n\n<p><strong>Welche Voraussetzungen m\u00fcssen erf\u00fcllt werden?<\/strong><\/p>\n\n\n\n<ul class=\"wp-block-list\">\n<li>Gef\u00f6rdert werden Personalmobilit\u00e4ten in <a href=\"https:\/\/eu.daad.de\/infos-fuer-hochschulen\/programmlinien\/infos-zu-programm-und-partnerlaendern\/de\/45672-erasmus-programmlaender-\/\" rel='nofollow'>Programml\u00e4nder<\/a>, die weder dem Land der entsendenden Hochschule noch dem Hauptwohnsitzland der teilnehmenden Person entsprechen.<\/li>\n\n\n\n<li>Mobilit\u00e4ten zu Fort- und Weiterbildungszwecken innerhalb Europas haben eine Mindestdauer von 2 Tagen und k\u00f6nnen maximal 60 Tage umfassen; Reisezeiten sind dabei nicht eingeschlossen.<\/li>\n\n\n\n<li>Weiterf\u00fchrende Informationen stellt der <a href=\"https:\/\/eu.daad.de\/infos-fuer-einzelpersonen\/foerderung-fuer-hochschulpersonal\/fort-und-weiterbildungsmoeglichkeiten-im-ausland\/de\/46270-fort--und-weiterbildungsmoeglichkeiten-im-ausland\/\" rel='nofollow'>DAAD<\/a> zur Verf\u00fcgung.<\/li>\n<\/ul>\n\n\n\n<hr class=\"wp-block-separator has-alpha-channel-opacity\" \/>\n\n\n\n<p><strong>Was kann gef\u00f6rdert werden?<\/strong><\/p>\n\n\n\n<ul class=\"wp-block-list\">\n<li>Teilnehmende bekommen einen finanziellen Zuschuss zu ihren Reise- und Aufenthaltskosten (Erasmus Grant) im Rahmen des Erasmus-Programms. Die H\u00f6he der <a href=\"https:\/\/eu.daad.de\/infos-fuer-einzelpersonen\/foerderung-fuer-hochschulpersonal\/fort-und-weiterbildungsmoeglichkeiten-im-ausland\/de\/46270-fort--und-weiterbildungsmoeglichkeiten-im-ausland\/\" rel='nofollow'>F\u00f6rderung<\/a> h\u00e4ngt sowohl vom Zielland als auch von der Dauer des Aufenthalts ab. Die jeweiligen F\u00f6rders\u00e4tze werden von der Europ\u00e4ischen Kommission festgelegt und unterscheiden sich je nach Land. Die Reisekosten werden auf Basis von Pauschalen berechnet, die mithilfe des <a href=\"https:\/\/erasmus-plus.ec.europa.eu\/de\/resources-and-tools\/distance-calculator\" rel='nofollow'>Distance Calculators<\/a> ermittelt werden; als Ausgangspunkt gilt stets der jeweilige Dienstort.<\/li>\n\n\n\n<li>Mit der finanziellen Unterst\u00fctzung nachhaltiger Verkehrsmittel verfolgt das Erasmus+ Programm das Ziel, mehr Mobilit\u00e4ten mit umweltfreundlichen Transportoptionen zu f\u00f6rdern und damit den \u00f6kologischen Fu\u00dfabdruck des Programms zu reduzieren. Die F\u00f6rderung f\u00fcr <abbr title=\"sogenannt\">sog.<\/abbr> \u201eGreen Travel\u201c umfasst einen erh\u00f6hten Zuschuss zu den Reisekosten, dessen H\u00f6he sich nach der jeweiligen Entfernungspauschale richtet, und kann zus\u00e4tzlich mit einer F\u00f6rderung f\u00fcr bis zu vier weiteren Reisetagen kombiniert werden. Eine \u00dcbersicht \u00fcber die Ma\u00dfnahmen im Bereich \u201eGreen Travel\u201c finden Sie <a href=\"https:\/\/eu.daad.de\/programme-und-hochschulpolitik\/erasmus-ab-2021\/erasmusplus-green\/de\/81749-foerdermoeglichkeiten-fuer-green-travel\" rel='nofollow'>hier<\/a>.<\/li>\n\n\n\n<li><a href=\"https:\/\/eu.daad.de\/infos-fuer-einzelpersonen\/foerderung-fuer-hochschulpersonal\/zusatzfoerderung-fuer-teilnehmende-mit-geringeren-chancen\/de\/82969-zusatzfoerderung-fuer-hochschulpersonal-mit-behinderung-oder-chronischer-erkrankung\/\" rel='nofollow'>Zusatzf\u00f6rderung<\/a> f\u00fcr Hochschulpersonal mit Behinderung oder chronischer Erkrankung<\/li>\n\n\n\n<li><a href=\"https:\/\/eu.daad.de\/infos-fuer-einzelpersonen\/foerderung-fuer-hochschulpersonal\/zusatzfoerderung-fuer-teilnehmende-mit-geringeren-chancen\/de\/82978-zusatzfoerderung-fuer-teilnehmende-die-ihre-auslandsmobilitaet-mit-kindern-antreten\/\" rel='nofollow'>Zusatzf\u00f6rderung <\/a>f\u00fcr Teilnehmende mit Kind(ern)<\/li>\n\n\n\n<li>Detaillierte Angaben sind dem aktuellen <a href=\"https:\/\/www.hcu-hamburg.de\/fileadmin\/documents\/IO\/OUTGOING\/2025-2026_Kriterienkatalog_Zusatzfoerderung_V9.pdf\" rel='nofollow'>Kriterienkatalog zur finanziellen Zusatzf\u00f6rderung<\/a> zu entnehmen.<a id=\"_msocom_1\" rel='nofollow'><\/a><\/li>\n<\/ul>\n<\/details>\n\n\n\n<hr class=\"wp-block-separator has-alpha-channel-opacity\" \/>\n\n\n\n<details class=\"wp-block-details is-layout-flow wp-block-details-is-layout-flow\"><summary><strong>Bewerbungsverfahren f\u00fcr Personalmobilt\u00e4ten STA und STT<\/strong><\/summary>\n<p><\/p>\n\n\n\n<p class=\"has-text-align-center\">Bewerbungen f\u00fcr STA und STT unterliegen Bewerbungsfristen.<\/p>\n\n\n\n<p class=\"has-text-align-center\">STA\/STT 31. Januar: F\u00fcr alle zwischen 01. April und 31. August geplanten Mobilit\u00e4tsma\u00dfnahmen<\/p>\n\n\n\n<p class=\"has-text-align-center\">STA\/STT 30. Juni: F\u00fcr alle zwischen 01. September und 31. M\u00e4rz geplanten Mobilit\u00e4tsma\u00dfnahmen<\/p>\n\n\n\n<hr class=\"wp-block-separator has-alpha-channel-opacity\" \/>\n\n\n\n<ul class=\"wp-block-list\">\n<li>Bewerbungen sind m\u00f6glich, solange F\u00f6rdermittel zur Verf\u00fcgung stehen.<\/li>\n\n\n\n<li>Bitte reichen Sie folgende Unterlagen via E-Mail an <a href=\"mailto:UniBwHamburgInternationalOffice@bundeswehr.org\" rel='nofollow'>UniBwHamburgInternationalOffice@bundeswehr.org<\/a> beim International Office der <abbr title=\"Helmut-Schmidt-Universit\u00e4t\">HSU<\/abbr>\/UniBw H ein:\n<ul class=\"wp-block-list\">\n<li><a href=\"https:\/\/www.hsu-hh.de\/auslandsstud\/startseite\/downloads\">Erasmus + Bewerbungsformular Personalmobilit\u00e4t STA_STT<\/a> <\/li>\n\n\n\n<li>Tabellarischer Lebenslauf<\/li>\n\n\n\n<li>Zustimmung des\/r Vorgesetzten zum geplanten Vorhaben (ausgenommen Professorenschaft)<\/li>\n\n\n\n<li>STA: Einladungsschreiben mit Angaben zur Gastinstitution, zum Zeitraum und Zweck Ihrer Mobilit\u00e4t sowie dem Lehrumfang in Stunden<\/li>\n\n\n\n<li>STT: Einladung der Gastinstitution aus welcher die Zeit, Inhalt und Ziele der Weiterbildungsma\u00dfnahmen hervorgehen<\/li>\n<\/ul>\n<\/li>\n<\/ul>\n\n\n\n<p><\/p>\n\n\n\n<hr class=\"wp-block-separator has-alpha-channel-opacity\" \/>\n\n\n\n<p><strong>Liegen die geforderten Dokumente dem International Office der <abbr title=\"Helmut-Schmidt-Universit\u00e4t\">HSU<\/abbr>\/UniBw H nicht vollst\u00e4ndig vor, findet Ihre Bewerbung keine Ber\u00fccksichtigung.<\/strong><br><\/p>\n\n\n\n<hr class=\"wp-block-separator has-alpha-channel-opacity\" \/>\n\n\n\n<p>Kann das International Office der <abbr title=\"Helmut-Schmidt-Universit\u00e4t\">HSU<\/abbr>\/UniBw H der beantragten Personalmobilit\u00e4t zustimmen, erhalten Sie folgende Dokumente mit der Bitte um ausgef\u00fcllte R\u00fccksendung:<\/p>\n\n\n\n<ul class=\"wp-block-list\">\n<li>Dienstreiseantrag<\/li>\n\n\n\n<li>Mobility Agreement<\/li>\n\n\n\n<li>Grant Agreement<\/li>\n<\/ul>\n\n\n\n<hr class=\"wp-block-separator has-alpha-channel-opacity\" \/>\n\n\n\n<p>Nach <abbr title=\"beziehungsweise\">bzw.<\/abbr> zum Ende einer durchgef\u00fchrten Personalmobilit\u00e4t:<\/p>\n\n\n\n<ul class=\"wp-block-list\">\n<li>Reichen Sie bitte eine \u201eConfirmation of Attendance\u201c beim International Office der <abbr title=\"Helmut-Schmidt-Universit\u00e4t\">HSU<\/abbr>\/UniBw H ein. Dieses Dokument stellt Ihnen \u00fcblicherweise die Gastinstitution aus. <\/li>\n\n\n\n<li>Sie erhalten per E-Mail eine Aufforderung zum Ausf\u00fcllen des EU-Fragebogens (EU-Survey). Bitte speichern Sie das PDF der ausgef\u00fcllten Evaluation f\u00fcr Ihre Unterlagen ab.<br><\/li>\n<\/ul>\n<\/details>\n\n\n\n<hr class=\"wp-block-separator has-alpha-channel-opacity\" \/>\n\n\n\n<details class=\"wp-block-details is-layout-flow wp-block-details-is-layout-flow\"><summary><strong>Auswahl- und Vergabeverfahren<\/strong> <strong>f\u00fcr Personalmobilit\u00e4ten STA und STT<\/strong><\/summary>\n<p><\/p>\n\n\n\n<p>Die Auswahl von Teilnehmenden an der Erasmus+ Personalmobilit\u00e4t zu Lehrzwecken (STA) sowie Fort- und Weiterbildungen (STT) erfolgt auf Grundlage einer Pr\u00fcfung der eingereichten Bewerbungen durch das International Office der <abbr title=\"Helmut-Schmidt-Universit\u00e4t\">HSU<\/abbr>\/UniBw H. Die Entscheidung \u00fcber eine F\u00f6rderung wird anhand der folgenden Kriterien getroffen:<\/p>\n\n\n\n<ul class=\"wp-block-list\">\n<li>STA und STT: Fachliche Relevanz sowie institutioneller Mehrwert f\u00fcr Sie und die <abbr title=\"Helmut-Schmidt-Universit\u00e4t\">HSU<\/abbr>\/UniBw H<\/li>\n\n\n\n<li>STA: Beitrag zur Internationalisierung von Lehre und Studium<\/li>\n\n\n\n<li>STA: Erwartbarer Nutzen f\u00fcr die teilnehmende Lehrperson und <abbr title=\"gegebenenfalls\">ggf.<\/abbr> die Studierenden<\/li>\n\n\n\n<li>STA und STT: Nachhaltigkeit der Ma\u00dfnahme sowie geplante Folgeaktivit\u00e4ten<\/li>\n\n\n\n<li>STA und STT: Bereitschaft Gegenbesuche zu empfangen und zu betreuen<\/li>\n<\/ul>\n\n\n\n<p><\/p>\n\n\n\n<p>Bef\u00fcllen Sie daf\u00fcr das Feld \u201eBegr\u00fcndung f\u00fcr die geplante Auslandsmobilit\u00e4t\u201c im <a href=\"https:\/\/www.hsu-hh.de\/auslandsstud\/startseite\/downloads\">Erasmus + Bewerbungsformular Personalmobilit\u00e4t STA_STT<\/a> anhand der oben aufgef\u00fchrten Kriterien.<\/p>\n\n\n\n<p>Bewerbende, die erstmals an einer Erasmus+-Mobilit\u00e4t teilnehmen, werden im Auswahlprozess besonders ber\u00fccksichtigt; eine erneute F\u00f6rderung ist grunds\u00e4tzlich m\u00f6glich.<\/p>\n\n\n\n<p>Ziel ist es zudem, Mitarbeitende aus m\u00f6glichst unterschiedlichen Bereichen der Hochschule zu f\u00f6rdern.<\/p>\n\n\n\n<p>Schwerbehinderte Menschen und ihnen gleichgestellte Personen werden bei gleicher Qualifikation bevorzugt ber\u00fccksichtigt.<\/p>\n<\/details>\n\n\n\n<hr class=\"wp-block-separator has-alpha-channel-opacity\" \/>\n\n\n\n<details class=\"wp-block-details is-layout-flow wp-block-details-is-layout-flow\"><summary><strong>Wichtige Hinweise zum Versicherungsschutz, Steuererkl\u00e4rung und Sonstiges<\/strong><\/summary>\n<details class=\"wp-block-details is-layout-flow wp-block-details-is-layout-flow\"><summary>Versicherungsschutz<\/summary>\n<ul class=\"wp-block-list\">\n<li>Mit der Gew\u00e4hrung eines Erasmus+ Grants ist kein automatischer Versicherungsschutz verbunden. Weder die Europ\u00e4ische Kommission noch die Nationale Agentur DAAD oder die <abbr title=\"Helmut-Schmidt-Universit\u00e4t\">HSU<\/abbr>\/UniBw H \u00fcbernehmen eine Haftung f\u00fcr Sch\u00e4den, die im Zusammenhang mit einem Erasmus+ Auslandsaufenthalt entstehen, etwa durch Krankheit, Unfall, Tod, Personensch\u00e4den sowie Verlust oder Besch\u00e4digung von Eigentum.<\/li>\n\n\n\n<li>Mit Abschluss des Grant Agreements verpflichten sich die gef\u00f6rderten Mobilit\u00e4ten, eigenst\u00e4ndig f\u00fcr einen ausreichenden Versicherungsschutz zu sorgen. Dieser sollte insbesondere folgende Bereiche abdecken:<ul><li>Ggf. eine Reiseversicherung <\/li><\/ul>\n<ul class=\"wp-block-list\">\n<li>Haftpflichtversicherung (<abbr title=\"gegebenenfalls\">ggf.<\/abbr> Berufs- und\/oder Privathaftpflicht)<\/li>\n\n\n\n<li>Unfallversicherung (bei Dienstreisen besteht grunds\u00e4tzlich Unfallversicherungsschutz)<\/li>\n\n\n\n<li>Absicherung bei schweren Erkrankungen, einschlie\u00dflich vollst\u00e4ndiger oder teilweiser Arbeitsunf\u00e4higkeit<\/li>\n\n\n\n<li>Risikolebensversicherung, inklusive einer m\u00f6glichen R\u00fcckf\u00fchrung aus dem Ausland<\/li>\n<\/ul>\n<\/li>\n\n\n\n<li>Zus\u00e4tzlich wird empfohlen, eine g\u00fcltige <a href=\"https:\/\/employment-social-affairs.ec.europa.eu\/policies-and-activities\/moving-working-europe\/eu-social-security-coordination\/european-health-insurance-card_de\" rel='nofollow'>Europ\u00e4ische Krankenversicherungskarte<\/a> mitzuf\u00fchren.<\/li>\n\n\n\n<li>Teilnehmende haben die M\u00f6glichkeit, sich in der <a href=\"https:\/\/www.daad.de\/de\/im-ausland-studieren-forschen-lehren\/stipendien-finanzierung\/daad-versicherungen\/versicherung-im-ausland\/\" rel='nofollow'>Gruppenversicherung des DAAD <\/a>versichern zu lassen, die einen umfassenden Schutz bietet. Weitere Informationen erhalten Sie bei der Versicherungsstelle des DAAD unter der Telefonnummer 0228 \/ 882-294.<\/li>\n\n\n\n<li>Da die <abbr title=\"Helmut-Schmidt-Universit\u00e4t\">HSU<\/abbr>\/UniBw H F\u00f6rdermittel ausschlie\u00dflich f\u00fcr tats\u00e4chlich durchgef\u00fchrte Reisen einsetzen darf, ist eine Erstattung von Kosten f\u00fcr nicht angetretene Aufenthalte nicht m\u00f6glich. Bitte beachten Sie dies bei Ihrer Reiseplanung und erw\u00e4gen Sie den Abschluss einer passenden Reiser\u00fccktrittsversicherung.<\/li>\n<\/ul>\n<\/details>\n\n\n\n<details class=\"wp-block-details is-layout-flow wp-block-details-is-layout-flow\"><summary>Steuererkl\u00e4rung<\/summary>\n<ul class=\"wp-block-list\">\n<li>Die im Grant Agreement festgelegten Pauschalbetr\u00e4ge sind in der Steuererkl\u00e4rung als Einnahmen zu deklarieren. Die tats\u00e4chlich entstandenen Ausgaben k\u00f6nnen im Gegenzug als Werbungskosten angesetzt werden. Als Nachweis f\u00fcr die Einnahmen dient das Grant Agreement. Bitte bewahren Sie au\u00dferdem s\u00e4mtliche Ausgabenbelege sorgf\u00e4ltig auf, um diese bei eventuellen R\u00fcckfragen des Finanzamts vorlegen zu k\u00f6nnen.<\/li>\n<\/ul>\n<\/details>\n\n\n\n<details class=\"wp-block-details is-layout-flow wp-block-details-is-layout-flow\"><summary>Sonstiges<\/summary>\n<ul class=\"wp-block-list\">\n<li>\u00c4nderungen der Mobilit\u00e4t \u2013 beispielsweise Verk\u00fcrzung des Aufenthalts, Anpassungen der An- oder Abreisetage, des Abreiseortes oder Terminverschiebungen \u2013 sind unverz\u00fcglich per E-Mail an <a href=\"mailto:UniBwHamburgInternationalOffice@bundeswehr.org\" rel='nofollow'>UniBwHamburgInternationalOffice@bundeswehr.org<\/a> zu melden.<\/li>\n\n\n\n<li>Ein Rechtsanspruch auf F\u00f6rderung besteht nicht. Die Bewilligung erfolgt vorbehaltlich der Bereitstellung und Verf\u00fcgbarkeit der finanziellen Mittel.<\/li>\n\n\n\n<li>Stornokosten k\u00f6nnen nicht \u00fcbernommen werden. Daher wird der Abschluss einer Reiser\u00fccktrittskostenversicherung empfohlen.<\/li>\n\n\n\n<li>Reise und Unterkunft sollten erst gebucht werden, wenn das \u201eMobility Agreement for Teaching\u201c von allen drei Parteien sowie das Grant Agreement von beiden Seiten unterzeichnet vorliegt. Vorzeitige Buchungen erfolgen auf eigenes Risiko. Bei kurzfristigem R\u00fccktritt k\u00f6nnen bereits ausgezahlte Pauschalen unter Umst\u00e4nden zur\u00fcckerstattet werden.<\/li>\n\n\n\n<li>F\u00fcr private Urlaubsanteile, die mit der Erasmus+-Mobilit\u00e4t kombiniert werden, kommt die <abbr title=\"Helmut-Schmidt-Universit\u00e4t\">HSU<\/abbr>\/<abbr title=\"Universit\u00e4t der Bundeswehr Hamburg\">UniBwH<\/abbr> nicht auf.<\/li>\n\n\n\n<li>Beachten Sie au\u00dferdem die aktuellen Reise- und Sicherheitshinweise des <a href=\"https:\/\/www.auswaertiges-amt.de\/de\/ReiseUndSicherheit\/reise-und-sicherheitshinweise\" rel='nofollow'>Ausw\u00e4rtigen Amts<\/a> und tragen Sie sich bei Interesse in die Krisenvorsorgeliste \u201e<a href=\"https:\/\/krisenvorsorgeliste.diplo.de\/signin\" rel='nofollow'>ELEFAND<\/a>\u201c (Elektronische Erfassung von Deutschen im Ausland) ein.<\/li>\n<\/ul>\n<\/details>\n<\/details>\n\n\n\n<hr class=\"wp-block-separator has-alpha-channel-opacity\" \/>\n\n\n\n<p><a id=\"_msocom_1\" rel='nofollow'><\/a><\/p>\n","protected":false},"excerpt":{"rendered":"<p>Allgemeines Erasmus+ f\u00f6rdert zeitlich begrenzte Lehrmobilit\u00e4ten (STA) sowie Mobilit\u00e4ten zu Fort- und Weiterbildungen (STT) von Hochschulangeh\u00f6rigen an Partnerinstitutionen in Programml\u00e4ndern, sofern diese \u00fcber eine g\u00fcltige Erasmus-Charta f\u00fcr die Hochschulbildung (ECHE) [&hellip;]<\/p>\n","protected":false},"author":2172,"featured_media":0,"parent":171,"menu_order":3,"comment_status":"closed","ping_status":"closed","template":"","meta":{"footnotes":""},"categories":[56,58,131,215,94],"tags":[100,110,255,257],"class_list":["post-562","page","type-page","status-publish","hentry","category-erasmus","category-informationen","category-lehre-de","category-outgoing","category-programs","tag-austauschprogramme","tag-erasmus","tag-mobilitaeten","tag-moeglichkeiten"],"_links":{"self":[{"href":"https:\/\/www.hsu-hh.de\/auslandsstud\/wp-json\/wp\/v2\/pages\/562","targetHints":{"allow":["GET"]}}],"collection":[{"href":"https:\/\/www.hsu-hh.de\/auslandsstud\/wp-json\/wp\/v2\/pages"}],"about":[{"href":"https:\/\/www.hsu-hh.de\/auslandsstud\/wp-json\/wp\/v2\/types\/page"}],"author":[{"embeddable":true,"href":"https:\/\/www.hsu-hh.de\/auslandsstud\/wp-json\/wp\/v2\/users\/2172"}],"replies":[{"embeddable":true,"href":"https:\/\/www.hsu-hh.de\/auslandsstud\/wp-json\/wp\/v2\/comments?post=562"}],"version-history":[{"count":97,"href":"https:\/\/www.hsu-hh.de\/auslandsstud\/wp-json\/wp\/v2\/pages\/562\/revisions"}],"predecessor-version":[{"id":3337,"href":"https:\/\/www.hsu-hh.de\/auslandsstud\/wp-json\/wp\/v2\/pages\/562\/revisions\/3337"}],"up":[{"embeddable":true,"href":"https:\/\/www.hsu-hh.de\/auslandsstud\/wp-json\/wp\/v2\/pages\/171"}],"wp:attachment":[{"href":"https:\/\/www.hsu-hh.de\/auslandsstud\/wp-json\/wp\/v2\/media?parent=562"}],"wp:term":[{"taxonomy":"category","embeddable":true,"href":"https:\/\/www.hsu-hh.de\/auslandsstud\/wp-json\/wp\/v2\/categories?post=562"},{"taxonomy":"post_tag","embeddable":true,"href":"https:\/\/www.hsu-hh.de\/auslandsstud\/wp-json\/wp\/v2\/tags?post=562"}],"curies":[{"name":"wp","href":"https:\/\/api.w.org\/{rel}","templated":true}]}}