{"id":559,"date":"2020-06-24T15:10:16","date_gmt":"2020-06-24T13:10:16","guid":{"rendered":"https:\/\/www.hsu-hh.de\/auslandsstud\/?page_id=559"},"modified":"2020-07-01T14:08:43","modified_gmt":"2020-07-01T12:08:43","slug":"eps","status":"publish","type":"page","link":"https:\/\/www.hsu-hh.de\/auslandsstud\/eps","title":{"rendered":"European Policy Statement"},"content":{"rendered":"<p>Erkl\u00e4rung zur ERASMUS Hochschulpolitik (ERASMUS Policy Statement)<\/p>\n<p>Die Helmut-Schmidt-Universit\u00e4t \/ Universit\u00e4t der Bundeswehr Hamburg bekennt sich als wissenschaftliche Hochschule im Gesch\u00e4ftsbereich des Bundesministers der Verteidigung zu den Grunds\u00e4tzen und Zielen des Bildungsprogramms der Europ\u00e4ischen Union. Sie hat erfolgreich 2007 bis 2013 am ERASMUS-Programm teilgenommen. Die 23 Partnerschaften, die sie im Rahmen dieses Programms schlie\u00dfen konnten, umfassen nahezu alle europ\u00e4ischen Kooperationen der\u00a0<abbr title=\"Helmut-Schmidt-Universit\u00e4t\/ Universit\u00f6t der Bundeswehr Hamburg\">HSU<\/abbr>\/UniBw Hamburg. Gegenw\u00e4rtig sind drei weitere ERASMUS-Abkommen in der Anbahnung.<\/p>\n<p>Die\u00a0<abbr title=\"Helmut-Schmidt-Universit\u00e4t\/ Universit\u00f6t der Bundeswehr Hamburg\">HSU<\/abbr>\/UniBw Hamburg hat zum Studienjahr 2007\/08 alle ihre Studieng\u00e4nge dem Bologna-Studienmodell gem\u00e4\u00df reformiert und akkreditiert. 2012 wurden alle Studieng\u00e4nge reakkreditiert und der neue Studiengang Psychologie akkreditiert. Alle mittlerweile neun Studieng\u00e4nge sind als Bachelor-\/Masterstudieng\u00e4nge (25 Studienprogramme) ausgewiesen. Die Studienleistungen werden gem\u00e4\u00df dem European Credit Transfer System (ECTS) zertifiziert und die Absolventen erhalten zusammen mit ihrem Abschlu\u00dfzeugnis das geforderte Diploma Supplement.<\/p>\n<p>Die Internationalisierungsstrategie der\u00a0<abbr title=\"Helmut-Schmidt-Universit\u00e4t\/ Universit\u00f6t der Bundeswehr Hamburg\">HSU<\/abbr>\/UniBw Hamburg fu\u00dft weiterhin auf die vom Akademischen Senat 2004 beschlossen Richtlinie (SV XVI\/325\/94). Im R\u00fcckblick auf das ERASMUS Policy Statement 2007 kann festgehalten werden:<\/p>\n<p>Die Umsetzung der Ziele des Bologna-Prozesses ist an der\u00a0<abbr title=\"Helmut-Schmidt-Universit\u00e4t\/ Universit\u00f6t der Bundeswehr Hamburg\">HSU<\/abbr>\/UniBw Hamburg gelungen.<br \/>\nDie\u00a0<abbr title=\"Helmut-Schmidt-Universit\u00e4t\/ Universit\u00f6t der Bundeswehr Hamburg\">HSU<\/abbr>\/UniBw Hamburg h\u00e4lt an dem Ziel fest, die Chancen zur Entwicklung eines internationalen Profils zu nutzen, die in der Entwicklung gemeinsamer Masterstudieng\u00e4nge mit ihren internationalen Partneruniversit\u00e4ten liegen.<br \/>\nSeit 2004 sind die internationalen Beziehungen der\u00a0<abbr title=\"Helmut-Schmidt-Universit\u00e4t\/ Universit\u00f6t der Bundeswehr Hamburg\">HSU<\/abbr>\/UniBw Hamburg gezielt ausgebaut worden: Mittlerweile hat die Universit\u00e4t mehr als 50 akademische Partnerschaften. 2008 wurde ein Akademisches Auslandsamt eingerichtet, um diese Kooperationen zu pflegen und weiterzuentwickeln.<br \/>\nDas ERASMUS-Programm ist f\u00fcr die europ\u00e4ischen Kooperationen der\u00a0<abbr title=\"Helmut-Schmidt-Universit\u00e4t\/ Universit\u00f6t der Bundeswehr Hamburg\">HSU<\/abbr>\/UniBw Hamburg zum unverzichtbaren Rahmenwerk geworden.<br \/>\nF\u00fcr 2013 sind Auslandstudienaufenthalte f\u00fcr 15% der Studierenden eines Studienjahrganges geplant, zusammen mit den \u00fcbrigen Auslandsaufenthalten (Praktika, Recherche f\u00fcr Abschlu\u00dfarbeiten) ergibt sich, da\u00df das angestrebte Ziel von insgesamt 20% erreicht werden konnte. Die\u00a0<abbr title=\"Helmut-Schmidt-Universit\u00e4t\/ Universit\u00f6t der Bundeswehr Hamburg\">HSU<\/abbr>\/UniBw Hamburg h\u00e4lt f\u00fcr den Zeitraum 2014 \u2013 2020 daran fest, 20% eines Studienjahrganges die Chance eines Auslandsstudiums zu er\u00f6ffnen.<br \/>\nDie Zahl der \u201eIncomings\u201c, der Gaststudierenden hat sich seit 2007 stetig erh\u00f6ht. Mittlerweile sind in jedem Trimester ca. 40 Gaststudierende an der\u00a0<abbr title=\"Helmut-Schmidt-Universit\u00e4t\/ Universit\u00f6t der Bundeswehr Hamburg\">HSU<\/abbr>\/UniBw Hamburg eingeschrieben, davon kommt die H\u00e4lfte im Rahmen von ERASMUS an unsere Universit\u00e4t. Die Zahl von 40 Gaststudierenden wird voraussichtlich im Herbsttrimester 2013 deutlich \u00fcbertroffen werden.<br \/>\nDas Akademische Auslandsamt unterst\u00fctzt die Professuren der\u00a0<abbr title=\"Helmut-Schmidt-Universit\u00e4t\/ Universit\u00f6t der Bundeswehr Hamburg\">HSU<\/abbr>\/UniBw Hamburg gezielt bei ihrer internationalen Ausrichtung. Die Zahl der ERASMUS-Dozenturen w\u00e4chst langsam auf. F\u00fcr die neue Periode wird ein Schwerpunkt f\u00fcr die Arbeit des Akademischen Auslandsamtes bei der Unterst\u00fctzung des wissenschaftlichen Nachwuchses liegen. Hier sind die ERASMUS-Zuwendungen f\u00fcr die\u00a0<abbr title=\"Helmut-Schmidt-Universit\u00e4t\/ Universit\u00f6t der Bundeswehr Hamburg\">HSU<\/abbr>\/UniBw Hamburg unverzichtbar.<br \/>\nDie\u00a0<abbr title=\"Helmut-Schmidt-Universit\u00e4t\/ Universit\u00f6t der Bundeswehr Hamburg\">HSU<\/abbr>\/UniBw Hamburg bekennt sich auch f\u00fcr die neue Periode zur Internationalisierung als wichtigem Kriterium ihrer Berufungspolitik sowohl bei der Lehre wie auch bei der Forschung.<br \/>\nDie\u00a0<abbr title=\"Helmut-Schmidt-Universit\u00e4t\/ Universit\u00f6t der Bundeswehr Hamburg\">HSU<\/abbr>\/UniBw Hamburg beantragt die Zuerkennung der neuen ERASMUS-Charta in der Absicht, sich zu den Grunds\u00e4tzen und Zielen des Europ\u00e4schen Modernisierungs- und Internationalisierungsprogramms zu bekennen und zu deren Verwirklichung beizutragen.\u00a0 Sie nimmt f\u00fcr sich die f\u00fcnf Priorisierungen der Europ\u00e4ischen\u00a0 Kommission an:<\/p>\n<p>Als Universit\u00e4t, an der zuk\u00fcnftige Offiziere der Bundeswehr studieren, leistet sie ihren besonderen Beitrag zur Anhebung des Bildungsgrades von Soldaten und zur Deckung von Europas Bedarf an Akademikern und Forschern. Vier von f\u00fcnf Absolventen der\u00a0<abbr title=\"Helmut-Schmidt-Universit\u00e4t\/ Universit\u00f6t der Bundeswehr Hamburg\">HSU<\/abbr>\/UniBw Hamburg werden die deutschen Streitkr\u00e4fte nach ihrer Dienstzeit von 13 Jahren verlassen und mit ihrem akademischen Abschlu\u00df einen qualifizierten Beruf in der zivilen Wirtschaft \u00fcbernehmen. Die <abbr title=\"Helmut-Schmidt-Universit\u00e4t\/ Universit\u00f6t der Bundeswehr Hamburg\">HSU<\/abbr>\/UniBw Hamburg erf\u00fcllt dar\u00fcber hinaus einen Beitrag zur akademischen Qualifizierung der Berufsoffiziere, was ein besonderes Merkmal von modernen Streitkr\u00e4ften einer Zivilgesellschaft ist.\u00a0 Die\u00a0<abbr title=\"Helmut-Schmidt-Universit\u00e4t\/ Universit\u00f6t der Bundeswehr Hamburg\">HSU<\/abbr>\/UniBw Hamburg strebt in den kommenden Jahren die \u00d6ffnung f\u00fcr zivile Studierende in enger Abstimmung mit \u00f6ffentlichen und privaten Tr\u00e4gern an.<br \/>\nDurch die Weiterentwicklung der Studieninhalte und Neueinf\u00fchrung von Weiterbildungsstudienangeboten will die\u00a0<abbr title=\"Helmut-Schmidt-Universit\u00e4t\/ Universit\u00f6t der Bundeswehr Hamburg\">HSU<\/abbr>\/UniBw Hamburg ihren Beitrag zur Verbesserung und Qualit\u00e4t der Hochschulbildung in den n\u00e4chsten Jahren leisten.<br \/>\nDas sich kontinuierlich erweiternde Netzwerk der\u00a0<abbr title=\"Helmut-Schmidt-Universit\u00e4t\/ Universit\u00f6t der Bundeswehr Hamburg\">HSU<\/abbr>\/UniBw Hamburg mit europ\u00e4ischen Partnerhochschulen f\u00fchrt zu einer erh\u00f6hten Mobilit\u00e4t von Studierenden und Wissenschaftlern und tr\u00e4gt somit zur grenz\u00fcberschreitenden Zusammenarbeit bei. Besondere Chancen ergeben sich hierbei f\u00fcr die\u00a0<abbr title=\"Helmut-Schmidt-Universit\u00e4t\/ Universit\u00f6t der Bundeswehr Hamburg\">HSU<\/abbr>\/UniBw Hamburg in der Zusammenarbeit bei der Qualifizierung von wissenschaftlichem Nachwuchs. Die hervorragende wissenschaftliche Infrastruktur unserer Universit\u00e4t ist dabei f\u00fcr unsere Partner von hohem Interesse.<br \/>\nDie\u00a0<abbr title=\"Helmut-Schmidt-Universit\u00e4t\/ Universit\u00f6t der Bundeswehr Hamburg\">HSU<\/abbr>\/UniBw Hamburg strebt f\u00fcr die nahe Zukunft an, ihre Potentiale in dem Wissensdreieck von Hochschulbildung, Forschung und Wirtschaft zu entfalten. Hierbei ist die Luftfahrtforschung in der Metropolregion Hamburg nur ein Beispiel f\u00fcr unsere Chancen bei regionaler Entwicklung und Exzellenz.<br \/>\nDie\u00a0<abbr title=\"Helmut-Schmidt-Universit\u00e4t\/ Universit\u00f6t der Bundeswehr Hamburg\">HSU<\/abbr>\/UniBw Hamburg bekennt sich in Ihrer Arbeit zum Grundsatz der kontinuierlichen Qualit\u00e4tssicherung und Qualit\u00e4tsverbesserung insbesondere in der Steuerung (\u201eGovernance\u201c) und Finanzierung bei der Internationalisierung.<br \/>\nDie\u00a0<abbr title=\"Helmut-Schmidt-Universit\u00e4t\/ Universit\u00f6t der Bundeswehr Hamburg\">HSU<\/abbr>\/UniBw Hamburg strebt an, sich an zwei Leitaktionen der Europ\u00e4ischen Kommission zu beteiligen:<\/p>\n<p>Leitaktion 1: Mobilit\u00e4t von Studierenden und Personal (innerhalb von Europa und in Drittl\u00e4ndern). Sie ist besonders darin interessiert, gemeinsame Masterabschl\u00fcsse mit europ\u00e4ischen Partnerhochschulen zu vergeben.<br \/>\nLeitaktion 2: Strategische Partnerschaften, Wissensallianzen, Aufbau von Kapazit\u00e4ten zusammen mit Nachbarschaftsl\u00e4ndern, Aufbau von Kapazit\u00e4ten mit anderen Drittl\u00e4ndern.<br \/>\nDie\u00a0<abbr title=\"Helmut-Schmidt-Universit\u00e4t\/ Universit\u00f6t der Bundeswehr Hamburg\">HSU<\/abbr>\/UniBw Hamburg f\u00fcr sich \u00fcbernimmt alle Verpflichtungen, wie sie im kommentierten Leitfaden ausformuliert wurden. Sie stimmt der Bedingung zu, da\u00df die Umsetzung der Charta \u00fcberwacht wird und da\u00df Verst\u00f6\u00dfe gegen die oben angef\u00fchrten Grunds\u00e4tze und Verpflichtungen zum Entzug der Charta durch die Europ\u00e4ische Kommission f\u00fchren k\u00f6nnen.<\/p>\n","protected":false},"excerpt":{"rendered":"<p>Erkl\u00e4rung zur ERASMUS Hochschulpolitik (ERASMUS Policy Statement) Die Helmut-Schmidt-Universit\u00e4t \/ Universit\u00e4t der Bundeswehr Hamburg bekennt sich als wissenschaftliche Hochschule im Gesch\u00e4ftsbereich des Bundesministers der Verteidigung zu den Grunds\u00e4tzen und Zielen [&hellip;]<\/p>\n","protected":false},"author":2172,"featured_media":0,"parent":0,"menu_order":2,"comment_status":"closed","ping_status":"closed","template":"","meta":{"footnotes":""},"categories":[],"tags":[],"class_list":["post-559","page","type-page","status-publish","hentry"],"_links":{"self":[{"href":"https:\/\/www.hsu-hh.de\/auslandsstud\/wp-json\/wp\/v2\/pages\/559","targetHints":{"allow":["GET"]}}],"collection":[{"href":"https:\/\/www.hsu-hh.de\/auslandsstud\/wp-json\/wp\/v2\/pages"}],"about":[{"href":"https:\/\/www.hsu-hh.de\/auslandsstud\/wp-json\/wp\/v2\/types\/page"}],"author":[{"embeddable":true,"href":"https:\/\/www.hsu-hh.de\/auslandsstud\/wp-json\/wp\/v2\/users\/2172"}],"replies":[{"embeddable":true,"href":"https:\/\/www.hsu-hh.de\/auslandsstud\/wp-json\/wp\/v2\/comments?post=559"}],"version-history":[{"count":4,"href":"https:\/\/www.hsu-hh.de\/auslandsstud\/wp-json\/wp\/v2\/pages\/559\/revisions"}],"predecessor-version":[{"id":596,"href":"https:\/\/www.hsu-hh.de\/auslandsstud\/wp-json\/wp\/v2\/pages\/559\/revisions\/596"}],"wp:attachment":[{"href":"https:\/\/www.hsu-hh.de\/auslandsstud\/wp-json\/wp\/v2\/media?parent=559"}],"wp:term":[{"taxonomy":"category","embeddable":true,"href":"https:\/\/www.hsu-hh.de\/auslandsstud\/wp-json\/wp\/v2\/categories?post=559"},{"taxonomy":"post_tag","embeddable":true,"href":"https:\/\/www.hsu-hh.de\/auslandsstud\/wp-json\/wp\/v2\/tags?post=559"}],"curies":[{"name":"wp","href":"https:\/\/api.w.org\/{rel}","templated":true}]}}