{"id":552,"date":"2020-06-24T15:05:30","date_gmt":"2020-06-24T13:05:30","guid":{"rendered":"https:\/\/www.hsu-hh.de\/auslandsstud\/?page_id=552"},"modified":"2024-02-04T17:43:21","modified_gmt":"2024-02-04T16:43:21","slug":"nachbereitung-des-auslandsaufenthaltes","status":"publish","type":"page","link":"https:\/\/www.hsu-hh.de\/auslandsstud\/outgoing\/nachbereitung-des-auslandsaufenthaltes","title":{"rendered":"Nachbereitung des Auslandsaufenthaltes"},"content":{"rendered":"<p>Sie haben erfolgreich im Ausland studiert und sind nun an die <abbr title=\"Helmut-Schmidt-Universit\u00e4t\/ Universit\u00f6t der Bundeswehr Hamburg\">HSU<\/abbr>\/ <abbr title=\"Universit\u00e4t der Bundeswehr Hamburg\">UniBwH<\/abbr> zur\u00fcckgekehrt.<\/p>\n<h2>Nun gilt es Folgendes zu beachten:<\/h2>\n<h3>Transcript of Records<\/h3>\n<p>Ihre Gasthochschule wird Ihnen nach Abschluss\u00a0 Ihres Studiums in einer angemessenen Zeit eine offizielle Leistungs\u00fcbersicht, Ihr <abbr title=\"sogenannt\">sog.<\/abbr><strong> Transcript of Records (ToR)<\/strong> ausstellen. Dieses enth\u00e4lt<\/p>\n<ul>\n<li>die Kurse, die Sie belegt haben<\/li>\n<li>die Noten, die Sie erzielt haben<\/li>\n<li>die Credits, die Sie erlangt haben<\/li>\n<li>eine Notenverteilungs\u00fcbersicht (bestenfalls)<\/li>\n<\/ul>\n<p>Das Transcript of Records geben Sie bitte nach Ihrer R\u00fcckkehr an die <abbr title=\"Helmut-Schmidt-Universit\u00e4t\/ Universit\u00f6t der Bundeswehr Hamburg\">HSU<\/abbr>\/ <abbr title=\"Universit\u00e4t der Bundeswehr Hamburg\">UniBwH<\/abbr> im Akademischen Auslandsamt ab.\u00a0 Auf Grundlage des vor Studienaufnahme mit Ihnen vereinbarten Learning Agreements und des nun vorliegenden Transcript of Records wird hier die Notenanerkennung und \u2013umrechnung vorgenommen; diese wird an das Pr\u00fcfungsamt weitergeleitet, welches die im Ausland erworbenen Noten in Ihr Notenkonto im CMS eintr\u00e4gt.<\/p>\n<h3>Erfahrungsbericht<\/h3>\n<p>Nach Ma\u00dfgabe des Leitfadens \u201eVerfahren bei Auslandsstudienaufenthalten\u201c sind Sie gehalten, innerhalb eines Monats nach R\u00fcckkehr aus dem Ausland einen Erfahrungsbericht zu schreiben und uns im International Office zukommen zu lassen. Ihren Erfahrungsbericht laden Sie hierzu auf der eigens vorgesehenen <a href=\"https:\/\/ilias.hsu-hh.de\/ilias.php?ref_id=504217&amp;cmdClass=ilrepositorygui&amp;cmdNode=zn&amp;baseClass=ilRepositoryGUI\" rel='nofollow'>Ilias-Seite<\/a> hoch. Dieser wird dann anonymisiert Ihren Kommilitonen zur Verf\u00fcgung gestellt werden. Einen Leitfaden zur Erstellung des Erfahrungsberichtes finden Sie <a href=\"https:\/\/www.hsu-hh.de\/auslandsstud\/wp-content\/uploads\/sites\/767\/2018\/01\/Leitfragen-Erfahrungsbericht-Auslandsstudium.pdf\">hier<\/a>.<\/p>\n<h3>Besonderheiten zur Nachbereitung eines ERASMUS+ Studiums im Ausland<\/h3>\n<p>Wenn Sie \u00fcber ein<strong> ERASMUS+<\/strong> Abkommen an einer unserer europ\u00e4ischen Partneruniversit\u00e4ten studiert haben, sind noch einige zus\u00e4tzliche Schritte in der Nachbereitung des Studiums zu gehen:<\/p>\n<ol>\n<li>Bitte lassen Sie sich vor Abreise von Ihrer Gastuniversit\u00e4t das <abbr title=\"sogenannt\">sog.<\/abbr> <strong>\u201eCertificate of Attendance\u201c<\/strong> ausstellen; diese Bescheinigung best\u00e4tigt den Zeitraum Ihrer Immatrikulation an der Einrichtung \u2013 sie darf max. f\u00fcnf Tage vor Ihrem offiziellem Studienende ausgestellt werden.<\/li>\n<li>Nach Abschluss Ihres Studiums im Ausland werden Sie aufgefordert werden, den <abbr title=\"sogenannt\">sog.<\/abbr> <strong>EU-Survey<\/strong> auszuf\u00fcllen; f\u00fcr die Beantwortung des onlinebasierten Teilnahmeberichtes haben Sie 30 Tage Zeit.<\/li>\n<\/ol>\n","protected":false},"excerpt":{"rendered":"<p>Sie haben erfolgreich im Ausland studiert und sind nun an die HSU\/ UniBwH zur\u00fcckgekehrt. Nun gilt es Folgendes zu beachten: Transcript of Records Ihre Gasthochschule wird Ihnen nach Abschluss\u00a0 Ihres [&hellip;]<\/p>\n","protected":false},"author":2172,"featured_media":0,"parent":168,"menu_order":4,"comment_status":"closed","ping_status":"closed","template":"","meta":{"footnotes":""},"categories":[215,227,108],"tags":[235,233,229,231],"class_list":["post-552","page","type-page","status-publish","hentry","category-outgoing","category-return","category-student-exchange","tag-anerkennung","tag-nachbereitung","tag-return","tag-rueckkehr"],"_links":{"self":[{"href":"https:\/\/www.hsu-hh.de\/auslandsstud\/wp-json\/wp\/v2\/pages\/552","targetHints":{"allow":["GET"]}}],"collection":[{"href":"https:\/\/www.hsu-hh.de\/auslandsstud\/wp-json\/wp\/v2\/pages"}],"about":[{"href":"https:\/\/www.hsu-hh.de\/auslandsstud\/wp-json\/wp\/v2\/types\/page"}],"author":[{"embeddable":true,"href":"https:\/\/www.hsu-hh.de\/auslandsstud\/wp-json\/wp\/v2\/users\/2172"}],"replies":[{"embeddable":true,"href":"https:\/\/www.hsu-hh.de\/auslandsstud\/wp-json\/wp\/v2\/comments?post=552"}],"version-history":[{"count":7,"href":"https:\/\/www.hsu-hh.de\/auslandsstud\/wp-json\/wp\/v2\/pages\/552\/revisions"}],"predecessor-version":[{"id":1505,"href":"https:\/\/www.hsu-hh.de\/auslandsstud\/wp-json\/wp\/v2\/pages\/552\/revisions\/1505"}],"up":[{"embeddable":true,"href":"https:\/\/www.hsu-hh.de\/auslandsstud\/wp-json\/wp\/v2\/pages\/168"}],"wp:attachment":[{"href":"https:\/\/www.hsu-hh.de\/auslandsstud\/wp-json\/wp\/v2\/media?parent=552"}],"wp:term":[{"taxonomy":"category","embeddable":true,"href":"https:\/\/www.hsu-hh.de\/auslandsstud\/wp-json\/wp\/v2\/categories?post=552"},{"taxonomy":"post_tag","embeddable":true,"href":"https:\/\/www.hsu-hh.de\/auslandsstud\/wp-json\/wp\/v2\/tags?post=552"}],"curies":[{"name":"wp","href":"https:\/\/api.w.org\/{rel}","templated":true}]}}