{"id":550,"date":"2020-06-24T15:04:32","date_gmt":"2020-06-24T13:04:32","guid":{"rendered":"https:\/\/www.hsu-hh.de\/auslandsstud\/?page_id=550"},"modified":"2026-01-21T10:38:20","modified_gmt":"2026-01-21T09:38:20","slug":"todo-nach-erfolgreicher-bewerbung","status":"publish","type":"page","link":"https:\/\/www.hsu-hh.de\/auslandsstud\/outgoing\/todo-nach-erfolgreicher-bewerbung","title":{"rendered":"Vorbereitung des Auslandsaufenthaltes"},"content":{"rendered":"\n<p>Sie haben sich erfolgreich f\u00fcr ein Studium im Ausland beworben und wir im International Office haben Ihre Nominierung an die entsprechende Partneruniversit\u00e4t auf den Weg gebracht.<\/p>\n\n\n\n<h3 class=\"wp-block-heading\">Nun gilt es Folgendes zu beachten und diese Checkliste anzugehen:<\/h3>\n\n\n\n<p><\/p>\n\n\n\n<figure class=\"wp-block-image size-large\"><img loading=\"lazy\" decoding=\"async\" width=\"1024\" height=\"666\" src=\"https:\/\/www.hsu-hh.de\/auslandsstud\/wp-content\/uploads\/sites\/767\/2025\/09\/Zeichnung2-1024x666.jpg\" data-credit=\"IO\" alt=\"\" class=\"wp-image-2404\" srcset=\"https:\/\/www.hsu-hh.de\/auslandsstud\/wp-content\/uploads\/sites\/767\/2025\/09\/Zeichnung2-1024x666.jpg 1024w, https:\/\/www.hsu-hh.de\/auslandsstud\/wp-content\/uploads\/sites\/767\/2025\/09\/Zeichnung2-300x195.jpg 300w, https:\/\/www.hsu-hh.de\/auslandsstud\/wp-content\/uploads\/sites\/767\/2025\/09\/Zeichnung2-768x499.jpg 768w, https:\/\/www.hsu-hh.de\/auslandsstud\/wp-content\/uploads\/sites\/767\/2025\/09\/Zeichnung2-1100x715.jpg 1100w, https:\/\/www.hsu-hh.de\/auslandsstud\/wp-content\/uploads\/sites\/767\/2025\/09\/Zeichnung2.jpg 1247w\" sizes=\"auto, (max-width: 1024px) 100vw, 1024px\" \/><\/figure>\n\n\n<h3>Im Folgenden werden die Vorbereitungsschritte f\u00fcr ein Auslandsstudium n\u00e4her erl\u00e4utert:<\/h3>\n<h3>1. Die Nominierung durch das International Office<\/h3>\n<p>Sie sind vom uns im International Office (ak) dar\u00fcber informiert worden, dass Ihre Bewerbung erfolgreich war und wir Sie an Ihre Wunschuniversit\u00e4t oder m\u00f6glicherweise an eine alternative Universit\u00e4t nominiert haben.<\/p>\n<p>Dies bedeutet nicht, dass Sie damit auch schon die Zusage zum Studium seitens der Partneruniversit\u00e4t erhalten haben. Jede Partneruniversit\u00e4t hat die M\u00f6glichkeit, nominierte Studierende auch abzulehnen.<\/p>\n<p>In der Regel werden Sie im Anschluss an die Nominierung von der Partneruniversit\u00e4t angeschrieben und gebeten, nochmals Bewerbungsunterlagen einzureichen \u2013 dieses kann \u00fcber ein Bewerbungsportal geschehen oder auch per E-Mail.<\/p>\n<p>Bitte achten Sie hier immer auch auf <strong>Fristen<\/strong>, die Ihnen seitens der Universit\u00e4ten mitgeteilt werden.<\/p>\n<p>Gegeben falls kann es einige Zeit dauern, bis Sie die finale Zusage zum Studium an der Partneruniversit\u00e4t erhalten.<\/p>\n<h3>2. Gruppenleiter\/in informieren<\/h3>\n<p>Bitte informieren Sie umgehend nach der Nominierung Ihre\/n Gruppenleiter\/in.<\/p>\n<p>Ihr\/e<strong> Gruppenleiter\/in<\/strong> wird Ihnen den Laufzettel \u201eVerfahren zur Genehmigung und Anordnung von Auslandsstudienaufenthalten studierender Offiziere und Offizieranw\u00e4rter\/innen\u201c zug\u00e4nglich machen.<\/p>\n<h3>3. 90\/5-er beantragen<\/h3>\n<p>Bitte k\u00fcmmern Sie sich rechtzeitig um einen Termin f\u00fcr die \u00e4rztliche Untersuchung 90\/5-er zur Feststellung der Auslandsverwendungsf\u00e4higkeit. Bitte bedenken Sie, dass die Untersuchungen je nach Gastland unterschiedlich umfangreich ausfallen k\u00f6nnen.<\/p>\n<p>Wir empfehlen Ihnen, den 90\/5-er parallel zur Information Ihrer Gruppenleiterin\/Ihres Gruppenleiters \u00fcber die Zusage unter Benennung einer groben Aufenthaltsdauer (hier gen\u00fcgen i.d.R. die Anzahl der Auslandsmonate) zu beantragen.<\/p>\n<h3>4. Reisepass und Personalausweis<\/h3>\n<p>Stellen Sie sicher, dass diese personalausweisenden Dokumente ihre G\u00fcltigkeit \u00fcber die Dauer Ihres geplanten Auslandsstudiums besitzen.<\/p>\n<p>F\u00fcr Aufenthalte im Nicht-EU-Ausland ben\u00f6tigen Sie einen g\u00fcltigen Reisepass; bitte beachten Sie, dass die Ausstellung eines Reisepasses i.d.R. 4-6 Wochen dauern kann.<\/p>\n<h3>5. Learning Agreement anfertigen<\/h3>\n<p>In dem <a href=\"https:\/\/www.hsu-hh.de\/auslandsstud\/wp-content\/uploads\/sites\/767\/2025\/04\/Learning-Agreement-1.pdf\">Learning Agreement<\/a> (LAG) halten Sie fest, welche Kurse\/ Module an der <abbr title=\"Helmut-Schmidt-Universit\u00e4t\">HSU<\/abbr>\/UniBw H Sie durch welche Module\/ Kurse an Ihrer Gastuniversit\u00e4t ersetzen m\u00f6chten. Das LAG wird durch die jeweiligen Modulverantwortlichen, der\/dem jeweiligen Studiendekan\/in, des International Office und durch Sie gezeichnet. Durch die abschlie\u00dfende Siegelung wird das LAG ein offizielles Dokument, welches Ihnen die dort festgehaltene Notenanerkennung bei erfolgreichem Studienabschluss zusichert. F\u00fcr die Anerkennung von \u00c4quivalenzkursen f\u00fcr ISA-Module wenden Sie sich bitte an die Gesch\u00e4ftsf\u00fchrerin des ISA-Zentrums.<\/p>\n<p>Einige unserer Partnereinrichtungen bitten die nominierten Studierenden sehr zeitnah um die Benennung der Kurswahl \u2013 dies trifft insbesondere auf die Service Academies und die Military Colleges in den Staaten zu. H\u00e4ufig werden Sie auch gebeten, zus\u00e4tzliche alternative Kurse anzugeben. Bitte kommen Sie der Bitte in zeitlicher Unabh\u00e4ngigkeit zu der Erstellung des LAG nach. In den von unseren Partnereinrichtungen gesetzten Fristen ist es nahezu unm\u00f6glich, das Einverst\u00e4ndnis aller Modulverantwortlichen an der <abbr title=\"Helmut-Schmidt-Universit\u00e4t\">HSU<\/abbr>\/UniBw H\u00a0schriftlich einzuholen. Die M\u00f6glichkeit einer \u00c4nderung der Kurswahl besteht i.d.R. immer noch.<\/p>\n<p>Einige Partneruniversit\u00e4ten stellen ihr endg\u00fcltiges Kursangebot erst kurz vor Beginn des Semesters zur Verf\u00fcgung. In diesem Fall greifen Sie <abbr title=\"zum Beispiel\">z.B.<\/abbr> auf das Vorlesungsangebot des Vorjahres zur\u00fcck. Sollte sich <strong>nach Semesterbeginn<\/strong> herausstellen, dass eine \u00c4nderung des LAG notwendig wird, informieren Sie bitte per Mail die\/den hiesigen Modulverantwortliche\/n entsprechend, unterbreiten ihr\/ihn ein alternatives Angebot \u2013 bestenfalls \u00fcberlassen Sie ihr\/ihm eine entsprechende Kursbeschreibung \u2013 und bitten um das Einverst\u00e4ndnis zu der alternativen Kurswahl. Bei diesem Mailverkehr setzen Sie Ihre\/n Studiendekan\/in und das International Office auf cc. Nach R\u00fcckkehr denken Sie bitte daran, beim Pr\u00fcfungsamt einen Antrag auf Anrechnung von Studien- und Pr\u00fcfungsleistungen zu stellen.<br \/>Idealerweise legen Sie dann den Mailverkehr, bei welchem der Modulverantwortliche den Ersatzkurs\/-leistung anerkennt, bei.<\/p>\n<p>Sollten Sie keinen \u00c4quivalenzkurs an Ihrer Gastuniversit\u00e4t finden, haben Sie die M\u00f6glichkeit, sich mit Ihrer\/ Ihrem hiesigen Modulverantwortlichen auf eine <abbr title=\"sogenannt\">sog.<\/abbr> Ersatzleistung zu verst\u00e4ndigen \u2013 hierzu kreuzen Sie auf dem Formular \u201eLAG \u201c die entsprechende Spalte \u201eEL\u201c an und f\u00fcllen das Formular <a href=\"https:\/\/www.hsu-hh.de\/auslandsstud\/wp-content\/uploads\/sites\/767\/2025\/04\/Anlage-LAG.pdf\">\u201eECTS_Learning Agreement_EL\u201c<\/a> aus. Dasselbe Vorgehen erfolgt bei der Vereinbarung einer Erg\u00e4nzungsleistung, sollte Ihr Modul an der Gastuniversit\u00e4t nicht die f\u00fcr die <abbr title=\"Helmut-Schmidt-Universit\u00e4t\">HSU<\/abbr>\/UniBw H n\u00f6tigen Leistungspunkte\/ ECTS ausweisen.<\/p>\n<p>Sollte es sich bei dem Kurs\/ Modul, welches Sie im Ausland belegen, um ein Teilmodul an der <abbr title=\"Helmut-Schmidt-Universit\u00e4t\">HSU<\/abbr>\/UniBw H handeln, f\u00fcllen Sie bitte auch das Formular <a href=\"https:\/\/www.hsu-hh.de\/auslandsstud\/wp-content\/uploads\/sites\/767\/2025\/04\/ECTS-LEARNING-AGREEMENT_Teilmodul_quer-1.pdf\">\u201eECTS_Learning Agreement_TM\u201c<\/a> aus.<\/p>\n<p>Alle Formulare finden Sie im Downloadbereich auf der Seite des International-Office.<\/p>\n<p>Hinweis: Bitte f\u00fchren Sie auch solche Kurse in Ihrem LAG auf, welche keinen Kurs an der <abbr title=\"Helmut-Schmidt-Universit\u00e4t\">HSU<\/abbr>\/UniBw H ersetzen, sondern von Ihnen freiwillig oder aufgrund der Pflicht zur Wahl einer Mindestanzahl an Kursen an der Gastuniversit\u00e4t belegt werden (m\u00fcssen).<\/p>\n<h3>6. Veranlassung der Kommandierung beantragen<\/h3>\n<p>Sobald das LAG von allen Verantwortlichen unterzeichnet ist und von Ihnen bei uns im International Office abgegeben wird, zeichnen wir Ihnen die \u201eBitte um Veranlassung der Kommandierung\u201c ab \u2013 dieses Formular finden Sie <a href=\"https:\/\/www.hsu-hh.de\/auslandsstud\/wp-content\/uploads\/sites\/767\/2025\/10\/6-Veranlassung-der-Kommandierung-2025.pdf\">hier. <\/a>Dieses ist vorab von Ihnen auszuf\u00fcllen und wird bestenfalls zusammen mit dem LAG bei uns abgegeben.<\/p>\n<p>Die von uns unterzeichnete \u201eBitte um Veranlassung der Kommandierung\u201c und der vollst\u00e4ndig ausgef\u00fcllte und unterzeichnete Laufzettel \u201eVerfahren zur Genehmigung und Anordnung von Auslandsstudienaufenthalten studierender Offiziere und Offizieranw\u00e4rter\/innen\u201c (s.o.) <strong>bilden gemeinsam die Grundlage f\u00fcr die Beantragung Ihrer Kommandierung.<\/strong><\/p>\n<p>Bei allen vorbereitenden Ma\u00dfnahmen bedenken Sie bitte, dass das BAPersBw eine Vorlaufzeit von acht Wochen f\u00fcr die Erstellung der Kommandierungsverf\u00fcgung ben\u00f6tigt.<\/p>\n<h3>7. Visum, Request for Visit und NATO-Marschbefehl<\/h3>\n<p>Die Einreise- und Aufenthaltsbestimmungen sind von Land zu Land unterschiedlich; bitte informieren Sie sich hierzu zeitig auf den Internetseiten des Ausw\u00e4rtigen Amtes und der Botschaft Ihres Gastlandes.<\/p>\n<p>Zur Einreise in die Partnerl\u00e4nder der NATO gen\u00fcgt in der Regel der NATO-Marschbefehl und das Request for Visit (RfV) \u2013 einige unserer Partnereinrichtungen in den Staaten verlangen zudem das J1-Studentenvisum: Diese Einrichtungen lassen Ihnen im Vorfeld das DS 2019-Formular zukommen, damit Sie das entsprechende Visum beantragen k\u00f6nnen. Grunds\u00e4tzlich m\u00f6chten wir Ihnen immer empfehlen, sich f\u00fcr Ihren Aufenthalt in den Staaten ein Studentenvisum zu besorgen; es erleichtert Ihnen Ihren Aufenthalt in den Staaten, insbesondere wenn Sie vorhaben, das Land zu bereisen und es f\u00fcr m\u00f6gliche Kurztrips zu verlassen.<\/p>\n<p>Das Request for Visit muss auf jeden Fall auf den Weg gebracht werden; wenden Sie sich in dieser Angelegenheit bitte an den S2 des Studierendenbereiches.<\/p>\n<h3>8. BMVg &#8211; Pass- und Ausweisstelle<\/h3>\n<p>F\u00fcr die Einreise in unsere au\u00dfereurop\u00e4ischen Partnerl\u00e4nder ben\u00f6tigen Sie ein Visum (Australien, Brasilien, Israel, S\u00fcdafrika u.m.). Im BMVg sitzt die Pass- und Ausweisstelle, die <abbr title=\"unter anderem\">u.a.<\/abbr> f\u00fcr Visaangelegenheiten zust\u00e4ndig ist. Wenn Sie ein Visum f\u00fcr Ihren Aufenthalt im Ausland ben\u00f6tigen, empfehle ich Ihnen, zeitig den Kontakt zu den dort t\u00e4tigen Mitarbeiterinnen und Mitarbeiter zu suchen &#8211; Sie werden dort wertvolle Informationen und Unterst\u00fctzung bei der Beantragung Ihres Visums erhalten; aktiv t\u00e4tig werden k\u00f6nnen die Mitarbeiterinnen und Mitarbeiter nur, wenn bereits Ihre Kommandierungsverf\u00fcgung vorliegt.<\/p>\n<p>Diese Option empfiehlt sich daher nur, wenn Sie noch ausreichend Zeit vor der Abreise zur Verf\u00fcgung haben. Ist dies nicht der Fall, beantragen Sie Ihr Visum &#8211; wenn m\u00f6glich &#8211; pers\u00f6nlich in der Botschaft Ihres jeweiligen Gastlandes. Die Beantragung per Post ist grunds\u00e4tzlich auch machbar, wegen eines m\u00f6glichen Zeitverlustes aber nicht empfehlenswert.<\/p>\n<p>Die Pass- und Ausweisstelle erreichen Sie \u00fcber BMVgPAS@bmvg.bund.de<\/p>\n<h3>9. BAIUDBw Travelmanagement kontaktieren<\/h3>\n<p>Eine Kommandierung in das Ausland stellt immer eine besondere Herausforderung dar. Das Kompetenzzentrum Travelmanagement des BAIUDBw, welches <abbr title=\"unter anderem\">u.a.<\/abbr> auch f\u00fcr die Flugbuchung und den Versand Ihres Gep\u00e4ckes zust\u00e4ndig ist, stellt Ihnen hier Informationspakete zur Verf\u00fcgung, welche Sie ausf\u00fchrlich \u00fcber Ihre Anspr\u00fcche und Abrechnungsmodalit\u00e4ten unterrichten.<\/p>\n<p>Das Informationspaket k\u00f6nnen Sie unter <a href=\"mailto:Auslandsumzug@bundeswehr.org\" rel='nofollow'>Auslandsumzug@bundeswehr.org<\/a> anfordern. Info- und Merkbl\u00e4tter des BAIUD finden Sie auch im <a href=\"https:\/\/www.hsu-hh.de\/auslandsstud\/downloads\">Downloadbereich<\/a>.<\/p>\n<p>Studierende, die an unsere zivilen Partneruniversit\u00e4ten gehen, m\u00fcssen sich eigenst\u00e4ndig um eine Bleibe f\u00fcr die Dauer ihres Aufenthalts k\u00fcmmern. Ob Sie die Unterk\u00fcnfte Ihrer Gastuniversit\u00e4t in Anspruch nehmen oder sich privat eine Wohnung besorgen, bleibt Ihnen \u00fcberlassen. F\u00fcr die Dauer des Aufenthalts \u00fcbernimmt der Dienstherr einen Teil der Mietkosten, die Ihnen entstehen. Die Mietobergrenze ist von Land zu Land unterschiedlich und wird vom BAIUD festgelegt. Informieren Sie sich daher rechtzeitig \u00fcber die f\u00fcr Sie geltenden Betr\u00e4ge. \u00a0Machen Sie darauf aufmerksam, dass Sie als Studierende\/r im Ausland sind und nicht als Personal einer deutschen Botschaft &#8211; f\u00fcr Botschaftspersonal gelten andere S\u00e4tze, die i.d.R. \u00fcber denen f\u00fcr Studierende liegen.<\/p>\n<h3>10. Auslandskrankenversicherung abschlie\u00dfen<\/h3>\n<p>Als Soldat\/in unterliegen Sie der freien Heilf\u00fcrsorge, welche auch weltweit greift. Dennoch kann es sein, dass Sie seitens der Gastuniversit\u00e4t oder im Rahmen einer Visaerteilung aufgefordert werden, eine weitere (teilweise auch hochschuleigene) Krankenversicherung abzuschlie\u00dfen \u2013 dieses sind Vorgaben Ihrer Gastgeber und sollten von Ihnen auch erf\u00fcllt werden.<\/p>\n<p>Dar\u00fcber hinaus empfehlen wir Ihnen auch immer den Abschluss einer zus\u00e4tzlichen Auslandskrankenversicherung (AKV), die die Kosten \u00fcbernimmt, die <abbr title=\"gegebenenfalls\">ggf.<\/abbr> nicht von der freien Heilf\u00fcrsorge abgedeckt werden; Auslandskrankenversicherungen k\u00f6nnen i.d.R. zeitlich befristet ausgestellt werden.<\/p>\n<h3>11.\u00a0Eintrag in die Krisenvorsorgeliste \u201eELEFAND\u201c des Ausw\u00e4rtigen Amtes<\/h3>\n<p>Bitte tragen Sie sich in die Krisenvorsorgeliste \u201eELEFAND\u201c des Ausw\u00e4rtigen Amtes der Bundesregierung ein:<\/p>\n<p><a href=\"https:\/\/krisenvorsorgeliste.diplo.de\" rel='nofollow'>https:\/\/krisenvorsorgeliste.diplo.de<\/a><\/p>\n<p>Damit ist gew\u00e4hrleistet, dass Sie im Krisen- <abbr title=\"beziehungsweise\">bzw.<\/abbr> Katastrophenfall von den Auslandsvertretungen in den jeweiligen L\u00e4ndern schnell informiert und <abbr title=\"gegebenenfalls\">ggf.<\/abbr> in Krisenbew\u00e4ltigungsma\u00dfnahmen einbezogen werden k\u00f6nnen.<\/p>\n<p><strong>Diese Bitte umfasst ALLE L\u00e4nder!<\/strong><\/p>\n<h3>12. Erkl\u00e4rung zum Pr\u00fcfungsstand abgeben<\/h3>\n<p>Kurz vor Ihrer Abreise m\u00fcssen Sie uns mit dem Formular <a href=\"https:\/\/www.hsu-hh.de\/auslandsstud\/wp-content\/uploads\/sites\/767\/2025\/04\/Erklaerung-zum-Pruefungstand-Stand-Dezember-2021.pdf\">\u201eErkl\u00e4rung zum Pr\u00fcfungsstand\u201c<\/a> anzeigen, ob Sie pr\u00fcfungsfrei sind oder <abbr title=\"gegebenenfalls\">ggf.<\/abbr> mit noch ausstehenden Pr\u00fcfungen die <abbr title=\"Helmut-Schmidt-Universit\u00e4t\">HSU<\/abbr>\/UniBw H verlassen, um Ihr Studium im Ausland aufzunehmen. Sollten Sie zu diesem Zeitpunkt noch Zweit- oder Drittversuche offen haben, werden wir uns nach Absprache mit Ihrem\/r Gruppenleiter\/in vorbehalten, das Auslandsstudium abzusagen.<\/p>\n<h2>Besonderheiten zur Vorbereitung eines<em> ERASMUS+<\/em> Studiums im Ausland<\/h2>\n<p>Wenn Sie \u00fcber ein <em>ERASMUS+<\/em> Abkommen an eine unserer europ\u00e4ischen Partneruniversit\u00e4ten gehen, sind noch einige zus\u00e4tzliche Schritte in der Vorbereitung des Studiums zu gehen<\/p>\n<h3>Zero Grant Agreement<\/h3>\n<p>Das ERASMUS+ Programm der Europ\u00e4ischen Union f\u00f6rdert das Auslandsstudium f\u00fcr zivile Studierende mit der Zahlung von finanziellen Zusch\u00fcssen. Als Soldat*in beziehen Sie ein regelm\u00e4\u00dfiges Gehalt und sind mithin nicht f\u00f6rderbed\u00fcrftig.<\/p>\n<p>Die <abbr title=\"Helmut-Schmidt-Universit\u00e4t\">HSU<\/abbr>\/UniBw H ist daher gehalten, mit Ihnen ein <abbr title=\"sogenannt\">sog.<\/abbr> \u201e<a href=\"https:\/\/www.hsu-hh.de\/auslandsstud\/wp-content\/uploads\/sites\/767\/2024\/03\/E-ZGA-1.pdf\">Zero Grant Agreement<\/a>\u201c zu schlie\u00dfen, welches festh\u00e4lt, dass Sie keine finanzielle Bezuschussung seitens ERASMUS+ erfahren. F\u00fcllen Sie daher bitte im verlinkten Dokument die gelb markierten Felder vollst\u00e4ndig aus und schicken Sie dieses inklusive des ERASMUS+ Online Leanring Agreement (siehe n\u00e4chster Reiter) zu. Das Dokument finden Sie ebenfalls direkt im Downloadbereich als Word oder PDF Version.<\/p>\n<h3>ERASMUS+ Online Learning Agreement (OLA)\u00a0<\/h3>\n<p>Neben dem LAG der <abbr title=\"Helmut-Schmidt-Universit\u00e4t\">HSU<\/abbr>\/ <abbr title=\"Universit\u00e4t der Bundeswehr Hamburg\">UniBwH<\/abbr> (s. oben) m\u00fcssen Sie auch das OLA \u201ebefore mobility\u201c ausf\u00fcllen, dieses Formular k\u00f6nnen Sie online ausf\u00fcllen. Dieses wird sowohl von der Gastuniversit\u00e4t als auch von der Heimatuniversit\u00e4t\/dem International Office gezeichnet.<\/p>\n<div class=\"col-xs-12 downloads-item\">\n<div class=\"row border-line\">\n<div class=\"thumbnail-area\"><img decoding=\"async\" class=\"download-image\" src=\"\/wp-content\/themes\/hsu\/img\/dummy\/downloads_dummy.png\" alt=\"\" \/><\/div>\n<div class=\"text-area\"><span class=\"download-text\">Leitfaden Erasmus+ Online Learning Agreement<\/span><\/div>\n<div class=\"download-area\"><a class=\"download-link\" href=\"https:\/\/www.hsu-hh.de\/auslandsstud\/wp-content\/uploads\/sites\/767\/2024\/11\/Leitfaden-Erasmus-Online-Learning-Agreement-1.pdf\"><span class=\"download-name\">pdf laden<\/span><span class=\"donwload-icon\"><img decoding=\"async\" class=\"download-icon\" src=\"\/wp-content\/themes\/hsu\/img\/icons\/download_icon.png\" alt=\"download icon\" \/><\/span><span class=\"download-size\">2 MB<\/span><\/a><\/div>\n<\/div>\n<\/div>\n<h3>3. OLS &#8211; Online Sprachtest<\/h3>\n<p>Die EU stellt einen Online Sprachtest Online Linguistic Support (OLS) f\u00fcr die g\u00e4ngigsten Sprachen zur Verf\u00fcgung. Die Teilnahme dieses Sprachtestes vor Aufnahme des Studiums ist f\u00fcr Sie nicht verpflichtend; dieser Test wird in der Studiersprache Ihrer Gastuniversit\u00e4t durchgef\u00fchrt \u2013 das Ergebnis ist jedoch kein Auswahlkriterium! Je nach Ergebnis des Testes wird Ihnen die M\u00f6glichkeit er\u00f6ffnet, an einem Online Sprachkurs teilzunehmen.<\/p>\n<h2>Schlussendlich \u2026<\/h2>\n<p>Bei all den vorbereitenden Ma\u00dfnahmen bedenken Sie bitte, dass das BAPersBw eine Vorlaufzeit von mind. <strong>acht Wochen<\/strong> ben\u00f6tigt, um die notwendige Kommandierung auszustellen. Gehen Sie die Dinge z\u00fcgig an \u2026<\/p>\n\n\n<p><\/p>\n","protected":false},"excerpt":{"rendered":"<p>Sie haben sich erfolgreich f\u00fcr ein Studium im Ausland beworben und wir im International Office haben Ihre Nominierung an die entsprechende Partneruniversit\u00e4t auf den Weg gebracht. Nun gilt es Folgendes [&hellip;]<\/p>\n","protected":false},"author":2172,"featured_media":0,"parent":168,"menu_order":2,"comment_status":"closed","ping_status":"closed","template":"","meta":{"footnotes":""},"categories":[56,58,215,94,151],"tags":[221,223,225],"class_list":["post-550","page","type-page","status-publish","hentry","category-erasmus","category-informationen","category-outgoing","category-programs","category-stipendium","tag-auslandsstudium","tag-todo","tag-vorbeireitung"],"_links":{"self":[{"href":"https:\/\/www.hsu-hh.de\/auslandsstud\/wp-json\/wp\/v2\/pages\/550","targetHints":{"allow":["GET"]}}],"collection":[{"href":"https:\/\/www.hsu-hh.de\/auslandsstud\/wp-json\/wp\/v2\/pages"}],"about":[{"href":"https:\/\/www.hsu-hh.de\/auslandsstud\/wp-json\/wp\/v2\/types\/page"}],"author":[{"embeddable":true,"href":"https:\/\/www.hsu-hh.de\/auslandsstud\/wp-json\/wp\/v2\/users\/2172"}],"replies":[{"embeddable":true,"href":"https:\/\/www.hsu-hh.de\/auslandsstud\/wp-json\/wp\/v2\/comments?post=550"}],"version-history":[{"count":34,"href":"https:\/\/www.hsu-hh.de\/auslandsstud\/wp-json\/wp\/v2\/pages\/550\/revisions"}],"predecessor-version":[{"id":2650,"href":"https:\/\/www.hsu-hh.de\/auslandsstud\/wp-json\/wp\/v2\/pages\/550\/revisions\/2650"}],"up":[{"embeddable":true,"href":"https:\/\/www.hsu-hh.de\/auslandsstud\/wp-json\/wp\/v2\/pages\/168"}],"wp:attachment":[{"href":"https:\/\/www.hsu-hh.de\/auslandsstud\/wp-json\/wp\/v2\/media?parent=550"}],"wp:term":[{"taxonomy":"category","embeddable":true,"href":"https:\/\/www.hsu-hh.de\/auslandsstud\/wp-json\/wp\/v2\/categories?post=550"},{"taxonomy":"post_tag","embeddable":true,"href":"https:\/\/www.hsu-hh.de\/auslandsstud\/wp-json\/wp\/v2\/tags?post=550"}],"curies":[{"name":"wp","href":"https:\/\/api.w.org\/{rel}","templated":true}]}}