{"id":533,"date":"2020-06-24T14:02:33","date_gmt":"2020-06-24T12:02:33","guid":{"rendered":"https:\/\/www.hsu-hh.de\/auslandsstud\/?page_id=533"},"modified":"2026-01-29T09:57:09","modified_gmt":"2026-01-29T08:57:09","slug":"leben-an-der-hsu-und-in-hamburg","status":"publish","type":"page","link":"https:\/\/www.hsu-hh.de\/auslandsstud\/incoming-2\/leben-an-der-hsu-und-in-hamburg","title":{"rendered":"Leben an der HSU\/UniBw H und in Hamburg"},"content":{"rendered":"<p>Du bist bestimmt schon gespannt auf dein Auslandsstudium! Auf der folgenden Seite bekommst du einen ersten Eindruck davon, was dich an der <abbr title=\"Helmut-Schmidt-Universit\u00e4t\">HSU<\/abbr>\/UniBw H erwartet.<\/p>\n\n<div class=\"wp-block-image\">\n<figure class=\"aligncenter size-full is-resized\"><img loading=\"lazy\" decoding=\"async\" width=\"887\" height=\"499\" src=\"https:\/\/www.hsu-hh.de\/auslandsstud\/wp-content\/uploads\/sites\/767\/2025\/09\/Luftbild-vom-Campus_credit-Reinhard-Scheiblich-1-edited-1.jpg\" data-credit=\"Reinhard Scheiblich\" alt=\"\" class=\"wp-image-2396\" style=\"width:959px;height:auto\" srcset=\"https:\/\/www.hsu-hh.de\/auslandsstud\/wp-content\/uploads\/sites\/767\/2025\/09\/Luftbild-vom-Campus_credit-Reinhard-Scheiblich-1-edited-1.jpg 887w, https:\/\/www.hsu-hh.de\/auslandsstud\/wp-content\/uploads\/sites\/767\/2025\/09\/Luftbild-vom-Campus_credit-Reinhard-Scheiblich-1-edited-1-300x169.jpg 300w, https:\/\/www.hsu-hh.de\/auslandsstud\/wp-content\/uploads\/sites\/767\/2025\/09\/Luftbild-vom-Campus_credit-Reinhard-Scheiblich-1-edited-1-768x432.jpg 768w\" sizes=\"auto, (max-width: 887px) 100vw, 887px\" \/><\/figure>\n<\/div>\n\n\n<h3 class=\"wp-block-heading\">Leben auf dem Campus<\/h3>\n\n\n\n<p><strong>Wohnheime<\/strong><\/p>\n\n\n\n<p>Wie du sicher schon wei\u00dft, hei\u00dft die Helmut-Schmidt-Universit\u00e4t auch Universit\u00e4t der Bundeswehr, und deshalb besteht unsere Studierendenschaft gr\u00f6\u00dftenteils aus Soldaten. Dementsprechend werden unsere Wohnheime vom studentischen Bataillon verwaltet. Die Studierenden wohnen in modernen Wohnbl\u00f6cken, in denen etwa 15 Personen pro Etage eine Wohngemeinschaft bilden. Du hast Zugang zu einem Gemeinschaftsraum, einem gemeinsamen Duschbereich sowie zu einer gro\u00dfz\u00fcgigen und voll ausgestatteten K\u00fcche.<\/p>\n\n\n\n<p>Wir bem\u00fchen uns, alle Austauschstudierenden je nach Verf\u00fcgbarkeit auf dem Campus oder in unseren G\u00e4steunterk\u00fcnften unterzubringen. Die Hauptwohnheime befinden sich auf dem Campus \u201eDouaumont\u201c am Holstenhofweg 85 und in der \u201eHanseaten-Kaserne\u201c an der Stoltenstra\u00dfe 13. Unsere G\u00e4steunterk\u00fcnfte liegen etwas au\u00dferhalb des Campus in der W\u00f6schenhof 2.<\/p>\n\n\n\n<p>Das Leben auf dem Campus hat klare Vorteile: Die Zimmer kosten zwischen 260 und 300 \u20ac, w\u00e4hrend private Zimmer in Hamburg meist ab 600 \u20ac im Monat beginnen. F\u00fcr Studierende von Partneruniversit\u00e4ten mit bestimmten Austauschvereinbarungen k\u00f6nnen sogar besondere, g\u00fcnstigere Preise gelten.<\/p>\n\n\n\n<h3 class=\"wp-block-heading\">Tagesablauf<\/h3>\n\n\n\n<p>Wenn du auf dem Campus wohnst, bist du selbst f\u00fcr deinen Tagesablauf verantwortlich. Es gibt keine Weckrufe oder Dienstbefehle, und du musst deinen Tag selbst organisieren, um dein Potenzial optimal zu nutzen. Der Unterricht findet in der Regel in folgenden Zeitbl\u00f6cken statt:<\/p>\n\n\n\n<ul class=\"wp-block-list\">\n<li>8:00\u20139:30 Uhr<\/li>\n\n\n\n<li>9:45\u201311:15 Uhr<\/li>\n\n\n\n<li>11:30\u201313:00 Uhr<\/li>\n\n\n\n<li>14:00\u201315:30 Uhr<\/li>\n\n\n\n<li>15:45\u201317:15 Uhr<\/li>\n\n\n\n<li>17:30\u201319:00 Uhr<\/li>\n<\/ul>\n\n\n\n<p><\/p>\n\n\n\n<p>Von 13:00 bis 14:00 Uhr haben alle Studierenden eine Pause zum Mittagessen oder Lernen. Nat\u00fcrlich hast du nicht in allen Bl\u00f6cken Unterricht, sodass du ausreichend Zeit f\u00fcr Lernphasen, Pausen und Freizeit hast.<\/p>\n\n\n\n<p>Donnerstagnachmittage sind normalerweise unterrichtsfrei (au\u00dfer einem Deutschkurs), da sie f\u00fcr milit\u00e4risches Training reserviert sind. Mehr Infos findest du unter \u201eAktivit\u00e4ten\u201c weiter unten.<\/p>\n\n\n\n<h3 class=\"wp-block-heading\">Campus und zentrale Einrichtungen<\/h3>\n\n\n\n<p>Der Hauptcampus am Holstenhofweg beherbergt viele verschiedene Einrichtungen und Services. Hier findest du alle H\u00f6rs\u00e4le und Seminarr\u00e4ume. Au\u00dferdem befinden sich hier die meisten Professoren- und Fachbereichsb\u00fcros.<\/p>\n\n\n\n<p>Dar\u00fcber hinaus gibt es auf dem Campus:<\/p>\n\n\n\n<ul class=\"wp-block-list\">\n<li><a href=\"https:\/\/www.hsu-hh.de\/mensa\/\" data-type=\"link\" data-id=\"https:\/\/www.hsu-hh.de\/mensa\/\">Mensa<\/a><\/li>\n\n\n\n<li>Caf\u00e9<\/li>\n\n\n\n<li><a href=\"https:\/\/www.ub.hsu-hh.de\/\" data-type=\"link\" data-id=\"https:\/\/www.ub.hsu-hh.de\/\" rel='nofollow'>Bibliothek<\/a><\/li>\n\n\n\n<li><a href=\"https:\/\/www.hsu-hh.de\/sprachen\/\" data-type=\"link\" data-id=\"https:\/\/www.hsu-hh.de\/sprachen\/\">Sprachenzentrum<\/a><\/li>\n\n\n\n<li><a href=\"https:\/\/www.hsu-hh.de\/rz\/\" data-type=\"link\" data-id=\"https:\/\/www.hsu-hh.de\/rz\/\">Rechenzentrum<\/a><\/li>\n\n\n\n<li>Zentrale Werkstatt und Fertigungseinheit<\/li>\n\n\n\n<li>Zentrum f\u00fcr Digitale Medien und Druck<\/li>\n\n\n\n<li><a href=\"https:\/\/www.hsu-hh.de\/sportzentrum\/\" data-type=\"link\" data-id=\"https:\/\/www.hsu-hh.de\/sportzentrum\/\">Sportzentrum<\/a><\/li>\n\n\n\n<li>Fitnessstudio<\/li>\n\n\n\n<li><a href=\"https:\/\/www.hsu-hh.de\/sportzentrum\/sportstaetten\/schwimmhalle\" data-type=\"link\" data-id=\"https:\/\/www.hsu-hh.de\/sportzentrum\/sportstaetten\/schwimmhalle\">Schwimmhalle<\/a><\/li>\n\n\n\n<li>Poststelle<\/li>\n\n\n\n<li>Sportpl\u00e4tze (Tartanbahn, Basketball u.\u202fv.\u202fm.)<\/li>\n\n\n\n<li><a href=\"https:\/\/openlab-hamburg.de\/\" data-type=\"link\" data-id=\"https:\/\/openlab-hamburg.de\/\" rel='nofollow'>OpenLab<\/a> (\u00f6ffentliche 3D-Drucker und mehr)<\/li>\n\n\n\n<li><a href=\"https:\/\/www.hsu-hh.de\/campusinfo\/\" data-type=\"link\" data-id=\"https:\/\/www.hsu-hh.de\/campusinfo\/\">Pr\u00fcfungsamt und Studiensekretariat<\/a><\/li>\n\n\n\n<li>Zentrale Verwaltung<\/li>\n\n\n\n<li><a href=\"https:\/\/www.hsu-hh.de\/auslandsstud\/\" data-type=\"link\" data-id=\"https:\/\/www.hsu-hh.de\/auslandsstud\/\">International Office<\/a><\/li>\n<\/ul>\n\n\n\n<h3 class=\"wp-block-heading\">Aktivit\u00e4ten<\/h3>\n\n\n\n<p><strong>Studentische Initiativen und Gruppen<\/strong><\/p>\n\n\n\n<p>Unsere Studierenden organisieren sich in Interessengruppen zu verschiedenen Themen und Bereichen. Du kannst zum Beispiel bei der Uni-Zeitung, dem Hochschulradio oder der Theatergruppe mitmachen. Weitere M\u00f6glichkeiten sind soziale Projekte, milit\u00e4rische oder akademische Gesellschaften sowie religi\u00f6se Gruppen.<\/p>\n\n\n\n<p>Beispiele:<\/p>\n\n\n\n<ul class=\"wp-block-list\">\n<li><abbr title=\"Helmut-Schmidt-Universit\u00e4t\">HSU<\/abbr> Racing Team<\/li>\n\n\n\n<li>Theatergruppe<\/li>\n\n\n\n<li>Katholische Hochschulgemeinde<\/li>\n\n\n\n<li>Evangelische Hochschulgemeinde<\/li>\n<\/ul>\n\n\n\n<p>Mehr Infos bekommst du von deinen Mitbewohnern im Wohnheim oder vom \u201e<a href=\"https:\/\/www.hsu-hh.de\/konvent\/\" data-type=\"link\" data-id=\"https:\/\/www.hsu-hh.de\/konvent\/\">Studentischen Konvent<\/a>\u201c, der Studierendenvertretung.<\/p>\n\n\n\n<h3 class=\"wp-block-heading\">Sport<\/h3>\n\n\n\n<p>Die <abbr title=\"Helmut-Schmidt-Universit\u00e4t\">HSU<\/abbr> hat ein eigenes Sport- und Freizeitzentrum mit vielen Angeboten. Diese sind in Gruppen organisiert, den sogenannten \u201eAGs\u201c (Arbeitsgemeinschaften), die oft von Studierenden geleitet und trainiert werden.<\/p>\n\n\n\n<p>Das Angebot reicht von American Football \u00fcber Fallschirmspringen bis zu vielen anderen Sportarten. Schau einfach auf der Seite des Sportzentrums nach, welche Gruppe f\u00fcr dich passt. Auch deine Wohnheim-Mitbewohner helfen dir gern, den richtigen Anschluss zu finden.<\/p>\n\n\n\n<h3 class=\"wp-block-heading\">Milit\u00e4risches Training<\/h3>\n\n\n\n<p>Donnerstage auf dem <abbr title=\"Helmut-Schmidt-Universit\u00e4t\">HSU<\/abbr>-Campus hei\u00dfen \u201eGr\u00fcner Donnerstag\u201c, weil sie dem milit\u00e4rischen Training gewidmet sind. An diesem Tag tragen die milit\u00e4rischen Studierenden ihre Uniformen \u2013 das ist die einzige Woche, in der das Pflicht ist. Donnerstagnachmittage sind meist unterrichtsfrei, um Zeit f\u00fcr das Training zu schaffen. Das studentische Bataillon organisiert ein wechselndes Programm aus praktischen und theoretischen \u00dcbungen.<\/p>\n\n\n\n<p>Wir freuen uns, wenn Austauschkadetten an diesen Aktivit\u00e4ten teilnehmen. Sprich dazu am besten mit deinem Bataillonsleiter, um dich einzubringen.<\/p>\n\n\n\n<div class=\"wp-block-media-text is-stacked-on-mobile\"><figure class=\"wp-block-media-text__media\"><img loading=\"lazy\" decoding=\"async\" width=\"1024\" height=\"819\" src=\"https:\/\/www.hsu-hh.de\/auslandsstud\/wp-content\/uploads\/sites\/767\/2025\/09\/Foto-collage-1-1024x819.png\" data-credit=\"Masmaud\" alt=\"\" class=\"wp-image-2400 size-full\" srcset=\"https:\/\/www.hsu-hh.de\/auslandsstud\/wp-content\/uploads\/sites\/767\/2025\/09\/Foto-collage-1-1024x819.png 1024w, https:\/\/www.hsu-hh.de\/auslandsstud\/wp-content\/uploads\/sites\/767\/2025\/09\/Foto-collage-1-300x240.png 300w, https:\/\/www.hsu-hh.de\/auslandsstud\/wp-content\/uploads\/sites\/767\/2025\/09\/Foto-collage-1-768x614.png 768w, https:\/\/www.hsu-hh.de\/auslandsstud\/wp-content\/uploads\/sites\/767\/2025\/09\/Foto-collage-1-1536x1229.png 1536w, https:\/\/www.hsu-hh.de\/auslandsstud\/wp-content\/uploads\/sites\/767\/2025\/09\/Foto-collage-1-1100x880.png 1100w, https:\/\/www.hsu-hh.de\/auslandsstud\/wp-content\/uploads\/sites\/767\/2025\/09\/Foto-collage-1.png 2000w\" sizes=\"auto, (max-width: 1024px) 100vw, 1024px\" \/><\/figure><div class=\"wp-block-media-text__content\">\n<h3 class=\"wp-block-heading\">Leben in Hamburg<\/h3>\n\n\n\n<p>Hamburg ist eine Stadt, die mit der Zeit immer mehr begeistert. Sie ist nicht aufdringlich, aber hat viel zu bieten \u2013 Wasser \u00fcberall, gr\u00fcne Parks, vielf\u00e4ltige Stadtviertel und eine lebendige Kulturszene, die sich st\u00e4ndig ver\u00e4ndert.<\/p>\n\n\n\n<p>Ob du an der Elbe spazieren gehst, einen Kaffee in der Schanze genie\u00dft oder einen verregneten Nachmittag in einem der Museen der Stadt verbringst \u2013 es gibt immer etwas zu tun, ganz egal, ob mit oder ohne Plan.<\/p>\n\n\n\n<p>Die Stadt wirkt am Anfang vielleicht gro\u00df, aber sobald du einige Orte und Menschen kennst, f\u00fchlt sie sich schnell wie ein Zuhause an. Als Student findest du viele M\u00f6glichkeiten, dich einzubringen \u2013 sowohl an der Universit\u00e4t als auch in der Stadt.<\/p>\n\n\n\n<p>Wenn du mehr dar\u00fcber erfahren m\u00f6chtest, was Hamburg zu bieten hat, ist der offizielle <a href=\"https:\/\/www.hamburg-tourism.de\/das-ist-hamburg\/infos\/touristinformation-service-center\/\" data-type=\"link\" data-id=\"https:\/\/www.hamburg-tourism.de\/das-ist-hamburg\/infos\/touristinformation-service-center\/\" rel='nofollow'>Tourist-Informationsservice<\/a> eine gute Anlaufstelle.<\/p>\n<\/div><\/div>\n","protected":false},"excerpt":{"rendered":"<p>Du bist bestimmt schon gespannt auf dein Auslandsstudium! Auf der folgenden Seite bekommst du einen ersten Eindruck davon, was dich an der HSU\/UniBw H erwartet. Leben auf dem Campus Wohnheime [&hellip;]<\/p>\n","protected":false},"author":2172,"featured_media":0,"parent":454,"menu_order":0,"comment_status":"closed","ping_status":"closed","template":"","meta":{"footnotes":""},"categories":[56,106,58,108],"tags":[185,183,187,181,179,189],"class_list":["post-533","page","type-page","status-publish","hentry","category-erasmus","category-incoming","category-informationen","category-student-exchange","tag-dorms","tag-freizeit","tag-hobby","tag-hsu","tag-leben","tag-sport"],"_links":{"self":[{"href":"https:\/\/www.hsu-hh.de\/auslandsstud\/wp-json\/wp\/v2\/pages\/533","targetHints":{"allow":["GET"]}}],"collection":[{"href":"https:\/\/www.hsu-hh.de\/auslandsstud\/wp-json\/wp\/v2\/pages"}],"about":[{"href":"https:\/\/www.hsu-hh.de\/auslandsstud\/wp-json\/wp\/v2\/types\/page"}],"author":[{"embeddable":true,"href":"https:\/\/www.hsu-hh.de\/auslandsstud\/wp-json\/wp\/v2\/users\/2172"}],"replies":[{"embeddable":true,"href":"https:\/\/www.hsu-hh.de\/auslandsstud\/wp-json\/wp\/v2\/comments?post=533"}],"version-history":[{"count":9,"href":"https:\/\/www.hsu-hh.de\/auslandsstud\/wp-json\/wp\/v2\/pages\/533\/revisions"}],"predecessor-version":[{"id":2854,"href":"https:\/\/www.hsu-hh.de\/auslandsstud\/wp-json\/wp\/v2\/pages\/533\/revisions\/2854"}],"up":[{"embeddable":true,"href":"https:\/\/www.hsu-hh.de\/auslandsstud\/wp-json\/wp\/v2\/pages\/454"}],"wp:attachment":[{"href":"https:\/\/www.hsu-hh.de\/auslandsstud\/wp-json\/wp\/v2\/media?parent=533"}],"wp:term":[{"taxonomy":"category","embeddable":true,"href":"https:\/\/www.hsu-hh.de\/auslandsstud\/wp-json\/wp\/v2\/categories?post=533"},{"taxonomy":"post_tag","embeddable":true,"href":"https:\/\/www.hsu-hh.de\/auslandsstud\/wp-json\/wp\/v2\/tags?post=533"}],"curies":[{"name":"wp","href":"https:\/\/api.w.org\/{rel}","templated":true}]}}