{"id":497,"date":"2020-05-19T09:45:18","date_gmt":"2020-05-19T07:45:18","guid":{"rendered":"https:\/\/www.hsu-hh.de\/auslandsstud\/?page_id=497"},"modified":"2026-01-28T10:52:10","modified_gmt":"2026-01-28T09:52:10","slug":"studieninformationen","status":"publish","type":"page","link":"https:\/\/www.hsu-hh.de\/auslandsstud\/incoming-2\/studieninformationen","title":{"rendered":"Studienangebot"},"content":{"rendered":"<p>Sie haben sich f\u00fcr ein Studium an der <abbr title=\"Helmut-Schmidt-Universit\u00e4t\">HSU<\/abbr> entschieden? Wunderbar!<\/p>\n<p>An der <abbr title=\"Helmut-Schmidt-Universit\u00e4t\">HSU<\/abbr> haben Sie vielf\u00e4ltige Studienm\u00f6glichkeiten an einer unserer vier Fakult\u00e4ten. Als Gaststudent ist es ihnen offen, Kurse aus dem gesamten Angebot der Fakult\u00e4ten zu belegen. Nat\u00fcrlich d\u00fcrfen Sie sich auf das Angebot eines Faches konzentrieren, aber generell stehen Ihnen alle T\u00fcren offen.<\/p>\n<p>Bitte beachten Sie, dass der Gro\u00dfteil unserer Kurse nur auf Deutsch angeboten wird. Zwar bieten die einzelnen Fachbereiche vereinzelt englischsprachige Module oder Lehrveranstaltungen an, jedoch werden ausschlie\u00dflich die Studieng\u00e4nge <em>Engineering Science<\/em> sowie <em>Digital Governance and Administration<\/em> vollst\u00e4ndig in englischer Sprache durchgef\u00fchrt.<\/p>\n<p>Hier also eine kurze \u00dcbersicht unseres Studienangebotes:<\/p>\n<h3>Fakult\u00e4t f\u00fcr Geistes- und Sozialwissenschaften<\/h3>\n<ul>\n<li>Bildungs- und Erziehungswissenschaft (B.A.\/M.A.)<\/li>\n<li>Geschichte (B.A.\/M.A.)<\/li>\n<li>Psychologie (B.Sc.\/M.Sc)<\/li>\n<\/ul>\n<h3>Fakult\u00e4t f\u00fcr Wirtschafts- und Sozialwissenschaften<\/h3>\n<ul>\n<li>Betriebswirtschaftslehre (B.Sc.)<\/li>\n<li>Volkswirtschaftslehre (B.Sc.)<\/li>\n<li>Wirtschaftsingenieurwesen (B.Sc.)<\/li>\n<li>Politikwissenschaft (B.A.)<\/li>\n<li>Rechtswissenschaft f\u00fcr die \u00f6ffentliche Verwaltung (LL.B.)<\/li>\n<li>Betriebswirtschaftslehre (<abbr title=\"Master of Science\">M.Sc.<\/abbr>)<br \/>Schwerpunkte:<br \/>Accounting and Business Taxation (ABT)<br \/>Innovationsmanagement und Netzwerkmanagement (MOIN)<br \/>Internationales Management (IM)<br \/>Logistik-Management (LM)<br \/>Risikomanagement (RM)<\/li>\n<li>Volkswirtschaftslehre (<abbr title=\"Master of Science\">M.Sc.<\/abbr>)<\/li>\n<li>Wirtschaftsingenieurwesen (<abbr title=\"Master of Science\">M.Sc.<\/abbr>)<br \/>Studienrichtungen:<br \/>Produktentstehung<br \/>Logistik<br \/>Elektrische Energieversorgung und Energiewirtschaft<\/li>\n<li>Politikwissenschaft (M.A.)<br \/>Studieng\u00e4nge:<br \/>Internationale Beziehungen<br \/>Vergleichende Demokratieforschung<\/li>\n<li>Digital Governance and Administration &#8211; English study program (M.A.)<\/li>\n<\/ul>\n<h3>Fakult\u00e4t f\u00fcr Elektrotechnik<\/h3>\n<ul>\n<li>Elektrotechnik und Informationstechnik (B.Sc.)<\/li>\n<li>Engineering Science &#8211; English study program (B.Sc.)<\/li>\n<li>Engineering Science: Defence Systems &#8211; English study program (<abbr title=\"Master of Science\">M.Sc.<\/abbr>)<\/li>\n<li>Informatik-Ingenieurwesen (<abbr title=\"Master of Science\">M.Sc.<\/abbr>)<\/li>\n<li>Erneuerbare Energien und intelligente Netze (<abbr title=\"Master of Science\">M.Sc.<\/abbr>)<\/li>\n<li>Informationstechnik (<abbr title=\"Master of Science\">M.Sc.<\/abbr>)<\/li>\n<li>Elektrische Energietechnik (<abbr title=\"Master of Science\">M.Sc.<\/abbr>)<\/li>\n<\/ul>\n<h3>Fakult\u00e4t f\u00fcr Maschinenbau<\/h3>\n<ul>\n<li>Maschinenbau (B.Sc.)<\/li>\n<li>Bauingenieurwesen (B.Sc.)<\/li>\n<li>Energie- und Umwelttechnik (<abbr title=\"Master of Science\">M.Sc.<\/abbr>)<\/li>\n<li>Fahrzeugtechnik (<abbr title=\"Master of Science\">M.Sc.<\/abbr>)<\/li>\n<li>Mechatronik (<abbr title=\"Master of Science\">M.Sc.<\/abbr>)<\/li>\n<li>Produktentstehung und Logisitk (<abbr title=\"Master of Science\">M.Sc.<\/abbr>)<\/li>\n<\/ul>\n<h3>Weiterbildungsstudieng\u00e4nge des ZWW<\/h3>\n<p>Diese Programme dienen der Erwachsenenbildung und werden vom Zentrum f\u00fcr wissenschaftliche Weiterbildung der <abbr title=\"Helmut-Schmidt-Universit\u00e4t\">HSU<\/abbr> angeboten. F\u00fcr weitere Informationen wenden Sie sich bitte direkt an das <a href=\"https:\/\/www.hsu-hh.de\/weiterbildung\/\">ZWW<\/a>.<\/p>\n<ul>\n<li>Milit\u00e4rische F\u00fchrung und Internationale Sicherheit (M.A.)<\/li>\n<li>Civil-Military Interaction (M.A.)<\/li>\n<li>F\u00fchrung in der Medizin (M.A.) oder (<abbr title=\"Master of Science\">M.Sc.<\/abbr>)<\/li>\n<li>Leading Diversity (M.A.)<\/li>\n<li>Projektingenieurwesen (M.Eng.)<\/li>\n<li>Wertsch\u00f6pfungs- und Wissensmanagement (<abbr title=\"Master of Science\">M.Sc.<\/abbr>)<\/li>\n<li>F\u00fchrung in der Finanzverwaltung (M.A.)<\/li>\n<li>Behavioral Leadership (MBA)<\/li>\n<\/ul>\n<p>Im Folgenden erhalten Sie zudem weiterf\u00fchrende Informationen zur Kurswahl sowie zu pr\u00fcfungsrelevanten Angelegenheiten:<\/p>\n<h3>Kurswahl \/ Learning Agreement<\/h3>\n<p>W\u00e4hrend Ihres Auslandsstudiums an der <abbr title=\"Helmut-Schmidt-Universit\u00e4t\">HSU<\/abbr> studieren Sie in einem &#8222;modularisierten System&#8220;. Das bedeutet, dass der Gro\u00dfteil der Kurse, die Sie bei uns belegen in Modulen angeboten werden. Ein Modul besteht in den meisten F\u00e4llen aus mehreren zusammengeh\u00f6renden Lehrveranstaltungen, die alle absolviert werden m\u00fcssen, um ECTS Punkte zu erhalten. Dazu kommt eine Pr\u00fcfungsleistung wie eine Klausur oder Hausarbeit. Leider kommt es h\u00e4ufig vor, dass Module \u00fcber mehrere Trimester hinweg andauern. Wenn Ihr Aufenthalt bei uns also nur ein Trimester dauert, Sie aber ein Modul w\u00e4hlen, welches mehrer Trimester dauert, kann eine Teilnahme nur per Teilnahmenachweis erfolgen. ECTS Punkte k\u00f6nnen nur dann vergeben werden, wenn alle Teile eines Modules belegt werden.<\/p>\n<div class=\"content-block4\">\n<h3><strong>Ein Beispiel:<\/strong><\/h3>\n<p>Modul: Einf\u00fchrung in die Soziologie<\/p>\n<p>Bestandteile: Eine Vorlesung und eine \u00dcbung (Seminar)<\/p>\n<p>Zeitaufwand: 2 x 90 min<\/p>\n<p>Pr\u00fcfung: Hausarbeit<\/p>\n<p>Dauer: Ein Trimester (im Herbst)<\/p>\n<p>\u00a0<\/p>\n<\/div>\n<p>\u00a0<\/p>\n<p>Die Kursnagebote stehen normalerweise etwa 2-3 Monate vor Trimesterbeginn zur Verf\u00fcgung. Die Kurswahl an der <abbr title=\"Helmut-Schmidt-Universit\u00e4t\">HSU<\/abbr> erfolgt derzeit \u00fcber das Akademische Auslandsamt. Bitte kontaktieren sie die Incoming Koordinatorin f\u00fcr pers\u00f6nliche Absprachen. Auf Anfrage lassen wir Ihnen dann die ben\u00f6tigten Kurskataloge, Modulbeschreibungen (Syllabus) und Anforderungen zukommen und k\u00f6nnen Details genauer mit Ihnen absprechen.<\/p>\n<p>Generell gilt jedoch, dass jeder Studierende unser Learning Agreement ausf\u00fcllen muss, um erfolgreich f\u00fcr seine Kurse angemeldet zu werden.<\/p>\n<h3>\u00a0<\/h3>\n<p>\u00a0<\/p>\n<h3>\u00a0<\/h3>\n<p>\u00a0<\/p>\n<h3>\u00a0<\/h3>\n<p>\u00a0<\/p>\n\n\n<p><\/p>\n\n\n\n<p><\/p>\n","protected":false},"excerpt":{"rendered":"<p>Sie haben sich f\u00fcr ein Studium an der HSU entschieden? Wunderbar! An der HSU haben Sie vielf\u00e4ltige Studienm\u00f6glichkeiten an einer unserer vier Fakult\u00e4ten. Als Gaststudent ist es ihnen offen, Kurse [&hellip;]<\/p>\n","protected":false},"author":2172,"featured_media":0,"parent":454,"menu_order":0,"comment_status":"closed","ping_status":"closed","template":"","meta":{"footnotes":""},"categories":[56,106,58,131,108],"tags":[137,139,141,133,143,135],"class_list":["post-497","page","type-page","status-publish","hentry","category-erasmus","category-incoming","category-informationen","category-lehre-de","category-student-exchange","tag-classes","tag-kursbelegung-hsu","tag-kurswahl","tag-lehre","tag-pruefungen","tag-teaching"],"_links":{"self":[{"href":"https:\/\/www.hsu-hh.de\/auslandsstud\/wp-json\/wp\/v2\/pages\/497","targetHints":{"allow":["GET"]}}],"collection":[{"href":"https:\/\/www.hsu-hh.de\/auslandsstud\/wp-json\/wp\/v2\/pages"}],"about":[{"href":"https:\/\/www.hsu-hh.de\/auslandsstud\/wp-json\/wp\/v2\/types\/page"}],"author":[{"embeddable":true,"href":"https:\/\/www.hsu-hh.de\/auslandsstud\/wp-json\/wp\/v2\/users\/2172"}],"replies":[{"embeddable":true,"href":"https:\/\/www.hsu-hh.de\/auslandsstud\/wp-json\/wp\/v2\/comments?post=497"}],"version-history":[{"count":17,"href":"https:\/\/www.hsu-hh.de\/auslandsstud\/wp-json\/wp\/v2\/pages\/497\/revisions"}],"predecessor-version":[{"id":2774,"href":"https:\/\/www.hsu-hh.de\/auslandsstud\/wp-json\/wp\/v2\/pages\/497\/revisions\/2774"}],"up":[{"embeddable":true,"href":"https:\/\/www.hsu-hh.de\/auslandsstud\/wp-json\/wp\/v2\/pages\/454"}],"wp:attachment":[{"href":"https:\/\/www.hsu-hh.de\/auslandsstud\/wp-json\/wp\/v2\/media?parent=497"}],"wp:term":[{"taxonomy":"category","embeddable":true,"href":"https:\/\/www.hsu-hh.de\/auslandsstud\/wp-json\/wp\/v2\/categories?post=497"},{"taxonomy":"post_tag","embeddable":true,"href":"https:\/\/www.hsu-hh.de\/auslandsstud\/wp-json\/wp\/v2\/tags?post=497"}],"curies":[{"name":"wp","href":"https:\/\/api.w.org\/{rel}","templated":true}]}}