{"id":443,"date":"2020-04-27T15:42:28","date_gmt":"2020-04-27T13:42:28","guid":{"rendered":"https:\/\/www.hsu-hh.de\/auslandsstud\/?page_id=443"},"modified":"2025-09-02T09:18:42","modified_gmt":"2025-09-02T07:18:42","slug":"bewerbung","status":"publish","type":"page","link":"https:\/\/www.hsu-hh.de\/auslandsstud\/bewerbung","title":{"rendered":"Bewerbung"},"content":{"rendered":"<p>F\u00fcr Ihren Austauschaufenthalt an der <abbr title=\"Helmut-Schmidt-Universit\u00e4t\">HSU<\/abbr>\/ UniBw H gibt es,\u00a0 je nach Programm und Partnereinrichtung, verschiedene Bewerbungsfristen und -verfahren. Hier finden Sie die wichtigsten Informationen zu den einzelnen Programmen aufgef\u00fchrt. F\u00fcr detaillierte R\u00fcckfragen stehen wir Ihnen jederzeit gerne zur Verf\u00fcgung!<\/p>\n<h3>ERASMUS+ Students<\/h3>\n<p>Im Rahmen von ERASMUS + k\u00f6nnen Sie sowohl ein Studium als auch ein Forschungspraktikum an der <abbr title=\"Helmut-Schmidt-Universit\u00e4t\">HSU<\/abbr>\/UniBw H absolvieren. Studienvorhaben k\u00f6nnen mit der Dauer von 1-3 Trimestern aufgenommen werden, w\u00e4hrend Sie bei der Planung ihrer Praktika flexibler sind. Ihnen stehen alle unsere Studienangebote und Fakult\u00e4ten zur Verf\u00fcgung!<\/p>\n<p>Bitte beachten Sie, dass Ihre Universit\u00e4t Sie f\u00fcr ein Studium zu den unten genannten Fristen bei uns nominieren muss. Sie m\u00fcssten Sich bitte also vorab \u00fcber die Bewerbungsfristen f\u00fcr Auslandsvorhaben an Ihrer Universit\u00e4t erkundigen.<\/p>\n<p>Weiterhin bitten wir Sie, uns die folgenden Dokumente zu Verf\u00fcgung zu stellen:<\/p>\n<ol>\n<li>Nachweis der Immatrikulation an Ihrer Heimatuniversit\u00e4t<\/li>\n<li>Kopie der aktuellen Transcript of Records<\/li>\n<li>Biometrisches Passbild<\/li>\n<li>Deutsche Sprachleistungspr\u00fcfung B1\/B2 oder Muttersprache<\/li>\n<li>Ausgef\u00fcllter <a href=\"https:\/\/www.hsu-hh.de\/auslandsstud\/wp-content\/uploads\/sites\/767\/2025\/04\/ARRIVAL-AND-DEPARTURE-SHEET.pdf\" target=\"_blank\" rel=\"noopener\">Arrival\/Departure Sheet<\/a><\/li>\n<li>Kopie Ihres Reisepasses oder EU-Personalausweis<\/li>\n<li>Nachweis einer Krankenversicherung f\u00fcr die Dauer des Aufenthalts (entweder durch Ihre Heimateinrichtung oder privat, siehe deutsche Visabestimmungen)<\/li>\n<li><abbr title=\"Helmut-Schmidt-Universit\u00e4t\">HSU<\/abbr>\/ UniBw H\u00a0<a href=\"https:\/\/www.hsu-hh.de\/auslandsstud\/wp-content\/uploads\/sites\/767\/2024\/03\/HSU-Enrolment-application-for-intern.-visiting-students_Nov-23.pdf\" target=\"_blank\" rel=\"noopener\">Immatrikulationsantrag<\/a><\/li>\n<li>Antrag zum Wohnen in <a href=\"https:\/\/www.hsu-hh.de\/auslandsstud\/wp-content\/uploads\/sites\/767\/2024\/01\/Application-for-housing-at-Helmut-Schmidt-University.pdf\" target=\"_blank\" rel=\"noopener\">Gemeinschaftsunterk\u00fcnften<\/a><\/li>\n<\/ol>\n<p>Die <strong>Nominierungsfristen<\/strong> f\u00fcr die einzelnen Trimester lauten wie folgt:<\/p>\n<p>Herbsttrimester: 31.05.<\/p>\n<p>Wintertrimester: 01.10.<\/p>\n<p>Fr\u00fchjahrstrimester: 15.01.<\/p>\n<p>Nach erfolgreicher Nominierung durch Ihre Heimatuniversit\u00e4t werden wir Ihnen unsere Bewerbungsunterlagen zukommen lassen und alle weiteren Schritte mit Ihnen besprechen.<\/p>\n<p>F\u00fcr Praktika gibt es an der <abbr title=\"Helmut-Schmidt-Universit\u00e4t\">HSU<\/abbr>\/UniBw H keine Bewerbungsfristen. Melden Sie sich jedoch bitte durch Ihr International Office sp\u00e4testens 8 Wochen vor Ihrem gew\u00fcnschten Starttermin bei uns. Voraussetzung f\u00fcr ein Forschungspraktikum ist die Betreuung durch eine unserer Professuren. Wir helfen Ihnen hier gerne bei der Vermittlung, falls Sie keine direkten Kontakt haben.<\/p>\n<h3>Students from Bilateral Partners<\/h3>\n<p>Studierende unserer bilateralen Partner haben ebenfalls die Chance f\u00fcr einen Zeitraum von einem Trimester und bis zu einem gesamten akademischen Jahr ein Gaststudium bei uns aufzunehmen. Bitte beachten Sie, dass Ihre Universit\u00e4t Sie zu den unten genannten Fristen bei uns nominieren muss. Sie m\u00fcssten Sich also vorab \u00fcber die Bewerbungsfristen f\u00fcr Auslandsvorhaben an Ihrer Universit\u00e4t erkundigen.<\/p>\n<ol>\n<li>Nachweis der Immatrikulation an Ihrer Heimatuniversit\u00e4t<\/li>\n<li>Kopie der aktuellen Transcript of Records<\/li>\n<li>Biometrisches Passbild<\/li>\n<li>Deutsche Sprachleistungspr\u00fcfung B1\/B2 oder Muttersprache<\/li>\n<li>Ausgef\u00fcllter <a href=\"https:\/\/www.hsu-hh.de\/auslandsstud\/wp-content\/uploads\/sites\/767\/2025\/04\/ARRIVAL-AND-DEPARTURE-SHEET.pdf\" target=\"_blank\" rel=\"noopener\">Arrival\/Departure Sheet<\/a><\/li>\n<li>Kopie Ihres Reisepasses oder EU-Personalausweis<\/li>\n<li>Nachweis einer Krankenversicherung f\u00fcr die Dauer des Aufenthalts (entweder durch Ihre Heimateinrichtung oder privat, siehe deutsche Visabestimmungen)<\/li>\n<li><abbr title=\"Helmut-Schmidt-Universit\u00e4t\">HSU<\/abbr>\/ UniBw H\u00a0<a href=\"https:\/\/www.hsu-hh.de\/auslandsstud\/wp-content\/uploads\/sites\/767\/2024\/03\/HSU-Enrolment-application-for-intern.-visiting-students_Nov-23.pdf\" target=\"_blank\" rel=\"noopener\">Immatrikulationsantrag<\/a><\/li>\n<li>Antrag zum Wohnen in <a href=\"https:\/\/www.hsu-hh.de\/auslandsstud\/wp-content\/uploads\/sites\/767\/2024\/01\/Application-for-housing-at-Helmut-Schmidt-University.pdf\" target=\"_blank\" rel=\"noopener\">Gemeinschaftsunterk\u00fcnften<\/a><\/li>\n<\/ol>\n<p>Die Nominierungsfristen f\u00fcr die einzelnen Trimester lauten wie folgt:<\/p>\n<p>Herbsttrimester: 31.05.<\/p>\n<p>Wintertrimester: 01.10.<\/p>\n<p>Fr\u00fchjahrstrimester: 15.01.<\/p>\n<p>Nach erfolgreicher Nominierung durch Ihre Heimatuniversit\u00e4t werden wir Ihnen unsere Bewerbungsunterlagen zukommen lassen und alle weiteren Schritte mit Ihnen besprechen.<\/p>\n<h3>Freemover<\/h3>\n<p>Wir nehmen immer gerne Freemover Studierende an der <abbr title=\"Helmut-Schmidt-Universit\u00e4t\">HSU<\/abbr>\/UniBw H auf. Studierende von (ERASMUS+ ) Hochschulen, mit denen wir kein Abkommen besitzen, k\u00f6nnen sich deshalb trotzdem gerne bei uns bewerben. Informieren Sie sich gerne vorab per Email bei uns.<\/p>\n<p>Bitte kontaktieren Sie uns mit Ihrer Bewerbung zu den folgenden Fristen:<\/p>\n<p>Herbsttrimester: 30.06.<\/p>\n<p>Fr\u00fchjahrstrimester: 31.10.<\/p>\n<p>Mit Ihrer Bewerbung per Email reichen Sie bitte folgende Dokumente ein:<\/p>\n<ul>\n<li>Lebenslauf<\/li>\n<li>Motivationsschreiben<\/li>\n<li>Nachweis Sprachkentnisse Deutsch (Level B1) und\/oder Englisch (Level B2)<\/li>\n<li>Immatrikulationsbest\u00e4tigung Ihrer Heimatuniversit\u00e4t<\/li>\n<li>Auszug aus dem bisherigen Transcript of Records<\/li>\n<\/ul>\n<p>F\u00fcr R\u00fcckfragen steht Ihnen unser <a href=\"https:\/\/www.hsu-hh.de\/auslandsstud\/team\">Team<\/a> jederzeit gerne zur Verf\u00fcgung.<\/p>\n<h3>PhD Students<\/h3>\n<p>Sie w\u00fcrden gerne Ihre Doktorarbeit an der <abbr title=\"Helmut-Schmidt-Universit\u00e4t\">HSU<\/abbr> schreiben? Bitte kontaktieren Sie direkt die Professor\/innen der entsprechenden Fakult\u00e4ten, die Ihrem Fachbereich entsprechen. Unsere Professor\/innen sind PhD Studierenden gegen\u00fcber sehr offen und freuen Sich \u00fcber Ihr Interesse!<\/p>\n<p>Bitte beachten Sie jedoch, dass Sie als PhD Studierende bei uns normalerweise keinen Studierendenstatus erhalten, der oftmals f\u00fcr ein Visum ben\u00f6tigt wird. Bitte kontaktieren Sie uns, wenn Sie hierzu fragen haben oder Hilfe ben\u00f6tigen!<\/p>\n<h3>Staff Exchange<\/h3>\n<p>Sie arbeiten oder lehren an einer unserer Partneruniversit\u00e4ten und m\u00f6chten gerne f\u00fcr eine Lehrt\u00e4tigkeit oder einen Staff Exchange an die <abbr title=\"Helmut-Schmidt-Universit\u00e4t\">HSU<\/abbr>\/ UniBw H kommen? Sie sind herzlich willkommen!<\/p>\n<p>Gerne versuchen wir, in Zusammenarbeit mit unseren einzelnen Professuren und Abteilungen, einen Platz f\u00fcr Sie zu finden.<\/p>\n<p>Diese Art des Austausches ist das ganze Jahr m\u00f6glich. Wir weisen jedoch darauf hin, dass ein Austausch in der vorlesungsfreien Zeit (Ende Juni bis Ende September) meist eher schwierig ist.<\/p>\n<p>Bitte kontaktieren Sie <a href=\"https:\/\/www.hsu-hh.de\/auslandsstud\/team\">uns<\/a> f\u00fcr weitere Absprachen.<\/p>\n<div class=\"col-xs-12 downloads-item\">\n<div class=\"row border-line\">\n<div class=\"thumbnail-area\"><img decoding=\"async\" class=\"download-image\" src=\"\/wp-content\/themes\/hsu\/img\/dummy\/downloads_dummy.png\" alt=\"\" \/><\/div>\n<div class=\"text-area\"><span class=\"download-text\">Fact sheet Helmut Schmidt University Hamburg_2025<\/span><\/div>\n<div class=\"download-area\"><a class=\"download-link\" href=\"https:\/\/www.hsu-hh.de\/auslandsstud\/wp-content\/uploads\/sites\/767\/2025\/04\/Fact-sheet-Helmut-Schmidt-University-Hamburg-_-University-of-the-Federal-Armed-Forces_2025.pdf\"><span class=\"download-name\">pdf laden<\/span><span class=\"donwload-icon\"><img decoding=\"async\" class=\"download-icon\" src=\"\/wp-content\/themes\/hsu\/img\/icons\/download_icon.png\" alt=\"download icon\" \/><\/span><span class=\"download-size\">251 kB<\/span><\/a><\/div>\n<\/div>\n<\/div>\n","protected":false},"excerpt":{"rendered":"<p>F\u00fcr Ihren Austauschaufenthalt an der HSU\/ UniBw H gibt es,\u00a0 je nach Programm und Partnereinrichtung, verschiedene Bewerbungsfristen und -verfahren. Hier finden Sie die wichtigsten Informationen zu den einzelnen Programmen aufgef\u00fchrt. [&hellip;]<\/p>\n","protected":false},"author":2172,"featured_media":0,"parent":0,"menu_order":0,"comment_status":"closed","ping_status":"closed","template":"","meta":{"footnotes":""},"categories":[120,106,58],"tags":[122,124],"class_list":["post-443","page","type-page","status-publish","hentry","category-bewerbung","category-incoming","category-informationen","tag-bewerbung","tag-incoming"],"_links":{"self":[{"href":"https:\/\/www.hsu-hh.de\/auslandsstud\/wp-json\/wp\/v2\/pages\/443","targetHints":{"allow":["GET"]}}],"collection":[{"href":"https:\/\/www.hsu-hh.de\/auslandsstud\/wp-json\/wp\/v2\/pages"}],"about":[{"href":"https:\/\/www.hsu-hh.de\/auslandsstud\/wp-json\/wp\/v2\/types\/page"}],"author":[{"embeddable":true,"href":"https:\/\/www.hsu-hh.de\/auslandsstud\/wp-json\/wp\/v2\/users\/2172"}],"replies":[{"embeddable":true,"href":"https:\/\/www.hsu-hh.de\/auslandsstud\/wp-json\/wp\/v2\/comments?post=443"}],"version-history":[{"count":18,"href":"https:\/\/www.hsu-hh.de\/auslandsstud\/wp-json\/wp\/v2\/pages\/443\/revisions"}],"predecessor-version":[{"id":2164,"href":"https:\/\/www.hsu-hh.de\/auslandsstud\/wp-json\/wp\/v2\/pages\/443\/revisions\/2164"}],"wp:attachment":[{"href":"https:\/\/www.hsu-hh.de\/auslandsstud\/wp-json\/wp\/v2\/media?parent=443"}],"wp:term":[{"taxonomy":"category","embeddable":true,"href":"https:\/\/www.hsu-hh.de\/auslandsstud\/wp-json\/wp\/v2\/categories?post=443"},{"taxonomy":"post_tag","embeddable":true,"href":"https:\/\/www.hsu-hh.de\/auslandsstud\/wp-json\/wp\/v2\/tags?post=443"}],"curies":[{"name":"wp","href":"https:\/\/api.w.org\/{rel}","templated":true}]}}