{"id":3121,"date":"2026-03-17T15:55:36","date_gmt":"2026-03-17T14:55:36","guid":{"rendered":"https:\/\/www.hsu-hh.de\/auslandsstud\/?page_id=3121"},"modified":"2026-03-18T08:35:06","modified_gmt":"2026-03-18T07:35:06","slug":"common-module-hybrid-threats-feb-2026","status":"publish","type":"page","link":"https:\/\/www.hsu-hh.de\/auslandsstud\/common-module-hybrid-threats-feb-2026","title":{"rendered":"COMMON MODULE: Hybrid Threats Feb. 2026"},"content":{"rendered":"\n<p>Hybrid Threats \u2013 Protection and Enhanced Resilience of Critical Infrastructure<\/p>\n\n\n\n<h4 class=\"wp-block-heading\">Informationen und Impressionen zum Common Module im Zeitraum vom 23.02. &#8211; 27.02.2026:<\/h4>\n\n\n\n<p>Die Helmut-Schmidt-Universit\u00e4t \/ Universit\u00e4t der Bundeswehr Hamburg (<abbr title=\"Helmut-Schmidt-Universit\u00e4t\">HSU<\/abbr>\/UniBw H) begr\u00fc\u00dfte erstmals f\u00fcnfzehn internationale EMILYO-Kadetten aus sieben europ\u00e4ischen L\u00e4ndern zu einem einw\u00f6chigen Common Module im Rahmen der <a href=\"https:\/\/www.emilyo.eu\/\" data-type=\"link\" data-id=\"https:\/\/www.emilyo.eu\/\" rel='nofollow'>European Initiative for the Exchange of Military Young Officers<\/a> (EMILYO \/ Military Erasmus). Damit setzt die <abbr title=\"Helmut-Schmidt-Universit\u00e4t\">HSU<\/abbr>\/UniBw H einen wichtigen Meilenstein in der internationalen milit\u00e4rischen Ausbildung und der europ\u00e4ischen Vernetzung.<\/p>\n\n\n\n<p>F\u00fcr dieses Pilotprojekt entwickelte die <abbr title=\"Helmut-Schmidt-Universit\u00e4t\">HSU<\/abbr>\/UniBw H ein eigenes Common Module mit 2 ECTS unter dem Titel \u201eHybrid Threats \u2013 Protection and Enhanced Resilience of Critical Infrastructure\u201c. Die fachliche Leitung lag bei <abbr title=\"Doktor\">Dr.<\/abbr>&#8211;<abbr title=\"Ingenieur\">Ing.<\/abbr> Lars Ole Fichte.<\/p>\n\n\n\n<p>Die Organisation und Koordination des EMILYO-Projekts erfolgten durch das International Office der <abbr title=\"Helmut-Schmidt-Universit\u00e4t\">HSU<\/abbr>\/UniBw H unter der Leitung von Linda Wei\u00df, die gemeinsam mit ihrem Team ma\u00dfgeblich zur Vorbereitung und Umsetzung des Projekts beigetragen hat.<\/p>\n\n\n\n<p>Das Modul begann mit einer offiziellen Er\u00f6ffnung durch Oberst Roman Lau (Leiter des Studierendenbereichs) sowie <abbr title=\"Professor\">Prof.<\/abbr> <abbr title=\"Doktor\">Dr.<\/abbr> Christina Schaefer (Vizepr\u00e4sidentin Internationales). Bereits zu Beginn wurde deutlich, wof\u00fcr EMILYO steht: gemeinsames akademisches Lernen, europ\u00e4ischer Austausch und die F\u00f6rderung der Interoperabilit\u00e4t zuk\u00fcnftiger Offizierinnen und Offiziere.<\/p>\n\n\n\n<p>Das akademische Programm wurde durch gemeinsame Aktivit\u00e4ten erg\u00e4nzt, die den Austausch auch au\u00dferhalb des H\u00f6rsaals f\u00f6rderten. Dazu z\u00e4hlten unter anderem eine Hafenrundfahrt durch den Hamburger Hafen, eine internationale Swimming Competition sowie ein gemeinsamer Grillabend.<\/p>\n\n\n\n<p>Das erste EMILYO Common Module an der <abbr title=\"Helmut-Schmidt-Universit\u00e4t\">HSU<\/abbr>\/UniBw H zeigt, wie europ\u00e4ische milit\u00e4rische Ausbildung durch gemeinsame akademische Module weiter zusammenw\u00e4chst \u2013 fachlich fundiert, international und praxisnah. Ab Juli 2027 ist geplant, das EMILYO-Format j\u00e4hrlich an der Helmut-Schmidt-Universit\u00e4t \/ Universit\u00e4t der Bundeswehr Hamburg durchzuf\u00fchren und damit dauerhaft als Bestandteil der internationalen Lehre zu etablieren.<\/p>\n\n\n<script>\tvar sosereDefaults = {\"allowfullscreen\":true,\"fit\":\"contain\",\"transition\":\"crossfade\",\"loop\":true,\"autoplay\":\"3000\",\"stopautoplayontouch\":true,\"keyboard\":true,\"nav\":\"thumbs\"}<\/script><div class='sosere--wp' data-ids='3123,3126,3125,3135'data-link='file'data-itemtag='dl'data-icontag='dt'data-captiontag='dd'data-columns='0'data-size='large'data-width='1024'data-auto='false'data-max-width='100%'data-ratio='1.4992679355783'><div id='gallery-1' class='gallery galleryid-3121 gallery-columns-0 gallery-size-thumbnail'><dl class='gallery-item'>\n\t\t\t<dt class='gallery-icon landscape'>\n\t\t\t\t<a href='https:\/\/www.hsu-hh.de\/auslandsstud\/wp-content\/uploads\/sites\/767\/2026\/03\/Group-Picture-1024x683.jpg' data-full='https:\/\/www.hsu-hh.de\/auslandsstud\/wp-content\/uploads\/sites\/767\/2026\/03\/Group-Picture.jpg' data-credit=\"Gelhausen\/Bundeswehr\/HSU\/UniBwH\"><img loading=\"lazy\" decoding=\"async\" width=\"150\" height=\"150\" src=\"https:\/\/www.hsu-hh.de\/auslandsstud\/wp-content\/uploads\/sites\/767\/2026\/03\/Group-Picture-150x150.jpg\" class=\"attachment-thumbnail size-thumbnail\" alt=\"\" srcset=\"https:\/\/www.hsu-hh.de\/auslandsstud\/wp-content\/uploads\/sites\/767\/2026\/03\/Group-Picture-150x150.jpg 150w, https:\/\/www.hsu-hh.de\/auslandsstud\/wp-content\/uploads\/sites\/767\/2026\/03\/Group-Picture-100x100.jpg 100w\" sizes=\"auto, (max-width: 150px) 100vw, 150px\" \/><\/a>\n\t\t\t<\/dt><\/dl><dl class='gallery-item'>\n\t\t\t<dt class='gallery-icon landscape'>\n\t\t\t\t<a href='https:\/\/www.hsu-hh.de\/auslandsstud\/wp-content\/uploads\/sites\/767\/2026\/03\/Impressions-SC1.jpg' data-full='https:\/\/www.hsu-hh.de\/auslandsstud\/wp-content\/uploads\/sites\/767\/2026\/03\/Impressions-SC1.jpg' data-credit=\"Gelhausen\/Bundeswehr\/HSU\/UniBwH\"><img loading=\"lazy\" decoding=\"async\" width=\"150\" height=\"150\" src=\"https:\/\/www.hsu-hh.de\/auslandsstud\/wp-content\/uploads\/sites\/767\/2026\/03\/Impressions-SC1-150x150.jpg\" class=\"attachment-thumbnail size-thumbnail\" alt=\"\" srcset=\"https:\/\/www.hsu-hh.de\/auslandsstud\/wp-content\/uploads\/sites\/767\/2026\/03\/Impressions-SC1-150x150.jpg 150w, https:\/\/www.hsu-hh.de\/auslandsstud\/wp-content\/uploads\/sites\/767\/2026\/03\/Impressions-SC1-100x100.jpg 100w\" sizes=\"auto, (max-width: 150px) 100vw, 150px\" \/><\/a>\n\t\t\t<\/dt><\/dl><dl class='gallery-item'>\n\t\t\t<dt class='gallery-icon landscape'>\n\t\t\t\t<a href='https:\/\/www.hsu-hh.de\/auslandsstud\/wp-content\/uploads\/sites\/767\/2026\/03\/Impressions-OC1.jpg' data-full='https:\/\/www.hsu-hh.de\/auslandsstud\/wp-content\/uploads\/sites\/767\/2026\/03\/Impressions-OC1.jpg' data-credit=\"Gelhausen\/Bundeswehr\/HSU\/UniBwH\"><img loading=\"lazy\" decoding=\"async\" width=\"150\" height=\"150\" src=\"https:\/\/www.hsu-hh.de\/auslandsstud\/wp-content\/uploads\/sites\/767\/2026\/03\/Impressions-OC1-150x150.jpg\" class=\"attachment-thumbnail size-thumbnail\" alt=\"\" srcset=\"https:\/\/www.hsu-hh.de\/auslandsstud\/wp-content\/uploads\/sites\/767\/2026\/03\/Impressions-OC1-150x150.jpg 150w, https:\/\/www.hsu-hh.de\/auslandsstud\/wp-content\/uploads\/sites\/767\/2026\/03\/Impressions-OC1-100x100.jpg 100w\" sizes=\"auto, (max-width: 150px) 100vw, 150px\" \/><\/a>\n\t\t\t<\/dt><\/dl><dl class='gallery-item'>\n\t\t\t<dt class='gallery-icon landscape'>\n\t\t\t\t<a href='https:\/\/www.hsu-hh.de\/auslandsstud\/wp-content\/uploads\/sites\/767\/2026\/03\/Impressions-IB2x-1024x682.jpeg' data-full='https:\/\/www.hsu-hh.de\/auslandsstud\/wp-content\/uploads\/sites\/767\/2026\/03\/Impressions-IB2x-scaled.jpeg' data-credit=\"Gelhausen\/Bundeswehr\/HSU\/UniBwH\"><img loading=\"lazy\" decoding=\"async\" width=\"150\" height=\"150\" src=\"https:\/\/www.hsu-hh.de\/auslandsstud\/wp-content\/uploads\/sites\/767\/2026\/03\/Impressions-IB2x-150x150.jpeg\" class=\"attachment-thumbnail size-thumbnail\" alt=\"\" srcset=\"https:\/\/www.hsu-hh.de\/auslandsstud\/wp-content\/uploads\/sites\/767\/2026\/03\/Impressions-IB2x-150x150.jpeg 150w, https:\/\/www.hsu-hh.de\/auslandsstud\/wp-content\/uploads\/sites\/767\/2026\/03\/Impressions-IB2x-100x100.jpeg 100w\" sizes=\"auto, (max-width: 150px) 100vw, 150px\" \/><\/a>\n\t\t\t<\/dt><\/dl>\n\t\t<\/div>\n<\/div>","protected":false},"excerpt":{"rendered":"<p>Hybrid Threats \u2013 Protection and Enhanced Resilience of Critical Infrastructure Informationen und Impressionen zum Common Module im Zeitraum vom 23.02. &#8211; 27.02.2026: Die Helmut-Schmidt-Universit\u00e4t \/ Universit\u00e4t der Bundeswehr Hamburg (HSU\/UniBw [&hellip;]<\/p>\n","protected":false},"author":4105,"featured_media":0,"parent":0,"menu_order":0,"comment_status":"closed","ping_status":"closed","template":"","meta":{"footnotes":""},"categories":[4],"tags":[],"class_list":["post-3121","page","type-page","status-publish","hentry","category-forschung"],"_links":{"self":[{"href":"https:\/\/www.hsu-hh.de\/auslandsstud\/wp-json\/wp\/v2\/pages\/3121","targetHints":{"allow":["GET"]}}],"collection":[{"href":"https:\/\/www.hsu-hh.de\/auslandsstud\/wp-json\/wp\/v2\/pages"}],"about":[{"href":"https:\/\/www.hsu-hh.de\/auslandsstud\/wp-json\/wp\/v2\/types\/page"}],"author":[{"embeddable":true,"href":"https:\/\/www.hsu-hh.de\/auslandsstud\/wp-json\/wp\/v2\/users\/4105"}],"replies":[{"embeddable":true,"href":"https:\/\/www.hsu-hh.de\/auslandsstud\/wp-json\/wp\/v2\/comments?post=3121"}],"version-history":[{"count":19,"href":"https:\/\/www.hsu-hh.de\/auslandsstud\/wp-json\/wp\/v2\/pages\/3121\/revisions"}],"predecessor-version":[{"id":3178,"href":"https:\/\/www.hsu-hh.de\/auslandsstud\/wp-json\/wp\/v2\/pages\/3121\/revisions\/3178"}],"wp:attachment":[{"href":"https:\/\/www.hsu-hh.de\/auslandsstud\/wp-json\/wp\/v2\/media?parent=3121"}],"wp:term":[{"taxonomy":"category","embeddable":true,"href":"https:\/\/www.hsu-hh.de\/auslandsstud\/wp-json\/wp\/v2\/categories?post=3121"},{"taxonomy":"post_tag","embeddable":true,"href":"https:\/\/www.hsu-hh.de\/auslandsstud\/wp-json\/wp\/v2\/tags?post=3121"}],"curies":[{"name":"wp","href":"https:\/\/api.w.org\/{rel}","templated":true}]}}