{"id":2820,"date":"2026-01-28T11:35:51","date_gmt":"2026-01-28T10:35:51","guid":{"rendered":"https:\/\/www.hsu-hh.de\/auslandsstud\/?page_id=2820"},"modified":"2026-01-28T11:36:49","modified_gmt":"2026-01-28T10:36:49","slug":"erasmus-3","status":"publish","type":"page","link":"https:\/\/www.hsu-hh.de\/auslandsstud\/erasmus-3","title":{"rendered":"Erasmus+"},"content":{"rendered":"\n<p>Erasmus+ ist das europ\u00e4ische F\u00f6rderprogramm der <strong>Europ\u00e4ischen Union zur Unterst\u00fctzung von allgemeiner und beruflicher Bildung, Jugend und Sport<\/strong>. Es schafft grenz\u00fcberschreitende Lern\u2011, Austausch\u2011 und Kooperationsm\u00f6glichkeiten f\u00fcr Einzelpersonen und Organisationen in ganz Europa und dar\u00fcber hinaus und leistet einen Beitrag zu wichtigen gesellschaftlichen Zielen wie sozialer Inklusion, Digitalisierung und nachhaltiger Entwicklung.<\/p>\n\n\n\n<p>Das Programm umfasst drei zentrale Leitaktionen:<\/p>\n\n\n\n<ul class=\"wp-block-list\">\n<li><strong>Leitaktion\u202f1 \u2013 Lernmobilit\u00e4t von Einzelpersonen:<\/strong> F\u00f6rderung von Auslandsaufenthalten f\u00fcr Sch\u00fcler*innen, Studierende, Hochschulpersonal, Lehrende, Ausbildende, junge Menschen, Freiwillige und weitere Zielgruppen.<\/li>\n\n\n\n<li><strong>Leitaktion\u202f2 \u2013 Zusammenarbeit zur F\u00f6rderung von Innovation und zum Austausch bew\u00e4hrter Verfahren:<\/strong> Unterst\u00fctzung von Projektpartnerschaften zwischen Bildungseinrichtungen, Organisationen und anderen Akteuren zur Entwicklung innovativer L\u00f6sungen.<\/li>\n\n\n\n<li><strong>Leitaktion\u202f3 \u2013 Unterst\u00fctzung politischer Reformen und europ\u00e4ische Zusammenarbeit:<\/strong> F\u00f6rderung von Aktivit\u00e4ten zur Weiterentwicklung politischer Strategien und zur Zusammenarbeit auf europ\u00e4ischer Ebene.<\/li>\n<\/ul>\n\n\n\n<p>Erasmus+ verf\u00fcgt \u00fcber ein Gesamtbudget von rund 26,2\u202fMilliarden Euro f\u00fcr die Jahre 2021 bis 2027, mit dem Millionen Menschen Chancen f\u00fcr internationale Erfahrungen er\u00f6ffnet werden sollen.<\/p>\n\n\n\n<p>Ein besonderes Merkmal des Programms ist seine breite Teilnehmerschaft: Erasmus+ richtet sich nicht nur an Studierende aller Studienzyklen (einschlie\u00dflich Bachelor, Master und Promotion), sondern auch an Auszubildende, Lehrkr\u00e4fte aller Bildungsbereiche, Jugendarbeiter*innen, Sportakteure und weitere Lernende. Die Mobilit\u00e4t kann Studienaufenthalte, Praktika, Schul\u2011 oder Berufsausbildung, Lehr\u2011 und Weiterbildungserfahrungen umfassen.<\/p>\n\n\n\n<p>Ein bedeutender Schritt: Das Vereinigte K\u00f6nigreich wird ab 2027 wieder am Erasmus+\u2011Programm teilnehmen, nachdem es nach dem Brexit zeitweise aus dem Programm ausgeschieden war.<\/p>\n\n\n\n<p><strong>Informationen zu Erasmus+<\/strong> finden Sie auf der <a href=\"https:\/\/erasmus-plus.ec.europa.eu\/de\" rel='nofollow'>Webseite der Europ\u00e4ischen Kommission<\/a> sowie in den Ver\u00f6ffentlichungen der nationalen Erasmus+\u2011Agenturen.<\/p>\n\n\n\n<div class=\"wp-block-hsu-downloadblock\"><div class=\"thumbnail-area\"><img decoding=\"async\" src=\"\/wp-content\/themes\/hsu\/img\/dummy\/downloads_dummy.png\" alt=\"Download Symbol-Icon\" \/><\/div><div class=\"text-area\">Erasmus+ 2021-2027 Factsheet<\/div><div class=\"download-area\"><a class=\"download-link\" href=\"https:\/\/www.hsu-hh.de\/auslandsstud\/wp-content\/uploads\/sites\/767\/2026\/01\/Erasmus-2021-2027-Factsheet_DE.pdf\"><span class=\"download-name\">pdf laden<\/span><span class=\"download-icon\"><img decoding=\"async\" class=\"download-icon\" alt=\"download icon\" src=\"\/wp-content\/themes\/hsu\/img\/icons\/download_icon.png\" \/><\/span><span class=\"download-size\">913 kB<\/span><\/a><\/div><\/div>\n","protected":false},"excerpt":{"rendered":"<p>Erasmus+ ist das europ\u00e4ische F\u00f6rderprogramm der Europ\u00e4ischen Union zur Unterst\u00fctzung von allgemeiner und beruflicher Bildung, Jugend und Sport. Es schafft grenz\u00fcberschreitende Lern\u2011, Austausch\u2011 und Kooperationsm\u00f6glichkeiten f\u00fcr Einzelpersonen und Organisationen in [&hellip;]<\/p>\n","protected":false},"author":4105,"featured_media":0,"parent":0,"menu_order":0,"comment_status":"closed","ping_status":"closed","template":"","meta":{"footnotes":""},"categories":[4],"tags":[],"class_list":["post-2820","page","type-page","status-publish","hentry","category-forschung"],"_links":{"self":[{"href":"https:\/\/www.hsu-hh.de\/auslandsstud\/wp-json\/wp\/v2\/pages\/2820","targetHints":{"allow":["GET"]}}],"collection":[{"href":"https:\/\/www.hsu-hh.de\/auslandsstud\/wp-json\/wp\/v2\/pages"}],"about":[{"href":"https:\/\/www.hsu-hh.de\/auslandsstud\/wp-json\/wp\/v2\/types\/page"}],"author":[{"embeddable":true,"href":"https:\/\/www.hsu-hh.de\/auslandsstud\/wp-json\/wp\/v2\/users\/4105"}],"replies":[{"embeddable":true,"href":"https:\/\/www.hsu-hh.de\/auslandsstud\/wp-json\/wp\/v2\/comments?post=2820"}],"version-history":[{"count":2,"href":"https:\/\/www.hsu-hh.de\/auslandsstud\/wp-json\/wp\/v2\/pages\/2820\/revisions"}],"predecessor-version":[{"id":2824,"href":"https:\/\/www.hsu-hh.de\/auslandsstud\/wp-json\/wp\/v2\/pages\/2820\/revisions\/2824"}],"wp:attachment":[{"href":"https:\/\/www.hsu-hh.de\/auslandsstud\/wp-json\/wp\/v2\/media?parent=2820"}],"wp:term":[{"taxonomy":"category","embeddable":true,"href":"https:\/\/www.hsu-hh.de\/auslandsstud\/wp-json\/wp\/v2\/categories?post=2820"},{"taxonomy":"post_tag","embeddable":true,"href":"https:\/\/www.hsu-hh.de\/auslandsstud\/wp-json\/wp\/v2\/tags?post=2820"}],"curies":[{"name":"wp","href":"https:\/\/api.w.org\/{rel}","templated":true}]}}