{"id":2660,"date":"2026-01-26T14:18:55","date_gmt":"2026-01-26T13:18:55","guid":{"rendered":"https:\/\/www.hsu-hh.de\/auslandsstud\/?page_id=2660"},"modified":"2026-01-26T14:34:53","modified_gmt":"2026-01-26T13:34:53","slug":"datenschutz","status":"publish","type":"page","link":"https:\/\/www.hsu-hh.de\/auslandsstud\/startseite\/datenschutz","title":{"rendered":"Datenschutz"},"content":{"rendered":"\n<p>Informationen zum Datenschutz finden Sie unter:<\/p>\n\n\n\n<figure class=\"wp-block-embed is-type-wp-embed is-provider-helmut-schmidt-universit-t-universit-t-der-bundeswehr-hamburg wp-block-embed-helmut-schmidt-universit-t-universit-t-der-bundeswehr-hamburg\"><div class=\"wp-block-embed__wrapper\">\n<blockquote class=\"wp-embedded-content\" data-secret=\"epdb5sXVJf\"><a href=\"https:\/\/www.hsu-hh.de\/datenschutzerklaerung\">Datenschutzerkl\u00e4rung der Helmut-Schmidt-Universit\u00e4t<\/a><\/blockquote><iframe loading=\"lazy\" class=\"wp-embedded-content\" sandbox=\"allow-scripts\" security=\"restricted\" style=\"position: absolute; visibility: hidden;\" title=\"&#8222;Datenschutzerkl\u00e4rung der Helmut-Schmidt-Universit\u00e4t&#8220; &#8212; Helmut-Schmidt-Universit\u00e4t \/ Universit\u00e4t der Bundeswehr Hamburg\" src=\"https:\/\/www.hsu-hh.de\/datenschutzerklaerung\/embed#?secret=Ofn3qrlOLi#?secret=epdb5sXVJf\" data-secret=\"epdb5sXVJf\" width=\"500\" height=\"282\" frameborder=\"0\" marginwidth=\"0\" marginheight=\"0\" scrolling=\"no\"><\/iframe>\n<\/div><\/figure>\n","protected":false},"excerpt":{"rendered":"<p>Informationen zum Datenschutz finden Sie unter:<\/p>\n","protected":false},"author":565,"featured_media":0,"parent":73,"menu_order":2,"comment_status":"closed","ping_status":"closed","template":"","meta":{"footnotes":""},"categories":[4],"tags":[402,406,404],"class_list":["post-2660","page","type-page","status-publish","hentry","category-forschung","tag-datenschutz","tag-datenschutz-international-office","tag-datenschutz-io"],"_links":{"self":[{"href":"https:\/\/www.hsu-hh.de\/auslandsstud\/wp-json\/wp\/v2\/pages\/2660","targetHints":{"allow":["GET"]}}],"collection":[{"href":"https:\/\/www.hsu-hh.de\/auslandsstud\/wp-json\/wp\/v2\/pages"}],"about":[{"href":"https:\/\/www.hsu-hh.de\/auslandsstud\/wp-json\/wp\/v2\/types\/page"}],"author":[{"embeddable":true,"href":"https:\/\/www.hsu-hh.de\/auslandsstud\/wp-json\/wp\/v2\/users\/565"}],"replies":[{"embeddable":true,"href":"https:\/\/www.hsu-hh.de\/auslandsstud\/wp-json\/wp\/v2\/comments?post=2660"}],"version-history":[{"count":1,"href":"https:\/\/www.hsu-hh.de\/auslandsstud\/wp-json\/wp\/v2\/pages\/2660\/revisions"}],"predecessor-version":[{"id":2661,"href":"https:\/\/www.hsu-hh.de\/auslandsstud\/wp-json\/wp\/v2\/pages\/2660\/revisions\/2661"}],"up":[{"embeddable":true,"href":"https:\/\/www.hsu-hh.de\/auslandsstud\/wp-json\/wp\/v2\/pages\/73"}],"wp:attachment":[{"href":"https:\/\/www.hsu-hh.de\/auslandsstud\/wp-json\/wp\/v2\/media?parent=2660"}],"wp:term":[{"taxonomy":"category","embeddable":true,"href":"https:\/\/www.hsu-hh.de\/auslandsstud\/wp-json\/wp\/v2\/categories?post=2660"},{"taxonomy":"post_tag","embeddable":true,"href":"https:\/\/www.hsu-hh.de\/auslandsstud\/wp-json\/wp\/v2\/tags?post=2660"}],"curies":[{"name":"wp","href":"https:\/\/api.w.org\/{rel}","templated":true}]}}