{"id":230,"date":"2018-04-25T13:52:30","date_gmt":"2018-04-25T11:52:30","guid":{"rendered":"https:\/\/www.hsu-hh.de\/auslandsstud\/?page_id=230"},"modified":"2026-03-16T10:28:29","modified_gmt":"2026-03-16T09:28:29","slug":"promos","status":"publish","type":"page","link":"https:\/\/www.hsu-hh.de\/auslandsstud\/promos","title":{"rendered":"PROMOS"},"content":{"rendered":"<h2 style=\"text-align: center\"><strong>Das Bewerbungsverfahren 2026 f\u00fcr die F\u00f6rderung durch PROMOS l\u00e4uft bis 06. April 2026. <\/strong><strong>Reichen Sie <\/strong><strong>Ihre Bewerbungsunterlagen bitte unter UniBwHamburgInternationalOffice@bundeswehr.org ein.<\/strong><\/h2>\n<p>Das International Office hat vom DAAD Gelder aus dem Programm zur F\u00f6rderung der Mobilit\u00e4t von deutschen Studierenden (<strong>PROMOS<\/strong>) eingeworben. Aus diesen Mitteln k\u00f6nnen folgende Unternehmungen bezuschusst werden:<\/p>\n<p><em><strong>Studienaufenthalte:<\/strong><\/em><\/p>\n<p>Die Dauer von Studienaufenthalten muss mindestens einen bis maximal sechs Monate betragen. Gef\u00f6rdert werden<\/p>\n<ul>\n<li>Studien an Hochschulen<\/li>\n<li>Abschluss- und Studienarbeiten an Unternehmen oder Hochschulen<\/li>\n<\/ul>\n<p><em><strong>Sprachkurse:<\/strong><\/em><br \/>\nAufenthalte f\u00fcr Sprachkurse k\u00f6nnen mit einer Dauer von mindestens drei Wochen bis maximal sechs Monaten gef\u00f6rdert werden<br \/>\nSprachkurse k\u00f6nnen an Hochschulen oder etablierten Sprachinstituten durchgef\u00fchrt werden und m\u00fcssen mindestens 25 Wochenstunden betragen.<\/p>\n<p><em><strong>Praktikumsaufenthalte:<\/strong><\/em><br \/>\nPraktikumsaufenthalte k\u00f6nnen mit einer Dauer von einem bis mindestens sechs Monaten gef\u00f6rdert werden.<br \/>\nPraktika, die \u00fcber die spezifischen Praktikumsprogramme des DAAD f\u00f6rderbar sind, k\u00f6nnen f\u00fcr das PROMOS-Stipendium nicht ber\u00fccksichtigt werden.<\/p>\n<p><em><strong>Fachkurse:<\/strong><\/em><br \/>\nDie Dauer f\u00fcr Aufenthalte f\u00fcr Fachkurse darf maximal sechs Wochen betragen. Als Fachkurse gelten <abbr title=\"zum Beispiel\">z.B.<\/abbr> Sommerkurse-\/schulen, Sprachkurse oder Workshops an Hochschulen oder \u00e4hnliche Veranstaltungen; Vortrags- und Kongressreisen k\u00f6nnen nicht gef\u00f6rdert werden.<\/p>\n<p><em><strong>Studienreisen:<\/strong><\/em><br \/>\nStudienreisen k\u00f6nnen mit einer Dauer von bis zu zw\u00f6lf Tagen Dauer \u00fcber Aufenthaltspauschalen (siehe Anlage PROMOS-F\u00f6rders\u00e4tze) gef\u00f6rdert werden. Zus\u00e4tzlich kann eine Begleitperson (zb: Dozent\/ Professor der Hochschule) von der F\u00f6rderung profitieren.<\/p>\n<p>Wir m\u00f6chten einschr\u00e4nkend darauf hinweisen, dass o.a. Vorhaben, die reisekostenrechtlich von der <abbr title=\"Helmut-Schmidt-Universit\u00e4t\">HSU<\/abbr> abgefunden werden, keine weitere F\u00f6rderung in Hinblick auf Zahlung von Reisekostenpauschalen durch PROMOS erfahren; <strong>deshalb ist die PROMOS-F\u00f6rderung insbesondere sowohl f\u00fcr die zivilen Studierenden der <abbr title=\"Helmut-Schmidt-Universit\u00e4t\">HSU<\/abbr>\/ <abbr title=\"Universit\u00e4t der Bundeswehr Hamburg\">UniBwH<\/abbr> als auch f\u00fcr die Besuche von Summer Schools interessant.<br \/>\n<\/strong><\/p>\n<p>In begr\u00fcndeten Ausnahme- und H\u00e4rtef\u00e4llen k\u00f6nnen Sie sich auch als studierende\/r Offizieranw\u00e4rter\/in oder Offizier um ein Teilstipendium f\u00fcr Studiengeb\u00fchren bewerben; \u00fcber das Vorliegen eines begr\u00fcndeten Ausnahme- und H\u00e4rtefalles entscheidet die PROMOS-Kommission.<\/p>\n<p>Das PROMOS-Bewerbungsformular und die F\u00f6rders\u00e4tze 2026 finden Sie im <a href=\"https:\/\/www.hsu-hh.de\/auslandsstud\/wp-content\/uploads\/sites\/767\/2026\/03\/Anl2_Foerdersaetze_PROMOS_2026.pdf\">PROMOS-Downloadbereich<\/a>.<\/p>\n<hr \/>\n<p><em><strong>Bewerbung<\/strong><\/em><\/p>\n<p>Sie planen einen Auslandsaufenthalt und wollen sich um PROMOS-Mittel bewerben? Dann reichen Sie bitte folgende Unterlagen im Akademischen Auslandsamt ein. Die Bewerbungsfrist wird per Bulletin bekanntgegeben!<\/p>\n<ol>\n<li><a href=\"https:\/\/view.officeapps.live.com\/op\/view.aspx?src=https%3A%2F%2Fwww.hsu-hh.de%2Fauslandsstud%2Fwp-content%2Fuploads%2Fsites%2F767%2F2026%2F03%2FBewerbungsformular_Promos.docx&amp;wdOrigin=BROWSELINK\">PROMOS-Bewerbungsformular<\/a><\/li>\n<li>Tabellarischer Lebenslauf<\/li>\n<li>Motivationsschreiben mit ausf\u00fchrlicher Begr\u00fcndung des Vorhabens<\/li>\n<li>Aktueller Auszug aus dem CMS, <abbr title=\"beziehungsweise\">bzw.<\/abbr> im ersten Studienjahr Ihr Abiturzeugnis<\/li>\n<li>SLP oder DAAD-Formblatt zum Nachweis der Sprachenkenntnisse des Ziellandes<\/li>\n<li>Best\u00e4tigung der Praktikumsstelle <abbr title=\"beziehungsweise\">bzw.<\/abbr> der Hochschule (kann <abbr title=\"gegebenenfalls\">ggf.<\/abbr> nachgereicht werden, sollte aber bereits vorliegen)<\/li>\n<li>Die Auswahl der Vorhaben erfolgt \u00fcber eine vom Akademischen Auslandsamt zusammengestellte Kommission auf Grundlage der vorgelegten Unterlagen. (Senatsbeschluss vom 08.11.2012 (SV XX\/416\/109-B) ver\u00f6ffentlicht im Hochschulanzeiger Nr. 12\/2012 (10.12.12))<\/li>\n<\/ol>\n","protected":false},"excerpt":{"rendered":"<p>Das Bewerbungsverfahren 2026 f\u00fcr die F\u00f6rderung durch PROMOS l\u00e4uft bis 06. April 2026. Reichen Sie Ihre Bewerbungsunterlagen bitte unter UniBwHamburgInternationalOffice@bundeswehr.org ein. Das International Office hat vom DAAD Gelder aus dem [&hellip;]<\/p>\n","protected":false},"author":69,"featured_media":0,"parent":0,"menu_order":0,"comment_status":"closed","ping_status":"closed","template":"","meta":{"footnotes":""},"categories":[4],"tags":[],"class_list":["post-230","page","type-page","status-publish","hentry","category-forschung"],"_links":{"self":[{"href":"https:\/\/www.hsu-hh.de\/auslandsstud\/wp-json\/wp\/v2\/pages\/230","targetHints":{"allow":["GET"]}}],"collection":[{"href":"https:\/\/www.hsu-hh.de\/auslandsstud\/wp-json\/wp\/v2\/pages"}],"about":[{"href":"https:\/\/www.hsu-hh.de\/auslandsstud\/wp-json\/wp\/v2\/types\/page"}],"author":[{"embeddable":true,"href":"https:\/\/www.hsu-hh.de\/auslandsstud\/wp-json\/wp\/v2\/users\/69"}],"replies":[{"embeddable":true,"href":"https:\/\/www.hsu-hh.de\/auslandsstud\/wp-json\/wp\/v2\/comments?post=230"}],"version-history":[{"count":21,"href":"https:\/\/www.hsu-hh.de\/auslandsstud\/wp-json\/wp\/v2\/pages\/230\/revisions"}],"predecessor-version":[{"id":3115,"href":"https:\/\/www.hsu-hh.de\/auslandsstud\/wp-json\/wp\/v2\/pages\/230\/revisions\/3115"}],"wp:attachment":[{"href":"https:\/\/www.hsu-hh.de\/auslandsstud\/wp-json\/wp\/v2\/media?parent=230"}],"wp:term":[{"taxonomy":"category","embeddable":true,"href":"https:\/\/www.hsu-hh.de\/auslandsstud\/wp-json\/wp\/v2\/categories?post=230"},{"taxonomy":"post_tag","embeddable":true,"href":"https:\/\/www.hsu-hh.de\/auslandsstud\/wp-json\/wp\/v2\/tags?post=230"}],"curies":[{"name":"wp","href":"https:\/\/api.w.org\/{rel}","templated":true}]}}